{"id":4722,"date":"2021-03-18T04:20:07","date_gmt":"2021-03-18T04:20:07","guid":{"rendered":"https:\/\/dothoquynhanh.com\/?post_type=product&#038;p=4722"},"modified":"2021-03-18T04:21:23","modified_gmt":"2021-03-18T04:21:23","slug":"4722","status":"publish","type":"product","link":"https:\/\/dothoquynhanh.com\/?product=4722","title":{"rendered":"V\u00f2ng tay ng\u1ecdc trai \u0111\u00ednh Charm"},"content":{"rendered":"<p><img loading=\"lazy\" decoding=\"async\" class=\"alignnone size-medium wp-image-4725\" src=\"http:\/\/dothoquynhanh.com\/wp-content\/uploads\/2021\/03\/0edf2f6614cee790bedf6-356x400.jpg\" alt=\"\" width=\"356\" height=\"400\" srcset=\"https:\/\/dothoquynhanh.com\/wp-content\/uploads\/2021\/03\/0edf2f6614cee790bedf6-356x400.jpg 356w, https:\/\/dothoquynhanh.com\/wp-content\/uploads\/2021\/03\/0edf2f6614cee790bedf6-711x800.jpg 711w, https:\/\/dothoquynhanh.com\/wp-content\/uploads\/2021\/03\/0edf2f6614cee790bedf6-768x864.jpg 768w, https:\/\/dothoquynhanh.com\/wp-content\/uploads\/2021\/03\/0edf2f6614cee790bedf6-510x574.jpg 510w, https:\/\/dothoquynhanh.com\/wp-content\/uploads\/2021\/03\/0edf2f6614cee790bedf6.jpg 1138w\" sizes=\"auto, (max-width: 356px) 100vw, 356px\" \/> <img loading=\"lazy\" decoding=\"async\" class=\"alignnone size-medium wp-image-4727\" src=\"http:\/\/dothoquynhanh.com\/wp-content\/uploads\/2021\/03\/090c8dbbb613454d1c0237-300x400.jpg\" alt=\"\" width=\"300\" height=\"400\" srcset=\"https:\/\/dothoquynhanh.com\/wp-content\/uploads\/2021\/03\/090c8dbbb613454d1c0237-300x400.jpg 300w, https:\/\/dothoquynhanh.com\/wp-content\/uploads\/2021\/03\/090c8dbbb613454d1c0237-600x800.jpg 600w, https:\/\/dothoquynhanh.com\/wp-content\/uploads\/2021\/03\/090c8dbbb613454d1c0237-768x1024.jpg 768w, https:\/\/dothoquynhanh.com\/wp-content\/uploads\/2021\/03\/090c8dbbb613454d1c0237-510x680.jpg 510w, https:\/\/dothoquynhanh.com\/wp-content\/uploads\/2021\/03\/090c8dbbb613454d1c0237.jpg 960w\" sizes=\"auto, (max-width: 300px) 100vw, 300px\" \/><img loading=\"lazy\" decoding=\"async\" class=\"alignnone size-medium wp-image-4728\" src=\"http:\/\/dothoquynhanh.com\/wp-content\/uploads\/2021\/03\/f02309e4324cc112985d34-300x400.jpg\" alt=\"\" width=\"300\" height=\"400\" srcset=\"https:\/\/dothoquynhanh.com\/wp-content\/uploads\/2021\/03\/f02309e4324cc112985d34-300x400.jpg 300w, https:\/\/dothoquynhanh.com\/wp-content\/uploads\/2021\/03\/f02309e4324cc112985d34-600x800.jpg 600w, https:\/\/dothoquynhanh.com\/wp-content\/uploads\/2021\/03\/f02309e4324cc112985d34-768x1024.jpg 768w, https:\/\/dothoquynhanh.com\/wp-content\/uploads\/2021\/03\/f02309e4324cc112985d34-510x680.jpg 510w, https:\/\/dothoquynhanh.com\/wp-content\/uploads\/2021\/03\/f02309e4324cc112985d34.jpg 960w\" sizes=\"auto, (max-width: 300px) 100vw, 300px\" \/><\/p>\n","protected":false},"excerpt":{"rendered":"<p><strong>Gi\u1edd m\u1edf c\u1eeda Showroom: 8h45 \u2013 18h00 h\u00e0ng ng\u00e0y- \u0110\u1eb7t h\u00e0ng online 24\/7<\/strong><br \/>\n<strong>Mua h\u00e0ng t\u1ea1i \u0111\u1ed3 th\u1edd Qu\u1ef3nh Anh, qu\u00fd kh\u00e1ch s\u1ebd \u0111\u01b0\u1ee3c:<\/strong><\/p>\n<p><img loading=\"lazy\" decoding=\"async\" class=\"alignnone wp-image-12169\" src=\"https:\/\/phapduyen.com\/wp-content\/uploads\/2017\/04\/check-IMN.png\" alt=\"\" width=\"16\" height=\"15\" \/>\u00a0V\u1eadn chuy\u1ec3n \u0111\u1ebfn t\u1eadn nh\u00e0<br \/>\n<img loading=\"lazy\" decoding=\"async\" class=\"alignnone wp-image-12169\" src=\"https:\/\/phapduyen.com\/wp-content\/uploads\/2017\/04\/check-IMN.png\" alt=\"\" width=\"16\" height=\"15\" \/>\u00a0Thanh to\u00e1n sau khi ki\u1ec3m tra<br \/>\n<img loading=\"lazy\" decoding=\"async\" class=\"alignnone wp-image-12169\" src=\"https:\/\/phapduyen.com\/wp-content\/uploads\/2017\/04\/check-IMN.png\" alt=\"\" width=\"16\" height=\"15\" \/>\u00a0Mua s\u1ed1 l\u01b0\u1ee3ng l\u1edbn c\u00f3 \u01b0u \u0111\u00e3i ri\u00eang<br \/>\n<img loading=\"lazy\" decoding=\"async\" class=\"alignnone wp-image-12169\" src=\"https:\/\/phapduyen.com\/wp-content\/uploads\/2017\/04\/check-IMN.png\" alt=\"\" width=\"16\" height=\"15\" \/>\u00a0Nh\u1eadn \u0111\u1eb7t s\u1ea3n ph\u1ea9m ri\u00eang theo y\u00eau c\u1ea7u.<\/p>\n<p>C\u1ea7n t\u01b0 v\u1ea5n nhanh, Qu\u00fd kh\u00e1ch vui l\u00f2ng li\u00ean h\u1ec7:<\/p>\n<p><strong>Hotline \/ Zalo:<\/strong>\u00a00988.870.000 | 0948.301.277 | 0963.483.436<\/p>\n","protected":false},"featured_media":4725,"comment_status":"open","ping_status":"closed","template":"","meta":[],"product_brand":[],"product_cat":[648,673,653,656,558],"product_tag":[],"class_list":{"0":"post-4722","1":"product","2":"type-product","3":"status-publish","4":"has-post-thumbnail","6":"product_cat-chuoi-vong","7":"product_cat-chuoi-vong-deo-tay","8":"product_cat-chuoi-vong-chat-lieu-hat-da-quy","9":"product_cat-chuoi-vong-hat-da-quy-chuoi-vong","10":"product_cat-vong-tay","12":"first","13":"instock","14":"shipping-taxable","15":"purchasable","16":"product-type-simple"},"yoast_head":"<!-- This site is optimized with the Yoast SEO plugin v27.5 - https:\/\/yoast.com\/product\/yoast-seo-wordpress\/ -->\n<title>V\u00f2ng tay ng\u1ecdc trai \u0111\u00ednh Charm - dothoquynhanh<\/title>\n<meta name=\"robots\" content=\"index, follow, max-snippet:-1, max-image-preview:large, max-video-preview:-1\" \/>\n<link rel=\"canonical\" href=\"https:\/\/dothoquynhanh.com\/?product=4722\" \/>\n<meta property=\"og:locale\" content=\"vi_VN\" \/>\n<meta property=\"og:type\" content=\"article\" \/>\n<meta property=\"og:title\" content=\"V\u00f2ng tay ng\u1ecdc trai \u0111\u00ednh Charm - dothoquynhanh\" \/>\n<meta property=\"og:description\" content=\"Gi\u1edd m\u1edf c\u1eeda Showroom: 8h45 \u2013 18h00 h\u00e0ng ng\u00e0y- \u0110\u1eb7t h\u00e0ng online 24\/7 Mua h\u00e0ng t\u1ea1i \u0111\u1ed3 th\u1edd Qu\u1ef3nh Anh, qu\u00fd kh\u00e1ch s\u1ebd \u0111\u01b0\u1ee3c:  \u00a0V\u1eadn chuy\u1ec3n \u0111\u1ebfn t\u1eadn nh\u00e0 \u00a0Thanh to\u00e1n sau khi ki\u1ec3m tra \u00a0Mua s\u1ed1 l\u01b0\u1ee3ng l\u1edbn c\u00f3 \u01b0u \u0111\u00e3i ri\u00eang \u00a0Nh\u1eadn \u0111\u1eb7t s\u1ea3n ph\u1ea9m ri\u00eang theo y\u00eau c\u1ea7u.  C\u1ea7n t\u01b0 v\u1ea5n nhanh, Qu\u00fd kh\u00e1ch vui l\u00f2ng li\u00ean h\u1ec7:  Hotline \/ Zalo:\u00a00988.870.000 | 0948.301.277 | 0963.483.436\" \/>\n<meta property=\"og:url\" content=\"https:\/\/dothoquynhanh.com\/?product=4722\" \/>\n<meta property=\"og:site_name\" content=\"dothoquynhanh\" \/>\n<meta property=\"article:modified_time\" content=\"2021-03-18T04:21:23+00:00\" \/>\n<meta property=\"og:image\" content=\"https:\/\/dothoquynhanh.com\/wp-content\/uploads\/2021\/03\/0edf2f6614cee790bedf6.jpg\" \/>\n\t<meta property=\"og:image:width\" content=\"1138\" \/>\n\t<meta property=\"og:image:height\" content=\"1280\" \/>\n\t<meta property=\"og:image:type\" content=\"image\/jpeg\" \/>\n<meta name=\"twitter:card\" content=\"summary_large_image\" \/>\n<script type=\"application\/ld+json\" class=\"yoast-schema-graph\">{\"@context\":\"https:\\\/\\\/schema.org\",\"@graph\":[{\"@type\":\"WebPage\",\"@id\":\"https:\\\/\\\/dothoquynhanh.com\\\/?product=4722\",\"url\":\"https:\\\/\\\/dothoquynhanh.com\\\/?product=4722\",\"name\":\"V\u00f2ng tay ng\u1ecdc trai \u0111\u00ednh Charm - dothoquynhanh\",\"isPartOf\":{\"@id\":\"https:\\\/\\\/dothoquynhanh.com\\\/#website\"},\"primaryImageOfPage\":{\"@id\":\"https:\\\/\\\/dothoquynhanh.com\\\/?product=4722#primaryimage\"},\"image\":{\"@id\":\"https:\\\/\\\/dothoquynhanh.com\\\/?product=4722#primaryimage\"},\"thumbnailUrl\":\"https:\\\/\\\/dothoquynhanh.com\\\/wp-content\\\/uploads\\\/2021\\\/03\\\/0edf2f6614cee790bedf6.jpg\",\"datePublished\":\"2021-03-18T04:20:07+00:00\",\"dateModified\":\"2021-03-18T04:21:23+00:00\",\"breadcrumb\":{\"@id\":\"https:\\\/\\\/dothoquynhanh.com\\\/?product=4722#breadcrumb\"},\"inLanguage\":\"vi\",\"potentialAction\":[{\"@type\":\"ReadAction\",\"target\":[\"https:\\\/\\\/dothoquynhanh.com\\\/?product=4722\"]}]},{\"@type\":\"ImageObject\",\"inLanguage\":\"vi\",\"@id\":\"https:\\\/\\\/dothoquynhanh.com\\\/?product=4722#primaryimage\",\"url\":\"https:\\\/\\\/dothoquynhanh.com\\\/wp-content\\\/uploads\\\/2021\\\/03\\\/0edf2f6614cee790bedf6.jpg\",\"contentUrl\":\"https:\\\/\\\/dothoquynhanh.com\\\/wp-content\\\/uploads\\\/2021\\\/03\\\/0edf2f6614cee790bedf6.jpg\",\"width\":1138,\"height\":1280},{\"@type\":\"BreadcrumbList\",\"@id\":\"https:\\\/\\\/dothoquynhanh.com\\\/?product=4722#breadcrumb\",\"itemListElement\":[{\"@type\":\"ListItem\",\"position\":1,\"name\":\"Trang ch\u1ee7\",\"item\":\"https:\\\/\\\/dothoquynhanh.com\\\/\"},{\"@type\":\"ListItem\",\"position\":2,\"name\":\"S\u1ea3n ph\u1ea9m\",\"item\":\"https:\\\/\\\/dothoquynhanh.com\\\/?page_id=64\"},{\"@type\":\"ListItem\",\"position\":3,\"name\":\"V\u00f2ng tay ng\u1ecdc trai \u0111\u00ednh Charm\"}]},{\"@type\":\"WebSite\",\"@id\":\"https:\\\/\\\/dothoquynhanh.com\\\/#website\",\"url\":\"https:\\\/\\\/dothoquynhanh.com\\\/\",\"name\":\"dothoquynhanh\",\"description\":\"\u0110\u1ed2 TH\u1edc PHONG TH\u1ee6Y CAO C\u1ea4P QU\u1ef2NH ANH\",\"publisher\":{\"@id\":\"https:\\\/\\\/dothoquynhanh.com\\\/#\\\/schema\\\/person\\\/9a6a0bff9151168cc437e710214dc286\"},\"potentialAction\":[{\"@type\":\"SearchAction\",\"target\":{\"@type\":\"EntryPoint\",\"urlTemplate\":\"https:\\\/\\\/dothoquynhanh.com\\\/?s={search_term_string}\"},\"query-input\":{\"@type\":\"PropertyValueSpecification\",\"valueRequired\":true,\"valueName\":\"search_term_string\"}}],\"inLanguage\":\"vi\"},{\"@type\":[\"Person\",\"Organization\"],\"@id\":\"https:\\\/\\\/dothoquynhanh.com\\\/#\\\/schema\\\/person\\\/9a6a0bff9151168cc437e710214dc286\",\"name\":\"Qu\u1ef3nh Anh\",\"image\":{\"@type\":\"ImageObject\",\"inLanguage\":\"vi\",\"@id\":\"https:\\\/\\\/secure.gravatar.com\\\/avatar\\\/a86689d41574456e4a65d69a1f70c64ef3172d5d71e939217b478f5347cec268?s=96&d=mm&r=g\",\"url\":\"https:\\\/\\\/secure.gravatar.com\\\/avatar\\\/a86689d41574456e4a65d69a1f70c64ef3172d5d71e939217b478f5347cec268?s=96&d=mm&r=g\",\"contentUrl\":\"https:\\\/\\\/secure.gravatar.com\\\/avatar\\\/a86689d41574456e4a65d69a1f70c64ef3172d5d71e939217b478f5347cec268?s=96&d=mm&r=g\",\"caption\":\"Qu\u1ef3nh Anh\"},\"logo\":{\"@id\":\"https:\\\/\\\/secure.gravatar.com\\\/avatar\\\/a86689d41574456e4a65d69a1f70c64ef3172d5d71e939217b478f5347cec268?s=96&d=mm&r=g\"},\"sameAs\":[\"https:\\\/\\\/dothoquynhanh.com\",\"admin\"]}]}<\/script>\n<!-- \/ Yoast SEO plugin. -->","yoast_head_json":{"title":"V\u00f2ng tay ng\u1ecdc trai \u0111\u00ednh Charm - dothoquynhanh","robots":{"index":"index","follow":"follow","max-snippet":"max-snippet:-1","max-image-preview":"max-image-preview:large","max-video-preview":"max-video-preview:-1"},"canonical":"https:\/\/dothoquynhanh.com\/?product=4722","og_locale":"vi_VN","og_type":"article","og_title":"V\u00f2ng tay ng\u1ecdc trai \u0111\u00ednh Charm - dothoquynhanh","og_description":"Gi\u1edd m\u1edf c\u1eeda Showroom: 8h45 \u2013 18h00 h\u00e0ng ng\u00e0y- \u0110\u1eb7t h\u00e0ng online 24\/7 Mua h\u00e0ng t\u1ea1i \u0111\u1ed3 th\u1edd Qu\u1ef3nh Anh, qu\u00fd kh\u00e1ch s\u1ebd \u0111\u01b0\u1ee3c:  \u00a0V\u1eadn chuy\u1ec3n \u0111\u1ebfn t\u1eadn nh\u00e0 \u00a0Thanh to\u00e1n sau khi ki\u1ec3m tra \u00a0Mua s\u1ed1 l\u01b0\u1ee3ng l\u1edbn c\u00f3 \u01b0u \u0111\u00e3i ri\u00eang \u00a0Nh\u1eadn \u0111\u1eb7t s\u1ea3n ph\u1ea9m ri\u00eang theo y\u00eau c\u1ea7u.  C\u1ea7n t\u01b0 v\u1ea5n nhanh, Qu\u00fd kh\u00e1ch vui l\u00f2ng li\u00ean h\u1ec7:  Hotline \/ Zalo:\u00a00988.870.000 | 0948.301.277 | 0963.483.436","og_url":"https:\/\/dothoquynhanh.com\/?product=4722","og_site_name":"dothoquynhanh","article_modified_time":"2021-03-18T04:21:23+00:00","og_image":[{"width":1138,"height":1280,"url":"https:\/\/dothoquynhanh.com\/wp-content\/uploads\/2021\/03\/0edf2f6614cee790bedf6.jpg","type":"image\/jpeg"}],"twitter_card":"summary_large_image","schema":{"@context":"https:\/\/schema.org","@graph":[{"@type":"WebPage","@id":"https:\/\/dothoquynhanh.com\/?product=4722","url":"https:\/\/dothoquynhanh.com\/?product=4722","name":"V\u00f2ng tay ng\u1ecdc trai \u0111\u00ednh Charm - dothoquynhanh","isPartOf":{"@id":"https:\/\/dothoquynhanh.com\/#website"},"primaryImageOfPage":{"@id":"https:\/\/dothoquynhanh.com\/?product=4722#primaryimage"},"image":{"@id":"https:\/\/dothoquynhanh.com\/?product=4722#primaryimage"},"thumbnailUrl":"https:\/\/dothoquynhanh.com\/wp-content\/uploads\/2021\/03\/0edf2f6614cee790bedf6.jpg","datePublished":"2021-03-18T04:20:07+00:00","dateModified":"2021-03-18T04:21:23+00:00","breadcrumb":{"@id":"https:\/\/dothoquynhanh.com\/?product=4722#breadcrumb"},"inLanguage":"vi","potentialAction":[{"@type":"ReadAction","target":["https:\/\/dothoquynhanh.com\/?product=4722"]}]},{"@type":"ImageObject","inLanguage":"vi","@id":"https:\/\/dothoquynhanh.com\/?product=4722#primaryimage","url":"https:\/\/dothoquynhanh.com\/wp-content\/uploads\/2021\/03\/0edf2f6614cee790bedf6.jpg","contentUrl":"https:\/\/dothoquynhanh.com\/wp-content\/uploads\/2021\/03\/0edf2f6614cee790bedf6.jpg","width":1138,"height":1280},{"@type":"BreadcrumbList","@id":"https:\/\/dothoquynhanh.com\/?product=4722#breadcrumb","itemListElement":[{"@type":"ListItem","position":1,"name":"Trang ch\u1ee7","item":"https:\/\/dothoquynhanh.com\/"},{"@type":"ListItem","position":2,"name":"S\u1ea3n ph\u1ea9m","item":"https:\/\/dothoquynhanh.com\/?page_id=64"},{"@type":"ListItem","position":3,"name":"V\u00f2ng tay ng\u1ecdc trai \u0111\u00ednh Charm"}]},{"@type":"WebSite","@id":"https:\/\/dothoquynhanh.com\/#website","url":"https:\/\/dothoquynhanh.com\/","name":"dothoquynhanh","description":"\u0110\u1ed2 TH\u1edc PHONG TH\u1ee6Y CAO C\u1ea4P QU\u1ef2NH ANH","publisher":{"@id":"https:\/\/dothoquynhanh.com\/#\/schema\/person\/9a6a0bff9151168cc437e710214dc286"},"potentialAction":[{"@type":"SearchAction","target":{"@type":"EntryPoint","urlTemplate":"https:\/\/dothoquynhanh.com\/?s={search_term_string}"},"query-input":{"@type":"PropertyValueSpecification","valueRequired":true,"valueName":"search_term_string"}}],"inLanguage":"vi"},{"@type":["Person","Organization"],"@id":"https:\/\/dothoquynhanh.com\/#\/schema\/person\/9a6a0bff9151168cc437e710214dc286","name":"Qu\u1ef3nh Anh","image":{"@type":"ImageObject","inLanguage":"vi","@id":"https:\/\/secure.gravatar.com\/avatar\/a86689d41574456e4a65d69a1f70c64ef3172d5d71e939217b478f5347cec268?s=96&d=mm&r=g","url":"https:\/\/secure.gravatar.com\/avatar\/a86689d41574456e4a65d69a1f70c64ef3172d5d71e939217b478f5347cec268?s=96&d=mm&r=g","contentUrl":"https:\/\/secure.gravatar.com\/avatar\/a86689d41574456e4a65d69a1f70c64ef3172d5d71e939217b478f5347cec268?s=96&d=mm&r=g","caption":"Qu\u1ef3nh Anh"},"logo":{"@id":"https:\/\/secure.gravatar.com\/avatar\/a86689d41574456e4a65d69a1f70c64ef3172d5d71e939217b478f5347cec268?s=96&d=mm&r=g"},"sameAs":["https:\/\/dothoquynhanh.com","admin"]}]}},"_links":{"self":[{"href":"https:\/\/dothoquynhanh.com\/index.php?rest_route=\/wp\/v2\/product\/4722","targetHints":{"allow":["GET"]}}],"collection":[{"href":"https:\/\/dothoquynhanh.com\/index.php?rest_route=\/wp\/v2\/product"}],"about":[{"href":"https:\/\/dothoquynhanh.com\/index.php?rest_route=\/wp\/v2\/types\/product"}],"replies":[{"embeddable":true,"href":"https:\/\/dothoquynhanh.com\/index.php?rest_route=%2Fwp%2Fv2%2Fcomments&post=4722"}],"wp:featuredmedia":[{"embeddable":true,"href":"https:\/\/dothoquynhanh.com\/index.php?rest_route=\/wp\/v2\/media\/4725"}],"wp:attachment":[{"href":"https:\/\/dothoquynhanh.com\/index.php?rest_route=%2Fwp%2Fv2%2Fmedia&parent=4722"}],"wp:term":[{"taxonomy":"product_brand","embeddable":true,"href":"https:\/\/dothoquynhanh.com\/index.php?rest_route=%2Fwp%2Fv2%2Fproduct_brand&post=4722"},{"taxonomy":"product_cat","embeddable":true,"href":"https:\/\/dothoquynhanh.com\/index.php?rest_route=%2Fwp%2Fv2%2Fproduct_cat&post=4722"},{"taxonomy":"product_tag","embeddable":true,"href":"https:\/\/dothoquynhanh.com\/index.php?rest_route=%2Fwp%2Fv2%2Fproduct_tag&post=4722"}],"curies":[{"name":"wp","href":"https:\/\/api.w.org\/{rel}","templated":true}]}}