{"id":4665,"date":"2021-03-16T06:37:24","date_gmt":"2021-03-16T06:37:24","guid":{"rendered":"https:\/\/dothoquynhanh.com\/?post_type=product&#038;p=4665"},"modified":"2021-03-16T06:37:25","modified_gmt":"2021-03-16T06:37:25","slug":"tuong-mat-tong","status":"publish","type":"product","link":"https:\/\/dothoquynhanh.com\/?product=tuong-mat-tong","title":{"rendered":"T\u01b0\u1ee3ng M\u1eadt t\u00f4ng"},"content":{"rendered":"<p><img loading=\"lazy\" decoding=\"async\" class=\"alignnone size-medium wp-image-4666\" src=\"http:\/\/dothoquynhanh.com\/wp-content\/uploads\/2021\/03\/4d08211d25c9d6978fd827-300x400.jpg\" alt=\"\" width=\"300\" height=\"400\" srcset=\"https:\/\/dothoquynhanh.com\/wp-content\/uploads\/2021\/03\/4d08211d25c9d6978fd827-300x400.jpg 300w, https:\/\/dothoquynhanh.com\/wp-content\/uploads\/2021\/03\/4d08211d25c9d6978fd827-600x800.jpg 600w, https:\/\/dothoquynhanh.com\/wp-content\/uploads\/2021\/03\/4d08211d25c9d6978fd827-768x1024.jpg 768w, https:\/\/dothoquynhanh.com\/wp-content\/uploads\/2021\/03\/4d08211d25c9d6978fd827-510x680.jpg 510w, https:\/\/dothoquynhanh.com\/wp-content\/uploads\/2021\/03\/4d08211d25c9d6978fd827.jpg 960w\" sizes=\"auto, (max-width: 300px) 100vw, 300px\" \/> <img loading=\"lazy\" decoding=\"async\" class=\"alignnone size-medium wp-image-4667\" src=\"http:\/\/dothoquynhanh.com\/wp-content\/uploads\/2021\/03\/46f5e0fde42917774e3829-300x400.jpg\" alt=\"\" width=\"300\" height=\"400\" srcset=\"https:\/\/dothoquynhanh.com\/wp-content\/uploads\/2021\/03\/46f5e0fde42917774e3829-300x400.jpg 300w, https:\/\/dothoquynhanh.com\/wp-content\/uploads\/2021\/03\/46f5e0fde42917774e3829-600x800.jpg 600w, https:\/\/dothoquynhanh.com\/wp-content\/uploads\/2021\/03\/46f5e0fde42917774e3829-768x1024.jpg 768w, https:\/\/dothoquynhanh.com\/wp-content\/uploads\/2021\/03\/46f5e0fde42917774e3829-510x680.jpg 510w, https:\/\/dothoquynhanh.com\/wp-content\/uploads\/2021\/03\/46f5e0fde42917774e3829.jpg 960w\" sizes=\"auto, (max-width: 300px) 100vw, 300px\" \/> <img loading=\"lazy\" decoding=\"async\" class=\"alignnone size-medium wp-image-4668\" src=\"http:\/\/dothoquynhanh.com\/wp-content\/uploads\/2021\/03\/073b3c1d38c9cb9792d821-300x400.jpg\" alt=\"\" width=\"300\" height=\"400\" srcset=\"https:\/\/dothoquynhanh.com\/wp-content\/uploads\/2021\/03\/073b3c1d38c9cb9792d821-300x400.jpg 300w, https:\/\/dothoquynhanh.com\/wp-content\/uploads\/2021\/03\/073b3c1d38c9cb9792d821-600x800.jpg 600w, https:\/\/dothoquynhanh.com\/wp-content\/uploads\/2021\/03\/073b3c1d38c9cb9792d821-768x1024.jpg 768w, https:\/\/dothoquynhanh.com\/wp-content\/uploads\/2021\/03\/073b3c1d38c9cb9792d821-510x680.jpg 510w, https:\/\/dothoquynhanh.com\/wp-content\/uploads\/2021\/03\/073b3c1d38c9cb9792d821.jpg 960w\" sizes=\"auto, (max-width: 300px) 100vw, 300px\" \/> <img loading=\"lazy\" decoding=\"async\" class=\"alignnone size-medium wp-image-4669\" src=\"http:\/\/dothoquynhanh.com\/wp-content\/uploads\/2021\/03\/99a0d2f2d72624787d3742-290x400.jpg\" alt=\"\" width=\"290\" height=\"400\" srcset=\"https:\/\/dothoquynhanh.com\/wp-content\/uploads\/2021\/03\/99a0d2f2d72624787d3742-290x400.jpg 290w, https:\/\/dothoquynhanh.com\/wp-content\/uploads\/2021\/03\/99a0d2f2d72624787d3742-580x800.jpg 580w, https:\/\/dothoquynhanh.com\/wp-content\/uploads\/2021\/03\/99a0d2f2d72624787d3742-510x703.jpg 510w, https:\/\/dothoquynhanh.com\/wp-content\/uploads\/2021\/03\/99a0d2f2d72624787d3742.jpg 750w\" sizes=\"auto, (max-width: 290px) 100vw, 290px\" \/> <img loading=\"lazy\" decoding=\"async\" class=\"alignnone size-medium wp-image-4670\" src=\"http:\/\/dothoquynhanh.com\/wp-content\/uploads\/2021\/03\/ab57774a739e80c0d98f24-300x400.jpg\" alt=\"\" width=\"300\" height=\"400\" srcset=\"https:\/\/dothoquynhanh.com\/wp-content\/uploads\/2021\/03\/ab57774a739e80c0d98f24-300x400.jpg 300w, https:\/\/dothoquynhanh.com\/wp-content\/uploads\/2021\/03\/ab57774a739e80c0d98f24-600x800.jpg 600w, https:\/\/dothoquynhanh.com\/wp-content\/uploads\/2021\/03\/ab57774a739e80c0d98f24-768x1024.jpg 768w, https:\/\/dothoquynhanh.com\/wp-content\/uploads\/2021\/03\/ab57774a739e80c0d98f24-510x680.jpg 510w, https:\/\/dothoquynhanh.com\/wp-content\/uploads\/2021\/03\/ab57774a739e80c0d98f24.jpg 960w\" sizes=\"auto, (max-width: 300px) 100vw, 300px\" \/> <img loading=\"lazy\" decoding=\"async\" class=\"alignnone size-medium wp-image-4671\" src=\"http:\/\/dothoquynhanh.com\/wp-content\/uploads\/2021\/03\/afa000aa047ef720ae6f28-300x400.jpg\" alt=\"\" width=\"300\" height=\"400\" srcset=\"https:\/\/dothoquynhanh.com\/wp-content\/uploads\/2021\/03\/afa000aa047ef720ae6f28-300x400.jpg 300w, https:\/\/dothoquynhanh.com\/wp-content\/uploads\/2021\/03\/afa000aa047ef720ae6f28-600x800.jpg 600w, https:\/\/dothoquynhanh.com\/wp-content\/uploads\/2021\/03\/afa000aa047ef720ae6f28-768x1024.jpg 768w, https:\/\/dothoquynhanh.com\/wp-content\/uploads\/2021\/03\/afa000aa047ef720ae6f28-510x680.jpg 510w, https:\/\/dothoquynhanh.com\/wp-content\/uploads\/2021\/03\/afa000aa047ef720ae6f28.jpg 960w\" sizes=\"auto, (max-width: 300px) 100vw, 300px\" \/> <img loading=\"lazy\" decoding=\"async\" class=\"alignnone size-medium wp-image-4672\" src=\"http:\/\/dothoquynhanh.com\/wp-content\/uploads\/2021\/03\/cdde62db660f9551cc1e31-400x400.jpg\" alt=\"\" width=\"400\" height=\"400\" srcset=\"https:\/\/dothoquynhanh.com\/wp-content\/uploads\/2021\/03\/cdde62db660f9551cc1e31-400x400.jpg 400w, https:\/\/dothoquynhanh.com\/wp-content\/uploads\/2021\/03\/cdde62db660f9551cc1e31-280x280.jpg 280w, https:\/\/dothoquynhanh.com\/wp-content\/uploads\/2021\/03\/cdde62db660f9551cc1e31-510x510.jpg 510w, https:\/\/dothoquynhanh.com\/wp-content\/uploads\/2021\/03\/cdde62db660f9551cc1e31-100x100.jpg 100w, https:\/\/dothoquynhanh.com\/wp-content\/uploads\/2021\/03\/cdde62db660f9551cc1e31.jpg 750w\" sizes=\"auto, (max-width: 400px) 100vw, 400px\" \/> <img loading=\"lazy\" decoding=\"async\" class=\"alignnone size-medium wp-image-4673\" src=\"http:\/\/dothoquynhanh.com\/wp-content\/uploads\/2021\/03\/cf57f240f69405ca5c8526-300x400.jpg\" alt=\"\" width=\"300\" height=\"400\" srcset=\"https:\/\/dothoquynhanh.com\/wp-content\/uploads\/2021\/03\/cf57f240f69405ca5c8526-300x400.jpg 300w, https:\/\/dothoquynhanh.com\/wp-content\/uploads\/2021\/03\/cf57f240f69405ca5c8526-600x800.jpg 600w, https:\/\/dothoquynhanh.com\/wp-content\/uploads\/2021\/03\/cf57f240f69405ca5c8526-768x1024.jpg 768w, https:\/\/dothoquynhanh.com\/wp-content\/uploads\/2021\/03\/cf57f240f69405ca5c8526-510x680.jpg 510w, https:\/\/dothoquynhanh.com\/wp-content\/uploads\/2021\/03\/cf57f240f69405ca5c8526.jpg 960w\" sizes=\"auto, (max-width: 300px) 100vw, 300px\" \/> <img loading=\"lazy\" decoding=\"async\" class=\"alignnone size-medium wp-image-4674\" src=\"http:\/\/dothoquynhanh.com\/wp-content\/uploads\/2021\/03\/e8015bfb5f2fac71f53e32-1-300x400.jpg\" alt=\"\" width=\"300\" height=\"400\" srcset=\"https:\/\/dothoquynhanh.com\/wp-content\/uploads\/2021\/03\/e8015bfb5f2fac71f53e32-1-300x400.jpg 300w, https:\/\/dothoquynhanh.com\/wp-content\/uploads\/2021\/03\/e8015bfb5f2fac71f53e32-1-600x800.jpg 600w, https:\/\/dothoquynhanh.com\/wp-content\/uploads\/2021\/03\/e8015bfb5f2fac71f53e32-1-768x1024.jpg 768w, https:\/\/dothoquynhanh.com\/wp-content\/uploads\/2021\/03\/e8015bfb5f2fac71f53e32-1-510x680.jpg 510w, https:\/\/dothoquynhanh.com\/wp-content\/uploads\/2021\/03\/e8015bfb5f2fac71f53e32-1.jpg 960w\" sizes=\"auto, (max-width: 300px) 100vw, 300px\" \/><\/p>\n","protected":false},"excerpt":{"rendered":"<p><strong>Gi\u1edd m\u1edf c\u1eeda Showroom: 8h45 \u2013 18h00 h\u00e0ng ng\u00e0y- \u0110\u1eb7t h\u00e0ng online 24\/7<\/strong><br \/>\n<strong>Mua h\u00e0ng t\u1ea1i \u0111\u1ed3 th\u1edd Qu\u1ef3nh Anh, qu\u00fd kh\u00e1ch s\u1ebd \u0111\u01b0\u1ee3c:<\/strong><\/p>\n<p><img loading=\"lazy\" decoding=\"async\" class=\"alignnone wp-image-12169\" src=\"https:\/\/phapduyen.com\/wp-content\/uploads\/2017\/04\/check-IMN.png\" alt=\"\" width=\"16\" height=\"15\" \/>\u00a0V\u1eadn chuy\u1ec3n \u0111\u1ebfn t\u1eadn nh\u00e0<br \/>\n<img loading=\"lazy\" decoding=\"async\" class=\"alignnone wp-image-12169\" src=\"https:\/\/phapduyen.com\/wp-content\/uploads\/2017\/04\/check-IMN.png\" alt=\"\" width=\"16\" height=\"15\" \/>\u00a0Thanh to\u00e1n sau khi ki\u1ec3m tra<br \/>\n<img loading=\"lazy\" decoding=\"async\" class=\"alignnone wp-image-12169\" src=\"https:\/\/phapduyen.com\/wp-content\/uploads\/2017\/04\/check-IMN.png\" alt=\"\" width=\"16\" height=\"15\" \/>\u00a0Mua s\u1ed1 l\u01b0\u1ee3ng l\u1edbn c\u00f3 \u01b0u \u0111\u00e3i ri\u00eang<br \/>\n<img loading=\"lazy\" decoding=\"async\" class=\"alignnone wp-image-12169\" src=\"https:\/\/phapduyen.com\/wp-content\/uploads\/2017\/04\/check-IMN.png\" alt=\"\" width=\"16\" height=\"15\" \/>\u00a0Nh\u1eadn \u0111\u1eb7t s\u1ea3n ph\u1ea9m ri\u00eang theo y\u00eau c\u1ea7u.<\/p>\n<p>C\u1ea7n t\u01b0 v\u1ea5n nhanh, Qu\u00fd kh\u00e1ch vui l\u00f2ng li\u00ean h\u1ec7:<\/p>\n<p><strong>Hotline \/ Zalo:<\/strong>\u00a00988.870.000 | 0948.301.277 | 0963.483.436<\/p>\n","protected":false},"featured_media":4672,"comment_status":"open","ping_status":"closed","template":"","meta":[],"product_brand":[],"product_cat":[514,696,572],"product_tag":[],"class_list":{"0":"post-4665","1":"product","2":"type-product","3":"status-publish","4":"has-post-thumbnail","6":"product_cat-tuong","7":"product_cat-tuong-mat-tong","8":"product_cat-tuong-phat","10":"first","11":"instock","12":"shipping-taxable","13":"product-type-simple"},"yoast_head":"<!-- This site is optimized with the Yoast SEO plugin v27.5 - https:\/\/yoast.com\/product\/yoast-seo-wordpress\/ -->\n<title>T\u01b0\u1ee3ng M\u1eadt t\u00f4ng - dothoquynhanh<\/title>\n<meta name=\"robots\" content=\"index, follow, max-snippet:-1, max-image-preview:large, max-video-preview:-1\" \/>\n<link rel=\"canonical\" href=\"https:\/\/dothoquynhanh.com\/?product=tuong-mat-tong\" \/>\n<meta property=\"og:locale\" content=\"vi_VN\" \/>\n<meta property=\"og:type\" content=\"article\" \/>\n<meta property=\"og:title\" content=\"T\u01b0\u1ee3ng M\u1eadt t\u00f4ng - dothoquynhanh\" \/>\n<meta property=\"og:description\" content=\"Gi\u1edd m\u1edf c\u1eeda Showroom: 8h45 \u2013 18h00 h\u00e0ng ng\u00e0y- \u0110\u1eb7t h\u00e0ng online 24\/7 Mua h\u00e0ng t\u1ea1i \u0111\u1ed3 th\u1edd Qu\u1ef3nh Anh, qu\u00fd kh\u00e1ch s\u1ebd \u0111\u01b0\u1ee3c:  \u00a0V\u1eadn chuy\u1ec3n \u0111\u1ebfn t\u1eadn nh\u00e0 \u00a0Thanh to\u00e1n sau khi ki\u1ec3m tra \u00a0Mua s\u1ed1 l\u01b0\u1ee3ng l\u1edbn c\u00f3 \u01b0u \u0111\u00e3i ri\u00eang \u00a0Nh\u1eadn \u0111\u1eb7t s\u1ea3n ph\u1ea9m ri\u00eang theo y\u00eau c\u1ea7u.  C\u1ea7n t\u01b0 v\u1ea5n nhanh, Qu\u00fd kh\u00e1ch vui l\u00f2ng li\u00ean h\u1ec7:  Hotline \/ Zalo:\u00a00988.870.000 | 0948.301.277 | 0963.483.436\" \/>\n<meta property=\"og:url\" content=\"https:\/\/dothoquynhanh.com\/?product=tuong-mat-tong\" \/>\n<meta property=\"og:site_name\" content=\"dothoquynhanh\" \/>\n<meta property=\"article:modified_time\" content=\"2021-03-16T06:37:25+00:00\" \/>\n<meta property=\"og:image\" content=\"https:\/\/dothoquynhanh.com\/wp-content\/uploads\/2021\/03\/cdde62db660f9551cc1e31.jpg\" \/>\n\t<meta property=\"og:image:width\" content=\"750\" \/>\n\t<meta property=\"og:image:height\" content=\"750\" \/>\n\t<meta property=\"og:image:type\" content=\"image\/jpeg\" \/>\n<meta name=\"twitter:card\" content=\"summary_large_image\" \/>\n<script type=\"application\/ld+json\" class=\"yoast-schema-graph\">{\"@context\":\"https:\\\/\\\/schema.org\",\"@graph\":[{\"@type\":\"WebPage\",\"@id\":\"https:\\\/\\\/dothoquynhanh.com\\\/?product=tuong-mat-tong\",\"url\":\"https:\\\/\\\/dothoquynhanh.com\\\/?product=tuong-mat-tong\",\"name\":\"T\u01b0\u1ee3ng M\u1eadt t\u00f4ng - dothoquynhanh\",\"isPartOf\":{\"@id\":\"https:\\\/\\\/dothoquynhanh.com\\\/#website\"},\"primaryImageOfPage\":{\"@id\":\"https:\\\/\\\/dothoquynhanh.com\\\/?product=tuong-mat-tong#primaryimage\"},\"image\":{\"@id\":\"https:\\\/\\\/dothoquynhanh.com\\\/?product=tuong-mat-tong#primaryimage\"},\"thumbnailUrl\":\"https:\\\/\\\/dothoquynhanh.com\\\/wp-content\\\/uploads\\\/2021\\\/03\\\/cdde62db660f9551cc1e31.jpg\",\"datePublished\":\"2021-03-16T06:37:24+00:00\",\"dateModified\":\"2021-03-16T06:37:25+00:00\",\"breadcrumb\":{\"@id\":\"https:\\\/\\\/dothoquynhanh.com\\\/?product=tuong-mat-tong#breadcrumb\"},\"inLanguage\":\"vi\",\"potentialAction\":[{\"@type\":\"ReadAction\",\"target\":[\"https:\\\/\\\/dothoquynhanh.com\\\/?product=tuong-mat-tong\"]}]},{\"@type\":\"ImageObject\",\"inLanguage\":\"vi\",\"@id\":\"https:\\\/\\\/dothoquynhanh.com\\\/?product=tuong-mat-tong#primaryimage\",\"url\":\"https:\\\/\\\/dothoquynhanh.com\\\/wp-content\\\/uploads\\\/2021\\\/03\\\/cdde62db660f9551cc1e31.jpg\",\"contentUrl\":\"https:\\\/\\\/dothoquynhanh.com\\\/wp-content\\\/uploads\\\/2021\\\/03\\\/cdde62db660f9551cc1e31.jpg\",\"width\":750,\"height\":750},{\"@type\":\"BreadcrumbList\",\"@id\":\"https:\\\/\\\/dothoquynhanh.com\\\/?product=tuong-mat-tong#breadcrumb\",\"itemListElement\":[{\"@type\":\"ListItem\",\"position\":1,\"name\":\"Trang ch\u1ee7\",\"item\":\"https:\\\/\\\/dothoquynhanh.com\\\/\"},{\"@type\":\"ListItem\",\"position\":2,\"name\":\"S\u1ea3n ph\u1ea9m\",\"item\":\"https:\\\/\\\/dothoquynhanh.com\\\/?page_id=64\"},{\"@type\":\"ListItem\",\"position\":3,\"name\":\"T\u01b0\u1ee3ng M\u1eadt t\u00f4ng\"}]},{\"@type\":\"WebSite\",\"@id\":\"https:\\\/\\\/dothoquynhanh.com\\\/#website\",\"url\":\"https:\\\/\\\/dothoquynhanh.com\\\/\",\"name\":\"dothoquynhanh\",\"description\":\"\u0110\u1ed2 TH\u1edc PHONG TH\u1ee6Y CAO C\u1ea4P QU\u1ef2NH ANH\",\"publisher\":{\"@id\":\"https:\\\/\\\/dothoquynhanh.com\\\/#\\\/schema\\\/person\\\/9a6a0bff9151168cc437e710214dc286\"},\"potentialAction\":[{\"@type\":\"SearchAction\",\"target\":{\"@type\":\"EntryPoint\",\"urlTemplate\":\"https:\\\/\\\/dothoquynhanh.com\\\/?s={search_term_string}\"},\"query-input\":{\"@type\":\"PropertyValueSpecification\",\"valueRequired\":true,\"valueName\":\"search_term_string\"}}],\"inLanguage\":\"vi\"},{\"@type\":[\"Person\",\"Organization\"],\"@id\":\"https:\\\/\\\/dothoquynhanh.com\\\/#\\\/schema\\\/person\\\/9a6a0bff9151168cc437e710214dc286\",\"name\":\"Qu\u1ef3nh Anh\",\"image\":{\"@type\":\"ImageObject\",\"inLanguage\":\"vi\",\"@id\":\"https:\\\/\\\/secure.gravatar.com\\\/avatar\\\/a86689d41574456e4a65d69a1f70c64ef3172d5d71e939217b478f5347cec268?s=96&d=mm&r=g\",\"url\":\"https:\\\/\\\/secure.gravatar.com\\\/avatar\\\/a86689d41574456e4a65d69a1f70c64ef3172d5d71e939217b478f5347cec268?s=96&d=mm&r=g\",\"contentUrl\":\"https:\\\/\\\/secure.gravatar.com\\\/avatar\\\/a86689d41574456e4a65d69a1f70c64ef3172d5d71e939217b478f5347cec268?s=96&d=mm&r=g\",\"caption\":\"Qu\u1ef3nh Anh\"},\"logo\":{\"@id\":\"https:\\\/\\\/secure.gravatar.com\\\/avatar\\\/a86689d41574456e4a65d69a1f70c64ef3172d5d71e939217b478f5347cec268?s=96&d=mm&r=g\"},\"sameAs\":[\"https:\\\/\\\/dothoquynhanh.com\",\"admin\"]}]}<\/script>\n<!-- \/ Yoast SEO plugin. -->","yoast_head_json":{"title":"T\u01b0\u1ee3ng M\u1eadt t\u00f4ng - dothoquynhanh","robots":{"index":"index","follow":"follow","max-snippet":"max-snippet:-1","max-image-preview":"max-image-preview:large","max-video-preview":"max-video-preview:-1"},"canonical":"https:\/\/dothoquynhanh.com\/?product=tuong-mat-tong","og_locale":"vi_VN","og_type":"article","og_title":"T\u01b0\u1ee3ng M\u1eadt t\u00f4ng - dothoquynhanh","og_description":"Gi\u1edd m\u1edf c\u1eeda Showroom: 8h45 \u2013 18h00 h\u00e0ng ng\u00e0y- \u0110\u1eb7t h\u00e0ng online 24\/7 Mua h\u00e0ng t\u1ea1i \u0111\u1ed3 th\u1edd Qu\u1ef3nh Anh, qu\u00fd kh\u00e1ch s\u1ebd \u0111\u01b0\u1ee3c:  \u00a0V\u1eadn chuy\u1ec3n \u0111\u1ebfn t\u1eadn nh\u00e0 \u00a0Thanh to\u00e1n sau khi ki\u1ec3m tra \u00a0Mua s\u1ed1 l\u01b0\u1ee3ng l\u1edbn c\u00f3 \u01b0u \u0111\u00e3i ri\u00eang \u00a0Nh\u1eadn \u0111\u1eb7t s\u1ea3n ph\u1ea9m ri\u00eang theo y\u00eau c\u1ea7u.  C\u1ea7n t\u01b0 v\u1ea5n nhanh, Qu\u00fd kh\u00e1ch vui l\u00f2ng li\u00ean h\u1ec7:  Hotline \/ Zalo:\u00a00988.870.000 | 0948.301.277 | 0963.483.436","og_url":"https:\/\/dothoquynhanh.com\/?product=tuong-mat-tong","og_site_name":"dothoquynhanh","article_modified_time":"2021-03-16T06:37:25+00:00","og_image":[{"width":750,"height":750,"url":"https:\/\/dothoquynhanh.com\/wp-content\/uploads\/2021\/03\/cdde62db660f9551cc1e31.jpg","type":"image\/jpeg"}],"twitter_card":"summary_large_image","schema":{"@context":"https:\/\/schema.org","@graph":[{"@type":"WebPage","@id":"https:\/\/dothoquynhanh.com\/?product=tuong-mat-tong","url":"https:\/\/dothoquynhanh.com\/?product=tuong-mat-tong","name":"T\u01b0\u1ee3ng M\u1eadt t\u00f4ng - dothoquynhanh","isPartOf":{"@id":"https:\/\/dothoquynhanh.com\/#website"},"primaryImageOfPage":{"@id":"https:\/\/dothoquynhanh.com\/?product=tuong-mat-tong#primaryimage"},"image":{"@id":"https:\/\/dothoquynhanh.com\/?product=tuong-mat-tong#primaryimage"},"thumbnailUrl":"https:\/\/dothoquynhanh.com\/wp-content\/uploads\/2021\/03\/cdde62db660f9551cc1e31.jpg","datePublished":"2021-03-16T06:37:24+00:00","dateModified":"2021-03-16T06:37:25+00:00","breadcrumb":{"@id":"https:\/\/dothoquynhanh.com\/?product=tuong-mat-tong#breadcrumb"},"inLanguage":"vi","potentialAction":[{"@type":"ReadAction","target":["https:\/\/dothoquynhanh.com\/?product=tuong-mat-tong"]}]},{"@type":"ImageObject","inLanguage":"vi","@id":"https:\/\/dothoquynhanh.com\/?product=tuong-mat-tong#primaryimage","url":"https:\/\/dothoquynhanh.com\/wp-content\/uploads\/2021\/03\/cdde62db660f9551cc1e31.jpg","contentUrl":"https:\/\/dothoquynhanh.com\/wp-content\/uploads\/2021\/03\/cdde62db660f9551cc1e31.jpg","width":750,"height":750},{"@type":"BreadcrumbList","@id":"https:\/\/dothoquynhanh.com\/?product=tuong-mat-tong#breadcrumb","itemListElement":[{"@type":"ListItem","position":1,"name":"Trang ch\u1ee7","item":"https:\/\/dothoquynhanh.com\/"},{"@type":"ListItem","position":2,"name":"S\u1ea3n ph\u1ea9m","item":"https:\/\/dothoquynhanh.com\/?page_id=64"},{"@type":"ListItem","position":3,"name":"T\u01b0\u1ee3ng M\u1eadt t\u00f4ng"}]},{"@type":"WebSite","@id":"https:\/\/dothoquynhanh.com\/#website","url":"https:\/\/dothoquynhanh.com\/","name":"dothoquynhanh","description":"\u0110\u1ed2 TH\u1edc PHONG TH\u1ee6Y CAO C\u1ea4P QU\u1ef2NH ANH","publisher":{"@id":"https:\/\/dothoquynhanh.com\/#\/schema\/person\/9a6a0bff9151168cc437e710214dc286"},"potentialAction":[{"@type":"SearchAction","target":{"@type":"EntryPoint","urlTemplate":"https:\/\/dothoquynhanh.com\/?s={search_term_string}"},"query-input":{"@type":"PropertyValueSpecification","valueRequired":true,"valueName":"search_term_string"}}],"inLanguage":"vi"},{"@type":["Person","Organization"],"@id":"https:\/\/dothoquynhanh.com\/#\/schema\/person\/9a6a0bff9151168cc437e710214dc286","name":"Qu\u1ef3nh Anh","image":{"@type":"ImageObject","inLanguage":"vi","@id":"https:\/\/secure.gravatar.com\/avatar\/a86689d41574456e4a65d69a1f70c64ef3172d5d71e939217b478f5347cec268?s=96&d=mm&r=g","url":"https:\/\/secure.gravatar.com\/avatar\/a86689d41574456e4a65d69a1f70c64ef3172d5d71e939217b478f5347cec268?s=96&d=mm&r=g","contentUrl":"https:\/\/secure.gravatar.com\/avatar\/a86689d41574456e4a65d69a1f70c64ef3172d5d71e939217b478f5347cec268?s=96&d=mm&r=g","caption":"Qu\u1ef3nh Anh"},"logo":{"@id":"https:\/\/secure.gravatar.com\/avatar\/a86689d41574456e4a65d69a1f70c64ef3172d5d71e939217b478f5347cec268?s=96&d=mm&r=g"},"sameAs":["https:\/\/dothoquynhanh.com","admin"]}]}},"_links":{"self":[{"href":"https:\/\/dothoquynhanh.com\/index.php?rest_route=\/wp\/v2\/product\/4665","targetHints":{"allow":["GET"]}}],"collection":[{"href":"https:\/\/dothoquynhanh.com\/index.php?rest_route=\/wp\/v2\/product"}],"about":[{"href":"https:\/\/dothoquynhanh.com\/index.php?rest_route=\/wp\/v2\/types\/product"}],"replies":[{"embeddable":true,"href":"https:\/\/dothoquynhanh.com\/index.php?rest_route=%2Fwp%2Fv2%2Fcomments&post=4665"}],"wp:featuredmedia":[{"embeddable":true,"href":"https:\/\/dothoquynhanh.com\/index.php?rest_route=\/wp\/v2\/media\/4672"}],"wp:attachment":[{"href":"https:\/\/dothoquynhanh.com\/index.php?rest_route=%2Fwp%2Fv2%2Fmedia&parent=4665"}],"wp:term":[{"taxonomy":"product_brand","embeddable":true,"href":"https:\/\/dothoquynhanh.com\/index.php?rest_route=%2Fwp%2Fv2%2Fproduct_brand&post=4665"},{"taxonomy":"product_cat","embeddable":true,"href":"https:\/\/dothoquynhanh.com\/index.php?rest_route=%2Fwp%2Fv2%2Fproduct_cat&post=4665"},{"taxonomy":"product_tag","embeddable":true,"href":"https:\/\/dothoquynhanh.com\/index.php?rest_route=%2Fwp%2Fv2%2Fproduct_tag&post=4665"}],"curies":[{"name":"wp","href":"https:\/\/api.w.org\/{rel}","templated":true}]}}