{"id":4636,"date":"2021-03-16T03:55:54","date_gmt":"2021-03-16T03:55:54","guid":{"rendered":"https:\/\/dothoquynhanh.com\/?post_type=product&#038;p=4636"},"modified":"2021-03-16T04:07:30","modified_gmt":"2021-03-16T04:07:30","slug":"den-led-trang-tri-ban-tho-phat-giao","status":"publish","type":"product","link":"https:\/\/dothoquynhanh.com\/?product=den-led-trang-tri-ban-tho-phat-giao","title":{"rendered":"\u0110\u00e8n Led trang tr\u00ed b\u00e0n th\u1edd Ph\u1eadt gi\u00e1o"},"content":{"rendered":"<p><img loading=\"lazy\" decoding=\"async\" class=\"alignnone size-medium wp-image-4637\" src=\"http:\/\/dothoquynhanh.com\/wp-content\/uploads\/2021\/03\/0b9c2ec72c13df4d860290-536x400.jpg\" alt=\"\" width=\"536\" height=\"400\" srcset=\"https:\/\/dothoquynhanh.com\/wp-content\/uploads\/2021\/03\/0b9c2ec72c13df4d860290-536x400.jpg 536w, https:\/\/dothoquynhanh.com\/wp-content\/uploads\/2021\/03\/0b9c2ec72c13df4d860290-1071x800.jpg 1071w, https:\/\/dothoquynhanh.com\/wp-content\/uploads\/2021\/03\/0b9c2ec72c13df4d860290-768x574.jpg 768w, https:\/\/dothoquynhanh.com\/wp-content\/uploads\/2021\/03\/0b9c2ec72c13df4d860290-510x381.jpg 510w, https:\/\/dothoquynhanh.com\/wp-content\/uploads\/2021\/03\/0b9c2ec72c13df4d860290.jpg 1280w\" sizes=\"auto, (max-width: 536px) 100vw, 536px\" \/> <img loading=\"lazy\" decoding=\"async\" class=\"alignnone size-medium wp-image-4638\" src=\"http:\/\/dothoquynhanh.com\/wp-content\/uploads\/2021\/03\/0c33c05dc28931d7689887-400x400.jpg\" alt=\"\" width=\"400\" height=\"400\" srcset=\"https:\/\/dothoquynhanh.com\/wp-content\/uploads\/2021\/03\/0c33c05dc28931d7689887-400x400.jpg 400w, https:\/\/dothoquynhanh.com\/wp-content\/uploads\/2021\/03\/0c33c05dc28931d7689887-800x800.jpg 800w, https:\/\/dothoquynhanh.com\/wp-content\/uploads\/2021\/03\/0c33c05dc28931d7689887-280x280.jpg 280w, https:\/\/dothoquynhanh.com\/wp-content\/uploads\/2021\/03\/0c33c05dc28931d7689887-768x768.jpg 768w, https:\/\/dothoquynhanh.com\/wp-content\/uploads\/2021\/03\/0c33c05dc28931d7689887-510x510.jpg 510w, https:\/\/dothoquynhanh.com\/wp-content\/uploads\/2021\/03\/0c33c05dc28931d7689887-100x100.jpg 100w, https:\/\/dothoquynhanh.com\/wp-content\/uploads\/2021\/03\/0c33c05dc28931d7689887.jpg 1213w\" sizes=\"auto, (max-width: 400px) 100vw, 400px\" \/> <img loading=\"lazy\" decoding=\"async\" class=\"alignnone size-medium wp-image-4639\" src=\"http:\/\/dothoquynhanh.com\/wp-content\/uploads\/2021\/03\/1a2eb15cb38840d6199986-400x400.jpg\" alt=\"\" width=\"400\" height=\"400\" srcset=\"https:\/\/dothoquynhanh.com\/wp-content\/uploads\/2021\/03\/1a2eb15cb38840d6199986-400x400.jpg 400w, https:\/\/dothoquynhanh.com\/wp-content\/uploads\/2021\/03\/1a2eb15cb38840d6199986-800x800.jpg 800w, https:\/\/dothoquynhanh.com\/wp-content\/uploads\/2021\/03\/1a2eb15cb38840d6199986-280x280.jpg 280w, https:\/\/dothoquynhanh.com\/wp-content\/uploads\/2021\/03\/1a2eb15cb38840d6199986-768x768.jpg 768w, https:\/\/dothoquynhanh.com\/wp-content\/uploads\/2021\/03\/1a2eb15cb38840d6199986-510x510.jpg 510w, https:\/\/dothoquynhanh.com\/wp-content\/uploads\/2021\/03\/1a2eb15cb38840d6199986-100x100.jpg 100w, https:\/\/dothoquynhanh.com\/wp-content\/uploads\/2021\/03\/1a2eb15cb38840d6199986.jpg 1213w\" sizes=\"auto, (max-width: 400px) 100vw, 400px\" \/> <img loading=\"lazy\" decoding=\"async\" class=\"alignnone size-medium wp-image-4640\" src=\"http:\/\/dothoquynhanh.com\/wp-content\/uploads\/2021\/03\/8ed584aa867e75202c6f84-400x400.jpg\" alt=\"\" width=\"400\" height=\"400\" srcset=\"https:\/\/dothoquynhanh.com\/wp-content\/uploads\/2021\/03\/8ed584aa867e75202c6f84-400x400.jpg 400w, https:\/\/dothoquynhanh.com\/wp-content\/uploads\/2021\/03\/8ed584aa867e75202c6f84-800x800.jpg 800w, https:\/\/dothoquynhanh.com\/wp-content\/uploads\/2021\/03\/8ed584aa867e75202c6f84-280x280.jpg 280w, https:\/\/dothoquynhanh.com\/wp-content\/uploads\/2021\/03\/8ed584aa867e75202c6f84-768x768.jpg 768w, https:\/\/dothoquynhanh.com\/wp-content\/uploads\/2021\/03\/8ed584aa867e75202c6f84-510x510.jpg 510w, https:\/\/dothoquynhanh.com\/wp-content\/uploads\/2021\/03\/8ed584aa867e75202c6f84-100x100.jpg 100w, https:\/\/dothoquynhanh.com\/wp-content\/uploads\/2021\/03\/8ed584aa867e75202c6f84.jpg 1213w\" sizes=\"auto, (max-width: 400px) 100vw, 400px\" \/> <img loading=\"lazy\" decoding=\"async\" class=\"alignnone size-medium wp-image-4641\" src=\"http:\/\/dothoquynhanh.com\/wp-content\/uploads\/2021\/03\/9cb72a3b2fefdcb185fe81-400x400.jpg\" alt=\"\" width=\"400\" height=\"400\" srcset=\"https:\/\/dothoquynhanh.com\/wp-content\/uploads\/2021\/03\/9cb72a3b2fefdcb185fe81-400x400.jpg 400w, https:\/\/dothoquynhanh.com\/wp-content\/uploads\/2021\/03\/9cb72a3b2fefdcb185fe81-800x800.jpg 800w, https:\/\/dothoquynhanh.com\/wp-content\/uploads\/2021\/03\/9cb72a3b2fefdcb185fe81-280x280.jpg 280w, https:\/\/dothoquynhanh.com\/wp-content\/uploads\/2021\/03\/9cb72a3b2fefdcb185fe81-768x768.jpg 768w, https:\/\/dothoquynhanh.com\/wp-content\/uploads\/2021\/03\/9cb72a3b2fefdcb185fe81-510x510.jpg 510w, https:\/\/dothoquynhanh.com\/wp-content\/uploads\/2021\/03\/9cb72a3b2fefdcb185fe81-100x100.jpg 100w, https:\/\/dothoquynhanh.com\/wp-content\/uploads\/2021\/03\/9cb72a3b2fefdcb185fe81.jpg 1211w\" sizes=\"auto, (max-width: 400px) 100vw, 400px\" \/> <img loading=\"lazy\" decoding=\"async\" class=\"alignnone size-medium wp-image-4642\" src=\"http:\/\/dothoquynhanh.com\/wp-content\/uploads\/2021\/03\/83b194d3960765593c1688-400x400.jpg\" alt=\"\" width=\"400\" height=\"400\" srcset=\"https:\/\/dothoquynhanh.com\/wp-content\/uploads\/2021\/03\/83b194d3960765593c1688-400x400.jpg 400w, https:\/\/dothoquynhanh.com\/wp-content\/uploads\/2021\/03\/83b194d3960765593c1688-800x800.jpg 800w, https:\/\/dothoquynhanh.com\/wp-content\/uploads\/2021\/03\/83b194d3960765593c1688-280x280.jpg 280w, https:\/\/dothoquynhanh.com\/wp-content\/uploads\/2021\/03\/83b194d3960765593c1688-768x768.jpg 768w, https:\/\/dothoquynhanh.com\/wp-content\/uploads\/2021\/03\/83b194d3960765593c1688-510x510.jpg 510w, https:\/\/dothoquynhanh.com\/wp-content\/uploads\/2021\/03\/83b194d3960765593c1688-100x100.jpg 100w, https:\/\/dothoquynhanh.com\/wp-content\/uploads\/2021\/03\/83b194d3960765593c1688.jpg 1211w\" sizes=\"auto, (max-width: 400px) 100vw, 400px\" \/> <img loading=\"lazy\" decoding=\"async\" class=\"alignnone size-medium wp-image-4643\" src=\"http:\/\/dothoquynhanh.com\/wp-content\/uploads\/2021\/03\/0211db94de402d1e745183-410x400.jpg\" alt=\"\" width=\"410\" height=\"400\" srcset=\"https:\/\/dothoquynhanh.com\/wp-content\/uploads\/2021\/03\/0211db94de402d1e745183-410x400.jpg 410w, https:\/\/dothoquynhanh.com\/wp-content\/uploads\/2021\/03\/0211db94de402d1e745183-820x800.jpg 820w, https:\/\/dothoquynhanh.com\/wp-content\/uploads\/2021\/03\/0211db94de402d1e745183-768x749.jpg 768w, https:\/\/dothoquynhanh.com\/wp-content\/uploads\/2021\/03\/0211db94de402d1e745183-510x497.jpg 510w, https:\/\/dothoquynhanh.com\/wp-content\/uploads\/2021\/03\/0211db94de402d1e745183.jpg 1211w\" sizes=\"auto, (max-width: 410px) 100vw, 410px\" \/> <img loading=\"lazy\" decoding=\"async\" class=\"alignnone size-medium wp-image-4644\" src=\"http:\/\/dothoquynhanh.com\/wp-content\/uploads\/2021\/03\/0225f856fa8209dc509385-400x400.jpg\" alt=\"\" width=\"400\" height=\"400\" srcset=\"https:\/\/dothoquynhanh.com\/wp-content\/uploads\/2021\/03\/0225f856fa8209dc509385-400x400.jpg 400w, https:\/\/dothoquynhanh.com\/wp-content\/uploads\/2021\/03\/0225f856fa8209dc509385-800x800.jpg 800w, https:\/\/dothoquynhanh.com\/wp-content\/uploads\/2021\/03\/0225f856fa8209dc509385-280x280.jpg 280w, https:\/\/dothoquynhanh.com\/wp-content\/uploads\/2021\/03\/0225f856fa8209dc509385-768x768.jpg 768w, https:\/\/dothoquynhanh.com\/wp-content\/uploads\/2021\/03\/0225f856fa8209dc509385-510x510.jpg 510w, https:\/\/dothoquynhanh.com\/wp-content\/uploads\/2021\/03\/0225f856fa8209dc509385-100x100.jpg 100w, https:\/\/dothoquynhanh.com\/wp-content\/uploads\/2021\/03\/0225f856fa8209dc509385.jpg 1211w\" sizes=\"auto, (max-width: 400px) 100vw, 400px\" \/> <img loading=\"lazy\" decoding=\"async\" class=\"alignnone size-medium wp-image-4645\" src=\"http:\/\/dothoquynhanh.com\/wp-content\/uploads\/2021\/03\/850819871c53ef0db64280-597x400.jpg\" alt=\"\" width=\"597\" height=\"400\" srcset=\"https:\/\/dothoquynhanh.com\/wp-content\/uploads\/2021\/03\/850819871c53ef0db64280-597x400.jpg 597w, https:\/\/dothoquynhanh.com\/wp-content\/uploads\/2021\/03\/850819871c53ef0db64280-768x515.jpg 768w, https:\/\/dothoquynhanh.com\/wp-content\/uploads\/2021\/03\/850819871c53ef0db64280-510x342.jpg 510w, https:\/\/dothoquynhanh.com\/wp-content\/uploads\/2021\/03\/850819871c53ef0db64280.jpg 900w\" sizes=\"auto, (max-width: 597px) 100vw, 597px\" \/> <img loading=\"lazy\" decoding=\"async\" class=\"alignnone size-medium wp-image-4646\" src=\"http:\/\/dothoquynhanh.com\/wp-content\/uploads\/2021\/03\/82356650648497dace9589-400x400.jpg\" alt=\"\" width=\"400\" height=\"400\" srcset=\"https:\/\/dothoquynhanh.com\/wp-content\/uploads\/2021\/03\/82356650648497dace9589-400x400.jpg 400w, https:\/\/dothoquynhanh.com\/wp-content\/uploads\/2021\/03\/82356650648497dace9589-800x800.jpg 800w, https:\/\/dothoquynhanh.com\/wp-content\/uploads\/2021\/03\/82356650648497dace9589-280x280.jpg 280w, https:\/\/dothoquynhanh.com\/wp-content\/uploads\/2021\/03\/82356650648497dace9589-768x768.jpg 768w, https:\/\/dothoquynhanh.com\/wp-content\/uploads\/2021\/03\/82356650648497dace9589-510x510.jpg 510w, https:\/\/dothoquynhanh.com\/wp-content\/uploads\/2021\/03\/82356650648497dace9589-100x100.jpg 100w, https:\/\/dothoquynhanh.com\/wp-content\/uploads\/2021\/03\/82356650648497dace9589.jpg 1211w\" sizes=\"auto, (max-width: 400px) 100vw, 400px\" \/> <img loading=\"lazy\" decoding=\"async\" class=\"alignnone size-medium wp-image-4647\" src=\"http:\/\/dothoquynhanh.com\/wp-content\/uploads\/2021\/03\/b818d89bdd4f2e11775e82.jpg\" alt=\"\" width=\"800\" height=\"258\" srcset=\"https:\/\/dothoquynhanh.com\/wp-content\/uploads\/2021\/03\/b818d89bdd4f2e11775e82.jpg 800w, https:\/\/dothoquynhanh.com\/wp-content\/uploads\/2021\/03\/b818d89bdd4f2e11775e82-768x248.jpg 768w, https:\/\/dothoquynhanh.com\/wp-content\/uploads\/2021\/03\/b818d89bdd4f2e11775e82-510x164.jpg 510w\" sizes=\"auto, (max-width: 800px) 100vw, 800px\" \/><\/p>\n","protected":false},"excerpt":{"rendered":"","protected":false},"featured_media":4645,"comment_status":"open","ping_status":"closed","template":"","meta":[],"product_brand":[],"product_cat":[561,616,685,599,682],"product_tag":[],"class_list":{"0":"post-4636","1":"product","2":"type-product","3":"status-publish","4":"has-post-thumbnail","6":"product_cat-do-phong-thuy","7":"product_cat-phu-kien-do-tho","8":"product_cat-trang-tri-noi-that","9":"product_cat-tranh-trang-tri-tranh-dien-phat-giao","10":"product_cat-tranh-trang-tri-tranh-dien-phat-giao-qua-tang-_-do-trang-tri-o-to-noi-that","12":"first","13":"instock","14":"shipping-taxable","15":"product-type-simple"},"yoast_head":"<!-- This site is optimized with the Yoast SEO plugin v27.5 - https:\/\/yoast.com\/product\/yoast-seo-wordpress\/ -->\n<title>\u0110\u00e8n Led trang tr\u00ed b\u00e0n th\u1edd Ph\u1eadt gi\u00e1o - dothoquynhanh<\/title>\n<meta name=\"robots\" content=\"index, follow, max-snippet:-1, max-image-preview:large, max-video-preview:-1\" \/>\n<link rel=\"canonical\" href=\"https:\/\/dothoquynhanh.com\/?product=den-led-trang-tri-ban-tho-phat-giao\" \/>\n<meta property=\"og:locale\" content=\"vi_VN\" \/>\n<meta property=\"og:type\" content=\"article\" \/>\n<meta property=\"og:title\" content=\"\u0110\u00e8n Led trang tr\u00ed b\u00e0n th\u1edd Ph\u1eadt gi\u00e1o - dothoquynhanh\" \/>\n<meta property=\"og:url\" content=\"https:\/\/dothoquynhanh.com\/?product=den-led-trang-tri-ban-tho-phat-giao\" \/>\n<meta property=\"og:site_name\" content=\"dothoquynhanh\" \/>\n<meta property=\"article:modified_time\" content=\"2021-03-16T04:07:30+00:00\" \/>\n<meta property=\"og:image\" content=\"https:\/\/dothoquynhanh.com\/wp-content\/uploads\/2021\/03\/850819871c53ef0db64280.jpg\" \/>\n\t<meta property=\"og:image:width\" content=\"900\" \/>\n\t<meta property=\"og:image:height\" content=\"603\" \/>\n\t<meta property=\"og:image:type\" content=\"image\/jpeg\" \/>\n<meta name=\"twitter:card\" content=\"summary_large_image\" \/>\n<script type=\"application\/ld+json\" class=\"yoast-schema-graph\">{\"@context\":\"https:\\\/\\\/schema.org\",\"@graph\":[{\"@type\":\"WebPage\",\"@id\":\"https:\\\/\\\/dothoquynhanh.com\\\/?product=den-led-trang-tri-ban-tho-phat-giao\",\"url\":\"https:\\\/\\\/dothoquynhanh.com\\\/?product=den-led-trang-tri-ban-tho-phat-giao\",\"name\":\"\u0110\u00e8n Led trang tr\u00ed b\u00e0n th\u1edd Ph\u1eadt gi\u00e1o - dothoquynhanh\",\"isPartOf\":{\"@id\":\"https:\\\/\\\/dothoquynhanh.com\\\/#website\"},\"primaryImageOfPage\":{\"@id\":\"https:\\\/\\\/dothoquynhanh.com\\\/?product=den-led-trang-tri-ban-tho-phat-giao#primaryimage\"},\"image\":{\"@id\":\"https:\\\/\\\/dothoquynhanh.com\\\/?product=den-led-trang-tri-ban-tho-phat-giao#primaryimage\"},\"thumbnailUrl\":\"https:\\\/\\\/dothoquynhanh.com\\\/wp-content\\\/uploads\\\/2021\\\/03\\\/850819871c53ef0db64280.jpg\",\"datePublished\":\"2021-03-16T03:55:54+00:00\",\"dateModified\":\"2021-03-16T04:07:30+00:00\",\"breadcrumb\":{\"@id\":\"https:\\\/\\\/dothoquynhanh.com\\\/?product=den-led-trang-tri-ban-tho-phat-giao#breadcrumb\"},\"inLanguage\":\"vi\",\"potentialAction\":[{\"@type\":\"ReadAction\",\"target\":[\"https:\\\/\\\/dothoquynhanh.com\\\/?product=den-led-trang-tri-ban-tho-phat-giao\"]}]},{\"@type\":\"ImageObject\",\"inLanguage\":\"vi\",\"@id\":\"https:\\\/\\\/dothoquynhanh.com\\\/?product=den-led-trang-tri-ban-tho-phat-giao#primaryimage\",\"url\":\"https:\\\/\\\/dothoquynhanh.com\\\/wp-content\\\/uploads\\\/2021\\\/03\\\/850819871c53ef0db64280.jpg\",\"contentUrl\":\"https:\\\/\\\/dothoquynhanh.com\\\/wp-content\\\/uploads\\\/2021\\\/03\\\/850819871c53ef0db64280.jpg\",\"width\":900,\"height\":603},{\"@type\":\"BreadcrumbList\",\"@id\":\"https:\\\/\\\/dothoquynhanh.com\\\/?product=den-led-trang-tri-ban-tho-phat-giao#breadcrumb\",\"itemListElement\":[{\"@type\":\"ListItem\",\"position\":1,\"name\":\"Trang ch\u1ee7\",\"item\":\"https:\\\/\\\/dothoquynhanh.com\\\/\"},{\"@type\":\"ListItem\",\"position\":2,\"name\":\"S\u1ea3n ph\u1ea9m\",\"item\":\"https:\\\/\\\/dothoquynhanh.com\\\/?page_id=64\"},{\"@type\":\"ListItem\",\"position\":3,\"name\":\"\u0110\u00e8n Led trang tr\u00ed b\u00e0n th\u1edd Ph\u1eadt gi\u00e1o\"}]},{\"@type\":\"WebSite\",\"@id\":\"https:\\\/\\\/dothoquynhanh.com\\\/#website\",\"url\":\"https:\\\/\\\/dothoquynhanh.com\\\/\",\"name\":\"dothoquynhanh\",\"description\":\"\u0110\u1ed2 TH\u1edc PHONG TH\u1ee6Y CAO C\u1ea4P QU\u1ef2NH ANH\",\"publisher\":{\"@id\":\"https:\\\/\\\/dothoquynhanh.com\\\/#\\\/schema\\\/person\\\/9a6a0bff9151168cc437e710214dc286\"},\"potentialAction\":[{\"@type\":\"SearchAction\",\"target\":{\"@type\":\"EntryPoint\",\"urlTemplate\":\"https:\\\/\\\/dothoquynhanh.com\\\/?s={search_term_string}\"},\"query-input\":{\"@type\":\"PropertyValueSpecification\",\"valueRequired\":true,\"valueName\":\"search_term_string\"}}],\"inLanguage\":\"vi\"},{\"@type\":[\"Person\",\"Organization\"],\"@id\":\"https:\\\/\\\/dothoquynhanh.com\\\/#\\\/schema\\\/person\\\/9a6a0bff9151168cc437e710214dc286\",\"name\":\"Qu\u1ef3nh Anh\",\"image\":{\"@type\":\"ImageObject\",\"inLanguage\":\"vi\",\"@id\":\"https:\\\/\\\/secure.gravatar.com\\\/avatar\\\/a86689d41574456e4a65d69a1f70c64ef3172d5d71e939217b478f5347cec268?s=96&d=mm&r=g\",\"url\":\"https:\\\/\\\/secure.gravatar.com\\\/avatar\\\/a86689d41574456e4a65d69a1f70c64ef3172d5d71e939217b478f5347cec268?s=96&d=mm&r=g\",\"contentUrl\":\"https:\\\/\\\/secure.gravatar.com\\\/avatar\\\/a86689d41574456e4a65d69a1f70c64ef3172d5d71e939217b478f5347cec268?s=96&d=mm&r=g\",\"caption\":\"Qu\u1ef3nh Anh\"},\"logo\":{\"@id\":\"https:\\\/\\\/secure.gravatar.com\\\/avatar\\\/a86689d41574456e4a65d69a1f70c64ef3172d5d71e939217b478f5347cec268?s=96&d=mm&r=g\"},\"sameAs\":[\"https:\\\/\\\/dothoquynhanh.com\",\"admin\"]}]}<\/script>\n<!-- \/ Yoast SEO plugin. -->","yoast_head_json":{"title":"\u0110\u00e8n Led trang tr\u00ed b\u00e0n th\u1edd Ph\u1eadt gi\u00e1o - dothoquynhanh","robots":{"index":"index","follow":"follow","max-snippet":"max-snippet:-1","max-image-preview":"max-image-preview:large","max-video-preview":"max-video-preview:-1"},"canonical":"https:\/\/dothoquynhanh.com\/?product=den-led-trang-tri-ban-tho-phat-giao","og_locale":"vi_VN","og_type":"article","og_title":"\u0110\u00e8n Led trang tr\u00ed b\u00e0n th\u1edd Ph\u1eadt gi\u00e1o - dothoquynhanh","og_url":"https:\/\/dothoquynhanh.com\/?product=den-led-trang-tri-ban-tho-phat-giao","og_site_name":"dothoquynhanh","article_modified_time":"2021-03-16T04:07:30+00:00","og_image":[{"width":900,"height":603,"url":"https:\/\/dothoquynhanh.com\/wp-content\/uploads\/2021\/03\/850819871c53ef0db64280.jpg","type":"image\/jpeg"}],"twitter_card":"summary_large_image","schema":{"@context":"https:\/\/schema.org","@graph":[{"@type":"WebPage","@id":"https:\/\/dothoquynhanh.com\/?product=den-led-trang-tri-ban-tho-phat-giao","url":"https:\/\/dothoquynhanh.com\/?product=den-led-trang-tri-ban-tho-phat-giao","name":"\u0110\u00e8n Led trang tr\u00ed b\u00e0n th\u1edd Ph\u1eadt gi\u00e1o - dothoquynhanh","isPartOf":{"@id":"https:\/\/dothoquynhanh.com\/#website"},"primaryImageOfPage":{"@id":"https:\/\/dothoquynhanh.com\/?product=den-led-trang-tri-ban-tho-phat-giao#primaryimage"},"image":{"@id":"https:\/\/dothoquynhanh.com\/?product=den-led-trang-tri-ban-tho-phat-giao#primaryimage"},"thumbnailUrl":"https:\/\/dothoquynhanh.com\/wp-content\/uploads\/2021\/03\/850819871c53ef0db64280.jpg","datePublished":"2021-03-16T03:55:54+00:00","dateModified":"2021-03-16T04:07:30+00:00","breadcrumb":{"@id":"https:\/\/dothoquynhanh.com\/?product=den-led-trang-tri-ban-tho-phat-giao#breadcrumb"},"inLanguage":"vi","potentialAction":[{"@type":"ReadAction","target":["https:\/\/dothoquynhanh.com\/?product=den-led-trang-tri-ban-tho-phat-giao"]}]},{"@type":"ImageObject","inLanguage":"vi","@id":"https:\/\/dothoquynhanh.com\/?product=den-led-trang-tri-ban-tho-phat-giao#primaryimage","url":"https:\/\/dothoquynhanh.com\/wp-content\/uploads\/2021\/03\/850819871c53ef0db64280.jpg","contentUrl":"https:\/\/dothoquynhanh.com\/wp-content\/uploads\/2021\/03\/850819871c53ef0db64280.jpg","width":900,"height":603},{"@type":"BreadcrumbList","@id":"https:\/\/dothoquynhanh.com\/?product=den-led-trang-tri-ban-tho-phat-giao#breadcrumb","itemListElement":[{"@type":"ListItem","position":1,"name":"Trang ch\u1ee7","item":"https:\/\/dothoquynhanh.com\/"},{"@type":"ListItem","position":2,"name":"S\u1ea3n ph\u1ea9m","item":"https:\/\/dothoquynhanh.com\/?page_id=64"},{"@type":"ListItem","position":3,"name":"\u0110\u00e8n Led trang tr\u00ed b\u00e0n th\u1edd Ph\u1eadt gi\u00e1o"}]},{"@type":"WebSite","@id":"https:\/\/dothoquynhanh.com\/#website","url":"https:\/\/dothoquynhanh.com\/","name":"dothoquynhanh","description":"\u0110\u1ed2 TH\u1edc PHONG TH\u1ee6Y CAO C\u1ea4P QU\u1ef2NH ANH","publisher":{"@id":"https:\/\/dothoquynhanh.com\/#\/schema\/person\/9a6a0bff9151168cc437e710214dc286"},"potentialAction":[{"@type":"SearchAction","target":{"@type":"EntryPoint","urlTemplate":"https:\/\/dothoquynhanh.com\/?s={search_term_string}"},"query-input":{"@type":"PropertyValueSpecification","valueRequired":true,"valueName":"search_term_string"}}],"inLanguage":"vi"},{"@type":["Person","Organization"],"@id":"https:\/\/dothoquynhanh.com\/#\/schema\/person\/9a6a0bff9151168cc437e710214dc286","name":"Qu\u1ef3nh Anh","image":{"@type":"ImageObject","inLanguage":"vi","@id":"https:\/\/secure.gravatar.com\/avatar\/a86689d41574456e4a65d69a1f70c64ef3172d5d71e939217b478f5347cec268?s=96&d=mm&r=g","url":"https:\/\/secure.gravatar.com\/avatar\/a86689d41574456e4a65d69a1f70c64ef3172d5d71e939217b478f5347cec268?s=96&d=mm&r=g","contentUrl":"https:\/\/secure.gravatar.com\/avatar\/a86689d41574456e4a65d69a1f70c64ef3172d5d71e939217b478f5347cec268?s=96&d=mm&r=g","caption":"Qu\u1ef3nh Anh"},"logo":{"@id":"https:\/\/secure.gravatar.com\/avatar\/a86689d41574456e4a65d69a1f70c64ef3172d5d71e939217b478f5347cec268?s=96&d=mm&r=g"},"sameAs":["https:\/\/dothoquynhanh.com","admin"]}]}},"_links":{"self":[{"href":"https:\/\/dothoquynhanh.com\/index.php?rest_route=\/wp\/v2\/product\/4636","targetHints":{"allow":["GET"]}}],"collection":[{"href":"https:\/\/dothoquynhanh.com\/index.php?rest_route=\/wp\/v2\/product"}],"about":[{"href":"https:\/\/dothoquynhanh.com\/index.php?rest_route=\/wp\/v2\/types\/product"}],"replies":[{"embeddable":true,"href":"https:\/\/dothoquynhanh.com\/index.php?rest_route=%2Fwp%2Fv2%2Fcomments&post=4636"}],"wp:featuredmedia":[{"embeddable":true,"href":"https:\/\/dothoquynhanh.com\/index.php?rest_route=\/wp\/v2\/media\/4645"}],"wp:attachment":[{"href":"https:\/\/dothoquynhanh.com\/index.php?rest_route=%2Fwp%2Fv2%2Fmedia&parent=4636"}],"wp:term":[{"taxonomy":"product_brand","embeddable":true,"href":"https:\/\/dothoquynhanh.com\/index.php?rest_route=%2Fwp%2Fv2%2Fproduct_brand&post=4636"},{"taxonomy":"product_cat","embeddable":true,"href":"https:\/\/dothoquynhanh.com\/index.php?rest_route=%2Fwp%2Fv2%2Fproduct_cat&post=4636"},{"taxonomy":"product_tag","embeddable":true,"href":"https:\/\/dothoquynhanh.com\/index.php?rest_route=%2Fwp%2Fv2%2Fproduct_tag&post=4636"}],"curies":[{"name":"wp","href":"https:\/\/api.w.org\/{rel}","templated":true}]}}