{"id":4069,"date":"2021-03-04T10:37:48","date_gmt":"2021-03-04T10:37:48","guid":{"rendered":"https:\/\/dothoquynhanh.com\/?post_type=product&#038;p=4069"},"modified":"2023-12-04T12:56:40","modified_gmt":"2023-12-04T12:56:40","slug":"tranh-lua-treo-hinh-lao-tu-kich-thuoc-100x30cm","status":"publish","type":"product","link":"https:\/\/dothoquynhanh.com\/?product=tranh-lua-treo-hinh-lao-tu-kich-thuoc-100x30cm","title":{"rendered":"Tranh L\u1ee5a Treo H\u00ecnh L\u00e3o T\u1eed, K\u00edch Th\u01b0\u1edbc 100x30cm"},"content":{"rendered":"<p><img loading=\"lazy\" decoding=\"async\" class=\"alignnone size-medium wp-image-4070\" src=\"http:\/\/dothoquynhanh.com\/wp-content\/uploads\/2021\/03\/TLLT--400x400.jpg\" alt=\"\" width=\"400\" height=\"400\" srcset=\"https:\/\/dothoquynhanh.com\/wp-content\/uploads\/2021\/03\/TLLT--400x400.jpg 400w, https:\/\/dothoquynhanh.com\/wp-content\/uploads\/2021\/03\/TLLT--280x280.jpg 280w, https:\/\/dothoquynhanh.com\/wp-content\/uploads\/2021\/03\/TLLT--768x768.jpg 768w, https:\/\/dothoquynhanh.com\/wp-content\/uploads\/2021\/03\/TLLT--510x510.jpg 510w, https:\/\/dothoquynhanh.com\/wp-content\/uploads\/2021\/03\/TLLT--100x100.jpg 100w, https:\/\/dothoquynhanh.com\/wp-content\/uploads\/2021\/03\/TLLT-.jpg 800w\" sizes=\"auto, (max-width: 400px) 100vw, 400px\" \/><\/p>\n","protected":false},"excerpt":{"rendered":"<p><strong>Gi\u1edd m\u1edf c\u1eeda Showroom: 8h45 \u2013 18h00 h\u00e0ng ng\u00e0y- \u0110\u1eb7t h\u00e0ng online 24\/7<\/strong><br \/>\n<strong>100% an t\u00e2m khi mua h\u00e0ng t\u1ea1i \u0111\u1ed3 th\u1edd Qu\u1ef3nh Anh:<\/strong><\/p>\n<p><img loading=\"lazy\" decoding=\"async\" class=\"alignnone wp-image-12169\" src=\"https:\/\/phapduyen.com\/wp-content\/uploads\/2017\/04\/check-IMN.png\" alt=\"\" width=\"16\" height=\"15\" \/>\u00a0Giao h\u00e0ng t\u1eadn nh\u00e0<br \/>\n<img loading=\"lazy\" decoding=\"async\" class=\"alignnone wp-image-12169\" src=\"https:\/\/phapduyen.com\/wp-content\/uploads\/2017\/04\/check-IMN.png\" alt=\"\" width=\"16\" height=\"15\" \/>\u00a0Ki\u1ec3m tra s\u1ea3n ph\u1ea9m tr\u01b0\u1edbc khi thanh to\u00e1n<br \/>\n<img loading=\"lazy\" decoding=\"async\" class=\"alignnone wp-image-12169\" src=\"https:\/\/phapduyen.com\/wp-content\/uploads\/2017\/04\/check-IMN.png\" alt=\"\" width=\"16\" height=\"15\" \/>\u00a0\u01afu ti\u00ean gi\u00e1 t\u1ed1t khi mua v\u1ec1 cho \u0110\u1ea1o Tr\u00e0ng ho\u1eb7c Ch\u00f9a<br \/>\n<img loading=\"lazy\" decoding=\"async\" class=\"alignnone wp-image-12169\" src=\"https:\/\/phapduyen.com\/wp-content\/uploads\/2017\/04\/check-IMN.png\" alt=\"\" width=\"16\" height=\"15\" \/>\u00a0Nh\u1eadn \u0111\u1eb7t s\u1ea3n ph\u1ea9m ri\u00eang theo y\u00eau c\u1ea7u.<\/p>\n<p>T\u01b0 v\u1ea5n nhanh, m\u1eddi Qu\u00fd Kh\u00e1ch li\u00ean h\u1ec7:<\/p>\n<p><strong>Hotline \/ Zalo:<\/strong>\u00a00988.870.000 | 0948.301.277 | 0963.483.436<\/p>\n","protected":false},"featured_media":4070,"comment_status":"open","ping_status":"closed","template":"","meta":[],"product_brand":[],"product_cat":[596],"product_tag":[],"class_list":{"0":"post-4069","1":"product","2":"type-product","3":"status-publish","4":"has-post-thumbnail","6":"product_cat-tranh-thanh-nhan-loi-hay-y-dep","8":"first","9":"instock","10":"sale","11":"shipping-taxable","12":"purchasable","13":"product-type-simple"},"yoast_head":"<!-- This site is optimized with the Yoast SEO plugin v27.5 - https:\/\/yoast.com\/product\/yoast-seo-wordpress\/ -->\n<title>Tranh L\u1ee5a Treo H\u00ecnh L\u00e3o T\u1eed, K\u00edch Th\u01b0\u1edbc 100x30cm - dothoquynhanh<\/title>\n<meta name=\"robots\" content=\"index, follow, max-snippet:-1, max-image-preview:large, max-video-preview:-1\" \/>\n<link rel=\"canonical\" href=\"https:\/\/dothoquynhanh.com\/?product=tranh-lua-treo-hinh-lao-tu-kich-thuoc-100x30cm\" \/>\n<meta property=\"og:locale\" content=\"vi_VN\" \/>\n<meta property=\"og:type\" content=\"article\" \/>\n<meta property=\"og:title\" content=\"Tranh L\u1ee5a Treo H\u00ecnh L\u00e3o T\u1eed, K\u00edch Th\u01b0\u1edbc 100x30cm - dothoquynhanh\" \/>\n<meta property=\"og:description\" content=\"Gi\u1edd m\u1edf c\u1eeda Showroom: 8h45 \u2013 18h00 h\u00e0ng ng\u00e0y- \u0110\u1eb7t h\u00e0ng online 24\/7 100% an t\u00e2m khi mua h\u00e0ng t\u1ea1i \u0111\u1ed3 th\u1edd Qu\u1ef3nh Anh:  \u00a0Giao h\u00e0ng t\u1eadn nh\u00e0 \u00a0Ki\u1ec3m tra s\u1ea3n ph\u1ea9m tr\u01b0\u1edbc khi thanh to\u00e1n \u00a0\u01afu ti\u00ean gi\u00e1 t\u1ed1t khi mua v\u1ec1 cho \u0110\u1ea1o Tr\u00e0ng ho\u1eb7c Ch\u00f9a \u00a0Nh\u1eadn \u0111\u1eb7t s\u1ea3n ph\u1ea9m ri\u00eang theo y\u00eau c\u1ea7u.  T\u01b0 v\u1ea5n nhanh, m\u1eddi Qu\u00fd Kh\u00e1ch li\u00ean h\u1ec7:  Hotline \/ Zalo:\u00a00988.870.000 | 0948.301.277 | 0963.483.436\" \/>\n<meta property=\"og:url\" content=\"https:\/\/dothoquynhanh.com\/?product=tranh-lua-treo-hinh-lao-tu-kich-thuoc-100x30cm\" \/>\n<meta property=\"og:site_name\" content=\"dothoquynhanh\" \/>\n<meta property=\"article:modified_time\" content=\"2023-12-04T12:56:40+00:00\" \/>\n<meta property=\"og:image\" content=\"https:\/\/dothoquynhanh.com\/wp-content\/uploads\/2021\/03\/TLLT-.jpg\" \/>\n\t<meta property=\"og:image:width\" content=\"800\" \/>\n\t<meta property=\"og:image:height\" content=\"800\" \/>\n\t<meta property=\"og:image:type\" content=\"image\/jpeg\" \/>\n<meta name=\"twitter:card\" content=\"summary_large_image\" \/>\n<script type=\"application\/ld+json\" class=\"yoast-schema-graph\">{\"@context\":\"https:\\\/\\\/schema.org\",\"@graph\":[{\"@type\":\"WebPage\",\"@id\":\"https:\\\/\\\/dothoquynhanh.com\\\/?product=tranh-lua-treo-hinh-lao-tu-kich-thuoc-100x30cm\",\"url\":\"https:\\\/\\\/dothoquynhanh.com\\\/?product=tranh-lua-treo-hinh-lao-tu-kich-thuoc-100x30cm\",\"name\":\"Tranh L\u1ee5a Treo H\u00ecnh L\u00e3o T\u1eed, K\u00edch Th\u01b0\u1edbc 100x30cm - dothoquynhanh\",\"isPartOf\":{\"@id\":\"https:\\\/\\\/dothoquynhanh.com\\\/#website\"},\"primaryImageOfPage\":{\"@id\":\"https:\\\/\\\/dothoquynhanh.com\\\/?product=tranh-lua-treo-hinh-lao-tu-kich-thuoc-100x30cm#primaryimage\"},\"image\":{\"@id\":\"https:\\\/\\\/dothoquynhanh.com\\\/?product=tranh-lua-treo-hinh-lao-tu-kich-thuoc-100x30cm#primaryimage\"},\"thumbnailUrl\":\"https:\\\/\\\/dothoquynhanh.com\\\/wp-content\\\/uploads\\\/2021\\\/03\\\/TLLT-.jpg\",\"datePublished\":\"2021-03-04T10:37:48+00:00\",\"dateModified\":\"2023-12-04T12:56:40+00:00\",\"breadcrumb\":{\"@id\":\"https:\\\/\\\/dothoquynhanh.com\\\/?product=tranh-lua-treo-hinh-lao-tu-kich-thuoc-100x30cm#breadcrumb\"},\"inLanguage\":\"vi\",\"potentialAction\":[{\"@type\":\"ReadAction\",\"target\":[\"https:\\\/\\\/dothoquynhanh.com\\\/?product=tranh-lua-treo-hinh-lao-tu-kich-thuoc-100x30cm\"]}]},{\"@type\":\"ImageObject\",\"inLanguage\":\"vi\",\"@id\":\"https:\\\/\\\/dothoquynhanh.com\\\/?product=tranh-lua-treo-hinh-lao-tu-kich-thuoc-100x30cm#primaryimage\",\"url\":\"https:\\\/\\\/dothoquynhanh.com\\\/wp-content\\\/uploads\\\/2021\\\/03\\\/TLLT-.jpg\",\"contentUrl\":\"https:\\\/\\\/dothoquynhanh.com\\\/wp-content\\\/uploads\\\/2021\\\/03\\\/TLLT-.jpg\",\"width\":800,\"height\":800},{\"@type\":\"BreadcrumbList\",\"@id\":\"https:\\\/\\\/dothoquynhanh.com\\\/?product=tranh-lua-treo-hinh-lao-tu-kich-thuoc-100x30cm#breadcrumb\",\"itemListElement\":[{\"@type\":\"ListItem\",\"position\":1,\"name\":\"Trang ch\u1ee7\",\"item\":\"https:\\\/\\\/dothoquynhanh.com\\\/\"},{\"@type\":\"ListItem\",\"position\":2,\"name\":\"S\u1ea3n ph\u1ea9m\",\"item\":\"https:\\\/\\\/dothoquynhanh.com\\\/?page_id=64\"},{\"@type\":\"ListItem\",\"position\":3,\"name\":\"Tranh L\u1ee5a Treo H\u00ecnh L\u00e3o T\u1eed, K\u00edch Th\u01b0\u1edbc 100x30cm\"}]},{\"@type\":\"WebSite\",\"@id\":\"https:\\\/\\\/dothoquynhanh.com\\\/#website\",\"url\":\"https:\\\/\\\/dothoquynhanh.com\\\/\",\"name\":\"dothoquynhanh\",\"description\":\"\u0110\u1ed2 TH\u1edc PHONG TH\u1ee6Y CAO C\u1ea4P QU\u1ef2NH ANH\",\"publisher\":{\"@id\":\"https:\\\/\\\/dothoquynhanh.com\\\/#\\\/schema\\\/person\\\/9a6a0bff9151168cc437e710214dc286\"},\"potentialAction\":[{\"@type\":\"SearchAction\",\"target\":{\"@type\":\"EntryPoint\",\"urlTemplate\":\"https:\\\/\\\/dothoquynhanh.com\\\/?s={search_term_string}\"},\"query-input\":{\"@type\":\"PropertyValueSpecification\",\"valueRequired\":true,\"valueName\":\"search_term_string\"}}],\"inLanguage\":\"vi\"},{\"@type\":[\"Person\",\"Organization\"],\"@id\":\"https:\\\/\\\/dothoquynhanh.com\\\/#\\\/schema\\\/person\\\/9a6a0bff9151168cc437e710214dc286\",\"name\":\"Qu\u1ef3nh Anh\",\"image\":{\"@type\":\"ImageObject\",\"inLanguage\":\"vi\",\"@id\":\"https:\\\/\\\/secure.gravatar.com\\\/avatar\\\/a86689d41574456e4a65d69a1f70c64ef3172d5d71e939217b478f5347cec268?s=96&d=mm&r=g\",\"url\":\"https:\\\/\\\/secure.gravatar.com\\\/avatar\\\/a86689d41574456e4a65d69a1f70c64ef3172d5d71e939217b478f5347cec268?s=96&d=mm&r=g\",\"contentUrl\":\"https:\\\/\\\/secure.gravatar.com\\\/avatar\\\/a86689d41574456e4a65d69a1f70c64ef3172d5d71e939217b478f5347cec268?s=96&d=mm&r=g\",\"caption\":\"Qu\u1ef3nh Anh\"},\"logo\":{\"@id\":\"https:\\\/\\\/secure.gravatar.com\\\/avatar\\\/a86689d41574456e4a65d69a1f70c64ef3172d5d71e939217b478f5347cec268?s=96&d=mm&r=g\"},\"sameAs\":[\"https:\\\/\\\/dothoquynhanh.com\",\"admin\"]}]}<\/script>\n<!-- \/ Yoast SEO plugin. -->","yoast_head_json":{"title":"Tranh L\u1ee5a Treo H\u00ecnh L\u00e3o T\u1eed, K\u00edch Th\u01b0\u1edbc 100x30cm - dothoquynhanh","robots":{"index":"index","follow":"follow","max-snippet":"max-snippet:-1","max-image-preview":"max-image-preview:large","max-video-preview":"max-video-preview:-1"},"canonical":"https:\/\/dothoquynhanh.com\/?product=tranh-lua-treo-hinh-lao-tu-kich-thuoc-100x30cm","og_locale":"vi_VN","og_type":"article","og_title":"Tranh L\u1ee5a Treo H\u00ecnh L\u00e3o T\u1eed, K\u00edch Th\u01b0\u1edbc 100x30cm - dothoquynhanh","og_description":"Gi\u1edd m\u1edf c\u1eeda Showroom: 8h45 \u2013 18h00 h\u00e0ng ng\u00e0y- \u0110\u1eb7t h\u00e0ng online 24\/7 100% an t\u00e2m khi mua h\u00e0ng t\u1ea1i \u0111\u1ed3 th\u1edd Qu\u1ef3nh Anh:  \u00a0Giao h\u00e0ng t\u1eadn nh\u00e0 \u00a0Ki\u1ec3m tra s\u1ea3n ph\u1ea9m tr\u01b0\u1edbc khi thanh to\u00e1n \u00a0\u01afu ti\u00ean gi\u00e1 t\u1ed1t khi mua v\u1ec1 cho \u0110\u1ea1o Tr\u00e0ng ho\u1eb7c Ch\u00f9a \u00a0Nh\u1eadn \u0111\u1eb7t s\u1ea3n ph\u1ea9m ri\u00eang theo y\u00eau c\u1ea7u.  T\u01b0 v\u1ea5n nhanh, m\u1eddi Qu\u00fd Kh\u00e1ch li\u00ean h\u1ec7:  Hotline \/ Zalo:\u00a00988.870.000 | 0948.301.277 | 0963.483.436","og_url":"https:\/\/dothoquynhanh.com\/?product=tranh-lua-treo-hinh-lao-tu-kich-thuoc-100x30cm","og_site_name":"dothoquynhanh","article_modified_time":"2023-12-04T12:56:40+00:00","og_image":[{"width":800,"height":800,"url":"https:\/\/dothoquynhanh.com\/wp-content\/uploads\/2021\/03\/TLLT-.jpg","type":"image\/jpeg"}],"twitter_card":"summary_large_image","schema":{"@context":"https:\/\/schema.org","@graph":[{"@type":"WebPage","@id":"https:\/\/dothoquynhanh.com\/?product=tranh-lua-treo-hinh-lao-tu-kich-thuoc-100x30cm","url":"https:\/\/dothoquynhanh.com\/?product=tranh-lua-treo-hinh-lao-tu-kich-thuoc-100x30cm","name":"Tranh L\u1ee5a Treo H\u00ecnh L\u00e3o T\u1eed, K\u00edch Th\u01b0\u1edbc 100x30cm - dothoquynhanh","isPartOf":{"@id":"https:\/\/dothoquynhanh.com\/#website"},"primaryImageOfPage":{"@id":"https:\/\/dothoquynhanh.com\/?product=tranh-lua-treo-hinh-lao-tu-kich-thuoc-100x30cm#primaryimage"},"image":{"@id":"https:\/\/dothoquynhanh.com\/?product=tranh-lua-treo-hinh-lao-tu-kich-thuoc-100x30cm#primaryimage"},"thumbnailUrl":"https:\/\/dothoquynhanh.com\/wp-content\/uploads\/2021\/03\/TLLT-.jpg","datePublished":"2021-03-04T10:37:48+00:00","dateModified":"2023-12-04T12:56:40+00:00","breadcrumb":{"@id":"https:\/\/dothoquynhanh.com\/?product=tranh-lua-treo-hinh-lao-tu-kich-thuoc-100x30cm#breadcrumb"},"inLanguage":"vi","potentialAction":[{"@type":"ReadAction","target":["https:\/\/dothoquynhanh.com\/?product=tranh-lua-treo-hinh-lao-tu-kich-thuoc-100x30cm"]}]},{"@type":"ImageObject","inLanguage":"vi","@id":"https:\/\/dothoquynhanh.com\/?product=tranh-lua-treo-hinh-lao-tu-kich-thuoc-100x30cm#primaryimage","url":"https:\/\/dothoquynhanh.com\/wp-content\/uploads\/2021\/03\/TLLT-.jpg","contentUrl":"https:\/\/dothoquynhanh.com\/wp-content\/uploads\/2021\/03\/TLLT-.jpg","width":800,"height":800},{"@type":"BreadcrumbList","@id":"https:\/\/dothoquynhanh.com\/?product=tranh-lua-treo-hinh-lao-tu-kich-thuoc-100x30cm#breadcrumb","itemListElement":[{"@type":"ListItem","position":1,"name":"Trang ch\u1ee7","item":"https:\/\/dothoquynhanh.com\/"},{"@type":"ListItem","position":2,"name":"S\u1ea3n ph\u1ea9m","item":"https:\/\/dothoquynhanh.com\/?page_id=64"},{"@type":"ListItem","position":3,"name":"Tranh L\u1ee5a Treo H\u00ecnh L\u00e3o T\u1eed, K\u00edch Th\u01b0\u1edbc 100x30cm"}]},{"@type":"WebSite","@id":"https:\/\/dothoquynhanh.com\/#website","url":"https:\/\/dothoquynhanh.com\/","name":"dothoquynhanh","description":"\u0110\u1ed2 TH\u1edc PHONG TH\u1ee6Y CAO C\u1ea4P QU\u1ef2NH ANH","publisher":{"@id":"https:\/\/dothoquynhanh.com\/#\/schema\/person\/9a6a0bff9151168cc437e710214dc286"},"potentialAction":[{"@type":"SearchAction","target":{"@type":"EntryPoint","urlTemplate":"https:\/\/dothoquynhanh.com\/?s={search_term_string}"},"query-input":{"@type":"PropertyValueSpecification","valueRequired":true,"valueName":"search_term_string"}}],"inLanguage":"vi"},{"@type":["Person","Organization"],"@id":"https:\/\/dothoquynhanh.com\/#\/schema\/person\/9a6a0bff9151168cc437e710214dc286","name":"Qu\u1ef3nh Anh","image":{"@type":"ImageObject","inLanguage":"vi","@id":"https:\/\/secure.gravatar.com\/avatar\/a86689d41574456e4a65d69a1f70c64ef3172d5d71e939217b478f5347cec268?s=96&d=mm&r=g","url":"https:\/\/secure.gravatar.com\/avatar\/a86689d41574456e4a65d69a1f70c64ef3172d5d71e939217b478f5347cec268?s=96&d=mm&r=g","contentUrl":"https:\/\/secure.gravatar.com\/avatar\/a86689d41574456e4a65d69a1f70c64ef3172d5d71e939217b478f5347cec268?s=96&d=mm&r=g","caption":"Qu\u1ef3nh Anh"},"logo":{"@id":"https:\/\/secure.gravatar.com\/avatar\/a86689d41574456e4a65d69a1f70c64ef3172d5d71e939217b478f5347cec268?s=96&d=mm&r=g"},"sameAs":["https:\/\/dothoquynhanh.com","admin"]}]}},"_links":{"self":[{"href":"https:\/\/dothoquynhanh.com\/index.php?rest_route=\/wp\/v2\/product\/4069","targetHints":{"allow":["GET"]}}],"collection":[{"href":"https:\/\/dothoquynhanh.com\/index.php?rest_route=\/wp\/v2\/product"}],"about":[{"href":"https:\/\/dothoquynhanh.com\/index.php?rest_route=\/wp\/v2\/types\/product"}],"replies":[{"embeddable":true,"href":"https:\/\/dothoquynhanh.com\/index.php?rest_route=%2Fwp%2Fv2%2Fcomments&post=4069"}],"wp:featuredmedia":[{"embeddable":true,"href":"https:\/\/dothoquynhanh.com\/index.php?rest_route=\/wp\/v2\/media\/4070"}],"wp:attachment":[{"href":"https:\/\/dothoquynhanh.com\/index.php?rest_route=%2Fwp%2Fv2%2Fmedia&parent=4069"}],"wp:term":[{"taxonomy":"product_brand","embeddable":true,"href":"https:\/\/dothoquynhanh.com\/index.php?rest_route=%2Fwp%2Fv2%2Fproduct_brand&post=4069"},{"taxonomy":"product_cat","embeddable":true,"href":"https:\/\/dothoquynhanh.com\/index.php?rest_route=%2Fwp%2Fv2%2Fproduct_cat&post=4069"},{"taxonomy":"product_tag","embeddable":true,"href":"https:\/\/dothoquynhanh.com\/index.php?rest_route=%2Fwp%2Fv2%2Fproduct_tag&post=4069"}],"curies":[{"name":"wp","href":"https:\/\/api.w.org\/{rel}","templated":true}]}}