{"id":3731,"date":"2021-03-02T15:21:31","date_gmt":"2021-03-02T15:21:31","guid":{"rendered":"https:\/\/dothoquynhanh.com\/?post_type=product&#038;p=3731"},"modified":"2021-04-07T07:50:29","modified_gmt":"2021-04-07T07:50:29","slug":"tuong-dan-sinh-chat-lieu-composite-cao-65cm","status":"publish","type":"product","link":"https:\/\/dothoquynhanh.com\/?product=tuong-dan-sinh-chat-lieu-composite-cao-65cm","title":{"rendered":"T\u01b0\u1ee3ng \u0110\u1ea3n Sinh Ch\u1ea5t Li\u1ec7u Composite, Cao 65cm"},"content":{"rendered":"<p><img loading=\"lazy\" decoding=\"async\" class=\"alignnone size-medium wp-image-3732\" src=\"http:\/\/dothoquynhanh.com\/wp-content\/uploads\/2021\/03\/image-1-5-400x400.jpg\" alt=\"\" width=\"400\" height=\"400\" srcset=\"https:\/\/dothoquynhanh.com\/wp-content\/uploads\/2021\/03\/image-1-5-400x400.jpg 400w, https:\/\/dothoquynhanh.com\/wp-content\/uploads\/2021\/03\/image-1-5-280x280.jpg 280w, https:\/\/dothoquynhanh.com\/wp-content\/uploads\/2021\/03\/image-1-5-510x510.jpg 510w, https:\/\/dothoquynhanh.com\/wp-content\/uploads\/2021\/03\/image-1-5-100x100.jpg 100w, https:\/\/dothoquynhanh.com\/wp-content\/uploads\/2021\/03\/image-1-5.jpg 600w\" sizes=\"auto, (max-width: 400px) 100vw, 400px\" \/> <img loading=\"lazy\" decoding=\"async\" class=\"alignnone size-medium wp-image-3733\" src=\"http:\/\/dothoquynhanh.com\/wp-content\/uploads\/2021\/03\/image-2-5-400x400.jpg\" alt=\"\" width=\"400\" height=\"400\" srcset=\"https:\/\/dothoquynhanh.com\/wp-content\/uploads\/2021\/03\/image-2-5-400x400.jpg 400w, https:\/\/dothoquynhanh.com\/wp-content\/uploads\/2021\/03\/image-2-5-280x280.jpg 280w, https:\/\/dothoquynhanh.com\/wp-content\/uploads\/2021\/03\/image-2-5-510x510.jpg 510w, https:\/\/dothoquynhanh.com\/wp-content\/uploads\/2021\/03\/image-2-5-100x100.jpg 100w, https:\/\/dothoquynhanh.com\/wp-content\/uploads\/2021\/03\/image-2-5.jpg 600w\" sizes=\"auto, (max-width: 400px) 100vw, 400px\" \/> <img loading=\"lazy\" decoding=\"async\" class=\"alignnone size-medium wp-image-3734\" src=\"http:\/\/dothoquynhanh.com\/wp-content\/uploads\/2021\/03\/image-3-5-400x400.jpg\" alt=\"\" width=\"400\" height=\"400\" srcset=\"https:\/\/dothoquynhanh.com\/wp-content\/uploads\/2021\/03\/image-3-5-400x400.jpg 400w, https:\/\/dothoquynhanh.com\/wp-content\/uploads\/2021\/03\/image-3-5-280x280.jpg 280w, https:\/\/dothoquynhanh.com\/wp-content\/uploads\/2021\/03\/image-3-5-510x510.jpg 510w, https:\/\/dothoquynhanh.com\/wp-content\/uploads\/2021\/03\/image-3-5-100x100.jpg 100w, https:\/\/dothoquynhanh.com\/wp-content\/uploads\/2021\/03\/image-3-5.jpg 600w\" sizes=\"auto, (max-width: 400px) 100vw, 400px\" \/> <img loading=\"lazy\" decoding=\"async\" class=\"alignnone size-medium wp-image-3735\" src=\"http:\/\/dothoquynhanh.com\/wp-content\/uploads\/2021\/03\/image-4-4-400x400.jpg\" alt=\"\" width=\"400\" height=\"400\" srcset=\"https:\/\/dothoquynhanh.com\/wp-content\/uploads\/2021\/03\/image-4-4-400x400.jpg 400w, https:\/\/dothoquynhanh.com\/wp-content\/uploads\/2021\/03\/image-4-4-280x280.jpg 280w, https:\/\/dothoquynhanh.com\/wp-content\/uploads\/2021\/03\/image-4-4-510x510.jpg 510w, https:\/\/dothoquynhanh.com\/wp-content\/uploads\/2021\/03\/image-4-4-100x100.jpg 100w, https:\/\/dothoquynhanh.com\/wp-content\/uploads\/2021\/03\/image-4-4.jpg 600w\" sizes=\"auto, (max-width: 400px) 100vw, 400px\" \/> <img loading=\"lazy\" decoding=\"async\" class=\"alignnone size-medium wp-image-3736\" src=\"http:\/\/dothoquynhanh.com\/wp-content\/uploads\/2021\/03\/image-15-400x400.jpg\" alt=\"\" width=\"400\" height=\"400\" srcset=\"https:\/\/dothoquynhanh.com\/wp-content\/uploads\/2021\/03\/image-15-400x400.jpg 400w, https:\/\/dothoquynhanh.com\/wp-content\/uploads\/2021\/03\/image-15-280x280.jpg 280w, https:\/\/dothoquynhanh.com\/wp-content\/uploads\/2021\/03\/image-15-510x510.jpg 510w, https:\/\/dothoquynhanh.com\/wp-content\/uploads\/2021\/03\/image-15-100x100.jpg 100w, https:\/\/dothoquynhanh.com\/wp-content\/uploads\/2021\/03\/image-15.jpg 600w\" sizes=\"auto, (max-width: 400px) 100vw, 400px\" \/> <img loading=\"lazy\" decoding=\"async\" class=\"alignnone size-medium wp-image-3737\" src=\"http:\/\/dothoquynhanh.com\/wp-content\/uploads\/2021\/03\/phat-sinh-400x400.jpg\" alt=\"\" width=\"400\" height=\"400\" srcset=\"https:\/\/dothoquynhanh.com\/wp-content\/uploads\/2021\/03\/phat-sinh-400x400.jpg 400w, https:\/\/dothoquynhanh.com\/wp-content\/uploads\/2021\/03\/phat-sinh-280x280.jpg 280w, https:\/\/dothoquynhanh.com\/wp-content\/uploads\/2021\/03\/phat-sinh-768x768.jpg 768w, https:\/\/dothoquynhanh.com\/wp-content\/uploads\/2021\/03\/phat-sinh-510x510.jpg 510w, https:\/\/dothoquynhanh.com\/wp-content\/uploads\/2021\/03\/phat-sinh-100x100.jpg 100w, https:\/\/dothoquynhanh.com\/wp-content\/uploads\/2021\/03\/phat-sinh.jpg 800w\" sizes=\"auto, (max-width: 400px) 100vw, 400px\" \/><\/p>\n","protected":false},"excerpt":{"rendered":"<p><strong>Gi\u1edd m\u1edf c\u1eeda Showroom: 8h45 \u2013 18h00 h\u00e0ng ng\u00e0y- \u0110\u1eb7t h\u00e0ng online 24\/7<\/strong><br \/>\n<strong>Mua h\u00e0ng t\u1ea1i \u0111\u1ed3 th\u1edd Qu\u1ef3nh Anh, qu\u00fd kh\u00e1ch s\u1ebd \u0111\u01b0\u1ee3c:<\/strong><\/p>\n<p><img loading=\"lazy\" decoding=\"async\" class=\"alignnone wp-image-12169\" src=\"https:\/\/phapduyen.com\/wp-content\/uploads\/2017\/04\/check-IMN.png\" alt=\"\" width=\"16\" height=\"15\" \/>\u00a0Giao h\u00e0ng t\u1eadn n\u01a1i to\u00e0n qu\u1ed1c<br \/>\n<img loading=\"lazy\" decoding=\"async\" class=\"alignnone wp-image-12169\" src=\"https:\/\/phapduyen.com\/wp-content\/uploads\/2017\/04\/check-IMN.png\" alt=\"\" width=\"16\" height=\"15\" \/>\u00a0Ki\u1ec3m tra h\u00e0ng, \u01b0ng \u00fd m\u1edbi thanh to\u00e1n<br \/>\n<img loading=\"lazy\" decoding=\"async\" class=\"alignnone wp-image-12169\" src=\"https:\/\/phapduyen.com\/wp-content\/uploads\/2017\/04\/check-IMN.png\" alt=\"\" width=\"16\" height=\"15\" \/>\u00a0\u01afu \u0111\u00e3i khi mua s\u1ed1 l\u01b0\u1ee3ng cho Ch\u00f9a, \u0110\u1ea1o tr\u00e0ng<br \/>\n<img loading=\"lazy\" decoding=\"async\" class=\"alignnone wp-image-12169\" src=\"https:\/\/phapduyen.com\/wp-content\/uploads\/2017\/04\/check-IMN.png\" alt=\"\" width=\"16\" height=\"15\" \/>\u00a0Nh\u1eadn \u0111\u1eb7t h\u00e0ng theo nhu c\u1ea7u ri\u00eang.<\/p>\n<p><strong>N\u1ebfu c\u1ea7n T\u01b0 v\u1ea5n ngay, qu\u00fd kh\u00e1ch vui l\u00f2ng g\u1ecdi:<\/strong><\/p>\n<p><strong>Hotline \/ Zalo:<\/strong>\u00a00988.870.000 | 0948.301.277 | 0963.483.436<\/p>\n","protected":false},"featured_media":3737,"comment_status":"open","ping_status":"closed","template":"","meta":[],"product_brand":[],"product_cat":[580],"product_tag":[],"class_list":{"0":"post-3731","1":"product","2":"type-product","3":"status-publish","4":"has-post-thumbnail","6":"product_cat-tuong-thich-ca-dan-sanh","8":"first","9":"instock","10":"shipping-taxable","11":"purchasable","12":"product-type-simple"},"yoast_head":"<!-- This site is optimized with the Yoast SEO plugin v27.5 - https:\/\/yoast.com\/product\/yoast-seo-wordpress\/ -->\n<title>T\u01b0\u1ee3ng \u0110\u1ea3n Sinh Ch\u1ea5t Li\u1ec7u Composite, Cao 65cm - dothoquynhanh<\/title>\n<meta name=\"robots\" content=\"index, follow, max-snippet:-1, max-image-preview:large, max-video-preview:-1\" \/>\n<link rel=\"canonical\" href=\"https:\/\/dothoquynhanh.com\/?product=tuong-dan-sinh-chat-lieu-composite-cao-65cm\" \/>\n<meta property=\"og:locale\" content=\"vi_VN\" \/>\n<meta property=\"og:type\" content=\"article\" \/>\n<meta property=\"og:title\" content=\"T\u01b0\u1ee3ng \u0110\u1ea3n Sinh Ch\u1ea5t Li\u1ec7u Composite, Cao 65cm - dothoquynhanh\" \/>\n<meta property=\"og:description\" content=\"Gi\u1edd m\u1edf c\u1eeda Showroom: 8h45 \u2013 18h00 h\u00e0ng ng\u00e0y- \u0110\u1eb7t h\u00e0ng online 24\/7 Mua h\u00e0ng t\u1ea1i \u0111\u1ed3 th\u1edd Qu\u1ef3nh Anh, qu\u00fd kh\u00e1ch s\u1ebd \u0111\u01b0\u1ee3c:  \u00a0Giao h\u00e0ng t\u1eadn n\u01a1i to\u00e0n qu\u1ed1c \u00a0Ki\u1ec3m tra h\u00e0ng, \u01b0ng \u00fd m\u1edbi thanh to\u00e1n \u00a0\u01afu \u0111\u00e3i khi mua s\u1ed1 l\u01b0\u1ee3ng cho Ch\u00f9a, \u0110\u1ea1o tr\u00e0ng \u00a0Nh\u1eadn \u0111\u1eb7t h\u00e0ng theo nhu c\u1ea7u ri\u00eang.  N\u1ebfu c\u1ea7n T\u01b0 v\u1ea5n ngay, qu\u00fd kh\u00e1ch vui l\u00f2ng g\u1ecdi:  Hotline \/ Zalo:\u00a00988.870.000 | 0948.301.277 | 0963.483.436\" \/>\n<meta property=\"og:url\" content=\"https:\/\/dothoquynhanh.com\/?product=tuong-dan-sinh-chat-lieu-composite-cao-65cm\" \/>\n<meta property=\"og:site_name\" content=\"dothoquynhanh\" \/>\n<meta property=\"article:modified_time\" content=\"2021-04-07T07:50:29+00:00\" \/>\n<meta property=\"og:image\" content=\"https:\/\/dothoquynhanh.com\/wp-content\/uploads\/2021\/03\/phat-sinh.jpg\" \/>\n\t<meta property=\"og:image:width\" content=\"800\" \/>\n\t<meta property=\"og:image:height\" content=\"800\" \/>\n\t<meta property=\"og:image:type\" content=\"image\/jpeg\" \/>\n<meta name=\"twitter:card\" content=\"summary_large_image\" \/>\n<script type=\"application\/ld+json\" class=\"yoast-schema-graph\">{\"@context\":\"https:\\\/\\\/schema.org\",\"@graph\":[{\"@type\":\"WebPage\",\"@id\":\"https:\\\/\\\/dothoquynhanh.com\\\/?product=tuong-dan-sinh-chat-lieu-composite-cao-65cm\",\"url\":\"https:\\\/\\\/dothoquynhanh.com\\\/?product=tuong-dan-sinh-chat-lieu-composite-cao-65cm\",\"name\":\"T\u01b0\u1ee3ng \u0110\u1ea3n Sinh Ch\u1ea5t Li\u1ec7u Composite, Cao 65cm - dothoquynhanh\",\"isPartOf\":{\"@id\":\"https:\\\/\\\/dothoquynhanh.com\\\/#website\"},\"primaryImageOfPage\":{\"@id\":\"https:\\\/\\\/dothoquynhanh.com\\\/?product=tuong-dan-sinh-chat-lieu-composite-cao-65cm#primaryimage\"},\"image\":{\"@id\":\"https:\\\/\\\/dothoquynhanh.com\\\/?product=tuong-dan-sinh-chat-lieu-composite-cao-65cm#primaryimage\"},\"thumbnailUrl\":\"https:\\\/\\\/dothoquynhanh.com\\\/wp-content\\\/uploads\\\/2021\\\/03\\\/phat-sinh.jpg\",\"datePublished\":\"2021-03-02T15:21:31+00:00\",\"dateModified\":\"2021-04-07T07:50:29+00:00\",\"breadcrumb\":{\"@id\":\"https:\\\/\\\/dothoquynhanh.com\\\/?product=tuong-dan-sinh-chat-lieu-composite-cao-65cm#breadcrumb\"},\"inLanguage\":\"vi\",\"potentialAction\":[{\"@type\":\"ReadAction\",\"target\":[\"https:\\\/\\\/dothoquynhanh.com\\\/?product=tuong-dan-sinh-chat-lieu-composite-cao-65cm\"]}]},{\"@type\":\"ImageObject\",\"inLanguage\":\"vi\",\"@id\":\"https:\\\/\\\/dothoquynhanh.com\\\/?product=tuong-dan-sinh-chat-lieu-composite-cao-65cm#primaryimage\",\"url\":\"https:\\\/\\\/dothoquynhanh.com\\\/wp-content\\\/uploads\\\/2021\\\/03\\\/phat-sinh.jpg\",\"contentUrl\":\"https:\\\/\\\/dothoquynhanh.com\\\/wp-content\\\/uploads\\\/2021\\\/03\\\/phat-sinh.jpg\",\"width\":800,\"height\":800},{\"@type\":\"BreadcrumbList\",\"@id\":\"https:\\\/\\\/dothoquynhanh.com\\\/?product=tuong-dan-sinh-chat-lieu-composite-cao-65cm#breadcrumb\",\"itemListElement\":[{\"@type\":\"ListItem\",\"position\":1,\"name\":\"Trang ch\u1ee7\",\"item\":\"https:\\\/\\\/dothoquynhanh.com\\\/\"},{\"@type\":\"ListItem\",\"position\":2,\"name\":\"S\u1ea3n ph\u1ea9m\",\"item\":\"https:\\\/\\\/dothoquynhanh.com\\\/?page_id=64\"},{\"@type\":\"ListItem\",\"position\":3,\"name\":\"T\u01b0\u1ee3ng \u0110\u1ea3n Sinh Ch\u1ea5t Li\u1ec7u Composite, Cao 65cm\"}]},{\"@type\":\"WebSite\",\"@id\":\"https:\\\/\\\/dothoquynhanh.com\\\/#website\",\"url\":\"https:\\\/\\\/dothoquynhanh.com\\\/\",\"name\":\"dothoquynhanh\",\"description\":\"\u0110\u1ed2 TH\u1edc PHONG TH\u1ee6Y CAO C\u1ea4P QU\u1ef2NH ANH\",\"publisher\":{\"@id\":\"https:\\\/\\\/dothoquynhanh.com\\\/#\\\/schema\\\/person\\\/9a6a0bff9151168cc437e710214dc286\"},\"potentialAction\":[{\"@type\":\"SearchAction\",\"target\":{\"@type\":\"EntryPoint\",\"urlTemplate\":\"https:\\\/\\\/dothoquynhanh.com\\\/?s={search_term_string}\"},\"query-input\":{\"@type\":\"PropertyValueSpecification\",\"valueRequired\":true,\"valueName\":\"search_term_string\"}}],\"inLanguage\":\"vi\"},{\"@type\":[\"Person\",\"Organization\"],\"@id\":\"https:\\\/\\\/dothoquynhanh.com\\\/#\\\/schema\\\/person\\\/9a6a0bff9151168cc437e710214dc286\",\"name\":\"Qu\u1ef3nh Anh\",\"image\":{\"@type\":\"ImageObject\",\"inLanguage\":\"vi\",\"@id\":\"https:\\\/\\\/secure.gravatar.com\\\/avatar\\\/a86689d41574456e4a65d69a1f70c64ef3172d5d71e939217b478f5347cec268?s=96&d=mm&r=g\",\"url\":\"https:\\\/\\\/secure.gravatar.com\\\/avatar\\\/a86689d41574456e4a65d69a1f70c64ef3172d5d71e939217b478f5347cec268?s=96&d=mm&r=g\",\"contentUrl\":\"https:\\\/\\\/secure.gravatar.com\\\/avatar\\\/a86689d41574456e4a65d69a1f70c64ef3172d5d71e939217b478f5347cec268?s=96&d=mm&r=g\",\"caption\":\"Qu\u1ef3nh Anh\"},\"logo\":{\"@id\":\"https:\\\/\\\/secure.gravatar.com\\\/avatar\\\/a86689d41574456e4a65d69a1f70c64ef3172d5d71e939217b478f5347cec268?s=96&d=mm&r=g\"},\"sameAs\":[\"https:\\\/\\\/dothoquynhanh.com\",\"admin\"]}]}<\/script>\n<!-- \/ Yoast SEO plugin. -->","yoast_head_json":{"title":"T\u01b0\u1ee3ng \u0110\u1ea3n Sinh Ch\u1ea5t Li\u1ec7u Composite, Cao 65cm - dothoquynhanh","robots":{"index":"index","follow":"follow","max-snippet":"max-snippet:-1","max-image-preview":"max-image-preview:large","max-video-preview":"max-video-preview:-1"},"canonical":"https:\/\/dothoquynhanh.com\/?product=tuong-dan-sinh-chat-lieu-composite-cao-65cm","og_locale":"vi_VN","og_type":"article","og_title":"T\u01b0\u1ee3ng \u0110\u1ea3n Sinh Ch\u1ea5t Li\u1ec7u Composite, Cao 65cm - dothoquynhanh","og_description":"Gi\u1edd m\u1edf c\u1eeda Showroom: 8h45 \u2013 18h00 h\u00e0ng ng\u00e0y- \u0110\u1eb7t h\u00e0ng online 24\/7 Mua h\u00e0ng t\u1ea1i \u0111\u1ed3 th\u1edd Qu\u1ef3nh Anh, qu\u00fd kh\u00e1ch s\u1ebd \u0111\u01b0\u1ee3c:  \u00a0Giao h\u00e0ng t\u1eadn n\u01a1i to\u00e0n qu\u1ed1c \u00a0Ki\u1ec3m tra h\u00e0ng, \u01b0ng \u00fd m\u1edbi thanh to\u00e1n \u00a0\u01afu \u0111\u00e3i khi mua s\u1ed1 l\u01b0\u1ee3ng cho Ch\u00f9a, \u0110\u1ea1o tr\u00e0ng \u00a0Nh\u1eadn \u0111\u1eb7t h\u00e0ng theo nhu c\u1ea7u ri\u00eang.  N\u1ebfu c\u1ea7n T\u01b0 v\u1ea5n ngay, qu\u00fd kh\u00e1ch vui l\u00f2ng g\u1ecdi:  Hotline \/ Zalo:\u00a00988.870.000 | 0948.301.277 | 0963.483.436","og_url":"https:\/\/dothoquynhanh.com\/?product=tuong-dan-sinh-chat-lieu-composite-cao-65cm","og_site_name":"dothoquynhanh","article_modified_time":"2021-04-07T07:50:29+00:00","og_image":[{"width":800,"height":800,"url":"https:\/\/dothoquynhanh.com\/wp-content\/uploads\/2021\/03\/phat-sinh.jpg","type":"image\/jpeg"}],"twitter_card":"summary_large_image","schema":{"@context":"https:\/\/schema.org","@graph":[{"@type":"WebPage","@id":"https:\/\/dothoquynhanh.com\/?product=tuong-dan-sinh-chat-lieu-composite-cao-65cm","url":"https:\/\/dothoquynhanh.com\/?product=tuong-dan-sinh-chat-lieu-composite-cao-65cm","name":"T\u01b0\u1ee3ng \u0110\u1ea3n Sinh Ch\u1ea5t Li\u1ec7u Composite, Cao 65cm - dothoquynhanh","isPartOf":{"@id":"https:\/\/dothoquynhanh.com\/#website"},"primaryImageOfPage":{"@id":"https:\/\/dothoquynhanh.com\/?product=tuong-dan-sinh-chat-lieu-composite-cao-65cm#primaryimage"},"image":{"@id":"https:\/\/dothoquynhanh.com\/?product=tuong-dan-sinh-chat-lieu-composite-cao-65cm#primaryimage"},"thumbnailUrl":"https:\/\/dothoquynhanh.com\/wp-content\/uploads\/2021\/03\/phat-sinh.jpg","datePublished":"2021-03-02T15:21:31+00:00","dateModified":"2021-04-07T07:50:29+00:00","breadcrumb":{"@id":"https:\/\/dothoquynhanh.com\/?product=tuong-dan-sinh-chat-lieu-composite-cao-65cm#breadcrumb"},"inLanguage":"vi","potentialAction":[{"@type":"ReadAction","target":["https:\/\/dothoquynhanh.com\/?product=tuong-dan-sinh-chat-lieu-composite-cao-65cm"]}]},{"@type":"ImageObject","inLanguage":"vi","@id":"https:\/\/dothoquynhanh.com\/?product=tuong-dan-sinh-chat-lieu-composite-cao-65cm#primaryimage","url":"https:\/\/dothoquynhanh.com\/wp-content\/uploads\/2021\/03\/phat-sinh.jpg","contentUrl":"https:\/\/dothoquynhanh.com\/wp-content\/uploads\/2021\/03\/phat-sinh.jpg","width":800,"height":800},{"@type":"BreadcrumbList","@id":"https:\/\/dothoquynhanh.com\/?product=tuong-dan-sinh-chat-lieu-composite-cao-65cm#breadcrumb","itemListElement":[{"@type":"ListItem","position":1,"name":"Trang ch\u1ee7","item":"https:\/\/dothoquynhanh.com\/"},{"@type":"ListItem","position":2,"name":"S\u1ea3n ph\u1ea9m","item":"https:\/\/dothoquynhanh.com\/?page_id=64"},{"@type":"ListItem","position":3,"name":"T\u01b0\u1ee3ng \u0110\u1ea3n Sinh Ch\u1ea5t Li\u1ec7u Composite, Cao 65cm"}]},{"@type":"WebSite","@id":"https:\/\/dothoquynhanh.com\/#website","url":"https:\/\/dothoquynhanh.com\/","name":"dothoquynhanh","description":"\u0110\u1ed2 TH\u1edc PHONG TH\u1ee6Y CAO C\u1ea4P QU\u1ef2NH ANH","publisher":{"@id":"https:\/\/dothoquynhanh.com\/#\/schema\/person\/9a6a0bff9151168cc437e710214dc286"},"potentialAction":[{"@type":"SearchAction","target":{"@type":"EntryPoint","urlTemplate":"https:\/\/dothoquynhanh.com\/?s={search_term_string}"},"query-input":{"@type":"PropertyValueSpecification","valueRequired":true,"valueName":"search_term_string"}}],"inLanguage":"vi"},{"@type":["Person","Organization"],"@id":"https:\/\/dothoquynhanh.com\/#\/schema\/person\/9a6a0bff9151168cc437e710214dc286","name":"Qu\u1ef3nh Anh","image":{"@type":"ImageObject","inLanguage":"vi","@id":"https:\/\/secure.gravatar.com\/avatar\/a86689d41574456e4a65d69a1f70c64ef3172d5d71e939217b478f5347cec268?s=96&d=mm&r=g","url":"https:\/\/secure.gravatar.com\/avatar\/a86689d41574456e4a65d69a1f70c64ef3172d5d71e939217b478f5347cec268?s=96&d=mm&r=g","contentUrl":"https:\/\/secure.gravatar.com\/avatar\/a86689d41574456e4a65d69a1f70c64ef3172d5d71e939217b478f5347cec268?s=96&d=mm&r=g","caption":"Qu\u1ef3nh Anh"},"logo":{"@id":"https:\/\/secure.gravatar.com\/avatar\/a86689d41574456e4a65d69a1f70c64ef3172d5d71e939217b478f5347cec268?s=96&d=mm&r=g"},"sameAs":["https:\/\/dothoquynhanh.com","admin"]}]}},"_links":{"self":[{"href":"https:\/\/dothoquynhanh.com\/index.php?rest_route=\/wp\/v2\/product\/3731","targetHints":{"allow":["GET"]}}],"collection":[{"href":"https:\/\/dothoquynhanh.com\/index.php?rest_route=\/wp\/v2\/product"}],"about":[{"href":"https:\/\/dothoquynhanh.com\/index.php?rest_route=\/wp\/v2\/types\/product"}],"replies":[{"embeddable":true,"href":"https:\/\/dothoquynhanh.com\/index.php?rest_route=%2Fwp%2Fv2%2Fcomments&post=3731"}],"wp:featuredmedia":[{"embeddable":true,"href":"https:\/\/dothoquynhanh.com\/index.php?rest_route=\/wp\/v2\/media\/3737"}],"wp:attachment":[{"href":"https:\/\/dothoquynhanh.com\/index.php?rest_route=%2Fwp%2Fv2%2Fmedia&parent=3731"}],"wp:term":[{"taxonomy":"product_brand","embeddable":true,"href":"https:\/\/dothoquynhanh.com\/index.php?rest_route=%2Fwp%2Fv2%2Fproduct_brand&post=3731"},{"taxonomy":"product_cat","embeddable":true,"href":"https:\/\/dothoquynhanh.com\/index.php?rest_route=%2Fwp%2Fv2%2Fproduct_cat&post=3731"},{"taxonomy":"product_tag","embeddable":true,"href":"https:\/\/dothoquynhanh.com\/index.php?rest_route=%2Fwp%2Fv2%2Fproduct_tag&post=3731"}],"curies":[{"name":"wp","href":"https:\/\/api.w.org\/{rel}","templated":true}]}}