{"id":3626,"date":"2021-01-13T04:18:19","date_gmt":"2021-01-13T04:18:19","guid":{"rendered":"https:\/\/dothoquynhanh.com\/?post_type=product&#038;p=3626"},"modified":"2021-01-13T04:18:20","modified_gmt":"2021-01-13T04:18:20","slug":"bo-so-tet","status":"publish","type":"product","link":"https:\/\/dothoquynhanh.com\/?product=bo-so-tet","title":{"rendered":"B\u1ed9 s\u1edb t\u1ebft"},"content":{"rendered":"<p>B\u1ed9 s\u1edb t\u1ebft g\u1ed3m 8 l\u00e1 s\u1edb t\u1eeb Ong C\u00f4ng \u0111\u1ebfn t\u1ea1 m\u1ed9 th\u00e1ng ri\u00eang .\u00dd ngh\u0129a b\u1ed9 s\u1edbt t\u1ebft cu\u1ed1i n\u0103m l\u00e0 c\u1ea3m \u01a1n ph\u1eadt th\u00e1nh c\u00e1c v\u1ecb Th\u1ea7n Gia Ti\u00ean \u0111\u00e3 ph\u00f9 h\u1ed9 m\u1ed9t n\u0103m c\u0169 \u0111\u00e3 qua n\u0103m m\u1edbi s\u1eafp \u0111\u1ebfn.<img loading=\"lazy\" decoding=\"async\" class=\"alignnone size-medium wp-image-3635\" src=\"http:\/\/dothoquynhanh.com\/wp-content\/uploads\/2021\/01\/13b1c3cfa1e151bf08f0-295x400.jpg\" alt=\"\" width=\"295\" height=\"400\" srcset=\"https:\/\/dothoquynhanh.com\/wp-content\/uploads\/2021\/01\/13b1c3cfa1e151bf08f0-295x400.jpg 295w, https:\/\/dothoquynhanh.com\/wp-content\/uploads\/2021\/01\/13b1c3cfa1e151bf08f0-590x800.jpg 590w, https:\/\/dothoquynhanh.com\/wp-content\/uploads\/2021\/01\/13b1c3cfa1e151bf08f0-510x692.jpg 510w, https:\/\/dothoquynhanh.com\/wp-content\/uploads\/2021\/01\/13b1c3cfa1e151bf08f0.jpg 708w\" sizes=\"auto, (max-width: 295px) 100vw, 295px\" \/><\/p>\n","protected":false},"excerpt":{"rendered":"<p>Ch\u1ed7 n\u00e0y l\u00e0 \u0111\u1ec3 ch\u1ecb vi\u1ebft n\u1ed9i dung m\u00f4 t\u1ea3 ng\u1eafn<\/p>\n","protected":false},"featured_media":3633,"comment_status":"open","ping_status":"closed","template":"","meta":[],"product_brand":[],"product_cat":[565],"product_tag":[],"class_list":{"0":"post-3626","1":"product","2":"type-product","3":"status-publish","4":"has-post-thumbnail","6":"product_cat-kinh-sach","8":"first","9":"instock","10":"sale","11":"shipping-taxable","12":"purchasable","13":"product-type-simple"},"yoast_head":"<!-- This site is optimized with the Yoast SEO plugin v27.6 - https:\/\/yoast.com\/product\/yoast-seo-wordpress\/ -->\n<title>B\u1ed9 s\u1edb t\u1ebft - dothoquynhanh<\/title>\n<meta name=\"description\" content=\"B\u1ed9 S\u1edb t\u1ebft g\u1ed3m 8 t\u1edd\" \/>\n<meta name=\"robots\" content=\"index, follow, max-snippet:-1, max-image-preview:large, max-video-preview:-1\" \/>\n<link rel=\"canonical\" href=\"https:\/\/dothoquynhanh.com\/?product=bo-so-tet\" \/>\n<meta property=\"og:locale\" content=\"vi_VN\" \/>\n<meta property=\"og:type\" content=\"article\" \/>\n<meta property=\"og:title\" content=\"B\u1ed9 s\u1edb t\u1ebft - dothoquynhanh\" \/>\n<meta property=\"og:description\" content=\"B\u1ed9 S\u1edb t\u1ebft g\u1ed3m 8 t\u1edd\" \/>\n<meta property=\"og:url\" content=\"https:\/\/dothoquynhanh.com\/?product=bo-so-tet\" \/>\n<meta property=\"og:site_name\" content=\"dothoquynhanh\" \/>\n<meta property=\"article:modified_time\" content=\"2021-01-13T04:18:20+00:00\" \/>\n<meta property=\"og:image\" content=\"https:\/\/dothoquynhanh.com\/wp-content\/uploads\/2021\/01\/z2276765268427_9de1503d929738fa4b72900787f77373.jpg\" \/>\n\t<meta property=\"og:image:width\" content=\"864\" \/>\n\t<meta property=\"og:image:height\" content=\"1152\" \/>\n\t<meta property=\"og:image:type\" content=\"image\/jpeg\" \/>\n<meta name=\"twitter:card\" content=\"summary_large_image\" \/>\n<script type=\"application\/ld+json\" class=\"yoast-schema-graph\">{\"@context\":\"https:\\\/\\\/schema.org\",\"@graph\":[{\"@type\":\"WebPage\",\"@id\":\"https:\\\/\\\/dothoquynhanh.com\\\/?product=bo-so-tet\",\"url\":\"https:\\\/\\\/dothoquynhanh.com\\\/?product=bo-so-tet\",\"name\":\"B\u1ed9 s\u1edb t\u1ebft - dothoquynhanh\",\"isPartOf\":{\"@id\":\"https:\\\/\\\/dothoquynhanh.com\\\/#website\"},\"primaryImageOfPage\":{\"@id\":\"https:\\\/\\\/dothoquynhanh.com\\\/?product=bo-so-tet#primaryimage\"},\"image\":{\"@id\":\"https:\\\/\\\/dothoquynhanh.com\\\/?product=bo-so-tet#primaryimage\"},\"thumbnailUrl\":\"https:\\\/\\\/dothoquynhanh.com\\\/wp-content\\\/uploads\\\/2021\\\/01\\\/z2276765268427_9de1503d929738fa4b72900787f77373.jpg\",\"datePublished\":\"2021-01-13T04:18:19+00:00\",\"dateModified\":\"2021-01-13T04:18:20+00:00\",\"description\":\"B\u1ed9 S\u1edb t\u1ebft g\u1ed3m 8 t\u1edd\",\"breadcrumb\":{\"@id\":\"https:\\\/\\\/dothoquynhanh.com\\\/?product=bo-so-tet#breadcrumb\"},\"inLanguage\":\"vi\",\"potentialAction\":[{\"@type\":\"ReadAction\",\"target\":[\"https:\\\/\\\/dothoquynhanh.com\\\/?product=bo-so-tet\"]}]},{\"@type\":\"ImageObject\",\"inLanguage\":\"vi\",\"@id\":\"https:\\\/\\\/dothoquynhanh.com\\\/?product=bo-so-tet#primaryimage\",\"url\":\"https:\\\/\\\/dothoquynhanh.com\\\/wp-content\\\/uploads\\\/2021\\\/01\\\/z2276765268427_9de1503d929738fa4b72900787f77373.jpg\",\"contentUrl\":\"https:\\\/\\\/dothoquynhanh.com\\\/wp-content\\\/uploads\\\/2021\\\/01\\\/z2276765268427_9de1503d929738fa4b72900787f77373.jpg\",\"width\":864,\"height\":1152},{\"@type\":\"BreadcrumbList\",\"@id\":\"https:\\\/\\\/dothoquynhanh.com\\\/?product=bo-so-tet#breadcrumb\",\"itemListElement\":[{\"@type\":\"ListItem\",\"position\":1,\"name\":\"Trang ch\u1ee7\",\"item\":\"https:\\\/\\\/dothoquynhanh.com\\\/\"},{\"@type\":\"ListItem\",\"position\":2,\"name\":\"S\u1ea3n ph\u1ea9m\",\"item\":\"https:\\\/\\\/dothoquynhanh.com\\\/?page_id=64\"},{\"@type\":\"ListItem\",\"position\":3,\"name\":\"B\u1ed9 s\u1edb t\u1ebft\"}]},{\"@type\":\"WebSite\",\"@id\":\"https:\\\/\\\/dothoquynhanh.com\\\/#website\",\"url\":\"https:\\\/\\\/dothoquynhanh.com\\\/\",\"name\":\"dothoquynhanh\",\"description\":\"\u0110\u1ed2 TH\u1edc PHONG TH\u1ee6Y CAO C\u1ea4P QU\u1ef2NH ANH\",\"publisher\":{\"@id\":\"https:\\\/\\\/dothoquynhanh.com\\\/#\\\/schema\\\/person\\\/9a6a0bff9151168cc437e710214dc286\"},\"potentialAction\":[{\"@type\":\"SearchAction\",\"target\":{\"@type\":\"EntryPoint\",\"urlTemplate\":\"https:\\\/\\\/dothoquynhanh.com\\\/?s={search_term_string}\"},\"query-input\":{\"@type\":\"PropertyValueSpecification\",\"valueRequired\":true,\"valueName\":\"search_term_string\"}}],\"inLanguage\":\"vi\"},{\"@type\":[\"Person\",\"Organization\"],\"@id\":\"https:\\\/\\\/dothoquynhanh.com\\\/#\\\/schema\\\/person\\\/9a6a0bff9151168cc437e710214dc286\",\"name\":\"Qu\u1ef3nh Anh\",\"image\":{\"@type\":\"ImageObject\",\"inLanguage\":\"vi\",\"@id\":\"https:\\\/\\\/secure.gravatar.com\\\/avatar\\\/a86689d41574456e4a65d69a1f70c64ef3172d5d71e939217b478f5347cec268?s=96&d=mm&r=g\",\"url\":\"https:\\\/\\\/secure.gravatar.com\\\/avatar\\\/a86689d41574456e4a65d69a1f70c64ef3172d5d71e939217b478f5347cec268?s=96&d=mm&r=g\",\"contentUrl\":\"https:\\\/\\\/secure.gravatar.com\\\/avatar\\\/a86689d41574456e4a65d69a1f70c64ef3172d5d71e939217b478f5347cec268?s=96&d=mm&r=g\",\"caption\":\"Qu\u1ef3nh Anh\"},\"logo\":{\"@id\":\"https:\\\/\\\/secure.gravatar.com\\\/avatar\\\/a86689d41574456e4a65d69a1f70c64ef3172d5d71e939217b478f5347cec268?s=96&d=mm&r=g\"},\"sameAs\":[\"https:\\\/\\\/dothoquynhanh.com\",\"admin\"]}]}<\/script>\n<!-- \/ Yoast SEO plugin. -->","yoast_head_json":{"title":"B\u1ed9 s\u1edb t\u1ebft - dothoquynhanh","description":"B\u1ed9 S\u1edb t\u1ebft g\u1ed3m 8 t\u1edd","robots":{"index":"index","follow":"follow","max-snippet":"max-snippet:-1","max-image-preview":"max-image-preview:large","max-video-preview":"max-video-preview:-1"},"canonical":"https:\/\/dothoquynhanh.com\/?product=bo-so-tet","og_locale":"vi_VN","og_type":"article","og_title":"B\u1ed9 s\u1edb t\u1ebft - dothoquynhanh","og_description":"B\u1ed9 S\u1edb t\u1ebft g\u1ed3m 8 t\u1edd","og_url":"https:\/\/dothoquynhanh.com\/?product=bo-so-tet","og_site_name":"dothoquynhanh","article_modified_time":"2021-01-13T04:18:20+00:00","og_image":[{"width":864,"height":1152,"url":"https:\/\/dothoquynhanh.com\/wp-content\/uploads\/2021\/01\/z2276765268427_9de1503d929738fa4b72900787f77373.jpg","type":"image\/jpeg"}],"twitter_card":"summary_large_image","schema":{"@context":"https:\/\/schema.org","@graph":[{"@type":"WebPage","@id":"https:\/\/dothoquynhanh.com\/?product=bo-so-tet","url":"https:\/\/dothoquynhanh.com\/?product=bo-so-tet","name":"B\u1ed9 s\u1edb t\u1ebft - dothoquynhanh","isPartOf":{"@id":"https:\/\/dothoquynhanh.com\/#website"},"primaryImageOfPage":{"@id":"https:\/\/dothoquynhanh.com\/?product=bo-so-tet#primaryimage"},"image":{"@id":"https:\/\/dothoquynhanh.com\/?product=bo-so-tet#primaryimage"},"thumbnailUrl":"https:\/\/dothoquynhanh.com\/wp-content\/uploads\/2021\/01\/z2276765268427_9de1503d929738fa4b72900787f77373.jpg","datePublished":"2021-01-13T04:18:19+00:00","dateModified":"2021-01-13T04:18:20+00:00","description":"B\u1ed9 S\u1edb t\u1ebft g\u1ed3m 8 t\u1edd","breadcrumb":{"@id":"https:\/\/dothoquynhanh.com\/?product=bo-so-tet#breadcrumb"},"inLanguage":"vi","potentialAction":[{"@type":"ReadAction","target":["https:\/\/dothoquynhanh.com\/?product=bo-so-tet"]}]},{"@type":"ImageObject","inLanguage":"vi","@id":"https:\/\/dothoquynhanh.com\/?product=bo-so-tet#primaryimage","url":"https:\/\/dothoquynhanh.com\/wp-content\/uploads\/2021\/01\/z2276765268427_9de1503d929738fa4b72900787f77373.jpg","contentUrl":"https:\/\/dothoquynhanh.com\/wp-content\/uploads\/2021\/01\/z2276765268427_9de1503d929738fa4b72900787f77373.jpg","width":864,"height":1152},{"@type":"BreadcrumbList","@id":"https:\/\/dothoquynhanh.com\/?product=bo-so-tet#breadcrumb","itemListElement":[{"@type":"ListItem","position":1,"name":"Trang ch\u1ee7","item":"https:\/\/dothoquynhanh.com\/"},{"@type":"ListItem","position":2,"name":"S\u1ea3n ph\u1ea9m","item":"https:\/\/dothoquynhanh.com\/?page_id=64"},{"@type":"ListItem","position":3,"name":"B\u1ed9 s\u1edb t\u1ebft"}]},{"@type":"WebSite","@id":"https:\/\/dothoquynhanh.com\/#website","url":"https:\/\/dothoquynhanh.com\/","name":"dothoquynhanh","description":"\u0110\u1ed2 TH\u1edc PHONG TH\u1ee6Y CAO C\u1ea4P QU\u1ef2NH ANH","publisher":{"@id":"https:\/\/dothoquynhanh.com\/#\/schema\/person\/9a6a0bff9151168cc437e710214dc286"},"potentialAction":[{"@type":"SearchAction","target":{"@type":"EntryPoint","urlTemplate":"https:\/\/dothoquynhanh.com\/?s={search_term_string}"},"query-input":{"@type":"PropertyValueSpecification","valueRequired":true,"valueName":"search_term_string"}}],"inLanguage":"vi"},{"@type":["Person","Organization"],"@id":"https:\/\/dothoquynhanh.com\/#\/schema\/person\/9a6a0bff9151168cc437e710214dc286","name":"Qu\u1ef3nh Anh","image":{"@type":"ImageObject","inLanguage":"vi","@id":"https:\/\/secure.gravatar.com\/avatar\/a86689d41574456e4a65d69a1f70c64ef3172d5d71e939217b478f5347cec268?s=96&d=mm&r=g","url":"https:\/\/secure.gravatar.com\/avatar\/a86689d41574456e4a65d69a1f70c64ef3172d5d71e939217b478f5347cec268?s=96&d=mm&r=g","contentUrl":"https:\/\/secure.gravatar.com\/avatar\/a86689d41574456e4a65d69a1f70c64ef3172d5d71e939217b478f5347cec268?s=96&d=mm&r=g","caption":"Qu\u1ef3nh Anh"},"logo":{"@id":"https:\/\/secure.gravatar.com\/avatar\/a86689d41574456e4a65d69a1f70c64ef3172d5d71e939217b478f5347cec268?s=96&d=mm&r=g"},"sameAs":["https:\/\/dothoquynhanh.com","admin"]}]}},"_links":{"self":[{"href":"https:\/\/dothoquynhanh.com\/index.php?rest_route=\/wp\/v2\/product\/3626","targetHints":{"allow":["GET"]}}],"collection":[{"href":"https:\/\/dothoquynhanh.com\/index.php?rest_route=\/wp\/v2\/product"}],"about":[{"href":"https:\/\/dothoquynhanh.com\/index.php?rest_route=\/wp\/v2\/types\/product"}],"replies":[{"embeddable":true,"href":"https:\/\/dothoquynhanh.com\/index.php?rest_route=%2Fwp%2Fv2%2Fcomments&post=3626"}],"wp:featuredmedia":[{"embeddable":true,"href":"https:\/\/dothoquynhanh.com\/index.php?rest_route=\/wp\/v2\/media\/3633"}],"wp:attachment":[{"href":"https:\/\/dothoquynhanh.com\/index.php?rest_route=%2Fwp%2Fv2%2Fmedia&parent=3626"}],"wp:term":[{"taxonomy":"product_brand","embeddable":true,"href":"https:\/\/dothoquynhanh.com\/index.php?rest_route=%2Fwp%2Fv2%2Fproduct_brand&post=3626"},{"taxonomy":"product_cat","embeddable":true,"href":"https:\/\/dothoquynhanh.com\/index.php?rest_route=%2Fwp%2Fv2%2Fproduct_cat&post=3626"},{"taxonomy":"product_tag","embeddable":true,"href":"https:\/\/dothoquynhanh.com\/index.php?rest_route=%2Fwp%2Fv2%2Fproduct_tag&post=3626"}],"curies":[{"name":"wp","href":"https:\/\/api.w.org\/{rel}","templated":true}]}}