{"id":3452,"date":"2020-12-21T07:57:29","date_gmt":"2020-12-21T07:57:29","guid":{"rendered":"https:\/\/dothoquynhanh.com\/?post_type=product&#038;p=3452"},"modified":"2020-12-21T07:57:29","modified_gmt":"2020-12-21T07:57:29","slug":"day-treo-xe-tuong-ngai-di-lac-bang-ngoc-bich","status":"publish","type":"product","link":"https:\/\/dothoquynhanh.com\/?product=day-treo-xe-tuong-ngai-di-lac-bang-ngoc-bich","title":{"rendered":"D\u00e2y Treo Xe T\u01b0\u1ee3ng Ng\u00e0i Di L\u1eb7c B\u1eb1ng Ng\u1ecdc B\u00edch"},"content":{"rendered":"<p><img loading=\"lazy\" decoding=\"async\" src=\"http:\/\/dothoquynhanh.com\/wp-content\/uploads\/2020\/12\/Day-Treo-Xe-Tuong-Ngai-Di-Lac-Bang-Ngoc-Bich-400x400.jpg\" alt=\"\" width=\"400\" height=\"400\" class=\"alignnone size-medium wp-image-3453\" srcset=\"https:\/\/dothoquynhanh.com\/wp-content\/uploads\/2020\/12\/Day-Treo-Xe-Tuong-Ngai-Di-Lac-Bang-Ngoc-Bich-400x400.jpg 400w, https:\/\/dothoquynhanh.com\/wp-content\/uploads\/2020\/12\/Day-Treo-Xe-Tuong-Ngai-Di-Lac-Bang-Ngoc-Bich-280x280.jpg 280w, https:\/\/dothoquynhanh.com\/wp-content\/uploads\/2020\/12\/Day-Treo-Xe-Tuong-Ngai-Di-Lac-Bang-Ngoc-Bich-510x510.jpg 510w, https:\/\/dothoquynhanh.com\/wp-content\/uploads\/2020\/12\/Day-Treo-Xe-Tuong-Ngai-Di-Lac-Bang-Ngoc-Bich-100x100.jpg 100w, https:\/\/dothoquynhanh.com\/wp-content\/uploads\/2020\/12\/Day-Treo-Xe-Tuong-Ngai-Di-Lac-Bang-Ngoc-Bich.jpg 600w\" sizes=\"auto, (max-width: 400px) 100vw, 400px\" \/><br \/>\ntick L\u00e0m b\u1eb1ng d\u00e2y ng\u1ecdc tr\u1eafng s\u1eefa<br \/>\ntick D\u00e2y treo b\u1eb1ng \u0111\u1ed3ng v\u00e0ng sang tr\u1ecdng<br \/>\ntick M\u1eb7t ng\u1ecdc B\u1ed3 t\u00e1t Di L\u1eb7c<br \/>\nM\u00d4 T\u1ea2<br \/>\nD\u00e2y ng\u1ecdc treo xe h\u00ecnh Ph\u1eadt Di L\u1eb7c \u0111\u01b0\u1ee3c thi\u1ebft k\u1ebf r\u1ea5t \u0111\u1eb9p v\u00e0 sang tr\u1ecdng v\u1edbi c\u00e1c mi\u1ebfng ng\u1ecdc, vi\u00ean ng\u1ecdc m\u00e0u tr\u1eafng s\u1eefa k\u1ebft h\u1ee3p v\u1edbi c\u00e1c \u0111\u01b0\u1eddng g\u00e2n, d\u00e2y treo b\u1eb1ng \u0111\u1ed3ng v\u00e0ng cao c\u1ea5p, gi\u00fap cho khi treo d\u00e2y l\u00ean xe, chi\u1ebfc xe tr\u1edf n\u00ean kh\u00e1c bi\u1ec7t.<\/p>\n<p>Ph\u1ea7n m\u1eb7t ng\u1ecdc \u0111\u01b0\u1ee3c thi\u1ebft k\u1ebf v\u1edbi v\u00f2ng ng\u1ecdc b\u00ean ngo\u00e0i, b\u00ean trong l\u00e0 t\u01b0\u1ee3ng B\u1ed3 t\u00e1t Di L\u1eb7c v\u1edbi 2 m\u1eabu m\u1ea7u xanh v\u00e0 m\u1ea7u tr\u1eafng s\u1eefa \u0111ang c\u01b0\u1eddi hoan h\u1ec9, mang l\u1ea1i b\u00ecnh an cho ng\u01b0\u1eddi l\u00e1i xe.<\/p>\n<p>Ph\u1ea7n d\u00e2y treo \u1edf tr\u00ean m\u1eb7t c\u00e1c vi\u00ean ng\u1ecdc tr\u1eafng s\u1eefa, ph\u1ed1i v\u1edbi c\u00e1c ph\u1ea7n b\u1ecdc b\u1eb1ng \u0111\u1ed3ng r\u1ea5t \u0111\u1eb9p.<\/p>\n<p>D\u00e2y treo \u0111\u01b0\u1ee3c l\u00e0m b\u1eb1ng \u0111\u1ed3ng v\u00e0ng sang tr\u1ecdng, r\u1ea5t ch\u1eafc ch\u1eafn, t\u1ea1o \u0111i\u1ec3m nh\u1ea5n cho d\u00e2y treo.<br \/>\nTH\u00d4NG TIN B\u1ed4 SUNG<br \/>\nCH\u1eccN M\u1ea6U S\u1eaeC T\u01af\u1ee2NG<br \/>\nT\u01b0\u1ee3ng M\u1ea7u Xanh, T\u01b0\u1ee3ng M\u1ea7u Tr\u1eafng<\/p>\n<p>T\u01af\u1ee2NG \u0110\u1ec2 XE &#8211; H\u00ccNH T\u01af\u1edaNG<br \/>\nT\u01b0\u1ee3ng Ph\u1eadt Di L\u1eb7c \u0110\u1ec3 Xe<\/p>\n<p>T\u01af\u1ee2NG \u0110\u1ec2 XE &#8211; CH\u1ea4T LI\u1ec6U<br \/>\nPha L\u00ea<\/p>\n<p>T\u01af\u1ee2NG \u0110\u1ec2 XE &#8211; S\u1ed0 M\u1eb6T<br \/>\nT\u01b0\u1ee3ng M\u1ed9t M\u1eb7t<\/p>\n","protected":false},"excerpt":{"rendered":"<p>tick L\u00e0m b\u1eb1ng d\u00e2y ng\u1ecdc tr\u1eafng s\u1eefa<br \/>\ntick D\u00e2y treo b\u1eb1ng \u0111\u1ed3ng v\u00e0ng sang tr\u1ecdng<br \/>\ntick M\u1eb7t ng\u1ecdc B\u1ed3 t\u00e1t Di L\u1eb7c<\/p>\n","protected":false},"featured_media":3453,"comment_status":"open","ping_status":"closed","template":"","meta":[],"product_brand":[],"product_cat":[556],"product_tag":[],"class_list":{"0":"post-3452","1":"product","2":"type-product","3":"status-publish","4":"has-post-thumbnail","6":"product_cat-day-treo-xe-o-to","8":"first","9":"instock","10":"shipping-taxable","11":"product-type-simple"},"yoast_head":"<!-- This site is optimized with the Yoast SEO plugin v27.5 - https:\/\/yoast.com\/product\/yoast-seo-wordpress\/ -->\n<title>D\u00e2y Treo Xe T\u01b0\u1ee3ng Ng\u00e0i Di L\u1eb7c B\u1eb1ng Ng\u1ecdc B\u00edch - dothoquynhanh<\/title>\n<meta name=\"robots\" content=\"index, follow, max-snippet:-1, max-image-preview:large, max-video-preview:-1\" \/>\n<link rel=\"canonical\" href=\"https:\/\/dothoquynhanh.com\/?product=day-treo-xe-tuong-ngai-di-lac-bang-ngoc-bich\" \/>\n<meta property=\"og:locale\" content=\"vi_VN\" \/>\n<meta property=\"og:type\" content=\"article\" \/>\n<meta property=\"og:title\" content=\"D\u00e2y Treo Xe T\u01b0\u1ee3ng Ng\u00e0i Di L\u1eb7c B\u1eb1ng Ng\u1ecdc B\u00edch - dothoquynhanh\" \/>\n<meta property=\"og:description\" content=\"tick L\u00e0m b\u1eb1ng d\u00e2y ng\u1ecdc tr\u1eafng s\u1eefa tick D\u00e2y treo b\u1eb1ng \u0111\u1ed3ng v\u00e0ng sang tr\u1ecdng tick M\u1eb7t ng\u1ecdc B\u1ed3 t\u00e1t Di L\u1eb7c\" \/>\n<meta property=\"og:url\" content=\"https:\/\/dothoquynhanh.com\/?product=day-treo-xe-tuong-ngai-di-lac-bang-ngoc-bich\" \/>\n<meta property=\"og:site_name\" content=\"dothoquynhanh\" \/>\n<meta property=\"og:image\" content=\"https:\/\/dothoquynhanh.com\/wp-content\/uploads\/2020\/12\/Day-Treo-Xe-Tuong-Ngai-Di-Lac-Bang-Ngoc-Bich.jpg\" \/>\n\t<meta property=\"og:image:width\" content=\"600\" \/>\n\t<meta property=\"og:image:height\" content=\"600\" \/>\n\t<meta property=\"og:image:type\" content=\"image\/jpeg\" \/>\n<meta name=\"twitter:card\" content=\"summary_large_image\" \/>\n<meta name=\"twitter:label1\" content=\"\u01af\u1edbc t\u00ednh th\u1eddi gian \u0111\u1ecdc\" \/>\n\t<meta name=\"twitter:data1\" content=\"2 ph\u00fat\" \/>\n<script type=\"application\/ld+json\" class=\"yoast-schema-graph\">{\"@context\":\"https:\\\/\\\/schema.org\",\"@graph\":[{\"@type\":\"WebPage\",\"@id\":\"https:\\\/\\\/dothoquynhanh.com\\\/?product=day-treo-xe-tuong-ngai-di-lac-bang-ngoc-bich\",\"url\":\"https:\\\/\\\/dothoquynhanh.com\\\/?product=day-treo-xe-tuong-ngai-di-lac-bang-ngoc-bich\",\"name\":\"D\u00e2y Treo Xe T\u01b0\u1ee3ng Ng\u00e0i Di L\u1eb7c B\u1eb1ng Ng\u1ecdc B\u00edch - dothoquynhanh\",\"isPartOf\":{\"@id\":\"https:\\\/\\\/dothoquynhanh.com\\\/#website\"},\"primaryImageOfPage\":{\"@id\":\"https:\\\/\\\/dothoquynhanh.com\\\/?product=day-treo-xe-tuong-ngai-di-lac-bang-ngoc-bich#primaryimage\"},\"image\":{\"@id\":\"https:\\\/\\\/dothoquynhanh.com\\\/?product=day-treo-xe-tuong-ngai-di-lac-bang-ngoc-bich#primaryimage\"},\"thumbnailUrl\":\"https:\\\/\\\/dothoquynhanh.com\\\/wp-content\\\/uploads\\\/2020\\\/12\\\/Day-Treo-Xe-Tuong-Ngai-Di-Lac-Bang-Ngoc-Bich.jpg\",\"datePublished\":\"2020-12-21T07:57:29+00:00\",\"breadcrumb\":{\"@id\":\"https:\\\/\\\/dothoquynhanh.com\\\/?product=day-treo-xe-tuong-ngai-di-lac-bang-ngoc-bich#breadcrumb\"},\"inLanguage\":\"vi\",\"potentialAction\":[{\"@type\":\"ReadAction\",\"target\":[\"https:\\\/\\\/dothoquynhanh.com\\\/?product=day-treo-xe-tuong-ngai-di-lac-bang-ngoc-bich\"]}]},{\"@type\":\"ImageObject\",\"inLanguage\":\"vi\",\"@id\":\"https:\\\/\\\/dothoquynhanh.com\\\/?product=day-treo-xe-tuong-ngai-di-lac-bang-ngoc-bich#primaryimage\",\"url\":\"https:\\\/\\\/dothoquynhanh.com\\\/wp-content\\\/uploads\\\/2020\\\/12\\\/Day-Treo-Xe-Tuong-Ngai-Di-Lac-Bang-Ngoc-Bich.jpg\",\"contentUrl\":\"https:\\\/\\\/dothoquynhanh.com\\\/wp-content\\\/uploads\\\/2020\\\/12\\\/Day-Treo-Xe-Tuong-Ngai-Di-Lac-Bang-Ngoc-Bich.jpg\",\"width\":600,\"height\":600},{\"@type\":\"BreadcrumbList\",\"@id\":\"https:\\\/\\\/dothoquynhanh.com\\\/?product=day-treo-xe-tuong-ngai-di-lac-bang-ngoc-bich#breadcrumb\",\"itemListElement\":[{\"@type\":\"ListItem\",\"position\":1,\"name\":\"Trang ch\u1ee7\",\"item\":\"https:\\\/\\\/dothoquynhanh.com\\\/\"},{\"@type\":\"ListItem\",\"position\":2,\"name\":\"S\u1ea3n ph\u1ea9m\",\"item\":\"https:\\\/\\\/dothoquynhanh.com\\\/?page_id=64\"},{\"@type\":\"ListItem\",\"position\":3,\"name\":\"D\u00e2y Treo Xe T\u01b0\u1ee3ng Ng\u00e0i Di L\u1eb7c B\u1eb1ng Ng\u1ecdc B\u00edch\"}]},{\"@type\":\"WebSite\",\"@id\":\"https:\\\/\\\/dothoquynhanh.com\\\/#website\",\"url\":\"https:\\\/\\\/dothoquynhanh.com\\\/\",\"name\":\"dothoquynhanh\",\"description\":\"\u0110\u1ed2 TH\u1edc PHONG TH\u1ee6Y CAO C\u1ea4P QU\u1ef2NH ANH\",\"publisher\":{\"@id\":\"https:\\\/\\\/dothoquynhanh.com\\\/#\\\/schema\\\/person\\\/9a6a0bff9151168cc437e710214dc286\"},\"potentialAction\":[{\"@type\":\"SearchAction\",\"target\":{\"@type\":\"EntryPoint\",\"urlTemplate\":\"https:\\\/\\\/dothoquynhanh.com\\\/?s={search_term_string}\"},\"query-input\":{\"@type\":\"PropertyValueSpecification\",\"valueRequired\":true,\"valueName\":\"search_term_string\"}}],\"inLanguage\":\"vi\"},{\"@type\":[\"Person\",\"Organization\"],\"@id\":\"https:\\\/\\\/dothoquynhanh.com\\\/#\\\/schema\\\/person\\\/9a6a0bff9151168cc437e710214dc286\",\"name\":\"Qu\u1ef3nh Anh\",\"image\":{\"@type\":\"ImageObject\",\"inLanguage\":\"vi\",\"@id\":\"https:\\\/\\\/secure.gravatar.com\\\/avatar\\\/a86689d41574456e4a65d69a1f70c64ef3172d5d71e939217b478f5347cec268?s=96&d=mm&r=g\",\"url\":\"https:\\\/\\\/secure.gravatar.com\\\/avatar\\\/a86689d41574456e4a65d69a1f70c64ef3172d5d71e939217b478f5347cec268?s=96&d=mm&r=g\",\"contentUrl\":\"https:\\\/\\\/secure.gravatar.com\\\/avatar\\\/a86689d41574456e4a65d69a1f70c64ef3172d5d71e939217b478f5347cec268?s=96&d=mm&r=g\",\"caption\":\"Qu\u1ef3nh Anh\"},\"logo\":{\"@id\":\"https:\\\/\\\/secure.gravatar.com\\\/avatar\\\/a86689d41574456e4a65d69a1f70c64ef3172d5d71e939217b478f5347cec268?s=96&d=mm&r=g\"},\"sameAs\":[\"https:\\\/\\\/dothoquynhanh.com\",\"admin\"]}]}<\/script>\n<!-- \/ Yoast SEO plugin. -->","yoast_head_json":{"title":"D\u00e2y Treo Xe T\u01b0\u1ee3ng Ng\u00e0i Di L\u1eb7c B\u1eb1ng Ng\u1ecdc B\u00edch - dothoquynhanh","robots":{"index":"index","follow":"follow","max-snippet":"max-snippet:-1","max-image-preview":"max-image-preview:large","max-video-preview":"max-video-preview:-1"},"canonical":"https:\/\/dothoquynhanh.com\/?product=day-treo-xe-tuong-ngai-di-lac-bang-ngoc-bich","og_locale":"vi_VN","og_type":"article","og_title":"D\u00e2y Treo Xe T\u01b0\u1ee3ng Ng\u00e0i Di L\u1eb7c B\u1eb1ng Ng\u1ecdc B\u00edch - dothoquynhanh","og_description":"tick L\u00e0m b\u1eb1ng d\u00e2y ng\u1ecdc tr\u1eafng s\u1eefa tick D\u00e2y treo b\u1eb1ng \u0111\u1ed3ng v\u00e0ng sang tr\u1ecdng tick M\u1eb7t ng\u1ecdc B\u1ed3 t\u00e1t Di L\u1eb7c","og_url":"https:\/\/dothoquynhanh.com\/?product=day-treo-xe-tuong-ngai-di-lac-bang-ngoc-bich","og_site_name":"dothoquynhanh","og_image":[{"width":600,"height":600,"url":"https:\/\/dothoquynhanh.com\/wp-content\/uploads\/2020\/12\/Day-Treo-Xe-Tuong-Ngai-Di-Lac-Bang-Ngoc-Bich.jpg","type":"image\/jpeg"}],"twitter_card":"summary_large_image","twitter_misc":{"\u01af\u1edbc t\u00ednh th\u1eddi gian \u0111\u1ecdc":"2 ph\u00fat"},"schema":{"@context":"https:\/\/schema.org","@graph":[{"@type":"WebPage","@id":"https:\/\/dothoquynhanh.com\/?product=day-treo-xe-tuong-ngai-di-lac-bang-ngoc-bich","url":"https:\/\/dothoquynhanh.com\/?product=day-treo-xe-tuong-ngai-di-lac-bang-ngoc-bich","name":"D\u00e2y Treo Xe T\u01b0\u1ee3ng Ng\u00e0i Di L\u1eb7c B\u1eb1ng Ng\u1ecdc B\u00edch - dothoquynhanh","isPartOf":{"@id":"https:\/\/dothoquynhanh.com\/#website"},"primaryImageOfPage":{"@id":"https:\/\/dothoquynhanh.com\/?product=day-treo-xe-tuong-ngai-di-lac-bang-ngoc-bich#primaryimage"},"image":{"@id":"https:\/\/dothoquynhanh.com\/?product=day-treo-xe-tuong-ngai-di-lac-bang-ngoc-bich#primaryimage"},"thumbnailUrl":"https:\/\/dothoquynhanh.com\/wp-content\/uploads\/2020\/12\/Day-Treo-Xe-Tuong-Ngai-Di-Lac-Bang-Ngoc-Bich.jpg","datePublished":"2020-12-21T07:57:29+00:00","breadcrumb":{"@id":"https:\/\/dothoquynhanh.com\/?product=day-treo-xe-tuong-ngai-di-lac-bang-ngoc-bich#breadcrumb"},"inLanguage":"vi","potentialAction":[{"@type":"ReadAction","target":["https:\/\/dothoquynhanh.com\/?product=day-treo-xe-tuong-ngai-di-lac-bang-ngoc-bich"]}]},{"@type":"ImageObject","inLanguage":"vi","@id":"https:\/\/dothoquynhanh.com\/?product=day-treo-xe-tuong-ngai-di-lac-bang-ngoc-bich#primaryimage","url":"https:\/\/dothoquynhanh.com\/wp-content\/uploads\/2020\/12\/Day-Treo-Xe-Tuong-Ngai-Di-Lac-Bang-Ngoc-Bich.jpg","contentUrl":"https:\/\/dothoquynhanh.com\/wp-content\/uploads\/2020\/12\/Day-Treo-Xe-Tuong-Ngai-Di-Lac-Bang-Ngoc-Bich.jpg","width":600,"height":600},{"@type":"BreadcrumbList","@id":"https:\/\/dothoquynhanh.com\/?product=day-treo-xe-tuong-ngai-di-lac-bang-ngoc-bich#breadcrumb","itemListElement":[{"@type":"ListItem","position":1,"name":"Trang ch\u1ee7","item":"https:\/\/dothoquynhanh.com\/"},{"@type":"ListItem","position":2,"name":"S\u1ea3n ph\u1ea9m","item":"https:\/\/dothoquynhanh.com\/?page_id=64"},{"@type":"ListItem","position":3,"name":"D\u00e2y Treo Xe T\u01b0\u1ee3ng Ng\u00e0i Di L\u1eb7c B\u1eb1ng Ng\u1ecdc B\u00edch"}]},{"@type":"WebSite","@id":"https:\/\/dothoquynhanh.com\/#website","url":"https:\/\/dothoquynhanh.com\/","name":"dothoquynhanh","description":"\u0110\u1ed2 TH\u1edc PHONG TH\u1ee6Y CAO C\u1ea4P QU\u1ef2NH ANH","publisher":{"@id":"https:\/\/dothoquynhanh.com\/#\/schema\/person\/9a6a0bff9151168cc437e710214dc286"},"potentialAction":[{"@type":"SearchAction","target":{"@type":"EntryPoint","urlTemplate":"https:\/\/dothoquynhanh.com\/?s={search_term_string}"},"query-input":{"@type":"PropertyValueSpecification","valueRequired":true,"valueName":"search_term_string"}}],"inLanguage":"vi"},{"@type":["Person","Organization"],"@id":"https:\/\/dothoquynhanh.com\/#\/schema\/person\/9a6a0bff9151168cc437e710214dc286","name":"Qu\u1ef3nh Anh","image":{"@type":"ImageObject","inLanguage":"vi","@id":"https:\/\/secure.gravatar.com\/avatar\/a86689d41574456e4a65d69a1f70c64ef3172d5d71e939217b478f5347cec268?s=96&d=mm&r=g","url":"https:\/\/secure.gravatar.com\/avatar\/a86689d41574456e4a65d69a1f70c64ef3172d5d71e939217b478f5347cec268?s=96&d=mm&r=g","contentUrl":"https:\/\/secure.gravatar.com\/avatar\/a86689d41574456e4a65d69a1f70c64ef3172d5d71e939217b478f5347cec268?s=96&d=mm&r=g","caption":"Qu\u1ef3nh Anh"},"logo":{"@id":"https:\/\/secure.gravatar.com\/avatar\/a86689d41574456e4a65d69a1f70c64ef3172d5d71e939217b478f5347cec268?s=96&d=mm&r=g"},"sameAs":["https:\/\/dothoquynhanh.com","admin"]}]}},"_links":{"self":[{"href":"https:\/\/dothoquynhanh.com\/index.php?rest_route=\/wp\/v2\/product\/3452","targetHints":{"allow":["GET"]}}],"collection":[{"href":"https:\/\/dothoquynhanh.com\/index.php?rest_route=\/wp\/v2\/product"}],"about":[{"href":"https:\/\/dothoquynhanh.com\/index.php?rest_route=\/wp\/v2\/types\/product"}],"replies":[{"embeddable":true,"href":"https:\/\/dothoquynhanh.com\/index.php?rest_route=%2Fwp%2Fv2%2Fcomments&post=3452"}],"wp:featuredmedia":[{"embeddable":true,"href":"https:\/\/dothoquynhanh.com\/index.php?rest_route=\/wp\/v2\/media\/3453"}],"wp:attachment":[{"href":"https:\/\/dothoquynhanh.com\/index.php?rest_route=%2Fwp%2Fv2%2Fmedia&parent=3452"}],"wp:term":[{"taxonomy":"product_brand","embeddable":true,"href":"https:\/\/dothoquynhanh.com\/index.php?rest_route=%2Fwp%2Fv2%2Fproduct_brand&post=3452"},{"taxonomy":"product_cat","embeddable":true,"href":"https:\/\/dothoquynhanh.com\/index.php?rest_route=%2Fwp%2Fv2%2Fproduct_cat&post=3452"},{"taxonomy":"product_tag","embeddable":true,"href":"https:\/\/dothoquynhanh.com\/index.php?rest_route=%2Fwp%2Fv2%2Fproduct_tag&post=3452"}],"curies":[{"name":"wp","href":"https:\/\/api.w.org\/{rel}","templated":true}]}}