{"id":3448,"date":"2020-12-21T07:53:38","date_gmt":"2020-12-21T07:53:38","guid":{"rendered":"https:\/\/dothoquynhanh.com\/?post_type=product&#038;p=3448"},"modified":"2021-01-11T08:50:55","modified_gmt":"2021-01-11T08:50:55","slug":"day-treo-xe-tuong-ngai-quan-am-bang-go-gu","status":"publish","type":"product","link":"https:\/\/dothoquynhanh.com\/?product=day-treo-xe-tuong-ngai-quan-am-bang-go-gu","title":{"rendered":"D\u00e2y Treo Xe T\u01b0\u1ee3ng Ng\u00e0i Quan \u00c2m B\u1eb1ng G\u1ed7 G\u1ee5"},"content":{"rendered":"<p><img loading=\"lazy\" decoding=\"async\" src=\"http:\/\/dothoquynhanh.com\/wp-content\/uploads\/2020\/12\/Day-Treo-Xe-Tuong-Ngai-Quan-Am-Bang-Go-Gu.jpg\" alt=\"\" width=\"340\" height=\"340\" class=\"alignnone size-full wp-image-3449\" srcset=\"https:\/\/dothoquynhanh.com\/wp-content\/uploads\/2020\/12\/Day-Treo-Xe-Tuong-Ngai-Quan-Am-Bang-Go-Gu.jpg 340w, https:\/\/dothoquynhanh.com\/wp-content\/uploads\/2020\/12\/Day-Treo-Xe-Tuong-Ngai-Quan-Am-Bang-Go-Gu-280x280.jpg 280w, https:\/\/dothoquynhanh.com\/wp-content\/uploads\/2020\/12\/Day-Treo-Xe-Tuong-Ngai-Quan-Am-Bang-Go-Gu-100x100.jpg 100w\" sizes=\"auto, (max-width: 340px) 100vw, 340px\" \/><br \/>\n Giao h\u00e0ng t\u1eadn nh\u00e0<br \/>\n Ki\u1ec3m tra s\u1ea3n ph\u1ea9m tr\u01b0\u1edbc khi thanh to\u00e1n<br \/>\n \u01afu ti\u00ean gi\u00e1 t\u1ed1t khi mua v\u1ec1 cho \u0110\u1ea1o Tr\u00e0ng ho\u1eb7c Ch\u00f9a<br \/>\n Nh\u1eadn \u0111\u1eb7t h\u00e0ng theo y\u00eau c\u1ea7u qu\u00fd kh\u00e1ch.<br \/>\nD\u00e2y Treo Xe T\u01b0\u1ee3ng Ng\u00e0i Quan \u00c2m B\u1eb1ng G\u1ed7 G\u1ee5 \u0111\u00e3 ph\u00f9 h\u1ee3p v\u1edbi l\u1ef1a ch\u1ecdn c\u1ee7a b\u1ea1n ch\u01b0a?<br \/>\nPh\u00e1p Duy\u00ean Shop mang \u0111\u1ebfn nh\u1eefng cam k\u1ebft an to\u00e0n cho qu\u00fd kh\u00e1chH\u00e3y lu\u00f4n an t\u00e2m v\u00ec \u0111\u1ed5i tr\u1ea3 n\u1ebfu kh\u00f4ng \u01b0ng \u00fd B\u1ea1n c\u00f3 bi\u1ebft ch\u00edn m\u01b0\u01a1i l\u0103m ph\u1ea7n tr\u0103m n\u0103ng l\u01b0\u1ee3ng ti\u00eau hao h\u00e0ng ng\u00e0y kh\u00f4ng ph\u1ea3i l\u00e0 ti\u00eau hao v\u00e0o lao \u0111\u1ed9ng ch\u00e2n tay m\u00e0 b\u1ecb ti\u00eau hao v\u00e0o phi\u1ec1n n\u00e3o kh\u00f4ng?. V\u00ec th\u1ebf, khi th\u1ec9nh s\u1ea3n ph\u1ea9m \u0111\u1ed3 th\u1edd, t\u01b0\u1ee3ng Ph\u1eadt, chu\u00f4ng m\u00f5, ph\u00e1p kh\u00ed n\u00e0o \u1edf Ph\u00e1p Duy\u00ean, \u0111\u1eebng \u0111\u1ec3 nh\u1eefng s\u1ea3n ph\u1ea9m \u0111\u00f3 khi\u1ebfn b\u1ea1n phi\u1ec1n n\u00e3o. \u0110\u00e3 mua h\u00e0ng \u1edf Ph\u00e1p Duy\u00ean th\u00ec qu\u00fd kh\u00e1ch \u0111\u1eebng lo l\u1eafng, n\u1ebfu mua r\u1ed3i m\u00e0 th\u1ea5y s\u1ea3n ph\u1ea9m v\u1eabn ch\u01b0a \u01b0ng \u00fd, c\u1ee9 g\u1ecdi cho nh\u00e2n vi\u00ean t\u01b0 v\u1ea5n c\u1ee7a Ph\u00e1p Duy\u00ean, qu\u00fd kh\u00e1ch c\u00f3 th\u1ec3 \u0111\u1ed5i s\u1ea3n ph\u1ea9m \u0111\u1ebfn khi n\u00e0o th\u1ea5y \u01b0ng \u00fd th\u00ec th\u00f4i. \u0110i\u1ec1u m\u00e0 Ph\u00e1p Duy\u00ean lu\u00f4n tr\u00f4ng ch\u1edd ch\u00ednh l\u00e0 th\u1ea5y \u0111\u01b0\u1ee3c s\u1ef1 hoan h\u1ec9 c\u1ee7a qu\u00fd kh\u00e1ch. K\u1ebft thi\u1ec7n duy\u00ean ch\u00ednh l\u00e0 m\u1ee5c ti\u00eau c\u1ee7a Ph\u00e1p duy\u00ean ch\u00fang con, v\u00ec v\u1eady qu\u00fd kh\u00e1ch xin \u0111\u1eebng ng\u1ea1i li\u00ean h\u1ec7 n\u1ebfu c\u1ea7n.<br \/>\n\u0110\u01b0\u1ee3c ki\u1ec3m tra k\u1ef9 h\u00e0ng ho\u00e1 tr\u01b0\u1edbc khi nh\u1eadn v\u00e0 thanh to\u00e1n<br \/>\nV\u00ec qu\u00fd kh\u00e1ch \u1edf m\u1ecdi mi\u1ec1n t\u1ed5 qu\u1ed1c, c\u00f3 th\u1ec3 khi qu\u00fd kh\u00e1ch xem s\u1ea3n ph\u1ea9m online v\u00e0 khi nh\u1eadn h\u00e0ng th\u1ea5y c\u00f3 s\u1ef1 kh\u00e1c bi\u1ec7t, c\u0169ng c\u00f3 th\u1ec3 trong qu\u00e1 tr\u00ecnh v\u1eadn chuy\u1ec3n s\u1ea3n ph\u1ea9m b\u1ecb bi\u1ebfn d\u1ea1ng ho\u1eb7c x\u1ea3y ra s\u1ef1 c\u1ed1,v.v&#8230; th\u00ec qu\u00fd kh\u00e1ch c\u00f3 quy\u1ec1n kh\u00f4ng nh\u1eadn h\u00e0ng v\u00e0 tr\u1ea3 l\u1ea1i cho ng\u01b0\u1eddi v\u1eadn chuy\u1ec3n. \u0110\u00e2y l\u00e0 c\u00e1ch gi\u00fap qu\u00fd kh\u00e1ch nh\u1eadn \u0111\u01b0\u1ee3c s\u1ea3n ph\u1ea9m \u0111\u00fang v\u1edbi y\u00eau c\u1ea7u c\u1ee7a m\u00ecnh<\/p>\n","protected":false},"excerpt":{"rendered":"<p> Giao h\u00e0ng t\u1eadn nh\u00e0<br \/>\n Ki\u1ec3m tra s\u1ea3n ph\u1ea9m tr\u01b0\u1edbc khi thanh to\u00e1n<br \/>\n \u01afu ti\u00ean gi\u00e1 t\u1ed1t khi mua v\u1ec1 cho \u0110\u1ea1o Tr\u00e0ng ho\u1eb7c Ch\u00f9a<br \/>\n Nh\u1eadn \u0111\u1eb7t h\u00e0ng theo y\u00eau c\u1ea7u qu\u00fd kh\u00e1ch.<\/p>\n","protected":false},"featured_media":3449,"comment_status":"open","ping_status":"closed","template":"","meta":[],"product_brand":[],"product_cat":[556],"product_tag":[],"class_list":{"0":"post-3448","1":"product","2":"type-product","3":"status-publish","4":"has-post-thumbnail","6":"product_cat-day-treo-xe-o-to","8":"first","9":"instock","10":"shipping-taxable","11":"purchasable","12":"product-type-simple"},"yoast_head":"<!-- This site is optimized with the Yoast SEO plugin v27.5 - https:\/\/yoast.com\/product\/yoast-seo-wordpress\/ -->\n<title>D\u00e2y Treo Xe T\u01b0\u1ee3ng Ng\u00e0i Quan \u00c2m B\u1eb1ng G\u1ed7 G\u1ee5 - dothoquynhanh<\/title>\n<meta name=\"robots\" content=\"index, follow, max-snippet:-1, max-image-preview:large, max-video-preview:-1\" \/>\n<link rel=\"canonical\" href=\"https:\/\/dothoquynhanh.com\/?product=day-treo-xe-tuong-ngai-quan-am-bang-go-gu\" \/>\n<meta property=\"og:locale\" content=\"vi_VN\" \/>\n<meta property=\"og:type\" content=\"article\" \/>\n<meta property=\"og:title\" content=\"D\u00e2y Treo Xe T\u01b0\u1ee3ng Ng\u00e0i Quan \u00c2m B\u1eb1ng G\u1ed7 G\u1ee5 - dothoquynhanh\" \/>\n<meta property=\"og:description\" content=\"Giao h\u00e0ng t\u1eadn nh\u00e0  Ki\u1ec3m tra s\u1ea3n ph\u1ea9m tr\u01b0\u1edbc khi thanh to\u00e1n  \u01afu ti\u00ean gi\u00e1 t\u1ed1t khi mua v\u1ec1 cho \u0110\u1ea1o Tr\u00e0ng ho\u1eb7c Ch\u00f9a  Nh\u1eadn \u0111\u1eb7t h\u00e0ng theo y\u00eau c\u1ea7u qu\u00fd kh\u00e1ch.\" \/>\n<meta property=\"og:url\" content=\"https:\/\/dothoquynhanh.com\/?product=day-treo-xe-tuong-ngai-quan-am-bang-go-gu\" \/>\n<meta property=\"og:site_name\" content=\"dothoquynhanh\" \/>\n<meta property=\"article:modified_time\" content=\"2021-01-11T08:50:55+00:00\" \/>\n<meta property=\"og:image\" content=\"https:\/\/dothoquynhanh.com\/wp-content\/uploads\/2020\/12\/Day-Treo-Xe-Tuong-Ngai-Quan-Am-Bang-Go-Gu.jpg\" \/>\n\t<meta property=\"og:image:width\" content=\"340\" \/>\n\t<meta property=\"og:image:height\" content=\"340\" \/>\n\t<meta property=\"og:image:type\" content=\"image\/jpeg\" \/>\n<meta name=\"twitter:card\" content=\"summary_large_image\" \/>\n<meta name=\"twitter:label1\" content=\"\u01af\u1edbc t\u00ednh th\u1eddi gian \u0111\u1ecdc\" \/>\n\t<meta name=\"twitter:data1\" content=\"2 ph\u00fat\" \/>\n<script type=\"application\/ld+json\" class=\"yoast-schema-graph\">{\"@context\":\"https:\\\/\\\/schema.org\",\"@graph\":[{\"@type\":\"WebPage\",\"@id\":\"https:\\\/\\\/dothoquynhanh.com\\\/?product=day-treo-xe-tuong-ngai-quan-am-bang-go-gu\",\"url\":\"https:\\\/\\\/dothoquynhanh.com\\\/?product=day-treo-xe-tuong-ngai-quan-am-bang-go-gu\",\"name\":\"D\u00e2y Treo Xe T\u01b0\u1ee3ng Ng\u00e0i Quan \u00c2m B\u1eb1ng G\u1ed7 G\u1ee5 - dothoquynhanh\",\"isPartOf\":{\"@id\":\"https:\\\/\\\/dothoquynhanh.com\\\/#website\"},\"primaryImageOfPage\":{\"@id\":\"https:\\\/\\\/dothoquynhanh.com\\\/?product=day-treo-xe-tuong-ngai-quan-am-bang-go-gu#primaryimage\"},\"image\":{\"@id\":\"https:\\\/\\\/dothoquynhanh.com\\\/?product=day-treo-xe-tuong-ngai-quan-am-bang-go-gu#primaryimage\"},\"thumbnailUrl\":\"https:\\\/\\\/dothoquynhanh.com\\\/wp-content\\\/uploads\\\/2020\\\/12\\\/Day-Treo-Xe-Tuong-Ngai-Quan-Am-Bang-Go-Gu.jpg\",\"datePublished\":\"2020-12-21T07:53:38+00:00\",\"dateModified\":\"2021-01-11T08:50:55+00:00\",\"breadcrumb\":{\"@id\":\"https:\\\/\\\/dothoquynhanh.com\\\/?product=day-treo-xe-tuong-ngai-quan-am-bang-go-gu#breadcrumb\"},\"inLanguage\":\"vi\",\"potentialAction\":[{\"@type\":\"ReadAction\",\"target\":[\"https:\\\/\\\/dothoquynhanh.com\\\/?product=day-treo-xe-tuong-ngai-quan-am-bang-go-gu\"]}]},{\"@type\":\"ImageObject\",\"inLanguage\":\"vi\",\"@id\":\"https:\\\/\\\/dothoquynhanh.com\\\/?product=day-treo-xe-tuong-ngai-quan-am-bang-go-gu#primaryimage\",\"url\":\"https:\\\/\\\/dothoquynhanh.com\\\/wp-content\\\/uploads\\\/2020\\\/12\\\/Day-Treo-Xe-Tuong-Ngai-Quan-Am-Bang-Go-Gu.jpg\",\"contentUrl\":\"https:\\\/\\\/dothoquynhanh.com\\\/wp-content\\\/uploads\\\/2020\\\/12\\\/Day-Treo-Xe-Tuong-Ngai-Quan-Am-Bang-Go-Gu.jpg\",\"width\":340,\"height\":340},{\"@type\":\"BreadcrumbList\",\"@id\":\"https:\\\/\\\/dothoquynhanh.com\\\/?product=day-treo-xe-tuong-ngai-quan-am-bang-go-gu#breadcrumb\",\"itemListElement\":[{\"@type\":\"ListItem\",\"position\":1,\"name\":\"Trang ch\u1ee7\",\"item\":\"https:\\\/\\\/dothoquynhanh.com\\\/\"},{\"@type\":\"ListItem\",\"position\":2,\"name\":\"S\u1ea3n ph\u1ea9m\",\"item\":\"https:\\\/\\\/dothoquynhanh.com\\\/?page_id=64\"},{\"@type\":\"ListItem\",\"position\":3,\"name\":\"D\u00e2y Treo Xe T\u01b0\u1ee3ng Ng\u00e0i Quan \u00c2m B\u1eb1ng G\u1ed7 G\u1ee5\"}]},{\"@type\":\"WebSite\",\"@id\":\"https:\\\/\\\/dothoquynhanh.com\\\/#website\",\"url\":\"https:\\\/\\\/dothoquynhanh.com\\\/\",\"name\":\"dothoquynhanh\",\"description\":\"\u0110\u1ed2 TH\u1edc PHONG TH\u1ee6Y CAO C\u1ea4P QU\u1ef2NH ANH\",\"publisher\":{\"@id\":\"https:\\\/\\\/dothoquynhanh.com\\\/#\\\/schema\\\/person\\\/9a6a0bff9151168cc437e710214dc286\"},\"potentialAction\":[{\"@type\":\"SearchAction\",\"target\":{\"@type\":\"EntryPoint\",\"urlTemplate\":\"https:\\\/\\\/dothoquynhanh.com\\\/?s={search_term_string}\"},\"query-input\":{\"@type\":\"PropertyValueSpecification\",\"valueRequired\":true,\"valueName\":\"search_term_string\"}}],\"inLanguage\":\"vi\"},{\"@type\":[\"Person\",\"Organization\"],\"@id\":\"https:\\\/\\\/dothoquynhanh.com\\\/#\\\/schema\\\/person\\\/9a6a0bff9151168cc437e710214dc286\",\"name\":\"Qu\u1ef3nh Anh\",\"image\":{\"@type\":\"ImageObject\",\"inLanguage\":\"vi\",\"@id\":\"https:\\\/\\\/secure.gravatar.com\\\/avatar\\\/a86689d41574456e4a65d69a1f70c64ef3172d5d71e939217b478f5347cec268?s=96&d=mm&r=g\",\"url\":\"https:\\\/\\\/secure.gravatar.com\\\/avatar\\\/a86689d41574456e4a65d69a1f70c64ef3172d5d71e939217b478f5347cec268?s=96&d=mm&r=g\",\"contentUrl\":\"https:\\\/\\\/secure.gravatar.com\\\/avatar\\\/a86689d41574456e4a65d69a1f70c64ef3172d5d71e939217b478f5347cec268?s=96&d=mm&r=g\",\"caption\":\"Qu\u1ef3nh Anh\"},\"logo\":{\"@id\":\"https:\\\/\\\/secure.gravatar.com\\\/avatar\\\/a86689d41574456e4a65d69a1f70c64ef3172d5d71e939217b478f5347cec268?s=96&d=mm&r=g\"},\"sameAs\":[\"https:\\\/\\\/dothoquynhanh.com\",\"admin\"]}]}<\/script>\n<!-- \/ Yoast SEO plugin. -->","yoast_head_json":{"title":"D\u00e2y Treo Xe T\u01b0\u1ee3ng Ng\u00e0i Quan \u00c2m B\u1eb1ng G\u1ed7 G\u1ee5 - dothoquynhanh","robots":{"index":"index","follow":"follow","max-snippet":"max-snippet:-1","max-image-preview":"max-image-preview:large","max-video-preview":"max-video-preview:-1"},"canonical":"https:\/\/dothoquynhanh.com\/?product=day-treo-xe-tuong-ngai-quan-am-bang-go-gu","og_locale":"vi_VN","og_type":"article","og_title":"D\u00e2y Treo Xe T\u01b0\u1ee3ng Ng\u00e0i Quan \u00c2m B\u1eb1ng G\u1ed7 G\u1ee5 - dothoquynhanh","og_description":"Giao h\u00e0ng t\u1eadn nh\u00e0  Ki\u1ec3m tra s\u1ea3n ph\u1ea9m tr\u01b0\u1edbc khi thanh to\u00e1n  \u01afu ti\u00ean gi\u00e1 t\u1ed1t khi mua v\u1ec1 cho \u0110\u1ea1o Tr\u00e0ng ho\u1eb7c Ch\u00f9a  Nh\u1eadn \u0111\u1eb7t h\u00e0ng theo y\u00eau c\u1ea7u qu\u00fd kh\u00e1ch.","og_url":"https:\/\/dothoquynhanh.com\/?product=day-treo-xe-tuong-ngai-quan-am-bang-go-gu","og_site_name":"dothoquynhanh","article_modified_time":"2021-01-11T08:50:55+00:00","og_image":[{"width":340,"height":340,"url":"https:\/\/dothoquynhanh.com\/wp-content\/uploads\/2020\/12\/Day-Treo-Xe-Tuong-Ngai-Quan-Am-Bang-Go-Gu.jpg","type":"image\/jpeg"}],"twitter_card":"summary_large_image","twitter_misc":{"\u01af\u1edbc t\u00ednh th\u1eddi gian \u0111\u1ecdc":"2 ph\u00fat"},"schema":{"@context":"https:\/\/schema.org","@graph":[{"@type":"WebPage","@id":"https:\/\/dothoquynhanh.com\/?product=day-treo-xe-tuong-ngai-quan-am-bang-go-gu","url":"https:\/\/dothoquynhanh.com\/?product=day-treo-xe-tuong-ngai-quan-am-bang-go-gu","name":"D\u00e2y Treo Xe T\u01b0\u1ee3ng Ng\u00e0i Quan \u00c2m B\u1eb1ng G\u1ed7 G\u1ee5 - dothoquynhanh","isPartOf":{"@id":"https:\/\/dothoquynhanh.com\/#website"},"primaryImageOfPage":{"@id":"https:\/\/dothoquynhanh.com\/?product=day-treo-xe-tuong-ngai-quan-am-bang-go-gu#primaryimage"},"image":{"@id":"https:\/\/dothoquynhanh.com\/?product=day-treo-xe-tuong-ngai-quan-am-bang-go-gu#primaryimage"},"thumbnailUrl":"https:\/\/dothoquynhanh.com\/wp-content\/uploads\/2020\/12\/Day-Treo-Xe-Tuong-Ngai-Quan-Am-Bang-Go-Gu.jpg","datePublished":"2020-12-21T07:53:38+00:00","dateModified":"2021-01-11T08:50:55+00:00","breadcrumb":{"@id":"https:\/\/dothoquynhanh.com\/?product=day-treo-xe-tuong-ngai-quan-am-bang-go-gu#breadcrumb"},"inLanguage":"vi","potentialAction":[{"@type":"ReadAction","target":["https:\/\/dothoquynhanh.com\/?product=day-treo-xe-tuong-ngai-quan-am-bang-go-gu"]}]},{"@type":"ImageObject","inLanguage":"vi","@id":"https:\/\/dothoquynhanh.com\/?product=day-treo-xe-tuong-ngai-quan-am-bang-go-gu#primaryimage","url":"https:\/\/dothoquynhanh.com\/wp-content\/uploads\/2020\/12\/Day-Treo-Xe-Tuong-Ngai-Quan-Am-Bang-Go-Gu.jpg","contentUrl":"https:\/\/dothoquynhanh.com\/wp-content\/uploads\/2020\/12\/Day-Treo-Xe-Tuong-Ngai-Quan-Am-Bang-Go-Gu.jpg","width":340,"height":340},{"@type":"BreadcrumbList","@id":"https:\/\/dothoquynhanh.com\/?product=day-treo-xe-tuong-ngai-quan-am-bang-go-gu#breadcrumb","itemListElement":[{"@type":"ListItem","position":1,"name":"Trang ch\u1ee7","item":"https:\/\/dothoquynhanh.com\/"},{"@type":"ListItem","position":2,"name":"S\u1ea3n ph\u1ea9m","item":"https:\/\/dothoquynhanh.com\/?page_id=64"},{"@type":"ListItem","position":3,"name":"D\u00e2y Treo Xe T\u01b0\u1ee3ng Ng\u00e0i Quan \u00c2m B\u1eb1ng G\u1ed7 G\u1ee5"}]},{"@type":"WebSite","@id":"https:\/\/dothoquynhanh.com\/#website","url":"https:\/\/dothoquynhanh.com\/","name":"dothoquynhanh","description":"\u0110\u1ed2 TH\u1edc PHONG TH\u1ee6Y CAO C\u1ea4P QU\u1ef2NH ANH","publisher":{"@id":"https:\/\/dothoquynhanh.com\/#\/schema\/person\/9a6a0bff9151168cc437e710214dc286"},"potentialAction":[{"@type":"SearchAction","target":{"@type":"EntryPoint","urlTemplate":"https:\/\/dothoquynhanh.com\/?s={search_term_string}"},"query-input":{"@type":"PropertyValueSpecification","valueRequired":true,"valueName":"search_term_string"}}],"inLanguage":"vi"},{"@type":["Person","Organization"],"@id":"https:\/\/dothoquynhanh.com\/#\/schema\/person\/9a6a0bff9151168cc437e710214dc286","name":"Qu\u1ef3nh Anh","image":{"@type":"ImageObject","inLanguage":"vi","@id":"https:\/\/secure.gravatar.com\/avatar\/a86689d41574456e4a65d69a1f70c64ef3172d5d71e939217b478f5347cec268?s=96&d=mm&r=g","url":"https:\/\/secure.gravatar.com\/avatar\/a86689d41574456e4a65d69a1f70c64ef3172d5d71e939217b478f5347cec268?s=96&d=mm&r=g","contentUrl":"https:\/\/secure.gravatar.com\/avatar\/a86689d41574456e4a65d69a1f70c64ef3172d5d71e939217b478f5347cec268?s=96&d=mm&r=g","caption":"Qu\u1ef3nh Anh"},"logo":{"@id":"https:\/\/secure.gravatar.com\/avatar\/a86689d41574456e4a65d69a1f70c64ef3172d5d71e939217b478f5347cec268?s=96&d=mm&r=g"},"sameAs":["https:\/\/dothoquynhanh.com","admin"]}]}},"_links":{"self":[{"href":"https:\/\/dothoquynhanh.com\/index.php?rest_route=\/wp\/v2\/product\/3448","targetHints":{"allow":["GET"]}}],"collection":[{"href":"https:\/\/dothoquynhanh.com\/index.php?rest_route=\/wp\/v2\/product"}],"about":[{"href":"https:\/\/dothoquynhanh.com\/index.php?rest_route=\/wp\/v2\/types\/product"}],"replies":[{"embeddable":true,"href":"https:\/\/dothoquynhanh.com\/index.php?rest_route=%2Fwp%2Fv2%2Fcomments&post=3448"}],"wp:featuredmedia":[{"embeddable":true,"href":"https:\/\/dothoquynhanh.com\/index.php?rest_route=\/wp\/v2\/media\/3449"}],"wp:attachment":[{"href":"https:\/\/dothoquynhanh.com\/index.php?rest_route=%2Fwp%2Fv2%2Fmedia&parent=3448"}],"wp:term":[{"taxonomy":"product_brand","embeddable":true,"href":"https:\/\/dothoquynhanh.com\/index.php?rest_route=%2Fwp%2Fv2%2Fproduct_brand&post=3448"},{"taxonomy":"product_cat","embeddable":true,"href":"https:\/\/dothoquynhanh.com\/index.php?rest_route=%2Fwp%2Fv2%2Fproduct_cat&post=3448"},{"taxonomy":"product_tag","embeddable":true,"href":"https:\/\/dothoquynhanh.com\/index.php?rest_route=%2Fwp%2Fv2%2Fproduct_tag&post=3448"}],"curies":[{"name":"wp","href":"https:\/\/api.w.org\/{rel}","templated":true}]}}