{"id":3372,"date":"2020-12-16T08:34:29","date_gmt":"2020-12-16T08:34:29","guid":{"rendered":"https:\/\/dothoquynhanh.com\/?post_type=product&#038;p=3372"},"modified":"2021-01-11T09:16:56","modified_gmt":"2021-01-11T09:16:56","slug":"bat-huong-su-trang-tam-kinh-vang","status":"publish","type":"product","link":"https:\/\/dothoquynhanh.com\/?product=bat-huong-su-trang-tam-kinh-vang","title":{"rendered":"B\u00e1t H\u01b0\u01a1ng S\u1ee9 Tr\u1eafng T\u00e2m Kinh V\u00e0ng"},"content":{"rendered":"<p><img loading=\"lazy\" decoding=\"async\" src=\"http:\/\/dothoquynhanh.com\/wp-content\/uploads\/2020\/12\/Bat-Huong-Su-Trang-Tam-Kinh-Vang-400x400.jpg\" alt=\"\" width=\"400\" height=\"400\" class=\"alignnone size-medium wp-image-3373\" srcset=\"https:\/\/dothoquynhanh.com\/wp-content\/uploads\/2020\/12\/Bat-Huong-Su-Trang-Tam-Kinh-Vang-400x400.jpg 400w, https:\/\/dothoquynhanh.com\/wp-content\/uploads\/2020\/12\/Bat-Huong-Su-Trang-Tam-Kinh-Vang-280x280.jpg 280w, https:\/\/dothoquynhanh.com\/wp-content\/uploads\/2020\/12\/Bat-Huong-Su-Trang-Tam-Kinh-Vang-768x768.jpg 768w, https:\/\/dothoquynhanh.com\/wp-content\/uploads\/2020\/12\/Bat-Huong-Su-Trang-Tam-Kinh-Vang-510x510.jpg 510w, https:\/\/dothoquynhanh.com\/wp-content\/uploads\/2020\/12\/Bat-Huong-Su-Trang-Tam-Kinh-Vang-100x100.jpg 100w, https:\/\/dothoquynhanh.com\/wp-content\/uploads\/2020\/12\/Bat-Huong-Su-Trang-Tam-Kinh-Vang.jpg 800w\" sizes=\"auto, (max-width: 400px) 100vw, 400px\" \/><br \/>\n Giao h\u00e0ng t\u1eadn nh\u00e0<br \/>\n Ki\u1ec3m tra h\u00e0ng, \u01b0ng \u00fd m\u1edbi thanh to\u00e1n<br \/>\n \u0110\u1ea1o Tr\u00e0ng, Ch\u00f9a khi mua s\u1ed1 l\u01b0\u1ee3ng s\u1ebd c\u00f3 gi\u00e1 \u0111\u1eb7c bi\u1ec7t<br \/>\n Nh\u1eadn \u0111\u1eb7t s\u1ea3n ph\u1ea9m ri\u00eang theo y\u00eau c\u1ea7u.<\/p>\n","protected":false},"excerpt":{"rendered":"<p> Giao h\u00e0ng t\u1eadn nh\u00e0<br \/>\n Ki\u1ec3m tra h\u00e0ng, \u01b0ng \u00fd m\u1edbi thanh to\u00e1n<br \/>\n \u0110\u1ea1o Tr\u00e0ng, Ch\u00f9a khi mua s\u1ed1 l\u01b0\u1ee3ng s\u1ebd c\u00f3 gi\u00e1 \u0111\u1eb7c bi\u1ec7t<br \/>\n Nh\u1eadn \u0111\u1eb7t s\u1ea3n ph\u1ea9m ri\u00eang theo y\u00eau c\u1ea7u.<\/p>\n","protected":false},"featured_media":3373,"comment_status":"open","ping_status":"closed","template":"","meta":[],"product_brand":[],"product_cat":[541],"product_tag":[],"class_list":{"0":"post-3372","1":"product","2":"type-product","3":"status-publish","4":"has-post-thumbnail","6":"product_cat-bat-huong-lu-huong","8":"first","9":"instock","10":"shipping-taxable","11":"purchasable","12":"product-type-simple"},"yoast_head":"<!-- This site is optimized with the Yoast SEO plugin v27.5 - https:\/\/yoast.com\/product\/yoast-seo-wordpress\/ -->\n<title>B\u00e1t H\u01b0\u01a1ng S\u1ee9 Tr\u1eafng T\u00e2m Kinh V\u00e0ng - dothoquynhanh<\/title>\n<meta name=\"robots\" content=\"index, follow, max-snippet:-1, max-image-preview:large, max-video-preview:-1\" \/>\n<link rel=\"canonical\" href=\"https:\/\/dothoquynhanh.com\/?product=bat-huong-su-trang-tam-kinh-vang\" \/>\n<meta property=\"og:locale\" content=\"vi_VN\" \/>\n<meta property=\"og:type\" content=\"article\" \/>\n<meta property=\"og:title\" content=\"B\u00e1t H\u01b0\u01a1ng S\u1ee9 Tr\u1eafng T\u00e2m Kinh V\u00e0ng - dothoquynhanh\" \/>\n<meta property=\"og:description\" content=\"Giao h\u00e0ng t\u1eadn nh\u00e0  Ki\u1ec3m tra h\u00e0ng, \u01b0ng \u00fd m\u1edbi thanh to\u00e1n  \u0110\u1ea1o Tr\u00e0ng, Ch\u00f9a khi mua s\u1ed1 l\u01b0\u1ee3ng s\u1ebd c\u00f3 gi\u00e1 \u0111\u1eb7c bi\u1ec7t  Nh\u1eadn \u0111\u1eb7t s\u1ea3n ph\u1ea9m ri\u00eang theo y\u00eau c\u1ea7u.\" \/>\n<meta property=\"og:url\" content=\"https:\/\/dothoquynhanh.com\/?product=bat-huong-su-trang-tam-kinh-vang\" \/>\n<meta property=\"og:site_name\" content=\"dothoquynhanh\" \/>\n<meta property=\"article:modified_time\" content=\"2021-01-11T09:16:56+00:00\" \/>\n<meta property=\"og:image\" content=\"https:\/\/dothoquynhanh.com\/wp-content\/uploads\/2020\/12\/Bat-Huong-Su-Trang-Tam-Kinh-Vang.jpg\" \/>\n\t<meta property=\"og:image:width\" content=\"800\" \/>\n\t<meta property=\"og:image:height\" content=\"800\" \/>\n\t<meta property=\"og:image:type\" content=\"image\/jpeg\" \/>\n<meta name=\"twitter:card\" content=\"summary_large_image\" \/>\n<script type=\"application\/ld+json\" class=\"yoast-schema-graph\">{\"@context\":\"https:\\\/\\\/schema.org\",\"@graph\":[{\"@type\":\"WebPage\",\"@id\":\"https:\\\/\\\/dothoquynhanh.com\\\/?product=bat-huong-su-trang-tam-kinh-vang\",\"url\":\"https:\\\/\\\/dothoquynhanh.com\\\/?product=bat-huong-su-trang-tam-kinh-vang\",\"name\":\"B\u00e1t H\u01b0\u01a1ng S\u1ee9 Tr\u1eafng T\u00e2m Kinh V\u00e0ng - dothoquynhanh\",\"isPartOf\":{\"@id\":\"https:\\\/\\\/dothoquynhanh.com\\\/#website\"},\"primaryImageOfPage\":{\"@id\":\"https:\\\/\\\/dothoquynhanh.com\\\/?product=bat-huong-su-trang-tam-kinh-vang#primaryimage\"},\"image\":{\"@id\":\"https:\\\/\\\/dothoquynhanh.com\\\/?product=bat-huong-su-trang-tam-kinh-vang#primaryimage\"},\"thumbnailUrl\":\"https:\\\/\\\/dothoquynhanh.com\\\/wp-content\\\/uploads\\\/2020\\\/12\\\/Bat-Huong-Su-Trang-Tam-Kinh-Vang.jpg\",\"datePublished\":\"2020-12-16T08:34:29+00:00\",\"dateModified\":\"2021-01-11T09:16:56+00:00\",\"breadcrumb\":{\"@id\":\"https:\\\/\\\/dothoquynhanh.com\\\/?product=bat-huong-su-trang-tam-kinh-vang#breadcrumb\"},\"inLanguage\":\"vi\",\"potentialAction\":[{\"@type\":\"ReadAction\",\"target\":[\"https:\\\/\\\/dothoquynhanh.com\\\/?product=bat-huong-su-trang-tam-kinh-vang\"]}]},{\"@type\":\"ImageObject\",\"inLanguage\":\"vi\",\"@id\":\"https:\\\/\\\/dothoquynhanh.com\\\/?product=bat-huong-su-trang-tam-kinh-vang#primaryimage\",\"url\":\"https:\\\/\\\/dothoquynhanh.com\\\/wp-content\\\/uploads\\\/2020\\\/12\\\/Bat-Huong-Su-Trang-Tam-Kinh-Vang.jpg\",\"contentUrl\":\"https:\\\/\\\/dothoquynhanh.com\\\/wp-content\\\/uploads\\\/2020\\\/12\\\/Bat-Huong-Su-Trang-Tam-Kinh-Vang.jpg\",\"width\":800,\"height\":800},{\"@type\":\"BreadcrumbList\",\"@id\":\"https:\\\/\\\/dothoquynhanh.com\\\/?product=bat-huong-su-trang-tam-kinh-vang#breadcrumb\",\"itemListElement\":[{\"@type\":\"ListItem\",\"position\":1,\"name\":\"Trang ch\u1ee7\",\"item\":\"https:\\\/\\\/dothoquynhanh.com\\\/\"},{\"@type\":\"ListItem\",\"position\":2,\"name\":\"S\u1ea3n ph\u1ea9m\",\"item\":\"https:\\\/\\\/dothoquynhanh.com\\\/?page_id=64\"},{\"@type\":\"ListItem\",\"position\":3,\"name\":\"B\u00e1t H\u01b0\u01a1ng S\u1ee9 Tr\u1eafng T\u00e2m Kinh V\u00e0ng\"}]},{\"@type\":\"WebSite\",\"@id\":\"https:\\\/\\\/dothoquynhanh.com\\\/#website\",\"url\":\"https:\\\/\\\/dothoquynhanh.com\\\/\",\"name\":\"dothoquynhanh\",\"description\":\"\u0110\u1ed2 TH\u1edc PHONG TH\u1ee6Y CAO C\u1ea4P QU\u1ef2NH ANH\",\"publisher\":{\"@id\":\"https:\\\/\\\/dothoquynhanh.com\\\/#\\\/schema\\\/person\\\/9a6a0bff9151168cc437e710214dc286\"},\"potentialAction\":[{\"@type\":\"SearchAction\",\"target\":{\"@type\":\"EntryPoint\",\"urlTemplate\":\"https:\\\/\\\/dothoquynhanh.com\\\/?s={search_term_string}\"},\"query-input\":{\"@type\":\"PropertyValueSpecification\",\"valueRequired\":true,\"valueName\":\"search_term_string\"}}],\"inLanguage\":\"vi\"},{\"@type\":[\"Person\",\"Organization\"],\"@id\":\"https:\\\/\\\/dothoquynhanh.com\\\/#\\\/schema\\\/person\\\/9a6a0bff9151168cc437e710214dc286\",\"name\":\"Qu\u1ef3nh Anh\",\"image\":{\"@type\":\"ImageObject\",\"inLanguage\":\"vi\",\"@id\":\"https:\\\/\\\/secure.gravatar.com\\\/avatar\\\/a86689d41574456e4a65d69a1f70c64ef3172d5d71e939217b478f5347cec268?s=96&d=mm&r=g\",\"url\":\"https:\\\/\\\/secure.gravatar.com\\\/avatar\\\/a86689d41574456e4a65d69a1f70c64ef3172d5d71e939217b478f5347cec268?s=96&d=mm&r=g\",\"contentUrl\":\"https:\\\/\\\/secure.gravatar.com\\\/avatar\\\/a86689d41574456e4a65d69a1f70c64ef3172d5d71e939217b478f5347cec268?s=96&d=mm&r=g\",\"caption\":\"Qu\u1ef3nh Anh\"},\"logo\":{\"@id\":\"https:\\\/\\\/secure.gravatar.com\\\/avatar\\\/a86689d41574456e4a65d69a1f70c64ef3172d5d71e939217b478f5347cec268?s=96&d=mm&r=g\"},\"sameAs\":[\"https:\\\/\\\/dothoquynhanh.com\",\"admin\"]}]}<\/script>\n<!-- \/ Yoast SEO plugin. -->","yoast_head_json":{"title":"B\u00e1t H\u01b0\u01a1ng S\u1ee9 Tr\u1eafng T\u00e2m Kinh V\u00e0ng - dothoquynhanh","robots":{"index":"index","follow":"follow","max-snippet":"max-snippet:-1","max-image-preview":"max-image-preview:large","max-video-preview":"max-video-preview:-1"},"canonical":"https:\/\/dothoquynhanh.com\/?product=bat-huong-su-trang-tam-kinh-vang","og_locale":"vi_VN","og_type":"article","og_title":"B\u00e1t H\u01b0\u01a1ng S\u1ee9 Tr\u1eafng T\u00e2m Kinh V\u00e0ng - dothoquynhanh","og_description":"Giao h\u00e0ng t\u1eadn nh\u00e0  Ki\u1ec3m tra h\u00e0ng, \u01b0ng \u00fd m\u1edbi thanh to\u00e1n  \u0110\u1ea1o Tr\u00e0ng, Ch\u00f9a khi mua s\u1ed1 l\u01b0\u1ee3ng s\u1ebd c\u00f3 gi\u00e1 \u0111\u1eb7c bi\u1ec7t  Nh\u1eadn \u0111\u1eb7t s\u1ea3n ph\u1ea9m ri\u00eang theo y\u00eau c\u1ea7u.","og_url":"https:\/\/dothoquynhanh.com\/?product=bat-huong-su-trang-tam-kinh-vang","og_site_name":"dothoquynhanh","article_modified_time":"2021-01-11T09:16:56+00:00","og_image":[{"width":800,"height":800,"url":"https:\/\/dothoquynhanh.com\/wp-content\/uploads\/2020\/12\/Bat-Huong-Su-Trang-Tam-Kinh-Vang.jpg","type":"image\/jpeg"}],"twitter_card":"summary_large_image","schema":{"@context":"https:\/\/schema.org","@graph":[{"@type":"WebPage","@id":"https:\/\/dothoquynhanh.com\/?product=bat-huong-su-trang-tam-kinh-vang","url":"https:\/\/dothoquynhanh.com\/?product=bat-huong-su-trang-tam-kinh-vang","name":"B\u00e1t H\u01b0\u01a1ng S\u1ee9 Tr\u1eafng T\u00e2m Kinh V\u00e0ng - dothoquynhanh","isPartOf":{"@id":"https:\/\/dothoquynhanh.com\/#website"},"primaryImageOfPage":{"@id":"https:\/\/dothoquynhanh.com\/?product=bat-huong-su-trang-tam-kinh-vang#primaryimage"},"image":{"@id":"https:\/\/dothoquynhanh.com\/?product=bat-huong-su-trang-tam-kinh-vang#primaryimage"},"thumbnailUrl":"https:\/\/dothoquynhanh.com\/wp-content\/uploads\/2020\/12\/Bat-Huong-Su-Trang-Tam-Kinh-Vang.jpg","datePublished":"2020-12-16T08:34:29+00:00","dateModified":"2021-01-11T09:16:56+00:00","breadcrumb":{"@id":"https:\/\/dothoquynhanh.com\/?product=bat-huong-su-trang-tam-kinh-vang#breadcrumb"},"inLanguage":"vi","potentialAction":[{"@type":"ReadAction","target":["https:\/\/dothoquynhanh.com\/?product=bat-huong-su-trang-tam-kinh-vang"]}]},{"@type":"ImageObject","inLanguage":"vi","@id":"https:\/\/dothoquynhanh.com\/?product=bat-huong-su-trang-tam-kinh-vang#primaryimage","url":"https:\/\/dothoquynhanh.com\/wp-content\/uploads\/2020\/12\/Bat-Huong-Su-Trang-Tam-Kinh-Vang.jpg","contentUrl":"https:\/\/dothoquynhanh.com\/wp-content\/uploads\/2020\/12\/Bat-Huong-Su-Trang-Tam-Kinh-Vang.jpg","width":800,"height":800},{"@type":"BreadcrumbList","@id":"https:\/\/dothoquynhanh.com\/?product=bat-huong-su-trang-tam-kinh-vang#breadcrumb","itemListElement":[{"@type":"ListItem","position":1,"name":"Trang ch\u1ee7","item":"https:\/\/dothoquynhanh.com\/"},{"@type":"ListItem","position":2,"name":"S\u1ea3n ph\u1ea9m","item":"https:\/\/dothoquynhanh.com\/?page_id=64"},{"@type":"ListItem","position":3,"name":"B\u00e1t H\u01b0\u01a1ng S\u1ee9 Tr\u1eafng T\u00e2m Kinh V\u00e0ng"}]},{"@type":"WebSite","@id":"https:\/\/dothoquynhanh.com\/#website","url":"https:\/\/dothoquynhanh.com\/","name":"dothoquynhanh","description":"\u0110\u1ed2 TH\u1edc PHONG TH\u1ee6Y CAO C\u1ea4P QU\u1ef2NH ANH","publisher":{"@id":"https:\/\/dothoquynhanh.com\/#\/schema\/person\/9a6a0bff9151168cc437e710214dc286"},"potentialAction":[{"@type":"SearchAction","target":{"@type":"EntryPoint","urlTemplate":"https:\/\/dothoquynhanh.com\/?s={search_term_string}"},"query-input":{"@type":"PropertyValueSpecification","valueRequired":true,"valueName":"search_term_string"}}],"inLanguage":"vi"},{"@type":["Person","Organization"],"@id":"https:\/\/dothoquynhanh.com\/#\/schema\/person\/9a6a0bff9151168cc437e710214dc286","name":"Qu\u1ef3nh Anh","image":{"@type":"ImageObject","inLanguage":"vi","@id":"https:\/\/secure.gravatar.com\/avatar\/a86689d41574456e4a65d69a1f70c64ef3172d5d71e939217b478f5347cec268?s=96&d=mm&r=g","url":"https:\/\/secure.gravatar.com\/avatar\/a86689d41574456e4a65d69a1f70c64ef3172d5d71e939217b478f5347cec268?s=96&d=mm&r=g","contentUrl":"https:\/\/secure.gravatar.com\/avatar\/a86689d41574456e4a65d69a1f70c64ef3172d5d71e939217b478f5347cec268?s=96&d=mm&r=g","caption":"Qu\u1ef3nh Anh"},"logo":{"@id":"https:\/\/secure.gravatar.com\/avatar\/a86689d41574456e4a65d69a1f70c64ef3172d5d71e939217b478f5347cec268?s=96&d=mm&r=g"},"sameAs":["https:\/\/dothoquynhanh.com","admin"]}]}},"_links":{"self":[{"href":"https:\/\/dothoquynhanh.com\/index.php?rest_route=\/wp\/v2\/product\/3372","targetHints":{"allow":["GET"]}}],"collection":[{"href":"https:\/\/dothoquynhanh.com\/index.php?rest_route=\/wp\/v2\/product"}],"about":[{"href":"https:\/\/dothoquynhanh.com\/index.php?rest_route=\/wp\/v2\/types\/product"}],"replies":[{"embeddable":true,"href":"https:\/\/dothoquynhanh.com\/index.php?rest_route=%2Fwp%2Fv2%2Fcomments&post=3372"}],"wp:featuredmedia":[{"embeddable":true,"href":"https:\/\/dothoquynhanh.com\/index.php?rest_route=\/wp\/v2\/media\/3373"}],"wp:attachment":[{"href":"https:\/\/dothoquynhanh.com\/index.php?rest_route=%2Fwp%2Fv2%2Fmedia&parent=3372"}],"wp:term":[{"taxonomy":"product_brand","embeddable":true,"href":"https:\/\/dothoquynhanh.com\/index.php?rest_route=%2Fwp%2Fv2%2Fproduct_brand&post=3372"},{"taxonomy":"product_cat","embeddable":true,"href":"https:\/\/dothoquynhanh.com\/index.php?rest_route=%2Fwp%2Fv2%2Fproduct_cat&post=3372"},{"taxonomy":"product_tag","embeddable":true,"href":"https:\/\/dothoquynhanh.com\/index.php?rest_route=%2Fwp%2Fv2%2Fproduct_tag&post=3372"}],"curies":[{"name":"wp","href":"https:\/\/api.w.org\/{rel}","templated":true}]}}