{"id":3364,"date":"2020-12-16T08:22:40","date_gmt":"2020-12-16T08:22:40","guid":{"rendered":"https:\/\/dothoquynhanh.com\/?post_type=product&#038;p=3364"},"modified":"2021-01-11T09:18:04","modified_gmt":"2021-01-11T09:18:04","slug":"bat-huong-bat-nhang-luu-ly-mau-vang","status":"publish","type":"product","link":"https:\/\/dothoquynhanh.com\/?product=bat-huong-bat-nhang-luu-ly-mau-vang","title":{"rendered":"B\u00e1t H\u01b0\u01a1ng (B\u00e1t Nhang) L\u01b0u Ly M\u00e0u V\u00e0ng"},"content":{"rendered":"<p><img loading=\"lazy\" decoding=\"async\" src=\"http:\/\/dothoquynhanh.com\/wp-content\/uploads\/2020\/12\/Bat-Huong-Bat-Nhang-Luu-Ly-Mau-Vang-400x400.jpg\" alt=\"\" width=\"400\" height=\"400\" class=\"alignnone size-medium wp-image-3365\" srcset=\"https:\/\/dothoquynhanh.com\/wp-content\/uploads\/2020\/12\/Bat-Huong-Bat-Nhang-Luu-Ly-Mau-Vang-400x400.jpg 400w, https:\/\/dothoquynhanh.com\/wp-content\/uploads\/2020\/12\/Bat-Huong-Bat-Nhang-Luu-Ly-Mau-Vang-280x280.jpg 280w, https:\/\/dothoquynhanh.com\/wp-content\/uploads\/2020\/12\/Bat-Huong-Bat-Nhang-Luu-Ly-Mau-Vang-768x768.jpg 768w, https:\/\/dothoquynhanh.com\/wp-content\/uploads\/2020\/12\/Bat-Huong-Bat-Nhang-Luu-Ly-Mau-Vang-510x510.jpg 510w, https:\/\/dothoquynhanh.com\/wp-content\/uploads\/2020\/12\/Bat-Huong-Bat-Nhang-Luu-Ly-Mau-Vang-100x100.jpg 100w, https:\/\/dothoquynhanh.com\/wp-content\/uploads\/2020\/12\/Bat-Huong-Bat-Nhang-Luu-Ly-Mau-Vang.jpg 800w\" sizes=\"auto, (max-width: 400px) 100vw, 400px\" \/><br \/>\nB\u00e1t H\u01b0\u01a1ng (B\u00e1t Nhang) L\u01b0u Ly M\u00e0u V\u00e0ng<br \/>\n B\u00e1t h\u01b0\u01a1ng hoa sen v\u00e0ng ch\u1ea1m kh\u1eafc n\u1ed5i<br \/>\n M\u1ea7u s\u1eafc n\u1ed5i b\u1eadt, c\u00e1c chi ti\u1ebfn \u0111\u01b0\u1eddng n\u00e9t hoa v\u0103n, h\u1ecda ti\u1ebft \u0111\u01b0\u1ee3c ch\u1ebf t\u00e1c t\u1ec9 m\u1ec9, tinh x\u1ea3o<br \/>\n S\u1ea3n ph\u1ea9m \u0111\u01b0\u1ee3c l\u00e0m t\u1eeb l\u01b0u ly cao c\u1ea5p, ch\u1eafc ch\u1eafn, b\u1ec1n \u0111\u1eb9p theo th\u1eddi gian<br \/>\n K\u00edch Th\u01b0\u1edbc: Nhi\u1ec1u K\u00edch C\u1ee1<br \/>\n H\u00e0ng giao t\u1eadn tay<br \/>\n \u0110\u01b0\u1ee3c ki\u1ec3m tra s\u1ea3n ph\u1ea9m tr\u01b0\u1edbc<br \/>\n Mua s\u1ed1 l\u01b0\u1ee3ng l\u1edbn c\u00f3 \u01b0u \u0111\u00e3i ri\u00eang<br \/>\n Nh\u1eadn \u0111\u1eb7t h\u00e0ng theo y\u00eau c\u1ea7u qu\u00fd kh\u00e1ch.<br \/>\nTH\u00d4NG TIN B\u1ed4 SUNG<br \/>\n\u0110\u1ed2 TH\u1edc &#8211; CH\u1ea4T LI\u1ec6U<br \/>\nL\u01b0u Ly<\/p>\n<p>CH\u1eccN SIZE<br \/>\n4.5inch (D mi\u1ec7ng 9.8cm), 6inch (D mi\u1ec7ng 13cm), 7inch (D mi\u1ec7ng 15cm)<\/p>\n","protected":false},"excerpt":{"rendered":"<p> B\u00e1t h\u01b0\u01a1ng hoa sen v\u00e0ng ch\u1ea1m kh\u1eafc n\u1ed5i<br \/>\n M\u1ea7u s\u1eafc n\u1ed5i b\u1eadt, c\u00e1c chi ti\u1ebfn \u0111\u01b0\u1eddng n\u00e9t hoa v\u0103n, h\u1ecda ti\u1ebft \u0111\u01b0\u1ee3c ch\u1ebf t\u00e1c t\u1ec9 m\u1ec9, tinh x\u1ea3o<br \/>\n S\u1ea3n ph\u1ea9m \u0111\u01b0\u1ee3c l\u00e0m t\u1eeb l\u01b0u ly cao c\u1ea5p, ch\u1eafc ch\u1eafn, b\u1ec1n \u0111\u1eb9p theo th\u1eddi gian<br \/>\n K\u00edch Th\u01b0\u1edbc: Nhi\u1ec1u K\u00edch C\u1ee1<\/p>\n","protected":false},"featured_media":3365,"comment_status":"open","ping_status":"closed","template":"","meta":[],"product_brand":[],"product_cat":[541,15],"product_tag":[],"class_list":{"0":"post-3364","1":"product","2":"type-product","3":"status-publish","4":"has-post-thumbnail","6":"product_cat-bat-huong-lu-huong","7":"product_cat-top-san-pham-ban-chay","9":"first","10":"instock","11":"shipping-taxable","12":"purchasable","13":"product-type-simple"},"yoast_head":"<!-- This site is optimized with the Yoast SEO plugin v27.5 - https:\/\/yoast.com\/product\/yoast-seo-wordpress\/ -->\n<title>B\u00e1t H\u01b0\u01a1ng (B\u00e1t Nhang) L\u01b0u Ly M\u00e0u V\u00e0ng - dothoquynhanh<\/title>\n<meta name=\"robots\" content=\"index, follow, max-snippet:-1, max-image-preview:large, max-video-preview:-1\" \/>\n<link rel=\"canonical\" href=\"https:\/\/dothoquynhanh.com\/?product=bat-huong-bat-nhang-luu-ly-mau-vang\" \/>\n<meta property=\"og:locale\" content=\"vi_VN\" \/>\n<meta property=\"og:type\" content=\"article\" \/>\n<meta property=\"og:title\" content=\"B\u00e1t H\u01b0\u01a1ng (B\u00e1t Nhang) L\u01b0u Ly M\u00e0u V\u00e0ng - dothoquynhanh\" \/>\n<meta property=\"og:description\" content=\"B\u00e1t h\u01b0\u01a1ng hoa sen v\u00e0ng ch\u1ea1m kh\u1eafc n\u1ed5i  M\u1ea7u s\u1eafc n\u1ed5i b\u1eadt, c\u00e1c chi ti\u1ebfn \u0111\u01b0\u1eddng n\u00e9t hoa v\u0103n, h\u1ecda ti\u1ebft \u0111\u01b0\u1ee3c ch\u1ebf t\u00e1c t\u1ec9 m\u1ec9, tinh x\u1ea3o  S\u1ea3n ph\u1ea9m \u0111\u01b0\u1ee3c l\u00e0m t\u1eeb l\u01b0u ly cao c\u1ea5p, ch\u1eafc ch\u1eafn, b\u1ec1n \u0111\u1eb9p theo th\u1eddi gian  K\u00edch Th\u01b0\u1edbc: Nhi\u1ec1u K\u00edch C\u1ee1\" \/>\n<meta property=\"og:url\" content=\"https:\/\/dothoquynhanh.com\/?product=bat-huong-bat-nhang-luu-ly-mau-vang\" \/>\n<meta property=\"og:site_name\" content=\"dothoquynhanh\" \/>\n<meta property=\"article:modified_time\" content=\"2021-01-11T09:18:04+00:00\" \/>\n<meta property=\"og:image\" content=\"https:\/\/dothoquynhanh.com\/wp-content\/uploads\/2020\/12\/Bat-Huong-Bat-Nhang-Luu-Ly-Mau-Vang.jpg\" \/>\n\t<meta property=\"og:image:width\" content=\"800\" \/>\n\t<meta property=\"og:image:height\" content=\"800\" \/>\n\t<meta property=\"og:image:type\" content=\"image\/jpeg\" \/>\n<meta name=\"twitter:card\" content=\"summary_large_image\" \/>\n<meta name=\"twitter:label1\" content=\"\u01af\u1edbc t\u00ednh th\u1eddi gian \u0111\u1ecdc\" \/>\n\t<meta name=\"twitter:data1\" content=\"1 ph\u00fat\" \/>\n<script type=\"application\/ld+json\" class=\"yoast-schema-graph\">{\"@context\":\"https:\\\/\\\/schema.org\",\"@graph\":[{\"@type\":\"WebPage\",\"@id\":\"https:\\\/\\\/dothoquynhanh.com\\\/?product=bat-huong-bat-nhang-luu-ly-mau-vang\",\"url\":\"https:\\\/\\\/dothoquynhanh.com\\\/?product=bat-huong-bat-nhang-luu-ly-mau-vang\",\"name\":\"B\u00e1t H\u01b0\u01a1ng (B\u00e1t Nhang) L\u01b0u Ly M\u00e0u V\u00e0ng - dothoquynhanh\",\"isPartOf\":{\"@id\":\"https:\\\/\\\/dothoquynhanh.com\\\/#website\"},\"primaryImageOfPage\":{\"@id\":\"https:\\\/\\\/dothoquynhanh.com\\\/?product=bat-huong-bat-nhang-luu-ly-mau-vang#primaryimage\"},\"image\":{\"@id\":\"https:\\\/\\\/dothoquynhanh.com\\\/?product=bat-huong-bat-nhang-luu-ly-mau-vang#primaryimage\"},\"thumbnailUrl\":\"https:\\\/\\\/dothoquynhanh.com\\\/wp-content\\\/uploads\\\/2020\\\/12\\\/Bat-Huong-Bat-Nhang-Luu-Ly-Mau-Vang.jpg\",\"datePublished\":\"2020-12-16T08:22:40+00:00\",\"dateModified\":\"2021-01-11T09:18:04+00:00\",\"breadcrumb\":{\"@id\":\"https:\\\/\\\/dothoquynhanh.com\\\/?product=bat-huong-bat-nhang-luu-ly-mau-vang#breadcrumb\"},\"inLanguage\":\"vi\",\"potentialAction\":[{\"@type\":\"ReadAction\",\"target\":[\"https:\\\/\\\/dothoquynhanh.com\\\/?product=bat-huong-bat-nhang-luu-ly-mau-vang\"]}]},{\"@type\":\"ImageObject\",\"inLanguage\":\"vi\",\"@id\":\"https:\\\/\\\/dothoquynhanh.com\\\/?product=bat-huong-bat-nhang-luu-ly-mau-vang#primaryimage\",\"url\":\"https:\\\/\\\/dothoquynhanh.com\\\/wp-content\\\/uploads\\\/2020\\\/12\\\/Bat-Huong-Bat-Nhang-Luu-Ly-Mau-Vang.jpg\",\"contentUrl\":\"https:\\\/\\\/dothoquynhanh.com\\\/wp-content\\\/uploads\\\/2020\\\/12\\\/Bat-Huong-Bat-Nhang-Luu-Ly-Mau-Vang.jpg\",\"width\":800,\"height\":800},{\"@type\":\"BreadcrumbList\",\"@id\":\"https:\\\/\\\/dothoquynhanh.com\\\/?product=bat-huong-bat-nhang-luu-ly-mau-vang#breadcrumb\",\"itemListElement\":[{\"@type\":\"ListItem\",\"position\":1,\"name\":\"Trang ch\u1ee7\",\"item\":\"https:\\\/\\\/dothoquynhanh.com\\\/\"},{\"@type\":\"ListItem\",\"position\":2,\"name\":\"S\u1ea3n ph\u1ea9m\",\"item\":\"https:\\\/\\\/dothoquynhanh.com\\\/?page_id=64\"},{\"@type\":\"ListItem\",\"position\":3,\"name\":\"B\u00e1t H\u01b0\u01a1ng (B\u00e1t Nhang) L\u01b0u Ly M\u00e0u V\u00e0ng\"}]},{\"@type\":\"WebSite\",\"@id\":\"https:\\\/\\\/dothoquynhanh.com\\\/#website\",\"url\":\"https:\\\/\\\/dothoquynhanh.com\\\/\",\"name\":\"dothoquynhanh\",\"description\":\"\u0110\u1ed2 TH\u1edc PHONG TH\u1ee6Y CAO C\u1ea4P QU\u1ef2NH ANH\",\"publisher\":{\"@id\":\"https:\\\/\\\/dothoquynhanh.com\\\/#\\\/schema\\\/person\\\/9a6a0bff9151168cc437e710214dc286\"},\"potentialAction\":[{\"@type\":\"SearchAction\",\"target\":{\"@type\":\"EntryPoint\",\"urlTemplate\":\"https:\\\/\\\/dothoquynhanh.com\\\/?s={search_term_string}\"},\"query-input\":{\"@type\":\"PropertyValueSpecification\",\"valueRequired\":true,\"valueName\":\"search_term_string\"}}],\"inLanguage\":\"vi\"},{\"@type\":[\"Person\",\"Organization\"],\"@id\":\"https:\\\/\\\/dothoquynhanh.com\\\/#\\\/schema\\\/person\\\/9a6a0bff9151168cc437e710214dc286\",\"name\":\"Qu\u1ef3nh Anh\",\"image\":{\"@type\":\"ImageObject\",\"inLanguage\":\"vi\",\"@id\":\"https:\\\/\\\/secure.gravatar.com\\\/avatar\\\/a86689d41574456e4a65d69a1f70c64ef3172d5d71e939217b478f5347cec268?s=96&d=mm&r=g\",\"url\":\"https:\\\/\\\/secure.gravatar.com\\\/avatar\\\/a86689d41574456e4a65d69a1f70c64ef3172d5d71e939217b478f5347cec268?s=96&d=mm&r=g\",\"contentUrl\":\"https:\\\/\\\/secure.gravatar.com\\\/avatar\\\/a86689d41574456e4a65d69a1f70c64ef3172d5d71e939217b478f5347cec268?s=96&d=mm&r=g\",\"caption\":\"Qu\u1ef3nh Anh\"},\"logo\":{\"@id\":\"https:\\\/\\\/secure.gravatar.com\\\/avatar\\\/a86689d41574456e4a65d69a1f70c64ef3172d5d71e939217b478f5347cec268?s=96&d=mm&r=g\"},\"sameAs\":[\"https:\\\/\\\/dothoquynhanh.com\",\"admin\"]}]}<\/script>\n<!-- \/ Yoast SEO plugin. -->","yoast_head_json":{"title":"B\u00e1t H\u01b0\u01a1ng (B\u00e1t Nhang) L\u01b0u Ly M\u00e0u V\u00e0ng - dothoquynhanh","robots":{"index":"index","follow":"follow","max-snippet":"max-snippet:-1","max-image-preview":"max-image-preview:large","max-video-preview":"max-video-preview:-1"},"canonical":"https:\/\/dothoquynhanh.com\/?product=bat-huong-bat-nhang-luu-ly-mau-vang","og_locale":"vi_VN","og_type":"article","og_title":"B\u00e1t H\u01b0\u01a1ng (B\u00e1t Nhang) L\u01b0u Ly M\u00e0u V\u00e0ng - dothoquynhanh","og_description":"B\u00e1t h\u01b0\u01a1ng hoa sen v\u00e0ng ch\u1ea1m kh\u1eafc n\u1ed5i  M\u1ea7u s\u1eafc n\u1ed5i b\u1eadt, c\u00e1c chi ti\u1ebfn \u0111\u01b0\u1eddng n\u00e9t hoa v\u0103n, h\u1ecda ti\u1ebft \u0111\u01b0\u1ee3c ch\u1ebf t\u00e1c t\u1ec9 m\u1ec9, tinh x\u1ea3o  S\u1ea3n ph\u1ea9m \u0111\u01b0\u1ee3c l\u00e0m t\u1eeb l\u01b0u ly cao c\u1ea5p, ch\u1eafc ch\u1eafn, b\u1ec1n \u0111\u1eb9p theo th\u1eddi gian  K\u00edch Th\u01b0\u1edbc: Nhi\u1ec1u K\u00edch C\u1ee1","og_url":"https:\/\/dothoquynhanh.com\/?product=bat-huong-bat-nhang-luu-ly-mau-vang","og_site_name":"dothoquynhanh","article_modified_time":"2021-01-11T09:18:04+00:00","og_image":[{"width":800,"height":800,"url":"https:\/\/dothoquynhanh.com\/wp-content\/uploads\/2020\/12\/Bat-Huong-Bat-Nhang-Luu-Ly-Mau-Vang.jpg","type":"image\/jpeg"}],"twitter_card":"summary_large_image","twitter_misc":{"\u01af\u1edbc t\u00ednh th\u1eddi gian \u0111\u1ecdc":"1 ph\u00fat"},"schema":{"@context":"https:\/\/schema.org","@graph":[{"@type":"WebPage","@id":"https:\/\/dothoquynhanh.com\/?product=bat-huong-bat-nhang-luu-ly-mau-vang","url":"https:\/\/dothoquynhanh.com\/?product=bat-huong-bat-nhang-luu-ly-mau-vang","name":"B\u00e1t H\u01b0\u01a1ng (B\u00e1t Nhang) L\u01b0u Ly M\u00e0u V\u00e0ng - dothoquynhanh","isPartOf":{"@id":"https:\/\/dothoquynhanh.com\/#website"},"primaryImageOfPage":{"@id":"https:\/\/dothoquynhanh.com\/?product=bat-huong-bat-nhang-luu-ly-mau-vang#primaryimage"},"image":{"@id":"https:\/\/dothoquynhanh.com\/?product=bat-huong-bat-nhang-luu-ly-mau-vang#primaryimage"},"thumbnailUrl":"https:\/\/dothoquynhanh.com\/wp-content\/uploads\/2020\/12\/Bat-Huong-Bat-Nhang-Luu-Ly-Mau-Vang.jpg","datePublished":"2020-12-16T08:22:40+00:00","dateModified":"2021-01-11T09:18:04+00:00","breadcrumb":{"@id":"https:\/\/dothoquynhanh.com\/?product=bat-huong-bat-nhang-luu-ly-mau-vang#breadcrumb"},"inLanguage":"vi","potentialAction":[{"@type":"ReadAction","target":["https:\/\/dothoquynhanh.com\/?product=bat-huong-bat-nhang-luu-ly-mau-vang"]}]},{"@type":"ImageObject","inLanguage":"vi","@id":"https:\/\/dothoquynhanh.com\/?product=bat-huong-bat-nhang-luu-ly-mau-vang#primaryimage","url":"https:\/\/dothoquynhanh.com\/wp-content\/uploads\/2020\/12\/Bat-Huong-Bat-Nhang-Luu-Ly-Mau-Vang.jpg","contentUrl":"https:\/\/dothoquynhanh.com\/wp-content\/uploads\/2020\/12\/Bat-Huong-Bat-Nhang-Luu-Ly-Mau-Vang.jpg","width":800,"height":800},{"@type":"BreadcrumbList","@id":"https:\/\/dothoquynhanh.com\/?product=bat-huong-bat-nhang-luu-ly-mau-vang#breadcrumb","itemListElement":[{"@type":"ListItem","position":1,"name":"Trang ch\u1ee7","item":"https:\/\/dothoquynhanh.com\/"},{"@type":"ListItem","position":2,"name":"S\u1ea3n ph\u1ea9m","item":"https:\/\/dothoquynhanh.com\/?page_id=64"},{"@type":"ListItem","position":3,"name":"B\u00e1t H\u01b0\u01a1ng (B\u00e1t Nhang) L\u01b0u Ly M\u00e0u V\u00e0ng"}]},{"@type":"WebSite","@id":"https:\/\/dothoquynhanh.com\/#website","url":"https:\/\/dothoquynhanh.com\/","name":"dothoquynhanh","description":"\u0110\u1ed2 TH\u1edc PHONG TH\u1ee6Y CAO C\u1ea4P QU\u1ef2NH ANH","publisher":{"@id":"https:\/\/dothoquynhanh.com\/#\/schema\/person\/9a6a0bff9151168cc437e710214dc286"},"potentialAction":[{"@type":"SearchAction","target":{"@type":"EntryPoint","urlTemplate":"https:\/\/dothoquynhanh.com\/?s={search_term_string}"},"query-input":{"@type":"PropertyValueSpecification","valueRequired":true,"valueName":"search_term_string"}}],"inLanguage":"vi"},{"@type":["Person","Organization"],"@id":"https:\/\/dothoquynhanh.com\/#\/schema\/person\/9a6a0bff9151168cc437e710214dc286","name":"Qu\u1ef3nh Anh","image":{"@type":"ImageObject","inLanguage":"vi","@id":"https:\/\/secure.gravatar.com\/avatar\/a86689d41574456e4a65d69a1f70c64ef3172d5d71e939217b478f5347cec268?s=96&d=mm&r=g","url":"https:\/\/secure.gravatar.com\/avatar\/a86689d41574456e4a65d69a1f70c64ef3172d5d71e939217b478f5347cec268?s=96&d=mm&r=g","contentUrl":"https:\/\/secure.gravatar.com\/avatar\/a86689d41574456e4a65d69a1f70c64ef3172d5d71e939217b478f5347cec268?s=96&d=mm&r=g","caption":"Qu\u1ef3nh Anh"},"logo":{"@id":"https:\/\/secure.gravatar.com\/avatar\/a86689d41574456e4a65d69a1f70c64ef3172d5d71e939217b478f5347cec268?s=96&d=mm&r=g"},"sameAs":["https:\/\/dothoquynhanh.com","admin"]}]}},"_links":{"self":[{"href":"https:\/\/dothoquynhanh.com\/index.php?rest_route=\/wp\/v2\/product\/3364","targetHints":{"allow":["GET"]}}],"collection":[{"href":"https:\/\/dothoquynhanh.com\/index.php?rest_route=\/wp\/v2\/product"}],"about":[{"href":"https:\/\/dothoquynhanh.com\/index.php?rest_route=\/wp\/v2\/types\/product"}],"replies":[{"embeddable":true,"href":"https:\/\/dothoquynhanh.com\/index.php?rest_route=%2Fwp%2Fv2%2Fcomments&post=3364"}],"wp:featuredmedia":[{"embeddable":true,"href":"https:\/\/dothoquynhanh.com\/index.php?rest_route=\/wp\/v2\/media\/3365"}],"wp:attachment":[{"href":"https:\/\/dothoquynhanh.com\/index.php?rest_route=%2Fwp%2Fv2%2Fmedia&parent=3364"}],"wp:term":[{"taxonomy":"product_brand","embeddable":true,"href":"https:\/\/dothoquynhanh.com\/index.php?rest_route=%2Fwp%2Fv2%2Fproduct_brand&post=3364"},{"taxonomy":"product_cat","embeddable":true,"href":"https:\/\/dothoquynhanh.com\/index.php?rest_route=%2Fwp%2Fv2%2Fproduct_cat&post=3364"},{"taxonomy":"product_tag","embeddable":true,"href":"https:\/\/dothoquynhanh.com\/index.php?rest_route=%2Fwp%2Fv2%2Fproduct_tag&post=3364"}],"curies":[{"name":"wp","href":"https:\/\/api.w.org\/{rel}","templated":true}]}}