{"id":3272,"date":"2020-12-13T11:42:53","date_gmt":"2020-12-13T11:42:53","guid":{"rendered":"https:\/\/dothoquynhanh.com\/?post_type=product&#038;p=3272"},"modified":"2021-01-11T08:46:40","modified_gmt":"2021-01-11T08:46:40","slug":"kinh-dia-tang-bo-tat-bon-nguyen-tron-bo","status":"publish","type":"product","link":"https:\/\/dothoquynhanh.com\/?product=kinh-dia-tang-bo-tat-bon-nguyen-tron-bo","title":{"rendered":"Kinh \u0110\u1ecba T\u1ea1ng B\u1ed3 T\u00e1t B\u1ed5n Nguy\u1ec7n Tr\u1ecdn b\u1ed9"},"content":{"rendered":"<p><img loading=\"lazy\" decoding=\"async\" src=\"http:\/\/dothoquynhanh.com\/wp-content\/uploads\/2020\/12\/1-3-400x400.jpg\" alt=\"\" width=\"400\" height=\"400\" class=\"alignnone size-medium wp-image-3273\" srcset=\"https:\/\/dothoquynhanh.com\/wp-content\/uploads\/2020\/12\/1-3-400x400.jpg 400w, https:\/\/dothoquynhanh.com\/wp-content\/uploads\/2020\/12\/1-3-100x100.jpg 100w, https:\/\/dothoquynhanh.com\/wp-content\/uploads\/2020\/12\/1-3-510x510.jpg 510w, https:\/\/dothoquynhanh.com\/wp-content\/uploads\/2020\/12\/1-3-280x280.jpg 280w, https:\/\/dothoquynhanh.com\/wp-content\/uploads\/2020\/12\/1-3.jpg 600w\" sizes=\"auto, (max-width: 400px) 100vw, 400px\" \/><br \/>\nT\u00ecnh tr\u1ea1ng: S\u00e1ch m\u1edbi ph\u00e1t h\u00e0nh<\/p>\n<p>Kh\u1ed5 s\u00e1ch: 14,5&#215;20,5 cm<br \/>\nT\u00ean t\u00e1c gi\u1ea3: HT. Th\u00edch Tr\u00ed T\u1ecbnh<br \/>\nNh\u00e0 Xu\u1ea5t B\u1ea3n: T\u00f4n Gi\u00e1o<br \/>\nN\u0103m xu\u1ea5t b\u1ea3n: 2016<br \/>\nS\u1ed1 trang: 244<br \/>\nKinh n\u00e0y \u0111\u01b0\u1ee3c cho l\u00e0 ghi l\u1ea1i nh\u1eefng l\u1eddi n\u00f3i c\u1ee7a \u0111\u1ee9c Ph\u1eadt Th\u00edch Ca trong kho\u1ea3ng th\u1eddi gian cu\u1ed1i cu\u1ed9c \u0111\u1eddi c\u1ee7a m\u00ecnh. \u0110\u1ee9c Ph\u1eadt n\u00f3i v\u1ec1 nh\u1eefng sinh v\u1eadt tr\u00ean \u201cThi\u00ean \u0111\u00e0ng\u201d Trayastrimsa (m\u1ed9t th\u1ebf gi\u1edbi c\u1ee7a c\u00e1c v\u1ecb th\u1ea7n trong v\u0169 tr\u1ee5 h\u1ecdc Hindu v\u00e0 Ph\u1eadt gi\u00e1o) nh\u01b0 l\u00e0 m\u1ed9t d\u1ea5u hi\u1ec7u c\u1ee7a s\u1ef1 ghi nh\u1edb v\u00e0 l\u00f2ng bi\u1ebft \u01a1n d\u00e0nh cho ng\u01b0\u1eddi m\u1eb9 y\u00eau qu\u00fd c\u1ee7a m\u00ecnh l\u00e0 Maya.<br \/>\n\u00dd ngh\u0129a tr\u1ecdng t\u00e2m c\u1ee7a kinh \u0110\u1ecba T\u1ea1ng l\u00e0 \u201cl\u00f2ng hi\u1ebfu th\u1ea3o\u201d v\u1edbi cha m\u1eb9, n\u00f3 nh\u01b0 m\u1ed9t \u00e1nh s\u00e1ng r\u1ef1c r\u1ee1 chi\u1ebfu s\u00e1ng to\u00e0n th\u1ec3 v\u0169 tr\u1ee5. C\u1ea3 v\u0169 tr\u1ee5 \u0111\u1ec1u vui m\u1eebng v\u00ec l\u00f2ng hi\u1ebfu th\u1ea3o v\u00e0 v\u00ec th\u1ebf ng\u01b0\u1eddi ta n\u00f3i: \u201cTr\u1eddi v\u00e0 \u0111\u1ea5t cho r\u1eb1ng, l\u00f2ng hi\u1ebfu th\u1ea3o l\u00e0 thi\u1ebft y\u1ebfu, hi\u1ebfu th\u1ea3o l\u00e0 quan tr\u1ecdng nh\u1ea5t, v\u1edbi m\u1ed9t ng\u01b0\u1eddi con hi\u1ebfu th\u1ea3o, c\u1ea3 gia \u0111\u00ecnh \u0111\u1ec1u an l\u1ea1c\u201d.<br \/>\nN\u1ebfu b\u1ea1n hi\u1ebfu th\u1ea3o v\u1edbi cha m\u1eb9, con c\u00e1i c\u1ee7a b\u1ea1n s\u1ebd hi\u1ebfu th\u1ea3o v\u1edbi b\u1ea1n, n\u1ebfu b\u1ea1n kh\u00f4ng hi\u1ebfu th\u1ea3o v\u1edbi cha m\u1eb9, con c\u1ee7a b\u1ea1n s\u1ebd \u0111\u1ed1i x\u1eed v\u1edbi b\u1ea1n theo c\u00e1ch t\u01b0\u01a1ng t\u1ef1. Ng\u01b0\u1eddi ta c\u00f3 th\u1ec3 ngh\u0129, \u201cTh\u1ebf n\u00e0o l\u00e0 m\u1ed9t con ng\u01b0\u1eddi? Kh\u00f4ng ph\u1ea3i ch\u1ec9 \u0111\u01a1n thu\u1ea7n l\u00e0 c\u1ed1 g\u1eafng \u0111\u1ea1t \u0111\u01b0\u1ee3c th\u00e0nh c\u00f4ng b\u1eb1ng m\u1ecdi c\u00e1ch?\u201d \u0110i\u1ec1u n\u00e0y ho\u00e0n to\u00e0n sai!<br \/>\nNhi\u1ec7m v\u1ee5 \u0111\u1ea7u ti\u00ean c\u1ee7a con ng\u01b0\u1eddi l\u00e0 hi\u1ebfu th\u1ea3o v\u1edbi cha m\u1eb9. Cha m\u1eb9 l\u00e0 tr\u1eddi \u0111\u1ea5t, cha m\u1eb9 \u0111\u1ec1u l\u00e0 ch\u01b0 Ph\u1eadt. N\u1ebfu kh\u00f4ng c\u00f3 cha m\u1eb9 b\u1ea1n s\u1ebd kh\u00f4ng c\u00f3 c\u01a1 th\u1ec3, v\u00e0 n\u1ebfu b\u1ea1n kh\u00f4ng c\u00f3 c\u01a1 th\u1ec3, b\u1ea1n kh\u00f4ng th\u1ec3 tr\u1edf th\u00e0nh m\u1ed9t v\u1ecb Ph\u1eadt. N\u1ebfu b\u1ea1n mu\u1ed1n tr\u1edf th\u00e0nh m\u1ed9t v\u1ecb Ph\u1eadt, b\u1ea1n ph\u1ea3i b\u1eaft \u0111\u1ea7u b\u1eb1ng c\u00e1ch hi\u1ebfu th\u1ea3o v\u1edbi cha m\u1eb9.<br \/>\nKinh n\u00e0y cho th\u1ea5y c\u00e1c ph\u01b0\u01a1ng ph\u00e1p theo c\u00e1c gi\u00e1o l\u00fd c\u1ee7a Ph\u1eadt gi\u00e1o v\u00e0 gi\u1ea3i th\u00edch c\u00e1c c\u00f4ng \u0111\u1ee9c, \u0111\u1ee9c t\u00ednh c\u1ee7a B\u1ed3 t\u00e1t Qu\u00e1n Th\u1ebf \u00c2m. N\u00f3 li\u00ean quan \u0111\u1ebfn Lu\u1eadt nh\u00e2n qu\u1ea3 v\u00e0 c\u00e1c ho\u1ea1t \u0111\u1ed9ng c\u1ee7a n\u00f3 b\u1eb1ng c\u00e1ch m\u00f4 t\u1ea3 c\u00e1c h\u1eadu qu\u1ea3 do nh\u1eefng h\u00e0nh \u0111\u1ed9ng x\u1ea5u g\u00e2y ra.<br \/>\nN\u00f3 c\u0169ng gi\u00fap ch\u00fang sinh tr\u00e1nh nh\u1eefng sai l\u1ea7m trong t\u01b0\u01a1ng lai, g\u00e2y ra \u0111au kh\u1ed5 kh\u00f4ng bao gi\u1edd h\u1ebft. Kinh \u0111i\u1ec3n \u0111\u1ec1 c\u1eadp \u0111\u1ebfn tr\u00e1ch nhi\u1ec7m hi\u1ebfu th\u1ea3o m\u00e0 kh\u00f4ng ch\u1ec9 ng\u1ee5 \u00fd v\u1ec1 gia \u0111\u00ecnh h\u1ecd h\u00e0ng m\u00e0 c\u00f2n \u0111\u1ed1i v\u1edbi t\u1ea5t c\u1ea3 ch\u00fang sinh nh\u01b0 l\u00e0 m\u1ed9t ph\u1ea7n c\u1ee7a m\u1ed9t gia \u0111\u00ecnh l\u1edbn trong v\u0169 tr\u1ee5.<br \/>\nM\u1ed9t ng\u00e0y n\u1ecd, khi c\u00f4 \u0111ang c\u1ea7u nguy\u1ec7n trong \u0111\u1ec1n th\u1edd, c\u00f4 nghe th\u1ea5y \u0111\u1ee9c Ph\u1eadt b\u1ea3o c\u00f4 h\u00e3y v\u1ec1 nh\u00e0, ng\u1ed3i xu\u1ed1ng v\u00e0 ni\u1ec7m t\u00ean c\u1ee7a m\u00ecnh. Khi l\u00e0m nh\u01b0 l\u1eddi d\u1ea1y c\u1ee7a \u0111\u1ee9c Ph\u1eadt, c\u00f4 th\u1ea5y m\u00ecnh \u0111\u00e3 chuy\u1ec3n \u0111\u1ebfn \u0111\u1ecba ng\u1ee5c, n\u01a1i ng\u01b0\u1eddi gi\u00e1m h\u1ed9 n\u00f3i v\u1edbi c\u00f4 r\u1eb1ng, m\u1eb9 c\u00f4 \u0111\u00e3 \u0111\u1ea1t \u0111\u01b0\u1ee3c nhi\u1ec1u th\u00e0nh t\u00edch nh\u1edd l\u1eddi c\u1ea7u nguy\u1ec7n ch\u00e2n th\u00e0nh c\u1ee7a c\u00f4 v\u00e0 \u0111\u00e3 l\u00ean c\u00f5i tr\u1eddi.<\/p>\n","protected":false},"excerpt":{"rendered":"<p>T\u00ecnh tr\u1ea1ng: S\u00e1ch m\u1edbi ph\u00e1t h\u00e0nh<\/p>\n<p>Kh\u1ed5 s\u00e1ch: 14,5&#215;20,5 cm<br \/>\nT\u00ean t\u00e1c gi\u1ea3: HT. Th\u00edch Tr\u00ed T\u1ecbnh<br \/>\nNh\u00e0 Xu\u1ea5t B\u1ea3n: T\u00f4n Gi\u00e1o<br \/>\nN\u0103m xu\u1ea5t b\u1ea3n: 2016<br \/>\nS\u1ed1 trang: 244<\/p>\n","protected":false},"featured_media":3273,"comment_status":"open","ping_status":"closed","template":"","meta":[],"product_brand":[],"product_cat":[564],"product_tag":[],"class_list":{"0":"post-3272","1":"product","2":"type-product","3":"status-publish","4":"has-post-thumbnail","6":"product_cat-kinh-phat","8":"first","9":"instock","10":"shipping-taxable","11":"purchasable","12":"product-type-simple"},"yoast_head":"<!-- This site is optimized with the Yoast SEO plugin v27.5 - https:\/\/yoast.com\/product\/yoast-seo-wordpress\/ -->\n<title>Kinh \u0110\u1ecba T\u1ea1ng B\u1ed3 T\u00e1t B\u1ed5n Nguy\u1ec7n Tr\u1ecdn b\u1ed9 - dothoquynhanh<\/title>\n<meta name=\"robots\" content=\"index, follow, max-snippet:-1, max-image-preview:large, max-video-preview:-1\" \/>\n<link rel=\"canonical\" href=\"https:\/\/dothoquynhanh.com\/?product=kinh-dia-tang-bo-tat-bon-nguyen-tron-bo\" \/>\n<meta property=\"og:locale\" content=\"vi_VN\" \/>\n<meta property=\"og:type\" content=\"article\" \/>\n<meta property=\"og:title\" content=\"Kinh \u0110\u1ecba T\u1ea1ng B\u1ed3 T\u00e1t B\u1ed5n Nguy\u1ec7n Tr\u1ecdn b\u1ed9 - dothoquynhanh\" \/>\n<meta property=\"og:description\" content=\"T\u00ecnh tr\u1ea1ng: S\u00e1ch m\u1edbi ph\u00e1t h\u00e0nh  Kh\u1ed5 s\u00e1ch: 14,5x20,5 cm T\u00ean t\u00e1c gi\u1ea3: HT. Th\u00edch Tr\u00ed T\u1ecbnh Nh\u00e0 Xu\u1ea5t B\u1ea3n: T\u00f4n Gi\u00e1o N\u0103m xu\u1ea5t b\u1ea3n: 2016 S\u1ed1 trang: 244\" \/>\n<meta property=\"og:url\" content=\"https:\/\/dothoquynhanh.com\/?product=kinh-dia-tang-bo-tat-bon-nguyen-tron-bo\" \/>\n<meta property=\"og:site_name\" content=\"dothoquynhanh\" \/>\n<meta property=\"article:modified_time\" content=\"2021-01-11T08:46:40+00:00\" \/>\n<meta property=\"og:image\" content=\"https:\/\/dothoquynhanh.com\/wp-content\/uploads\/2020\/12\/1-3.jpg\" \/>\n\t<meta property=\"og:image:width\" content=\"600\" \/>\n\t<meta property=\"og:image:height\" content=\"600\" \/>\n\t<meta property=\"og:image:type\" content=\"image\/jpeg\" \/>\n<meta name=\"twitter:card\" content=\"summary_large_image\" \/>\n<meta name=\"twitter:label1\" content=\"\u01af\u1edbc t\u00ednh th\u1eddi gian \u0111\u1ecdc\" \/>\n\t<meta name=\"twitter:data1\" content=\"4 ph\u00fat\" \/>\n<script type=\"application\/ld+json\" class=\"yoast-schema-graph\">{\"@context\":\"https:\\\/\\\/schema.org\",\"@graph\":[{\"@type\":\"WebPage\",\"@id\":\"https:\\\/\\\/dothoquynhanh.com\\\/?product=kinh-dia-tang-bo-tat-bon-nguyen-tron-bo\",\"url\":\"https:\\\/\\\/dothoquynhanh.com\\\/?product=kinh-dia-tang-bo-tat-bon-nguyen-tron-bo\",\"name\":\"Kinh \u0110\u1ecba T\u1ea1ng B\u1ed3 T\u00e1t B\u1ed5n Nguy\u1ec7n Tr\u1ecdn b\u1ed9 - dothoquynhanh\",\"isPartOf\":{\"@id\":\"https:\\\/\\\/dothoquynhanh.com\\\/#website\"},\"primaryImageOfPage\":{\"@id\":\"https:\\\/\\\/dothoquynhanh.com\\\/?product=kinh-dia-tang-bo-tat-bon-nguyen-tron-bo#primaryimage\"},\"image\":{\"@id\":\"https:\\\/\\\/dothoquynhanh.com\\\/?product=kinh-dia-tang-bo-tat-bon-nguyen-tron-bo#primaryimage\"},\"thumbnailUrl\":\"https:\\\/\\\/dothoquynhanh.com\\\/wp-content\\\/uploads\\\/2020\\\/12\\\/1-3.jpg\",\"datePublished\":\"2020-12-13T11:42:53+00:00\",\"dateModified\":\"2021-01-11T08:46:40+00:00\",\"breadcrumb\":{\"@id\":\"https:\\\/\\\/dothoquynhanh.com\\\/?product=kinh-dia-tang-bo-tat-bon-nguyen-tron-bo#breadcrumb\"},\"inLanguage\":\"vi\",\"potentialAction\":[{\"@type\":\"ReadAction\",\"target\":[\"https:\\\/\\\/dothoquynhanh.com\\\/?product=kinh-dia-tang-bo-tat-bon-nguyen-tron-bo\"]}]},{\"@type\":\"ImageObject\",\"inLanguage\":\"vi\",\"@id\":\"https:\\\/\\\/dothoquynhanh.com\\\/?product=kinh-dia-tang-bo-tat-bon-nguyen-tron-bo#primaryimage\",\"url\":\"https:\\\/\\\/dothoquynhanh.com\\\/wp-content\\\/uploads\\\/2020\\\/12\\\/1-3.jpg\",\"contentUrl\":\"https:\\\/\\\/dothoquynhanh.com\\\/wp-content\\\/uploads\\\/2020\\\/12\\\/1-3.jpg\",\"width\":600,\"height\":600},{\"@type\":\"BreadcrumbList\",\"@id\":\"https:\\\/\\\/dothoquynhanh.com\\\/?product=kinh-dia-tang-bo-tat-bon-nguyen-tron-bo#breadcrumb\",\"itemListElement\":[{\"@type\":\"ListItem\",\"position\":1,\"name\":\"Trang ch\u1ee7\",\"item\":\"https:\\\/\\\/dothoquynhanh.com\\\/\"},{\"@type\":\"ListItem\",\"position\":2,\"name\":\"S\u1ea3n ph\u1ea9m\",\"item\":\"https:\\\/\\\/dothoquynhanh.com\\\/?page_id=64\"},{\"@type\":\"ListItem\",\"position\":3,\"name\":\"Kinh \u0110\u1ecba T\u1ea1ng B\u1ed3 T\u00e1t B\u1ed5n Nguy\u1ec7n Tr\u1ecdn b\u1ed9\"}]},{\"@type\":\"WebSite\",\"@id\":\"https:\\\/\\\/dothoquynhanh.com\\\/#website\",\"url\":\"https:\\\/\\\/dothoquynhanh.com\\\/\",\"name\":\"dothoquynhanh\",\"description\":\"\u0110\u1ed2 TH\u1edc PHONG TH\u1ee6Y CAO C\u1ea4P QU\u1ef2NH ANH\",\"publisher\":{\"@id\":\"https:\\\/\\\/dothoquynhanh.com\\\/#\\\/schema\\\/person\\\/9a6a0bff9151168cc437e710214dc286\"},\"potentialAction\":[{\"@type\":\"SearchAction\",\"target\":{\"@type\":\"EntryPoint\",\"urlTemplate\":\"https:\\\/\\\/dothoquynhanh.com\\\/?s={search_term_string}\"},\"query-input\":{\"@type\":\"PropertyValueSpecification\",\"valueRequired\":true,\"valueName\":\"search_term_string\"}}],\"inLanguage\":\"vi\"},{\"@type\":[\"Person\",\"Organization\"],\"@id\":\"https:\\\/\\\/dothoquynhanh.com\\\/#\\\/schema\\\/person\\\/9a6a0bff9151168cc437e710214dc286\",\"name\":\"Qu\u1ef3nh Anh\",\"image\":{\"@type\":\"ImageObject\",\"inLanguage\":\"vi\",\"@id\":\"https:\\\/\\\/secure.gravatar.com\\\/avatar\\\/a86689d41574456e4a65d69a1f70c64ef3172d5d71e939217b478f5347cec268?s=96&d=mm&r=g\",\"url\":\"https:\\\/\\\/secure.gravatar.com\\\/avatar\\\/a86689d41574456e4a65d69a1f70c64ef3172d5d71e939217b478f5347cec268?s=96&d=mm&r=g\",\"contentUrl\":\"https:\\\/\\\/secure.gravatar.com\\\/avatar\\\/a86689d41574456e4a65d69a1f70c64ef3172d5d71e939217b478f5347cec268?s=96&d=mm&r=g\",\"caption\":\"Qu\u1ef3nh Anh\"},\"logo\":{\"@id\":\"https:\\\/\\\/secure.gravatar.com\\\/avatar\\\/a86689d41574456e4a65d69a1f70c64ef3172d5d71e939217b478f5347cec268?s=96&d=mm&r=g\"},\"sameAs\":[\"https:\\\/\\\/dothoquynhanh.com\",\"admin\"]}]}<\/script>\n<!-- \/ Yoast SEO plugin. -->","yoast_head_json":{"title":"Kinh \u0110\u1ecba T\u1ea1ng B\u1ed3 T\u00e1t B\u1ed5n Nguy\u1ec7n Tr\u1ecdn b\u1ed9 - dothoquynhanh","robots":{"index":"index","follow":"follow","max-snippet":"max-snippet:-1","max-image-preview":"max-image-preview:large","max-video-preview":"max-video-preview:-1"},"canonical":"https:\/\/dothoquynhanh.com\/?product=kinh-dia-tang-bo-tat-bon-nguyen-tron-bo","og_locale":"vi_VN","og_type":"article","og_title":"Kinh \u0110\u1ecba T\u1ea1ng B\u1ed3 T\u00e1t B\u1ed5n Nguy\u1ec7n Tr\u1ecdn b\u1ed9 - dothoquynhanh","og_description":"T\u00ecnh tr\u1ea1ng: S\u00e1ch m\u1edbi ph\u00e1t h\u00e0nh  Kh\u1ed5 s\u00e1ch: 14,5x20,5 cm T\u00ean t\u00e1c gi\u1ea3: HT. Th\u00edch Tr\u00ed T\u1ecbnh Nh\u00e0 Xu\u1ea5t B\u1ea3n: T\u00f4n Gi\u00e1o N\u0103m xu\u1ea5t b\u1ea3n: 2016 S\u1ed1 trang: 244","og_url":"https:\/\/dothoquynhanh.com\/?product=kinh-dia-tang-bo-tat-bon-nguyen-tron-bo","og_site_name":"dothoquynhanh","article_modified_time":"2021-01-11T08:46:40+00:00","og_image":[{"width":600,"height":600,"url":"https:\/\/dothoquynhanh.com\/wp-content\/uploads\/2020\/12\/1-3.jpg","type":"image\/jpeg"}],"twitter_card":"summary_large_image","twitter_misc":{"\u01af\u1edbc t\u00ednh th\u1eddi gian \u0111\u1ecdc":"4 ph\u00fat"},"schema":{"@context":"https:\/\/schema.org","@graph":[{"@type":"WebPage","@id":"https:\/\/dothoquynhanh.com\/?product=kinh-dia-tang-bo-tat-bon-nguyen-tron-bo","url":"https:\/\/dothoquynhanh.com\/?product=kinh-dia-tang-bo-tat-bon-nguyen-tron-bo","name":"Kinh \u0110\u1ecba T\u1ea1ng B\u1ed3 T\u00e1t B\u1ed5n Nguy\u1ec7n Tr\u1ecdn b\u1ed9 - dothoquynhanh","isPartOf":{"@id":"https:\/\/dothoquynhanh.com\/#website"},"primaryImageOfPage":{"@id":"https:\/\/dothoquynhanh.com\/?product=kinh-dia-tang-bo-tat-bon-nguyen-tron-bo#primaryimage"},"image":{"@id":"https:\/\/dothoquynhanh.com\/?product=kinh-dia-tang-bo-tat-bon-nguyen-tron-bo#primaryimage"},"thumbnailUrl":"https:\/\/dothoquynhanh.com\/wp-content\/uploads\/2020\/12\/1-3.jpg","datePublished":"2020-12-13T11:42:53+00:00","dateModified":"2021-01-11T08:46:40+00:00","breadcrumb":{"@id":"https:\/\/dothoquynhanh.com\/?product=kinh-dia-tang-bo-tat-bon-nguyen-tron-bo#breadcrumb"},"inLanguage":"vi","potentialAction":[{"@type":"ReadAction","target":["https:\/\/dothoquynhanh.com\/?product=kinh-dia-tang-bo-tat-bon-nguyen-tron-bo"]}]},{"@type":"ImageObject","inLanguage":"vi","@id":"https:\/\/dothoquynhanh.com\/?product=kinh-dia-tang-bo-tat-bon-nguyen-tron-bo#primaryimage","url":"https:\/\/dothoquynhanh.com\/wp-content\/uploads\/2020\/12\/1-3.jpg","contentUrl":"https:\/\/dothoquynhanh.com\/wp-content\/uploads\/2020\/12\/1-3.jpg","width":600,"height":600},{"@type":"BreadcrumbList","@id":"https:\/\/dothoquynhanh.com\/?product=kinh-dia-tang-bo-tat-bon-nguyen-tron-bo#breadcrumb","itemListElement":[{"@type":"ListItem","position":1,"name":"Trang ch\u1ee7","item":"https:\/\/dothoquynhanh.com\/"},{"@type":"ListItem","position":2,"name":"S\u1ea3n ph\u1ea9m","item":"https:\/\/dothoquynhanh.com\/?page_id=64"},{"@type":"ListItem","position":3,"name":"Kinh \u0110\u1ecba T\u1ea1ng B\u1ed3 T\u00e1t B\u1ed5n Nguy\u1ec7n Tr\u1ecdn b\u1ed9"}]},{"@type":"WebSite","@id":"https:\/\/dothoquynhanh.com\/#website","url":"https:\/\/dothoquynhanh.com\/","name":"dothoquynhanh","description":"\u0110\u1ed2 TH\u1edc PHONG TH\u1ee6Y CAO C\u1ea4P QU\u1ef2NH ANH","publisher":{"@id":"https:\/\/dothoquynhanh.com\/#\/schema\/person\/9a6a0bff9151168cc437e710214dc286"},"potentialAction":[{"@type":"SearchAction","target":{"@type":"EntryPoint","urlTemplate":"https:\/\/dothoquynhanh.com\/?s={search_term_string}"},"query-input":{"@type":"PropertyValueSpecification","valueRequired":true,"valueName":"search_term_string"}}],"inLanguage":"vi"},{"@type":["Person","Organization"],"@id":"https:\/\/dothoquynhanh.com\/#\/schema\/person\/9a6a0bff9151168cc437e710214dc286","name":"Qu\u1ef3nh Anh","image":{"@type":"ImageObject","inLanguage":"vi","@id":"https:\/\/secure.gravatar.com\/avatar\/a86689d41574456e4a65d69a1f70c64ef3172d5d71e939217b478f5347cec268?s=96&d=mm&r=g","url":"https:\/\/secure.gravatar.com\/avatar\/a86689d41574456e4a65d69a1f70c64ef3172d5d71e939217b478f5347cec268?s=96&d=mm&r=g","contentUrl":"https:\/\/secure.gravatar.com\/avatar\/a86689d41574456e4a65d69a1f70c64ef3172d5d71e939217b478f5347cec268?s=96&d=mm&r=g","caption":"Qu\u1ef3nh Anh"},"logo":{"@id":"https:\/\/secure.gravatar.com\/avatar\/a86689d41574456e4a65d69a1f70c64ef3172d5d71e939217b478f5347cec268?s=96&d=mm&r=g"},"sameAs":["https:\/\/dothoquynhanh.com","admin"]}]}},"_links":{"self":[{"href":"https:\/\/dothoquynhanh.com\/index.php?rest_route=\/wp\/v2\/product\/3272","targetHints":{"allow":["GET"]}}],"collection":[{"href":"https:\/\/dothoquynhanh.com\/index.php?rest_route=\/wp\/v2\/product"}],"about":[{"href":"https:\/\/dothoquynhanh.com\/index.php?rest_route=\/wp\/v2\/types\/product"}],"replies":[{"embeddable":true,"href":"https:\/\/dothoquynhanh.com\/index.php?rest_route=%2Fwp%2Fv2%2Fcomments&post=3272"}],"wp:featuredmedia":[{"embeddable":true,"href":"https:\/\/dothoquynhanh.com\/index.php?rest_route=\/wp\/v2\/media\/3273"}],"wp:attachment":[{"href":"https:\/\/dothoquynhanh.com\/index.php?rest_route=%2Fwp%2Fv2%2Fmedia&parent=3272"}],"wp:term":[{"taxonomy":"product_brand","embeddable":true,"href":"https:\/\/dothoquynhanh.com\/index.php?rest_route=%2Fwp%2Fv2%2Fproduct_brand&post=3272"},{"taxonomy":"product_cat","embeddable":true,"href":"https:\/\/dothoquynhanh.com\/index.php?rest_route=%2Fwp%2Fv2%2Fproduct_cat&post=3272"},{"taxonomy":"product_tag","embeddable":true,"href":"https:\/\/dothoquynhanh.com\/index.php?rest_route=%2Fwp%2Fv2%2Fproduct_tag&post=3272"}],"curies":[{"name":"wp","href":"https:\/\/api.w.org\/{rel}","templated":true}]}}