{"id":3270,"date":"2020-12-13T11:39:14","date_gmt":"2020-12-13T11:39:14","guid":{"rendered":"https:\/\/dothoquynhanh.com\/?post_type=product&#038;p=3270"},"modified":"2021-01-11T08:47:02","modified_gmt":"2021-01-11T08:47:02","slug":"kinh-cuu-kho%cc%89-quan-the-am-bo-tat","status":"publish","type":"product","link":"https:\/\/dothoquynhanh.com\/?product=kinh-cuu-kho%cc%89-quan-the-am-bo-tat","title":{"rendered":"Kinh C\u01b0\u0301u Kh\u00f4\u0309- Quan Th\u00ea\u0301 \u00e2m b\u00f4\u0300 ta\u0301t"},"content":{"rendered":"<p><img loading=\"lazy\" decoding=\"async\" src=\"http:\/\/dothoquynhanh.com\/wp-content\/uploads\/2020\/12\/1-2-400x400.jpg\" alt=\"\" width=\"400\" height=\"400\" class=\"alignnone size-medium wp-image-3271\" srcset=\"https:\/\/dothoquynhanh.com\/wp-content\/uploads\/2020\/12\/1-2-400x400.jpg 400w, https:\/\/dothoquynhanh.com\/wp-content\/uploads\/2020\/12\/1-2-100x100.jpg 100w, https:\/\/dothoquynhanh.com\/wp-content\/uploads\/2020\/12\/1-2-510x510.jpg 510w, https:\/\/dothoquynhanh.com\/wp-content\/uploads\/2020\/12\/1-2-280x280.jpg 280w, https:\/\/dothoquynhanh.com\/wp-content\/uploads\/2020\/12\/1-2.jpg 600w\" sizes=\"auto, (max-width: 400px) 100vw, 400px\" \/><br \/>\n\u0110\u1edcI L\u00c0 B\u1ec2 KH\u1ed4 &#8211; L\u00c0M SAO \u0110\u1ec2 THO\u00c1T KH\u1ed4<br \/>\n\u0110\u1ea1o Ph\u1eadt cho r\u1eb1ng \u0110\u1eddi l\u00e0 nh\u1eefng n\u1ed7i kh\u1ed5. Con ng\u01b0\u1eddi sinh ra c\u1ea5t ti\u1ebfng kh\u00f3c \u0111\u1ea7u ti\u00ean ch\u00ednh l\u00e0 b\u1eaft \u0111\u1ea7u c\u1ee7a n\u1ed7i kh\u1ed5. M\u1ed7i cu\u1ed9c \u0111\u1eddi \u0111\u1ec1u c\u00f3 nh\u1eefng n\u1ed7i kh\u1ed5 ri\u00eang, ngh\u00e8o kh\u1ed5 ngh\u00e8o, gi\u00e0u kh\u1ed5 gi\u00e0u. V\u1ea1n s\u1ef1 t\u01b0\u01a1ng sinh t\u01b0\u01a1ng kh\u1eafc, kh\u00f4ng c\u00f3 l\u00ean th\u00ec kh\u00f4ng c\u00f3 xu\u1ed1ng, kh\u00f4ng c\u00f3 th\u1ea5p th\u00ec kh\u00f4ng c\u00f3 cao, kh\u00f4ng c\u00f3 \u0111\u1eafng th\u00ec kh\u00f4ng c\u00f3 ng\u1ecdt.<br \/>\nV\u1eady l\u00e0m th\u1ebf n\u00e0o \u0111\u1ec3 tho\u00e1t kh\u1ed5 ?<br \/>\n Kh\u1ed5  l\u00e0 c\u00e1ch gi\u00fap b\u1ea3n th\u00e2n tr\u01b0\u1edfng th\u00e0nh, l\u00e0m ng\u01b0\u1eddi ch\u00ednh l\u00e0 ph\u1ea3i ch\u1ecbu kh\u1ed5. V\u00ec th\u1ebf, n\u1ebfu th\u1ef1c s\u1ef1 mu\u1ed1n tho\u00e1t ra kh\u1ecfi b\u1ec3 kh\u1ed5 th\u00ec ch\u1ec9 c\u00f3 c\u00e1ch duy nh\u1ea5t l\u00e0 tu luy\u1ec7n.<br \/>\nKinh C\u1ee9u Kh\u1ed5 &#8211; Quan Th\u1ebf \u00c2m B\u1ed3 T\u00e1t \u0111\u00e3 \u0111\u01b0\u1ee3c d\u00e2ng l\u1ec5 t\u1ea1i Ch\u00f9a Qu\u00e1n S\u1ee9 &#8211; H\u00e0 N\u1ed9i v\u00e0o nh\u1eefng ng\u00e0y \u0110\u1ea1i L\u1ec5 . Nh\u00e0 Ch\u00f9a ban ph\u00e1t cho b\u00e1ch gia tr\u0103m h\u1ecd \u0111\u1ec3 m\u1ecdi ng\u01b0\u1eddi c\u00f9ng h\u01b0\u1edbng thi\u1ec7n. B\u00e0i Kinh ng\u1eafn \u0111\u1ecdc trong 5-7 ph\u00fat , \u0111\u1ecdc theo t\u00e2m kh\u00f4ng c\u1ea7n c\u1ea7u k\u1ef3. C\u00f3 th\u1ec3 \u0111\u1ecdc \u0111i \u0111\u1ecdc l\u1ea1i nhi\u1ec1u l\u1ea7n trong ng\u00e0y, ho\u1eb7c \u0111\u1ecdc khi \u0111ang ng\u1ed3i l\u00e0m vi\u1ec7c, \u0111ang ng\u1ed3i h\u1ecdc \u0111\u1ecdc b\u1ea5t k\u1ef3 \u1edf m\u1ecdi n\u01a1i ch\u1ec9 c\u1ea7n khi \u0111\u00f3 t\u0129nh t\u00e2m \u0111\u1ec3 \u0111\u1ecdc.<br \/>\nTh\u1eddi nh\u1ea5t c\u1ea7n vi\u1ec7c g\u00ec \u0111\u1ec1u c\u00f3 hi\u1ec7u qu\u1ea3. Ai g\u1eb7p kh\u00f3 kh\u0103n trong ni\u1ec7m ch\u00fa n\u00e0y \u0111\u1ec1u \u0111\u01b0\u1ee3c Ph\u1eadt \u0111\u1ed9. C\u1ea7u con c\u00e1i, c\u1ea7u b\u1ec7nh kh\u1ecfi b\u1ec7nh, c\u1ea7u ph\u00fac \u0111\u01b0\u1ee3c ph\u00fac, c\u1ea7u t\u00e0i c\u00f3 t\u00e0i, c\u1ea7u tai qua n\u1ea1n kh\u1ecfi \u0111\u01b0\u1ee3c ai qua n\u1ea1n kh\u1ecfi<\/p>\n","protected":false},"excerpt":{"rendered":"<p>\u0110\u1edcI L\u00c0 B\u1ec2 KH\u1ed4 &#8211; L\u00c0M SAO \u0110\u1ec2 THO\u00c1T KH\u1ed4<br \/>\n\u0110\u1ea1o Ph\u1eadt cho r\u1eb1ng \u0110\u1eddi l\u00e0 nh\u1eefng n\u1ed7i kh\u1ed5. Con ng\u01b0\u1eddi sinh ra c\u1ea5t ti\u1ebfng kh\u00f3c \u0111\u1ea7u ti\u00ean ch\u00ednh l\u00e0 b\u1eaft \u0111\u1ea7u c\u1ee7a n\u1ed7i kh\u1ed5. M\u1ed7i cu\u1ed9c \u0111\u1eddi \u0111\u1ec1u c\u00f3 nh\u1eefng n\u1ed7i kh\u1ed5 ri\u00eang, ngh\u00e8o kh\u1ed5 ngh\u00e8o, gi\u00e0u kh\u1ed5 gi\u00e0u. V\u1ea1n s\u1ef1 t\u01b0\u01a1ng sinh t\u01b0\u01a1ng kh\u1eafc, kh\u00f4ng c\u00f3 l\u00ean th\u00ec kh\u00f4ng c\u00f3 xu\u1ed1ng, kh\u00f4ng c\u00f3 th\u1ea5p th\u00ec kh\u00f4ng c\u00f3 cao, kh\u00f4ng c\u00f3 \u0111\u1eafng th\u00ec kh\u00f4ng c\u00f3 ng\u1ecdt. <\/p>\n","protected":false},"featured_media":3271,"comment_status":"open","ping_status":"closed","template":"","meta":[],"product_brand":[],"product_cat":[564],"product_tag":[],"class_list":{"0":"post-3270","1":"product","2":"type-product","3":"status-publish","4":"has-post-thumbnail","6":"product_cat-kinh-phat","8":"first","9":"instock","10":"shipping-taxable","11":"purchasable","12":"product-type-simple"},"yoast_head":"<!-- This site is optimized with the Yoast SEO plugin v27.5 - https:\/\/yoast.com\/product\/yoast-seo-wordpress\/ -->\n<title>Kinh C\u01b0\u0301u Kh\u00f4\u0309- Quan Th\u00ea\u0301 \u00e2m b\u00f4\u0300 ta\u0301t - dothoquynhanh<\/title>\n<meta name=\"robots\" content=\"index, follow, max-snippet:-1, max-image-preview:large, max-video-preview:-1\" \/>\n<link rel=\"canonical\" href=\"https:\/\/dothoquynhanh.com\/?product=kinh-cuu-kho\u0309-quan-the-am-bo-tat\" \/>\n<meta property=\"og:locale\" content=\"vi_VN\" \/>\n<meta property=\"og:type\" content=\"article\" \/>\n<meta property=\"og:title\" content=\"Kinh C\u01b0\u0301u Kh\u00f4\u0309- Quan Th\u00ea\u0301 \u00e2m b\u00f4\u0300 ta\u0301t - dothoquynhanh\" \/>\n<meta property=\"og:description\" content=\"\u0110\u1edcI L\u00c0 B\u1ec2 KH\u1ed4 - L\u00c0M SAO \u0110\u1ec2 THO\u00c1T KH\u1ed4 \u0110\u1ea1o Ph\u1eadt cho r\u1eb1ng \u0110\u1eddi l\u00e0 nh\u1eefng n\u1ed7i kh\u1ed5. Con ng\u01b0\u1eddi sinh ra c\u1ea5t ti\u1ebfng kh\u00f3c \u0111\u1ea7u ti\u00ean ch\u00ednh l\u00e0 b\u1eaft \u0111\u1ea7u c\u1ee7a n\u1ed7i kh\u1ed5. M\u1ed7i cu\u1ed9c \u0111\u1eddi \u0111\u1ec1u c\u00f3 nh\u1eefng n\u1ed7i kh\u1ed5 ri\u00eang, ngh\u00e8o kh\u1ed5 ngh\u00e8o, gi\u00e0u kh\u1ed5 gi\u00e0u. V\u1ea1n s\u1ef1 t\u01b0\u01a1ng sinh t\u01b0\u01a1ng kh\u1eafc, kh\u00f4ng c\u00f3 l\u00ean th\u00ec kh\u00f4ng c\u00f3 xu\u1ed1ng, kh\u00f4ng c\u00f3 th\u1ea5p th\u00ec kh\u00f4ng c\u00f3 cao, kh\u00f4ng c\u00f3 \u0111\u1eafng th\u00ec kh\u00f4ng c\u00f3 ng\u1ecdt.\" \/>\n<meta property=\"og:url\" content=\"https:\/\/dothoquynhanh.com\/?product=kinh-cuu-kho\u0309-quan-the-am-bo-tat\" \/>\n<meta property=\"og:site_name\" content=\"dothoquynhanh\" \/>\n<meta property=\"article:modified_time\" content=\"2021-01-11T08:47:02+00:00\" \/>\n<meta property=\"og:image\" content=\"https:\/\/dothoquynhanh.com\/wp-content\/uploads\/2020\/12\/1-2.jpg\" \/>\n\t<meta property=\"og:image:width\" content=\"600\" \/>\n\t<meta property=\"og:image:height\" content=\"600\" \/>\n\t<meta property=\"og:image:type\" content=\"image\/jpeg\" \/>\n<meta name=\"twitter:card\" content=\"summary_large_image\" \/>\n<meta name=\"twitter:label1\" content=\"\u01af\u1edbc t\u00ednh th\u1eddi gian \u0111\u1ecdc\" \/>\n\t<meta name=\"twitter:data1\" content=\"2 ph\u00fat\" \/>\n<script type=\"application\/ld+json\" class=\"yoast-schema-graph\">{\"@context\":\"https:\\\/\\\/schema.org\",\"@graph\":[{\"@type\":\"WebPage\",\"@id\":\"https:\\\/\\\/dothoquynhanh.com\\\/?product=kinh-cuu-kho%cc%89-quan-the-am-bo-tat\",\"url\":\"https:\\\/\\\/dothoquynhanh.com\\\/?product=kinh-cuu-kho%cc%89-quan-the-am-bo-tat\",\"name\":\"Kinh C\u01b0\u0301u Kh\u00f4\u0309- Quan Th\u00ea\u0301 \u00e2m b\u00f4\u0300 ta\u0301t - dothoquynhanh\",\"isPartOf\":{\"@id\":\"https:\\\/\\\/dothoquynhanh.com\\\/#website\"},\"primaryImageOfPage\":{\"@id\":\"https:\\\/\\\/dothoquynhanh.com\\\/?product=kinh-cuu-kho%cc%89-quan-the-am-bo-tat#primaryimage\"},\"image\":{\"@id\":\"https:\\\/\\\/dothoquynhanh.com\\\/?product=kinh-cuu-kho%cc%89-quan-the-am-bo-tat#primaryimage\"},\"thumbnailUrl\":\"https:\\\/\\\/dothoquynhanh.com\\\/wp-content\\\/uploads\\\/2020\\\/12\\\/1-2.jpg\",\"datePublished\":\"2020-12-13T11:39:14+00:00\",\"dateModified\":\"2021-01-11T08:47:02+00:00\",\"breadcrumb\":{\"@id\":\"https:\\\/\\\/dothoquynhanh.com\\\/?product=kinh-cuu-kho%cc%89-quan-the-am-bo-tat#breadcrumb\"},\"inLanguage\":\"vi\",\"potentialAction\":[{\"@type\":\"ReadAction\",\"target\":[\"https:\\\/\\\/dothoquynhanh.com\\\/?product=kinh-cuu-kho%cc%89-quan-the-am-bo-tat\"]}]},{\"@type\":\"ImageObject\",\"inLanguage\":\"vi\",\"@id\":\"https:\\\/\\\/dothoquynhanh.com\\\/?product=kinh-cuu-kho%cc%89-quan-the-am-bo-tat#primaryimage\",\"url\":\"https:\\\/\\\/dothoquynhanh.com\\\/wp-content\\\/uploads\\\/2020\\\/12\\\/1-2.jpg\",\"contentUrl\":\"https:\\\/\\\/dothoquynhanh.com\\\/wp-content\\\/uploads\\\/2020\\\/12\\\/1-2.jpg\",\"width\":600,\"height\":600},{\"@type\":\"BreadcrumbList\",\"@id\":\"https:\\\/\\\/dothoquynhanh.com\\\/?product=kinh-cuu-kho%cc%89-quan-the-am-bo-tat#breadcrumb\",\"itemListElement\":[{\"@type\":\"ListItem\",\"position\":1,\"name\":\"Trang ch\u1ee7\",\"item\":\"https:\\\/\\\/dothoquynhanh.com\\\/\"},{\"@type\":\"ListItem\",\"position\":2,\"name\":\"S\u1ea3n ph\u1ea9m\",\"item\":\"https:\\\/\\\/dothoquynhanh.com\\\/?page_id=64\"},{\"@type\":\"ListItem\",\"position\":3,\"name\":\"Kinh C\u01b0\u0301u Kh\u00f4\u0309- Quan Th\u00ea\u0301 \u00e2m b\u00f4\u0300 ta\u0301t\"}]},{\"@type\":\"WebSite\",\"@id\":\"https:\\\/\\\/dothoquynhanh.com\\\/#website\",\"url\":\"https:\\\/\\\/dothoquynhanh.com\\\/\",\"name\":\"dothoquynhanh\",\"description\":\"\u0110\u1ed2 TH\u1edc PHONG TH\u1ee6Y CAO C\u1ea4P QU\u1ef2NH ANH\",\"publisher\":{\"@id\":\"https:\\\/\\\/dothoquynhanh.com\\\/#\\\/schema\\\/person\\\/9a6a0bff9151168cc437e710214dc286\"},\"potentialAction\":[{\"@type\":\"SearchAction\",\"target\":{\"@type\":\"EntryPoint\",\"urlTemplate\":\"https:\\\/\\\/dothoquynhanh.com\\\/?s={search_term_string}\"},\"query-input\":{\"@type\":\"PropertyValueSpecification\",\"valueRequired\":true,\"valueName\":\"search_term_string\"}}],\"inLanguage\":\"vi\"},{\"@type\":[\"Person\",\"Organization\"],\"@id\":\"https:\\\/\\\/dothoquynhanh.com\\\/#\\\/schema\\\/person\\\/9a6a0bff9151168cc437e710214dc286\",\"name\":\"Qu\u1ef3nh Anh\",\"image\":{\"@type\":\"ImageObject\",\"inLanguage\":\"vi\",\"@id\":\"https:\\\/\\\/secure.gravatar.com\\\/avatar\\\/a86689d41574456e4a65d69a1f70c64ef3172d5d71e939217b478f5347cec268?s=96&d=mm&r=g\",\"url\":\"https:\\\/\\\/secure.gravatar.com\\\/avatar\\\/a86689d41574456e4a65d69a1f70c64ef3172d5d71e939217b478f5347cec268?s=96&d=mm&r=g\",\"contentUrl\":\"https:\\\/\\\/secure.gravatar.com\\\/avatar\\\/a86689d41574456e4a65d69a1f70c64ef3172d5d71e939217b478f5347cec268?s=96&d=mm&r=g\",\"caption\":\"Qu\u1ef3nh Anh\"},\"logo\":{\"@id\":\"https:\\\/\\\/secure.gravatar.com\\\/avatar\\\/a86689d41574456e4a65d69a1f70c64ef3172d5d71e939217b478f5347cec268?s=96&d=mm&r=g\"},\"sameAs\":[\"https:\\\/\\\/dothoquynhanh.com\",\"admin\"]}]}<\/script>\n<!-- \/ Yoast SEO plugin. -->","yoast_head_json":{"title":"Kinh C\u01b0\u0301u Kh\u00f4\u0309- Quan Th\u00ea\u0301 \u00e2m b\u00f4\u0300 ta\u0301t - dothoquynhanh","robots":{"index":"index","follow":"follow","max-snippet":"max-snippet:-1","max-image-preview":"max-image-preview:large","max-video-preview":"max-video-preview:-1"},"canonical":"https:\/\/dothoquynhanh.com\/?product=kinh-cuu-kho\u0309-quan-the-am-bo-tat","og_locale":"vi_VN","og_type":"article","og_title":"Kinh C\u01b0\u0301u Kh\u00f4\u0309- Quan Th\u00ea\u0301 \u00e2m b\u00f4\u0300 ta\u0301t - dothoquynhanh","og_description":"\u0110\u1edcI L\u00c0 B\u1ec2 KH\u1ed4 - L\u00c0M SAO \u0110\u1ec2 THO\u00c1T KH\u1ed4 \u0110\u1ea1o Ph\u1eadt cho r\u1eb1ng \u0110\u1eddi l\u00e0 nh\u1eefng n\u1ed7i kh\u1ed5. Con ng\u01b0\u1eddi sinh ra c\u1ea5t ti\u1ebfng kh\u00f3c \u0111\u1ea7u ti\u00ean ch\u00ednh l\u00e0 b\u1eaft \u0111\u1ea7u c\u1ee7a n\u1ed7i kh\u1ed5. M\u1ed7i cu\u1ed9c \u0111\u1eddi \u0111\u1ec1u c\u00f3 nh\u1eefng n\u1ed7i kh\u1ed5 ri\u00eang, ngh\u00e8o kh\u1ed5 ngh\u00e8o, gi\u00e0u kh\u1ed5 gi\u00e0u. V\u1ea1n s\u1ef1 t\u01b0\u01a1ng sinh t\u01b0\u01a1ng kh\u1eafc, kh\u00f4ng c\u00f3 l\u00ean th\u00ec kh\u00f4ng c\u00f3 xu\u1ed1ng, kh\u00f4ng c\u00f3 th\u1ea5p th\u00ec kh\u00f4ng c\u00f3 cao, kh\u00f4ng c\u00f3 \u0111\u1eafng th\u00ec kh\u00f4ng c\u00f3 ng\u1ecdt.","og_url":"https:\/\/dothoquynhanh.com\/?product=kinh-cuu-kho\u0309-quan-the-am-bo-tat","og_site_name":"dothoquynhanh","article_modified_time":"2021-01-11T08:47:02+00:00","og_image":[{"width":600,"height":600,"url":"https:\/\/dothoquynhanh.com\/wp-content\/uploads\/2020\/12\/1-2.jpg","type":"image\/jpeg"}],"twitter_card":"summary_large_image","twitter_misc":{"\u01af\u1edbc t\u00ednh th\u1eddi gian \u0111\u1ecdc":"2 ph\u00fat"},"schema":{"@context":"https:\/\/schema.org","@graph":[{"@type":"WebPage","@id":"https:\/\/dothoquynhanh.com\/?product=kinh-cuu-kho%cc%89-quan-the-am-bo-tat","url":"https:\/\/dothoquynhanh.com\/?product=kinh-cuu-kho%cc%89-quan-the-am-bo-tat","name":"Kinh C\u01b0\u0301u Kh\u00f4\u0309- Quan Th\u00ea\u0301 \u00e2m b\u00f4\u0300 ta\u0301t - dothoquynhanh","isPartOf":{"@id":"https:\/\/dothoquynhanh.com\/#website"},"primaryImageOfPage":{"@id":"https:\/\/dothoquynhanh.com\/?product=kinh-cuu-kho%cc%89-quan-the-am-bo-tat#primaryimage"},"image":{"@id":"https:\/\/dothoquynhanh.com\/?product=kinh-cuu-kho%cc%89-quan-the-am-bo-tat#primaryimage"},"thumbnailUrl":"https:\/\/dothoquynhanh.com\/wp-content\/uploads\/2020\/12\/1-2.jpg","datePublished":"2020-12-13T11:39:14+00:00","dateModified":"2021-01-11T08:47:02+00:00","breadcrumb":{"@id":"https:\/\/dothoquynhanh.com\/?product=kinh-cuu-kho%cc%89-quan-the-am-bo-tat#breadcrumb"},"inLanguage":"vi","potentialAction":[{"@type":"ReadAction","target":["https:\/\/dothoquynhanh.com\/?product=kinh-cuu-kho%cc%89-quan-the-am-bo-tat"]}]},{"@type":"ImageObject","inLanguage":"vi","@id":"https:\/\/dothoquynhanh.com\/?product=kinh-cuu-kho%cc%89-quan-the-am-bo-tat#primaryimage","url":"https:\/\/dothoquynhanh.com\/wp-content\/uploads\/2020\/12\/1-2.jpg","contentUrl":"https:\/\/dothoquynhanh.com\/wp-content\/uploads\/2020\/12\/1-2.jpg","width":600,"height":600},{"@type":"BreadcrumbList","@id":"https:\/\/dothoquynhanh.com\/?product=kinh-cuu-kho%cc%89-quan-the-am-bo-tat#breadcrumb","itemListElement":[{"@type":"ListItem","position":1,"name":"Trang ch\u1ee7","item":"https:\/\/dothoquynhanh.com\/"},{"@type":"ListItem","position":2,"name":"S\u1ea3n ph\u1ea9m","item":"https:\/\/dothoquynhanh.com\/?page_id=64"},{"@type":"ListItem","position":3,"name":"Kinh C\u01b0\u0301u Kh\u00f4\u0309- Quan Th\u00ea\u0301 \u00e2m b\u00f4\u0300 ta\u0301t"}]},{"@type":"WebSite","@id":"https:\/\/dothoquynhanh.com\/#website","url":"https:\/\/dothoquynhanh.com\/","name":"dothoquynhanh","description":"\u0110\u1ed2 TH\u1edc PHONG TH\u1ee6Y CAO C\u1ea4P QU\u1ef2NH ANH","publisher":{"@id":"https:\/\/dothoquynhanh.com\/#\/schema\/person\/9a6a0bff9151168cc437e710214dc286"},"potentialAction":[{"@type":"SearchAction","target":{"@type":"EntryPoint","urlTemplate":"https:\/\/dothoquynhanh.com\/?s={search_term_string}"},"query-input":{"@type":"PropertyValueSpecification","valueRequired":true,"valueName":"search_term_string"}}],"inLanguage":"vi"},{"@type":["Person","Organization"],"@id":"https:\/\/dothoquynhanh.com\/#\/schema\/person\/9a6a0bff9151168cc437e710214dc286","name":"Qu\u1ef3nh Anh","image":{"@type":"ImageObject","inLanguage":"vi","@id":"https:\/\/secure.gravatar.com\/avatar\/a86689d41574456e4a65d69a1f70c64ef3172d5d71e939217b478f5347cec268?s=96&d=mm&r=g","url":"https:\/\/secure.gravatar.com\/avatar\/a86689d41574456e4a65d69a1f70c64ef3172d5d71e939217b478f5347cec268?s=96&d=mm&r=g","contentUrl":"https:\/\/secure.gravatar.com\/avatar\/a86689d41574456e4a65d69a1f70c64ef3172d5d71e939217b478f5347cec268?s=96&d=mm&r=g","caption":"Qu\u1ef3nh Anh"},"logo":{"@id":"https:\/\/secure.gravatar.com\/avatar\/a86689d41574456e4a65d69a1f70c64ef3172d5d71e939217b478f5347cec268?s=96&d=mm&r=g"},"sameAs":["https:\/\/dothoquynhanh.com","admin"]}]}},"_links":{"self":[{"href":"https:\/\/dothoquynhanh.com\/index.php?rest_route=\/wp\/v2\/product\/3270","targetHints":{"allow":["GET"]}}],"collection":[{"href":"https:\/\/dothoquynhanh.com\/index.php?rest_route=\/wp\/v2\/product"}],"about":[{"href":"https:\/\/dothoquynhanh.com\/index.php?rest_route=\/wp\/v2\/types\/product"}],"replies":[{"embeddable":true,"href":"https:\/\/dothoquynhanh.com\/index.php?rest_route=%2Fwp%2Fv2%2Fcomments&post=3270"}],"wp:featuredmedia":[{"embeddable":true,"href":"https:\/\/dothoquynhanh.com\/index.php?rest_route=\/wp\/v2\/media\/3271"}],"wp:attachment":[{"href":"https:\/\/dothoquynhanh.com\/index.php?rest_route=%2Fwp%2Fv2%2Fmedia&parent=3270"}],"wp:term":[{"taxonomy":"product_brand","embeddable":true,"href":"https:\/\/dothoquynhanh.com\/index.php?rest_route=%2Fwp%2Fv2%2Fproduct_brand&post=3270"},{"taxonomy":"product_cat","embeddable":true,"href":"https:\/\/dothoquynhanh.com\/index.php?rest_route=%2Fwp%2Fv2%2Fproduct_cat&post=3270"},{"taxonomy":"product_tag","embeddable":true,"href":"https:\/\/dothoquynhanh.com\/index.php?rest_route=%2Fwp%2Fv2%2Fproduct_tag&post=3270"}],"curies":[{"name":"wp","href":"https:\/\/api.w.org\/{rel}","templated":true}]}}