{"id":3261,"date":"2020-12-13T09:37:34","date_gmt":"2020-12-13T09:37:34","guid":{"rendered":"https:\/\/dothoquynhanh.com\/?post_type=product&#038;p=3261"},"modified":"2023-12-04T12:52:49","modified_gmt":"2023-12-04T12:52:49","slug":"qua%cc%89-cau-da-phong-thu%cc%89y-tha%cc%a3ch-anh-hong","status":"publish","type":"product","link":"https:\/\/dothoquynhanh.com\/?product=qua%cc%89-cau-da-phong-thu%cc%89y-tha%cc%a3ch-anh-hong","title":{"rendered":"Qua\u0309 c\u00e2\u0300u \u0111a\u0301 phong thu\u0309y tha\u0323ch anh h\u00f4\u0300ng"},"content":{"rendered":"<p><img loading=\"lazy\" decoding=\"async\" src=\"http:\/\/dothoquynhanh.com\/wp-content\/uploads\/2020\/12\/5-400x400.jpg\" alt=\"\" width=\"400\" height=\"400\" class=\"alignnone size-medium wp-image-3262\" srcset=\"https:\/\/dothoquynhanh.com\/wp-content\/uploads\/2020\/12\/5-400x400.jpg 400w, https:\/\/dothoquynhanh.com\/wp-content\/uploads\/2020\/12\/5-100x100.jpg 100w, https:\/\/dothoquynhanh.com\/wp-content\/uploads\/2020\/12\/5-510x510.jpg 510w, https:\/\/dothoquynhanh.com\/wp-content\/uploads\/2020\/12\/5-800x800.jpg 800w, https:\/\/dothoquynhanh.com\/wp-content\/uploads\/2020\/12\/5-280x280.jpg 280w, https:\/\/dothoquynhanh.com\/wp-content\/uploads\/2020\/12\/5-768x768.jpg 768w, https:\/\/dothoquynhanh.com\/wp-content\/uploads\/2020\/12\/5.jpg 1080w\" sizes=\"auto, (max-width: 400px) 100vw, 400px\" \/><br \/>\nqua-cau-phong-thuy-da-fluorit_700x700Qu\u1ea3 c\u1ea7u phong th\u1ee7y b\u1eb1ng \u0111\u00e1 th\u1ea1ch anh l\u00e0 v\u1eadt kh\u00ed c\u00f3 n\u0103ng l\u01b0\u1ee3ng r\u1ea5t m\u1ea1nh. Qu\u1ea3 c\u1ea7u phong th\u1ee7y th\u00fac \u0111\u1ea9y m\u1ed1i quan h\u1ec7 t\u1ed1t \u0111\u1eb9p gi\u1eefa c\u00e1c anh ch\u1ecb em trong nh\u00e0, th\u00fac \u0111\u1ea9y nh\u1eefng ng\u01b0\u1eddi c\u00f3 tr\u00ed h\u01b0\u1edbng theo \u0111u\u1ed5i h\u1ecdc h\u00e0nh, mang l\u1ea1i s\u1ef1 uy\u00ean b\u00e1c s\u00e1ng su\u1ed1t trong c\u00e1c m\u1ed1i quan h\u1ec7 ngo\u00e0i x\u00e3 h\u1ed9i, \u0111em l\u1ea1i s\u1ef1 t\u00f4n tr\u1ecdng, t\u1ef1 tin, may m\u1eafn \u0111\u1ebfn v\u1edbi ch\u1ee7 nh\u00e2n c\u1ee7a n\u00f3.<\/p>\n<p>Theo quan ni\u1ec7m phong th\u1ee7y qu\u1ea3 c\u1ea7u th\u1ea1ch anh th\u01b0\u1eddng \u0111\u01b0\u1ee3c s\u1eed d\u1ee5ng nh\u1eb1m chi\u00eau t\u00e0i h\u00f3a s\u00e1t, \u0111em l\u1ea1i v\u1eadn may, s\u1ee9c kh\u1ecfe, t\u00e0i l\u1ed9c.. 6 m\u00e0u kh\u00e1c nhau c\u1ee7a qu\u1ea3 c\u1ea7u th\u1ea1ch anh nh\u01b0 t\u00edm, v\u00e0ng, tr\u1eafng, \u0111en, xanh d\u01b0\u01a1ng, xanh l\u1ee5c t\u01b0\u1ee3ng tr\u01b0ng cho n\u0103ng l\u01b0\u1ee3ng t\u1eeb tr\u00ean tr\u1eddi xoa d\u1ecbu, \u00e1p ch\u1ebf nh\u1eefng \u0111i\u1ec1u x\u1ea5u, nh\u1eefng v\u1eadn r\u1ee7i c\u00f3 th\u1ec3 x\u1ea3y ra.<\/p>\n<p>\u0110\u1ec3 qu\u1ea3 c\u1ea7u \u0111\u01b0\u1ee3c ph\u00e1t huy n\u0103ng l\u01b0\u1ee3ng t\u1ed1t c\u1ea7n \u0111\u01b0\u1ee3c b\u00e0i tr\u00ed theo \u0111\u00fang h\u01b0\u1edbng v\u00e0 tu\u1ed5i c\u1ee7a ng\u01b0\u1eddi s\u1eed d\u1ee5ng n\u00f3:<\/p>\n<p>Ch\u1ecdn theo h\u01b0\u1edbng b\u00e0i tr\u00ed<\/p>\n<p>Ph\u01b0\u01a1ng v\u1ecb \u0110\u00f4ng: m\u00e0u l\u1ee5c, t\u00edm<br \/>\nPh\u01b0\u01a1ng v\u1ecb T\u00e2y: m\u00e0u tr\u1eafng<br \/>\nPh\u01b0\u01a1ng v\u1ecb Nam: m\u00e0u \u0111\u1ecf<br \/>\nPh\u01b0\u01a1ng v\u1ecb B\u1eafc: m\u00e0u \u0111en, m\u00e0u lam, m\u00e0u tr\u00e0<br \/>\nPh\u01b0\u01a1ng v\u1ecb trung t\u00e2m: m\u00e0u v\u00e0ng, cam<br \/>\nCh\u1ecdn theo tu\u1ed5i<\/p>\n<p>M\u00e0u tr\u1eafng c\u00f3 t\u00e1c d\u1ee5ng khai th\u00f4ng tr\u00ed \u00f3c, t\u0103ng c\u01b0\u1eddng tr\u00ed nh\u1edb, khai s\u00e1ng v\u1eadn m\u1ec7nh. H\u1ee3p v\u1edbi tu\u1ed5i: T\u00fd, Th\u00e2n, D\u1eadu, H\u1ee3i.<br \/>\nM\u00e0u t\u00edm c\u00f3 t\u00e1c d\u1ee5ng \u1ed5n \u0111\u1ecbnh t\u00e2m l\u00fd, t\u0103ng c\u01b0\u1eddng n\u0103ng l\u01b0\u1ee3ng v\u00e0 kh\u00ed l\u1ef1c. H\u1ee3p v\u1edbi tu\u1ed5i: S\u1eedu, T\u1ef5, Ng\u1ecd, Th\u00ecn, M\u00f9i, Tu\u1ea5t.<br \/>\n M\u00e0u v\u00e0ng c\u00f3 t\u00e1c d\u1ee5ng \u0111em t\u00e0i l\u1ed9c v\u1eadn kh\u00ed v\u1ec1, \u1ed5n \u0111\u1ecbnh t\u00e2m l\u00fd, t\u0103ng c\u01b0\u1eddng tr\u00ed \u00f3c. H\u1ee3p v\u1edbi tu\u1ed5i: S\u1eedu, Th\u00ecn, M\u00f9i, Tu\u1ea5t, Th\u00e2n, D\u1eadu.<br \/>\nM\u00e0u l\u1ee5c c\u00f3 t\u00e1c d\u1ee5ng t\u00edch t\u1ee5 t\u00e0i v\u1eadn, th\u00fac \u0111\u1ea9y t\u00ednh c\u1ea7n c\u00f9 si\u00eang n\u0103ng. H\u1ee3p v\u1edbi tu\u1ed5i: D\u1ea7n, M\u00e3o, T\u1ef5, Ng\u1ecd.<br \/>\nM\u00e0u \u0111en c\u00f3 t\u00e1c d\u1ee5ng t\u0103ng c\u01b0\u1eddng uy t\u00edn, d\u0169ng kh\u00ed, khi\u1ebfn cho ng\u01b0\u1eddi s\u1eed d\u1ee5ng c\u00f3 uy l\u1ef1c h\u01a1n trong l\u1eddi n\u00f3i c\u0169ng nh\u01b0 h\u00e0nh \u0111\u1ed9ng. H\u1ee3p v\u1edbi tu\u1ed5i: S\u1eedu, Th\u00ecn, M\u00f9i,Tu\u1ea5t, Th\u00e2n, D\u1eadu.<br \/>\nM\u00e0u h\u1ed3ng c\u00f3 t\u00e1c d\u1ee5ng th\u00fac \u0111\u1ea9y ch\u1ee7 nh\u00e2n t\u00ecm \u0111\u01b0\u1ee3c t\u00ecnh y\u00eau \u0111\u00edch th\u1ef1c, h\u1ed7 tr\u1ee3 c\u00e1c m\u1ed1i quan h\u1ec7 trong c\u00f4ng vi\u00eac, s\u1ef1 nghi\u1ec7p. H\u1ee3p v\u1edbi tu\u1ed5i: S\u1eedu, Th\u00ecn, M\u00f9i, Tu\u1ea5t, T\u1ef5, Ng\u1ecd.<br \/>\nM\u00e0u lam c\u00f3 t\u00e1c d\u1ee5ng gi\u00fap t\u00e2m l\u00fd an \u0111\u1ecbnh, lu\u00f4n c\u1ea3m th\u1ea5y b\u00ecnh y\u00ean, h\u1ea1nh ph\u00fac. H\u1ee3p v\u1edbi tu\u1ed5i: T\u00fd, D\u1ea7n, M\u00e3o, H\u1ee3i.<br \/>\nL\u01b0u \u00fd khi b\u00e0i tr\u00ed c\u1ea7u th\u1ea1ch anh<br \/>\n\u0110\u1eb7t th\u1ea1ch anh gi\u1eefa trung t\u00e2m nh\u00e0 \u0111\u1ec3 l\u1ea5y sinh kh\u00ed cho m\u1ecdi ng\u01b0\u1eddi, \u0111\u1eb7t tr\u00ean b\u00e0n h\u1ecdc, b\u00e0n l\u00e0m vi\u1ec7c gi\u00fap t\u1eadp trung, ham h\u1ecdc, \u0111em l\u1ea1i nhi\u1ec1u may m\u1eafn. Kh\u00f4ng n\u00ean \u0111\u1eb7t qu\u1ea3 c\u1ea7u th\u1ea1ch anh \u1edf g\u00f3c ph\u00f2ng, nh\u00e0 b\u1ebfp, hay gi\u1eefa \u0111\u01b0\u1eddng \u0111i, l\u1ed1i v\u00e0o, hay nh\u1eefng ph\u01b0\u01a1ng s\u00e1t kh\u00ed. \u0110\u1eb7t th\u1ea1ch anh \u1edf ph\u01b0\u01a1ng \u0111\u1ea1i c\u00e1t \u0111\u1ea1i l\u1ee3i l\u00e0 t\u1ed1t nh\u1ea5t, gi\u00fap n\u00f3 \u0111\u1ea9y l\u00f9i s\u00e1t kh\u00ed, thu h\u00fat t\u00e0i l\u1ed9c, v\u1eadn kh\u00ed v\u00e0o nh\u00e0.<\/p>\n","protected":false},"excerpt":{"rendered":"<p>Ch\u1ea5t li\u1ec7u: \u0111\u00e1 Th\u1ea1ch anh xanh<br \/>\nTr\u1ecdng l\u01b0\u1ee3ng:  t\u00f9y ch\u1ecdn<br \/>\n\u0110\u01a1n v\u1ecb t\u00ednh: kg<\/p>\n","protected":false},"featured_media":3262,"comment_status":"open","ping_status":"closed","template":"","meta":[],"product_brand":[],"product_cat":[561],"product_tag":[],"class_list":{"0":"post-3261","1":"product","2":"type-product","3":"status-publish","4":"has-post-thumbnail","6":"product_cat-do-phong-thuy","8":"first","9":"instock","10":"shipping-taxable","11":"purchasable","12":"product-type-simple"},"yoast_head":"<!-- This site is optimized with the Yoast SEO plugin v27.5 - https:\/\/yoast.com\/product\/yoast-seo-wordpress\/ -->\n<title>Qua\u0309 c\u00e2\u0300u \u0111a\u0301 phong thu\u0309y tha\u0323ch anh h\u00f4\u0300ng - dothoquynhanh<\/title>\n<meta name=\"robots\" content=\"index, follow, max-snippet:-1, max-image-preview:large, max-video-preview:-1\" \/>\n<link rel=\"canonical\" href=\"https:\/\/dothoquynhanh.com\/?product=qua\u0309-cau-da-phong-thu\u0309y-tha\u0323ch-anh-hong\" \/>\n<meta property=\"og:locale\" content=\"vi_VN\" \/>\n<meta property=\"og:type\" content=\"article\" \/>\n<meta property=\"og:title\" content=\"Qua\u0309 c\u00e2\u0300u \u0111a\u0301 phong thu\u0309y tha\u0323ch anh h\u00f4\u0300ng - dothoquynhanh\" \/>\n<meta property=\"og:description\" content=\"Ch\u1ea5t li\u1ec7u: \u0111\u00e1 Th\u1ea1ch anh xanh Tr\u1ecdng l\u01b0\u1ee3ng: t\u00f9y ch\u1ecdn \u0110\u01a1n v\u1ecb t\u00ednh: kg\" \/>\n<meta property=\"og:url\" content=\"https:\/\/dothoquynhanh.com\/?product=qua\u0309-cau-da-phong-thu\u0309y-tha\u0323ch-anh-hong\" \/>\n<meta property=\"og:site_name\" content=\"dothoquynhanh\" \/>\n<meta property=\"article:modified_time\" content=\"2023-12-04T12:52:49+00:00\" \/>\n<meta property=\"og:image\" content=\"https:\/\/dothoquynhanh.com\/wp-content\/uploads\/2020\/12\/5.jpg\" \/>\n\t<meta property=\"og:image:width\" content=\"1080\" \/>\n\t<meta property=\"og:image:height\" content=\"1080\" \/>\n\t<meta property=\"og:image:type\" content=\"image\/jpeg\" \/>\n<meta name=\"twitter:card\" content=\"summary_large_image\" \/>\n<meta name=\"twitter:label1\" content=\"\u01af\u1edbc t\u00ednh th\u1eddi gian \u0111\u1ecdc\" \/>\n\t<meta name=\"twitter:data1\" content=\"4 ph\u00fat\" \/>\n<script type=\"application\/ld+json\" class=\"yoast-schema-graph\">{\"@context\":\"https:\\\/\\\/schema.org\",\"@graph\":[{\"@type\":\"WebPage\",\"@id\":\"https:\\\/\\\/dothoquynhanh.com\\\/?product=qua%cc%89-cau-da-phong-thu%cc%89y-tha%cc%a3ch-anh-hong\",\"url\":\"https:\\\/\\\/dothoquynhanh.com\\\/?product=qua%cc%89-cau-da-phong-thu%cc%89y-tha%cc%a3ch-anh-hong\",\"name\":\"Qua\u0309 c\u00e2\u0300u \u0111a\u0301 phong thu\u0309y tha\u0323ch anh h\u00f4\u0300ng - dothoquynhanh\",\"isPartOf\":{\"@id\":\"https:\\\/\\\/dothoquynhanh.com\\\/#website\"},\"primaryImageOfPage\":{\"@id\":\"https:\\\/\\\/dothoquynhanh.com\\\/?product=qua%cc%89-cau-da-phong-thu%cc%89y-tha%cc%a3ch-anh-hong#primaryimage\"},\"image\":{\"@id\":\"https:\\\/\\\/dothoquynhanh.com\\\/?product=qua%cc%89-cau-da-phong-thu%cc%89y-tha%cc%a3ch-anh-hong#primaryimage\"},\"thumbnailUrl\":\"https:\\\/\\\/dothoquynhanh.com\\\/wp-content\\\/uploads\\\/2020\\\/12\\\/5.jpg\",\"datePublished\":\"2020-12-13T09:37:34+00:00\",\"dateModified\":\"2023-12-04T12:52:49+00:00\",\"breadcrumb\":{\"@id\":\"https:\\\/\\\/dothoquynhanh.com\\\/?product=qua%cc%89-cau-da-phong-thu%cc%89y-tha%cc%a3ch-anh-hong#breadcrumb\"},\"inLanguage\":\"vi\",\"potentialAction\":[{\"@type\":\"ReadAction\",\"target\":[\"https:\\\/\\\/dothoquynhanh.com\\\/?product=qua%cc%89-cau-da-phong-thu%cc%89y-tha%cc%a3ch-anh-hong\"]}]},{\"@type\":\"ImageObject\",\"inLanguage\":\"vi\",\"@id\":\"https:\\\/\\\/dothoquynhanh.com\\\/?product=qua%cc%89-cau-da-phong-thu%cc%89y-tha%cc%a3ch-anh-hong#primaryimage\",\"url\":\"https:\\\/\\\/dothoquynhanh.com\\\/wp-content\\\/uploads\\\/2020\\\/12\\\/5.jpg\",\"contentUrl\":\"https:\\\/\\\/dothoquynhanh.com\\\/wp-content\\\/uploads\\\/2020\\\/12\\\/5.jpg\",\"width\":1080,\"height\":1080},{\"@type\":\"BreadcrumbList\",\"@id\":\"https:\\\/\\\/dothoquynhanh.com\\\/?product=qua%cc%89-cau-da-phong-thu%cc%89y-tha%cc%a3ch-anh-hong#breadcrumb\",\"itemListElement\":[{\"@type\":\"ListItem\",\"position\":1,\"name\":\"Trang ch\u1ee7\",\"item\":\"https:\\\/\\\/dothoquynhanh.com\\\/\"},{\"@type\":\"ListItem\",\"position\":2,\"name\":\"S\u1ea3n ph\u1ea9m\",\"item\":\"https:\\\/\\\/dothoquynhanh.com\\\/?page_id=64\"},{\"@type\":\"ListItem\",\"position\":3,\"name\":\"Qua\u0309 c\u00e2\u0300u \u0111a\u0301 phong thu\u0309y tha\u0323ch anh h\u00f4\u0300ng\"}]},{\"@type\":\"WebSite\",\"@id\":\"https:\\\/\\\/dothoquynhanh.com\\\/#website\",\"url\":\"https:\\\/\\\/dothoquynhanh.com\\\/\",\"name\":\"dothoquynhanh\",\"description\":\"\u0110\u1ed2 TH\u1edc PHONG TH\u1ee6Y CAO C\u1ea4P QU\u1ef2NH ANH\",\"publisher\":{\"@id\":\"https:\\\/\\\/dothoquynhanh.com\\\/#\\\/schema\\\/person\\\/9a6a0bff9151168cc437e710214dc286\"},\"potentialAction\":[{\"@type\":\"SearchAction\",\"target\":{\"@type\":\"EntryPoint\",\"urlTemplate\":\"https:\\\/\\\/dothoquynhanh.com\\\/?s={search_term_string}\"},\"query-input\":{\"@type\":\"PropertyValueSpecification\",\"valueRequired\":true,\"valueName\":\"search_term_string\"}}],\"inLanguage\":\"vi\"},{\"@type\":[\"Person\",\"Organization\"],\"@id\":\"https:\\\/\\\/dothoquynhanh.com\\\/#\\\/schema\\\/person\\\/9a6a0bff9151168cc437e710214dc286\",\"name\":\"Qu\u1ef3nh Anh\",\"image\":{\"@type\":\"ImageObject\",\"inLanguage\":\"vi\",\"@id\":\"https:\\\/\\\/secure.gravatar.com\\\/avatar\\\/a86689d41574456e4a65d69a1f70c64ef3172d5d71e939217b478f5347cec268?s=96&d=mm&r=g\",\"url\":\"https:\\\/\\\/secure.gravatar.com\\\/avatar\\\/a86689d41574456e4a65d69a1f70c64ef3172d5d71e939217b478f5347cec268?s=96&d=mm&r=g\",\"contentUrl\":\"https:\\\/\\\/secure.gravatar.com\\\/avatar\\\/a86689d41574456e4a65d69a1f70c64ef3172d5d71e939217b478f5347cec268?s=96&d=mm&r=g\",\"caption\":\"Qu\u1ef3nh Anh\"},\"logo\":{\"@id\":\"https:\\\/\\\/secure.gravatar.com\\\/avatar\\\/a86689d41574456e4a65d69a1f70c64ef3172d5d71e939217b478f5347cec268?s=96&d=mm&r=g\"},\"sameAs\":[\"https:\\\/\\\/dothoquynhanh.com\",\"admin\"]}]}<\/script>\n<!-- \/ Yoast SEO plugin. -->","yoast_head_json":{"title":"Qua\u0309 c\u00e2\u0300u \u0111a\u0301 phong thu\u0309y tha\u0323ch anh h\u00f4\u0300ng - dothoquynhanh","robots":{"index":"index","follow":"follow","max-snippet":"max-snippet:-1","max-image-preview":"max-image-preview:large","max-video-preview":"max-video-preview:-1"},"canonical":"https:\/\/dothoquynhanh.com\/?product=qua\u0309-cau-da-phong-thu\u0309y-tha\u0323ch-anh-hong","og_locale":"vi_VN","og_type":"article","og_title":"Qua\u0309 c\u00e2\u0300u \u0111a\u0301 phong thu\u0309y tha\u0323ch anh h\u00f4\u0300ng - dothoquynhanh","og_description":"Ch\u1ea5t li\u1ec7u: \u0111\u00e1 Th\u1ea1ch anh xanh Tr\u1ecdng l\u01b0\u1ee3ng: t\u00f9y ch\u1ecdn \u0110\u01a1n v\u1ecb t\u00ednh: kg","og_url":"https:\/\/dothoquynhanh.com\/?product=qua\u0309-cau-da-phong-thu\u0309y-tha\u0323ch-anh-hong","og_site_name":"dothoquynhanh","article_modified_time":"2023-12-04T12:52:49+00:00","og_image":[{"width":1080,"height":1080,"url":"https:\/\/dothoquynhanh.com\/wp-content\/uploads\/2020\/12\/5.jpg","type":"image\/jpeg"}],"twitter_card":"summary_large_image","twitter_misc":{"\u01af\u1edbc t\u00ednh th\u1eddi gian \u0111\u1ecdc":"4 ph\u00fat"},"schema":{"@context":"https:\/\/schema.org","@graph":[{"@type":"WebPage","@id":"https:\/\/dothoquynhanh.com\/?product=qua%cc%89-cau-da-phong-thu%cc%89y-tha%cc%a3ch-anh-hong","url":"https:\/\/dothoquynhanh.com\/?product=qua%cc%89-cau-da-phong-thu%cc%89y-tha%cc%a3ch-anh-hong","name":"Qua\u0309 c\u00e2\u0300u \u0111a\u0301 phong thu\u0309y tha\u0323ch anh h\u00f4\u0300ng - dothoquynhanh","isPartOf":{"@id":"https:\/\/dothoquynhanh.com\/#website"},"primaryImageOfPage":{"@id":"https:\/\/dothoquynhanh.com\/?product=qua%cc%89-cau-da-phong-thu%cc%89y-tha%cc%a3ch-anh-hong#primaryimage"},"image":{"@id":"https:\/\/dothoquynhanh.com\/?product=qua%cc%89-cau-da-phong-thu%cc%89y-tha%cc%a3ch-anh-hong#primaryimage"},"thumbnailUrl":"https:\/\/dothoquynhanh.com\/wp-content\/uploads\/2020\/12\/5.jpg","datePublished":"2020-12-13T09:37:34+00:00","dateModified":"2023-12-04T12:52:49+00:00","breadcrumb":{"@id":"https:\/\/dothoquynhanh.com\/?product=qua%cc%89-cau-da-phong-thu%cc%89y-tha%cc%a3ch-anh-hong#breadcrumb"},"inLanguage":"vi","potentialAction":[{"@type":"ReadAction","target":["https:\/\/dothoquynhanh.com\/?product=qua%cc%89-cau-da-phong-thu%cc%89y-tha%cc%a3ch-anh-hong"]}]},{"@type":"ImageObject","inLanguage":"vi","@id":"https:\/\/dothoquynhanh.com\/?product=qua%cc%89-cau-da-phong-thu%cc%89y-tha%cc%a3ch-anh-hong#primaryimage","url":"https:\/\/dothoquynhanh.com\/wp-content\/uploads\/2020\/12\/5.jpg","contentUrl":"https:\/\/dothoquynhanh.com\/wp-content\/uploads\/2020\/12\/5.jpg","width":1080,"height":1080},{"@type":"BreadcrumbList","@id":"https:\/\/dothoquynhanh.com\/?product=qua%cc%89-cau-da-phong-thu%cc%89y-tha%cc%a3ch-anh-hong#breadcrumb","itemListElement":[{"@type":"ListItem","position":1,"name":"Trang ch\u1ee7","item":"https:\/\/dothoquynhanh.com\/"},{"@type":"ListItem","position":2,"name":"S\u1ea3n ph\u1ea9m","item":"https:\/\/dothoquynhanh.com\/?page_id=64"},{"@type":"ListItem","position":3,"name":"Qua\u0309 c\u00e2\u0300u \u0111a\u0301 phong thu\u0309y tha\u0323ch anh h\u00f4\u0300ng"}]},{"@type":"WebSite","@id":"https:\/\/dothoquynhanh.com\/#website","url":"https:\/\/dothoquynhanh.com\/","name":"dothoquynhanh","description":"\u0110\u1ed2 TH\u1edc PHONG TH\u1ee6Y CAO C\u1ea4P QU\u1ef2NH ANH","publisher":{"@id":"https:\/\/dothoquynhanh.com\/#\/schema\/person\/9a6a0bff9151168cc437e710214dc286"},"potentialAction":[{"@type":"SearchAction","target":{"@type":"EntryPoint","urlTemplate":"https:\/\/dothoquynhanh.com\/?s={search_term_string}"},"query-input":{"@type":"PropertyValueSpecification","valueRequired":true,"valueName":"search_term_string"}}],"inLanguage":"vi"},{"@type":["Person","Organization"],"@id":"https:\/\/dothoquynhanh.com\/#\/schema\/person\/9a6a0bff9151168cc437e710214dc286","name":"Qu\u1ef3nh Anh","image":{"@type":"ImageObject","inLanguage":"vi","@id":"https:\/\/secure.gravatar.com\/avatar\/a86689d41574456e4a65d69a1f70c64ef3172d5d71e939217b478f5347cec268?s=96&d=mm&r=g","url":"https:\/\/secure.gravatar.com\/avatar\/a86689d41574456e4a65d69a1f70c64ef3172d5d71e939217b478f5347cec268?s=96&d=mm&r=g","contentUrl":"https:\/\/secure.gravatar.com\/avatar\/a86689d41574456e4a65d69a1f70c64ef3172d5d71e939217b478f5347cec268?s=96&d=mm&r=g","caption":"Qu\u1ef3nh Anh"},"logo":{"@id":"https:\/\/secure.gravatar.com\/avatar\/a86689d41574456e4a65d69a1f70c64ef3172d5d71e939217b478f5347cec268?s=96&d=mm&r=g"},"sameAs":["https:\/\/dothoquynhanh.com","admin"]}]}},"_links":{"self":[{"href":"https:\/\/dothoquynhanh.com\/index.php?rest_route=\/wp\/v2\/product\/3261","targetHints":{"allow":["GET"]}}],"collection":[{"href":"https:\/\/dothoquynhanh.com\/index.php?rest_route=\/wp\/v2\/product"}],"about":[{"href":"https:\/\/dothoquynhanh.com\/index.php?rest_route=\/wp\/v2\/types\/product"}],"replies":[{"embeddable":true,"href":"https:\/\/dothoquynhanh.com\/index.php?rest_route=%2Fwp%2Fv2%2Fcomments&post=3261"}],"wp:featuredmedia":[{"embeddable":true,"href":"https:\/\/dothoquynhanh.com\/index.php?rest_route=\/wp\/v2\/media\/3262"}],"wp:attachment":[{"href":"https:\/\/dothoquynhanh.com\/index.php?rest_route=%2Fwp%2Fv2%2Fmedia&parent=3261"}],"wp:term":[{"taxonomy":"product_brand","embeddable":true,"href":"https:\/\/dothoquynhanh.com\/index.php?rest_route=%2Fwp%2Fv2%2Fproduct_brand&post=3261"},{"taxonomy":"product_cat","embeddable":true,"href":"https:\/\/dothoquynhanh.com\/index.php?rest_route=%2Fwp%2Fv2%2Fproduct_cat&post=3261"},{"taxonomy":"product_tag","embeddable":true,"href":"https:\/\/dothoquynhanh.com\/index.php?rest_route=%2Fwp%2Fv2%2Fproduct_tag&post=3261"}],"curies":[{"name":"wp","href":"https:\/\/api.w.org\/{rel}","templated":true}]}}