{"id":3255,"date":"2020-12-13T09:30:26","date_gmt":"2020-12-13T09:30:26","guid":{"rendered":"https:\/\/dothoquynhanh.com\/?post_type=product&#038;p=3255"},"modified":"2026-04-15T05:20:40","modified_gmt":"2026-04-15T05:20:40","slug":"qua-cau-phong-thuy-da-hoang-long","status":"publish","type":"product","link":"https:\/\/dothoquynhanh.com\/?product=qua-cau-phong-thuy-da-hoang-long","title":{"rendered":"Qu\u1ea3 C\u1ea7u Phong Th\u1ee7y \u0110\u00e1 Ho\u00e0ng Long"},"content":{"rendered":"<p><img loading=\"lazy\" decoding=\"async\" src=\"http:\/\/dothoquynhanh.com\/wp-content\/uploads\/2020\/12\/1-400x400.jpg\" alt=\"\" width=\"400\" height=\"400\" class=\"alignnone size-medium wp-image-3256\" srcset=\"https:\/\/dothoquynhanh.com\/wp-content\/uploads\/2020\/12\/1-400x400.jpg 400w, https:\/\/dothoquynhanh.com\/wp-content\/uploads\/2020\/12\/1-100x100.jpg 100w, https:\/\/dothoquynhanh.com\/wp-content\/uploads\/2020\/12\/1-510x510.jpg 510w, https:\/\/dothoquynhanh.com\/wp-content\/uploads\/2020\/12\/1-800x800.jpg 800w, https:\/\/dothoquynhanh.com\/wp-content\/uploads\/2020\/12\/1-280x280.jpg 280w, https:\/\/dothoquynhanh.com\/wp-content\/uploads\/2020\/12\/1-768x768.jpg 768w, https:\/\/dothoquynhanh.com\/wp-content\/uploads\/2020\/12\/1.jpg 1080w\" sizes=\"auto, (max-width: 400px) 100vw, 400px\" \/><br \/>\nCh\u1ea5t li\u1ec7u: \u0110\u00e1 T\u1ef1 Nhi\u00ean<br \/>\n\u2013 K\u00edch th\u01b0\u1edbc: nhi\u1ec1u lo\u1ea1i t\u00f9y v\u00e0o \u0111\u01b0\u1eddng k\u00ednh : 100mm, 120mm, 150mm.<br \/>\n\u2666 \u00dd ngh\u0129a:<br \/>\n\u2013 Qu\u1ea3 c\u1ea7u phong th\u1ee7y \u0111\u00e1 ho\u00e0ng long bi\u1ec3u t\u01b0\u1ee3ng cho ph\u00fa qu\u00fd v\u00e0 t\u00e0i l\u1ed9c. T\u01b0\u1ee3ng tr\u01b0ng cho c\u00f4ng vi\u1ec7c thu\u1eadn l\u1ee3i, c\u00f2n t\u0103ng c\u01b0\u1eddng sinh kh\u00ed, k\u00edch ho\u1ea1t may m\u1eafn, n\u0103ng l\u01b0\u1ee3ng d\u01b0\u01a1ng, ch\u1ed1ng t\u00e0 kh\u00ed t\u1eeb b\u00ean ngo\u00e0i.<br \/>\n\u2666 T\u00e1c d\u1ee5ng:<br \/>\n\u2013 Qu\u1ea3 c\u1ea7u phong th\u1ee7y \u0111\u00e1 ho\u00e0ng long c\u00f3 t\u00e1c d\u1ee5ng gi\u00fap gia t\u0103ng s\u1ef1 t\u1eadp trung, ph\u00e1n \u0111o\u00e1n ch\u00ednh x\u00e1c trong kinh doanh, h\u1ea1n ch\u1ebf nh\u1eefng \u0111i\u1ec1u kh\u00f4ng may m\u1eafn trong c\u00f4ng vi\u1ec7c, h\u1ea5p th\u1ee5 may m\u1eafn, lo\u1ea1i tr\u1eeb ti\u00eau c\u1ef1c \u0111\u1ebfn t\u1eeb b\u00ean ngo\u00e0i, mang l\u1ea1i s\u1ef1 t\u00f4n tr\u1ecdng, may m\u1eafn, t\u1ef1 tin, s\u1ef1 th\u00f4ng minh, ti\u1ec1n t\u00e0i.<br \/>\n\u2013Qu\u1ea3 c\u1ea7u phong th\u1ee7y \u0111\u00e1 ho\u00e0ng long l\u00e0 l\u00e1 b\u00f9a may m\u1eafn cho nh\u1eefng ai \u0111ang theo \u0111u\u1ed5i con \u0111\u01b0\u1eddng h\u1ecdc t\u1eadp, gi\u00fap b\u1ea1n t\u1ef1 tin, s\u00e1ng su\u1ed1t trong thi c\u1eed, \u0111\u1eb7c bi\u1ec7t n\u00e2ng cao tr\u00ed nh\u1edb gi\u00fap b\u1ea1n nhanh thu\u1ed9c b\u00e0i \u0111\u1ea1t \u0111\u01b0\u1ee3c k\u1ebft qu\u1ea3 cao trong h\u1ecdc t\u1eadp.<br \/>\n\u2013 Qu\u1ea3 c\u1ea7u phong th\u1ee7y \u0111\u00e1 ho\u00e0ng long h\u1ed5 tr\u1ee3 ch\u1eefa b\u1ec7nh \u0111i\u1ec1u tr\u1ecb b\u1ec7nh \u1edf c\u00e1c c\u01a1 quan ti\u00eau h\u00f3a nh\u01b0 gan, t\u00fai m\u1eadt, tuy\u1ebfn t\u1ee5y v\u00e0 l\u00e1 l\u00e1ch.<br \/>\n\u2013 Qu\u1ea3 c\u1ea7u phong th\u1ee7y \u0111\u00e1 ho\u00e0ng longg c\u00f3 t\u00e1c d\u1ee5ng gi\u00fap gia t\u0103ng s\u1ef1 t\u1eadp trung, ph\u00e1n \u0111o\u00e1n ch\u00ednh x\u00e1c trong kinh doanh mang \u0111\u1ebfn cho b\u1ea1n s\u1ef1 th\u00e0nh c\u00f4ng.<br \/>\n\u2013Qu\u1ea3 c\u1ea7u phong th\u1ee7y \u0111\u00e1 ho\u00e0ng long gi\u00fap  h\u1ea1n ch\u1ebf nh\u1eefng \u0111i\u1ec1u kh\u00f4ng may m\u1eafn trong c\u00f4ng vi\u1ec7c c\u0169ng nh\u01b0 h\u1ecdc t\u1eadp, h\u1ea5p th\u1ee5 may m\u1eafn, lo\u1ea1i tr\u1eeb ti\u00eau c\u1ef1c \u0111\u1ebfn t\u1eeb b\u00ean ngo\u00e0i.<br \/>\n\u2013 Mang l\u1ea1i s\u1ef1 t\u00f4n tr\u1ecdng, t\u1ef1 tin giao ti\u1ebfp m\u1edf r\u1ed9ng c\u00e1c m\u1ed1i quan h\u1ec7.<br \/>\n \u2013 Qu\u1ea3 c\u1ea7u phong th\u1ee7y \u0111\u00e1 ho\u00e0ng long gi\u00fap b\u1ea1n chi\u00eau t\u00e0i l\u1ed9c, mang \u0111\u1ebfn v\u1eadn may gi\u00fap b\u1ea1n c\u00f3 m\u1ed9t cu\u1ed9c s\u00f4ng an l\u1ea1c.<br \/>\n\u2666 H\u01a1p m\u1ec7nh:<br \/>\n\u2013 Qu\u1ea3 C\u1ea7u Phong Th\u1ee7y \u0110\u00e1 Ho\u00e0ng Long h\u1ee3p v\u1edbi m\u1ec7nh TH\u1ed4 va\u0300 m\u00ea\u0323nh KIM.<br \/>\n\u2666 V\u1ecb tr\u00ed th\u00edch h\u1ee3p \u0111\u1ec3 b\u00e0i tr\u00ed:<br \/>\n-T\u1ed1t nh\u1ea5t n\u00ean \u0111\u1eb7t \u1edf gi\u1eefa nh\u00e0, \u0111\u1ec3 l\u1ea5y sinh kh\u00ed cho m\u1ecdi ng\u01b0\u1eddi<br \/>\n\u2013 \u0110\u0103t tr\u00ean b\u00e0n l\u00e0m vi\u1ec7c, b\u00e0n h\u1ecdc, ph\u00f2ng kh\u00e1ch hay ph\u00f2ng \u0111\u1ecdc s\u00e1ch: Gi\u00fap t\u1eadp trung, ham h\u1ecdc, \u0111em l\u1ea1i nhi\u1ec1u may m\u1eafn.<\/p>\n","protected":false},"excerpt":{"rendered":"<p>Qu\u1ea3 C\u1ea7u Phong Th\u1ee7y \u0110\u00e1 Ho\u00e0ng Long<br \/>\n\u2013 Ch\u1ea5t li\u1ec7u: \u0110\u00e1 T\u1ef1 Nhi\u00ean<br \/>\n\u2013 K\u00edch th\u01b0\u1edbc: nhi\u1ec1u lo\u1ea1i t\u00f9y v\u00e0o \u0111\u01b0\u1eddng k\u00ednh : 100mm, 120mm, 150mm<\/p>\n","protected":false},"featured_media":3256,"comment_status":"open","ping_status":"closed","template":"","meta":[],"product_brand":[],"product_cat":[561],"product_tag":[],"class_list":{"0":"post-3255","1":"product","2":"type-product","3":"status-publish","4":"has-post-thumbnail","6":"product_cat-do-phong-thuy","8":"first","9":"instock","10":"shipping-taxable","11":"purchasable","12":"product-type-simple"},"yoast_head":"<!-- This site is optimized with the Yoast SEO plugin v27.5 - https:\/\/yoast.com\/product\/yoast-seo-wordpress\/ -->\n<title>Qu\u1ea3 C\u1ea7u Phong Th\u1ee7y \u0110\u00e1 Ho\u00e0ng Long - dothoquynhanh<\/title>\n<meta name=\"robots\" content=\"index, follow, max-snippet:-1, max-image-preview:large, max-video-preview:-1\" \/>\n<link rel=\"canonical\" href=\"https:\/\/dothoquynhanh.com\/?product=qua-cau-phong-thuy-da-hoang-long\" \/>\n<meta property=\"og:locale\" content=\"vi_VN\" \/>\n<meta property=\"og:type\" content=\"article\" \/>\n<meta property=\"og:title\" content=\"Qu\u1ea3 C\u1ea7u Phong Th\u1ee7y \u0110\u00e1 Ho\u00e0ng Long - dothoquynhanh\" \/>\n<meta property=\"og:description\" content=\"Qu\u1ea3 C\u1ea7u Phong Th\u1ee7y \u0110\u00e1 Ho\u00e0ng Long \u2013 Ch\u1ea5t li\u1ec7u: \u0110\u00e1 T\u1ef1 Nhi\u00ean \u2013 K\u00edch th\u01b0\u1edbc: nhi\u1ec1u lo\u1ea1i t\u00f9y v\u00e0o \u0111\u01b0\u1eddng k\u00ednh : 100mm, 120mm, 150mm\" \/>\n<meta property=\"og:url\" content=\"https:\/\/dothoquynhanh.com\/?product=qua-cau-phong-thuy-da-hoang-long\" \/>\n<meta property=\"og:site_name\" content=\"dothoquynhanh\" \/>\n<meta property=\"article:modified_time\" content=\"2026-04-15T05:20:40+00:00\" \/>\n<meta property=\"og:image\" content=\"https:\/\/dothoquynhanh.com\/wp-content\/uploads\/2020\/12\/1.jpg\" \/>\n\t<meta property=\"og:image:width\" content=\"1080\" \/>\n\t<meta property=\"og:image:height\" content=\"1080\" \/>\n\t<meta property=\"og:image:type\" content=\"image\/jpeg\" \/>\n<meta name=\"twitter:card\" content=\"summary_large_image\" \/>\n<meta name=\"twitter:label1\" content=\"\u01af\u1edbc t\u00ednh th\u1eddi gian \u0111\u1ecdc\" \/>\n\t<meta name=\"twitter:data1\" content=\"3 ph\u00fat\" \/>\n<script type=\"application\/ld+json\" class=\"yoast-schema-graph\">{\"@context\":\"https:\\\/\\\/schema.org\",\"@graph\":[{\"@type\":\"WebPage\",\"@id\":\"https:\\\/\\\/dothoquynhanh.com\\\/?product=qua-cau-phong-thuy-da-hoang-long\",\"url\":\"https:\\\/\\\/dothoquynhanh.com\\\/?product=qua-cau-phong-thuy-da-hoang-long\",\"name\":\"Qu\u1ea3 C\u1ea7u Phong Th\u1ee7y \u0110\u00e1 Ho\u00e0ng Long - dothoquynhanh\",\"isPartOf\":{\"@id\":\"https:\\\/\\\/dothoquynhanh.com\\\/#website\"},\"primaryImageOfPage\":{\"@id\":\"https:\\\/\\\/dothoquynhanh.com\\\/?product=qua-cau-phong-thuy-da-hoang-long#primaryimage\"},\"image\":{\"@id\":\"https:\\\/\\\/dothoquynhanh.com\\\/?product=qua-cau-phong-thuy-da-hoang-long#primaryimage\"},\"thumbnailUrl\":\"https:\\\/\\\/dothoquynhanh.com\\\/wp-content\\\/uploads\\\/2020\\\/12\\\/1.jpg\",\"datePublished\":\"2020-12-13T09:30:26+00:00\",\"dateModified\":\"2026-04-15T05:20:40+00:00\",\"breadcrumb\":{\"@id\":\"https:\\\/\\\/dothoquynhanh.com\\\/?product=qua-cau-phong-thuy-da-hoang-long#breadcrumb\"},\"inLanguage\":\"vi\",\"potentialAction\":[{\"@type\":\"ReadAction\",\"target\":[\"https:\\\/\\\/dothoquynhanh.com\\\/?product=qua-cau-phong-thuy-da-hoang-long\"]}]},{\"@type\":\"ImageObject\",\"inLanguage\":\"vi\",\"@id\":\"https:\\\/\\\/dothoquynhanh.com\\\/?product=qua-cau-phong-thuy-da-hoang-long#primaryimage\",\"url\":\"https:\\\/\\\/dothoquynhanh.com\\\/wp-content\\\/uploads\\\/2020\\\/12\\\/1.jpg\",\"contentUrl\":\"https:\\\/\\\/dothoquynhanh.com\\\/wp-content\\\/uploads\\\/2020\\\/12\\\/1.jpg\",\"width\":1080,\"height\":1080},{\"@type\":\"BreadcrumbList\",\"@id\":\"https:\\\/\\\/dothoquynhanh.com\\\/?product=qua-cau-phong-thuy-da-hoang-long#breadcrumb\",\"itemListElement\":[{\"@type\":\"ListItem\",\"position\":1,\"name\":\"Trang ch\u1ee7\",\"item\":\"https:\\\/\\\/dothoquynhanh.com\\\/\"},{\"@type\":\"ListItem\",\"position\":2,\"name\":\"S\u1ea3n ph\u1ea9m\",\"item\":\"https:\\\/\\\/dothoquynhanh.com\\\/?page_id=64\"},{\"@type\":\"ListItem\",\"position\":3,\"name\":\"Qu\u1ea3 C\u1ea7u Phong Th\u1ee7y \u0110\u00e1 Ho\u00e0ng Long\"}]},{\"@type\":\"WebSite\",\"@id\":\"https:\\\/\\\/dothoquynhanh.com\\\/#website\",\"url\":\"https:\\\/\\\/dothoquynhanh.com\\\/\",\"name\":\"dothoquynhanh\",\"description\":\"\u0110\u1ed2 TH\u1edc PHONG TH\u1ee6Y CAO C\u1ea4P QU\u1ef2NH ANH\",\"publisher\":{\"@id\":\"https:\\\/\\\/dothoquynhanh.com\\\/#\\\/schema\\\/person\\\/9a6a0bff9151168cc437e710214dc286\"},\"potentialAction\":[{\"@type\":\"SearchAction\",\"target\":{\"@type\":\"EntryPoint\",\"urlTemplate\":\"https:\\\/\\\/dothoquynhanh.com\\\/?s={search_term_string}\"},\"query-input\":{\"@type\":\"PropertyValueSpecification\",\"valueRequired\":true,\"valueName\":\"search_term_string\"}}],\"inLanguage\":\"vi\"},{\"@type\":[\"Person\",\"Organization\"],\"@id\":\"https:\\\/\\\/dothoquynhanh.com\\\/#\\\/schema\\\/person\\\/9a6a0bff9151168cc437e710214dc286\",\"name\":\"Qu\u1ef3nh Anh\",\"image\":{\"@type\":\"ImageObject\",\"inLanguage\":\"vi\",\"@id\":\"https:\\\/\\\/secure.gravatar.com\\\/avatar\\\/a86689d41574456e4a65d69a1f70c64ef3172d5d71e939217b478f5347cec268?s=96&d=mm&r=g\",\"url\":\"https:\\\/\\\/secure.gravatar.com\\\/avatar\\\/a86689d41574456e4a65d69a1f70c64ef3172d5d71e939217b478f5347cec268?s=96&d=mm&r=g\",\"contentUrl\":\"https:\\\/\\\/secure.gravatar.com\\\/avatar\\\/a86689d41574456e4a65d69a1f70c64ef3172d5d71e939217b478f5347cec268?s=96&d=mm&r=g\",\"caption\":\"Qu\u1ef3nh Anh\"},\"logo\":{\"@id\":\"https:\\\/\\\/secure.gravatar.com\\\/avatar\\\/a86689d41574456e4a65d69a1f70c64ef3172d5d71e939217b478f5347cec268?s=96&d=mm&r=g\"},\"sameAs\":[\"https:\\\/\\\/dothoquynhanh.com\",\"admin\"]}]}<\/script>\n<!-- \/ Yoast SEO plugin. -->","yoast_head_json":{"title":"Qu\u1ea3 C\u1ea7u Phong Th\u1ee7y \u0110\u00e1 Ho\u00e0ng Long - dothoquynhanh","robots":{"index":"index","follow":"follow","max-snippet":"max-snippet:-1","max-image-preview":"max-image-preview:large","max-video-preview":"max-video-preview:-1"},"canonical":"https:\/\/dothoquynhanh.com\/?product=qua-cau-phong-thuy-da-hoang-long","og_locale":"vi_VN","og_type":"article","og_title":"Qu\u1ea3 C\u1ea7u Phong Th\u1ee7y \u0110\u00e1 Ho\u00e0ng Long - dothoquynhanh","og_description":"Qu\u1ea3 C\u1ea7u Phong Th\u1ee7y \u0110\u00e1 Ho\u00e0ng Long \u2013 Ch\u1ea5t li\u1ec7u: \u0110\u00e1 T\u1ef1 Nhi\u00ean \u2013 K\u00edch th\u01b0\u1edbc: nhi\u1ec1u lo\u1ea1i t\u00f9y v\u00e0o \u0111\u01b0\u1eddng k\u00ednh : 100mm, 120mm, 150mm","og_url":"https:\/\/dothoquynhanh.com\/?product=qua-cau-phong-thuy-da-hoang-long","og_site_name":"dothoquynhanh","article_modified_time":"2026-04-15T05:20:40+00:00","og_image":[{"width":1080,"height":1080,"url":"https:\/\/dothoquynhanh.com\/wp-content\/uploads\/2020\/12\/1.jpg","type":"image\/jpeg"}],"twitter_card":"summary_large_image","twitter_misc":{"\u01af\u1edbc t\u00ednh th\u1eddi gian \u0111\u1ecdc":"3 ph\u00fat"},"schema":{"@context":"https:\/\/schema.org","@graph":[{"@type":"WebPage","@id":"https:\/\/dothoquynhanh.com\/?product=qua-cau-phong-thuy-da-hoang-long","url":"https:\/\/dothoquynhanh.com\/?product=qua-cau-phong-thuy-da-hoang-long","name":"Qu\u1ea3 C\u1ea7u Phong Th\u1ee7y \u0110\u00e1 Ho\u00e0ng Long - dothoquynhanh","isPartOf":{"@id":"https:\/\/dothoquynhanh.com\/#website"},"primaryImageOfPage":{"@id":"https:\/\/dothoquynhanh.com\/?product=qua-cau-phong-thuy-da-hoang-long#primaryimage"},"image":{"@id":"https:\/\/dothoquynhanh.com\/?product=qua-cau-phong-thuy-da-hoang-long#primaryimage"},"thumbnailUrl":"https:\/\/dothoquynhanh.com\/wp-content\/uploads\/2020\/12\/1.jpg","datePublished":"2020-12-13T09:30:26+00:00","dateModified":"2026-04-15T05:20:40+00:00","breadcrumb":{"@id":"https:\/\/dothoquynhanh.com\/?product=qua-cau-phong-thuy-da-hoang-long#breadcrumb"},"inLanguage":"vi","potentialAction":[{"@type":"ReadAction","target":["https:\/\/dothoquynhanh.com\/?product=qua-cau-phong-thuy-da-hoang-long"]}]},{"@type":"ImageObject","inLanguage":"vi","@id":"https:\/\/dothoquynhanh.com\/?product=qua-cau-phong-thuy-da-hoang-long#primaryimage","url":"https:\/\/dothoquynhanh.com\/wp-content\/uploads\/2020\/12\/1.jpg","contentUrl":"https:\/\/dothoquynhanh.com\/wp-content\/uploads\/2020\/12\/1.jpg","width":1080,"height":1080},{"@type":"BreadcrumbList","@id":"https:\/\/dothoquynhanh.com\/?product=qua-cau-phong-thuy-da-hoang-long#breadcrumb","itemListElement":[{"@type":"ListItem","position":1,"name":"Trang ch\u1ee7","item":"https:\/\/dothoquynhanh.com\/"},{"@type":"ListItem","position":2,"name":"S\u1ea3n ph\u1ea9m","item":"https:\/\/dothoquynhanh.com\/?page_id=64"},{"@type":"ListItem","position":3,"name":"Qu\u1ea3 C\u1ea7u Phong Th\u1ee7y \u0110\u00e1 Ho\u00e0ng Long"}]},{"@type":"WebSite","@id":"https:\/\/dothoquynhanh.com\/#website","url":"https:\/\/dothoquynhanh.com\/","name":"dothoquynhanh","description":"\u0110\u1ed2 TH\u1edc PHONG TH\u1ee6Y CAO C\u1ea4P QU\u1ef2NH ANH","publisher":{"@id":"https:\/\/dothoquynhanh.com\/#\/schema\/person\/9a6a0bff9151168cc437e710214dc286"},"potentialAction":[{"@type":"SearchAction","target":{"@type":"EntryPoint","urlTemplate":"https:\/\/dothoquynhanh.com\/?s={search_term_string}"},"query-input":{"@type":"PropertyValueSpecification","valueRequired":true,"valueName":"search_term_string"}}],"inLanguage":"vi"},{"@type":["Person","Organization"],"@id":"https:\/\/dothoquynhanh.com\/#\/schema\/person\/9a6a0bff9151168cc437e710214dc286","name":"Qu\u1ef3nh Anh","image":{"@type":"ImageObject","inLanguage":"vi","@id":"https:\/\/secure.gravatar.com\/avatar\/a86689d41574456e4a65d69a1f70c64ef3172d5d71e939217b478f5347cec268?s=96&d=mm&r=g","url":"https:\/\/secure.gravatar.com\/avatar\/a86689d41574456e4a65d69a1f70c64ef3172d5d71e939217b478f5347cec268?s=96&d=mm&r=g","contentUrl":"https:\/\/secure.gravatar.com\/avatar\/a86689d41574456e4a65d69a1f70c64ef3172d5d71e939217b478f5347cec268?s=96&d=mm&r=g","caption":"Qu\u1ef3nh Anh"},"logo":{"@id":"https:\/\/secure.gravatar.com\/avatar\/a86689d41574456e4a65d69a1f70c64ef3172d5d71e939217b478f5347cec268?s=96&d=mm&r=g"},"sameAs":["https:\/\/dothoquynhanh.com","admin"]}]}},"_links":{"self":[{"href":"https:\/\/dothoquynhanh.com\/index.php?rest_route=\/wp\/v2\/product\/3255","targetHints":{"allow":["GET"]}}],"collection":[{"href":"https:\/\/dothoquynhanh.com\/index.php?rest_route=\/wp\/v2\/product"}],"about":[{"href":"https:\/\/dothoquynhanh.com\/index.php?rest_route=\/wp\/v2\/types\/product"}],"replies":[{"embeddable":true,"href":"https:\/\/dothoquynhanh.com\/index.php?rest_route=%2Fwp%2Fv2%2Fcomments&post=3255"}],"wp:featuredmedia":[{"embeddable":true,"href":"https:\/\/dothoquynhanh.com\/index.php?rest_route=\/wp\/v2\/media\/3256"}],"wp:attachment":[{"href":"https:\/\/dothoquynhanh.com\/index.php?rest_route=%2Fwp%2Fv2%2Fmedia&parent=3255"}],"wp:term":[{"taxonomy":"product_brand","embeddable":true,"href":"https:\/\/dothoquynhanh.com\/index.php?rest_route=%2Fwp%2Fv2%2Fproduct_brand&post=3255"},{"taxonomy":"product_cat","embeddable":true,"href":"https:\/\/dothoquynhanh.com\/index.php?rest_route=%2Fwp%2Fv2%2Fproduct_cat&post=3255"},{"taxonomy":"product_tag","embeddable":true,"href":"https:\/\/dothoquynhanh.com\/index.php?rest_route=%2Fwp%2Fv2%2Fproduct_tag&post=3255"}],"curies":[{"name":"wp","href":"https:\/\/api.w.org\/{rel}","templated":true}]}}