{"id":3248,"date":"2020-12-13T06:36:09","date_gmt":"2020-12-13T06:36:09","guid":{"rendered":"https:\/\/dothoquynhanh.com\/?post_type=product&#038;p=3248"},"modified":"2021-01-11T08:49:47","modified_gmt":"2021-01-11T08:49:47","slug":"chuoi-vong-tay-hat-obsidian-nhieu-kich-co","status":"publish","type":"product","link":"https:\/\/dothoquynhanh.com\/?product=chuoi-vong-tay-hat-obsidian-nhieu-kich-co","title":{"rendered":"Chu\u1ed7i V\u00f2ng Tay H\u1ea1t Obsidian, Nhi\u1ec1u K\u00edch C\u1ee1"},"content":{"rendered":"<p><img loading=\"lazy\" decoding=\"async\" class=\"alignnone size-medium wp-image-3249\" src=\"http:\/\/dothoquynhanh.com\/wp-content\/uploads\/2020\/12\/Chuoi-Vong-Tay-Hat-Obsidian-Nhieu-Kich-Co-400x400.jpg\" alt=\"\" width=\"400\" height=\"400\" srcset=\"https:\/\/dothoquynhanh.com\/wp-content\/uploads\/2020\/12\/Chuoi-Vong-Tay-Hat-Obsidian-Nhieu-Kich-Co-400x400.jpg 400w, https:\/\/dothoquynhanh.com\/wp-content\/uploads\/2020\/12\/Chuoi-Vong-Tay-Hat-Obsidian-Nhieu-Kich-Co-100x100.jpg 100w, https:\/\/dothoquynhanh.com\/wp-content\/uploads\/2020\/12\/Chuoi-Vong-Tay-Hat-Obsidian-Nhieu-Kich-Co-510x510.jpg 510w, https:\/\/dothoquynhanh.com\/wp-content\/uploads\/2020\/12\/Chuoi-Vong-Tay-Hat-Obsidian-Nhieu-Kich-Co-280x280.jpg 280w, https:\/\/dothoquynhanh.com\/wp-content\/uploads\/2020\/12\/Chuoi-Vong-Tay-Hat-Obsidian-Nhieu-Kich-Co-768x768.jpg 768w, https:\/\/dothoquynhanh.com\/wp-content\/uploads\/2020\/12\/Chuoi-Vong-Tay-Hat-Obsidian-Nhieu-Kich-Co.jpg 800w\" sizes=\"auto, (max-width: 400px) 100vw, 400px\" \/><br \/>\n<img loading=\"lazy\" decoding=\"async\" class=\"alignnone wp-image-12169 lazyloaded\" src=\"https:\/\/phapduyen.com\/wp-content\/uploads\/2017\/04\/check-IMN.png\" alt=\"\" width=\"16\" height=\"15\" data-src=\"https:\/\/phapduyen.com\/wp-content\/uploads\/2017\/04\/check-IMN.png\" \/>\u00a0V\u1eadn chuy\u1ec3n \u0111\u1ebfn t\u1eadn nh\u00e0<br \/>\n<img loading=\"lazy\" decoding=\"async\" class=\"alignnone wp-image-12169 lazyloaded\" src=\"https:\/\/phapduyen.com\/wp-content\/uploads\/2017\/04\/check-IMN.png\" alt=\"\" width=\"16\" height=\"15\" data-src=\"https:\/\/phapduyen.com\/wp-content\/uploads\/2017\/04\/check-IMN.png\" \/>\u00a0Ki\u1ec3m tra s\u1ea3n ph\u1ea9m tr\u01b0\u1edbc khi thanh to\u00e1n<br \/>\n<img loading=\"lazy\" decoding=\"async\" class=\"alignnone wp-image-12169 lazyloaded\" src=\"https:\/\/phapduyen.com\/wp-content\/uploads\/2017\/04\/check-IMN.png\" alt=\"\" width=\"16\" height=\"15\" data-src=\"https:\/\/phapduyen.com\/wp-content\/uploads\/2017\/04\/check-IMN.png\" \/>\u00a0Ch\u00fang con \u01b0u \u0111\u00e3i ri\u00eang cho Ch\u00f9a, \u0110\u00e0o Tr\u00e0ng<br \/>\n<img loading=\"lazy\" decoding=\"async\" class=\"alignnone wp-image-12169 lazyloaded\" src=\"https:\/\/phapduyen.com\/wp-content\/uploads\/2017\/04\/check-IMN.png\" alt=\"\" width=\"16\" height=\"15\" data-src=\"https:\/\/phapduyen.com\/wp-content\/uploads\/2017\/04\/check-IMN.png\" \/>\u00a0Nh\u1eadn \u0111\u1eb7t h\u00e0ng theo nhu c\u1ea7u ri\u00eang<br \/>\nTH\u00d4NG TIN B\u1ed4 SUNG<br \/>\nK\u00cdCH TH\u01af\u1edaC<br \/>\n8mm, 10mm, 12mm, 14mm, 16mm, 18mm<\/p>\n<p>CH\u1ea4T LI\u1ec6U CHU\u1ed6I V\u00d2NG<br \/>\n\u0110\u00e1 H\u1eafc Di\u1ec7u Th\u1ea1ch (Obsidian)<\/p>\n<p>PHONG C\u00c1CH CHU\u1ed6I V\u00d2NG<br \/>\n\u0110\u01a1n gi\u1ea3n<\/p>\n","protected":false},"excerpt":{"rendered":"<p><img loading=\"lazy\" decoding=\"async\" class=\"alignnone wp-image-12169 lazyloaded\" src=\"https:\/\/phapduyen.com\/wp-content\/uploads\/2017\/04\/check-IMN.png\" alt=\"\" width=\"16\" height=\"15\" data-src=\"https:\/\/phapduyen.com\/wp-content\/uploads\/2017\/04\/check-IMN.png\" \/>\u00a0V\u1eadn chuy\u1ec3n \u0111\u1ebfn t\u1eadn nh\u00e0<br \/>\n<img loading=\"lazy\" decoding=\"async\" class=\"alignnone wp-image-12169 lazyloaded\" src=\"https:\/\/phapduyen.com\/wp-content\/uploads\/2017\/04\/check-IMN.png\" alt=\"\" width=\"16\" height=\"15\" data-src=\"https:\/\/phapduyen.com\/wp-content\/uploads\/2017\/04\/check-IMN.png\" \/>\u00a0Ki\u1ec3m tra s\u1ea3n ph\u1ea9m tr\u01b0\u1edbc khi thanh to\u00e1n<br \/>\n<img loading=\"lazy\" decoding=\"async\" class=\"alignnone wp-image-12169 lazyloaded\" src=\"https:\/\/phapduyen.com\/wp-content\/uploads\/2017\/04\/check-IMN.png\" alt=\"\" width=\"16\" height=\"15\" data-src=\"https:\/\/phapduyen.com\/wp-content\/uploads\/2017\/04\/check-IMN.png\" \/>\u00a0Ch\u00fang con \u01b0u \u0111\u00e3i ri\u00eang cho Ch\u00f9a, \u0110\u00e0o Tr\u00e0ng<br \/>\n<img loading=\"lazy\" decoding=\"async\" class=\"alignnone wp-image-12169 lazyloaded\" src=\"https:\/\/phapduyen.com\/wp-content\/uploads\/2017\/04\/check-IMN.png\" alt=\"\" width=\"16\" height=\"15\" data-src=\"https:\/\/phapduyen.com\/wp-content\/uploads\/2017\/04\/check-IMN.png\" \/>\u00a0Nh\u1eadn \u0111\u1eb7t h\u00e0ng theo nhu c\u1ea7u ri\u00eang<br \/>\nTH\u00d4NG TIN B\u1ed4 SUNG<br \/>\nK\u00cdCH TH\u01af\u1edaC<br \/>\n8mm, 10mm, 12mm, 14mm, 16mm, 18mm<\/p>\n<p>CH\u1ea4T LI\u1ec6U CHU\u1ed6I V\u00d2NG<br \/>\n\u0110\u00e1 H\u1eafc Di\u1ec7u Th\u1ea1ch (Obsidian)<\/p>\n<p>PHONG C\u00c1CH CHU\u1ed6I V\u00d2NG<br \/>\n\u0110\u01a1n gi\u1ea3n<\/p>\n","protected":false},"featured_media":3249,"comment_status":"open","ping_status":"closed","template":"","meta":[],"product_brand":[],"product_cat":[558],"product_tag":[],"class_list":{"0":"post-3248","1":"product","2":"type-product","3":"status-publish","4":"has-post-thumbnail","6":"product_cat-vong-tay","8":"first","9":"instock","10":"shipping-taxable","11":"purchasable","12":"product-type-simple"},"yoast_head":"<!-- This site is optimized with the Yoast SEO plugin v27.5 - https:\/\/yoast.com\/product\/yoast-seo-wordpress\/ -->\n<title>Chu\u1ed7i V\u00f2ng Tay H\u1ea1t Obsidian, Nhi\u1ec1u K\u00edch C\u1ee1 - dothoquynhanh<\/title>\n<meta name=\"robots\" content=\"index, follow, max-snippet:-1, max-image-preview:large, max-video-preview:-1\" \/>\n<link rel=\"canonical\" href=\"https:\/\/dothoquynhanh.com\/?product=chuoi-vong-tay-hat-obsidian-nhieu-kich-co\" \/>\n<meta property=\"og:locale\" content=\"vi_VN\" \/>\n<meta property=\"og:type\" content=\"article\" \/>\n<meta property=\"og:title\" content=\"Chu\u1ed7i V\u00f2ng Tay H\u1ea1t Obsidian, Nhi\u1ec1u K\u00edch C\u1ee1 - dothoquynhanh\" \/>\n<meta property=\"og:description\" content=\"\u00a0V\u1eadn chuy\u1ec3n \u0111\u1ebfn t\u1eadn nh\u00e0 \u00a0Ki\u1ec3m tra s\u1ea3n ph\u1ea9m tr\u01b0\u1edbc khi thanh to\u00e1n \u00a0Ch\u00fang con \u01b0u \u0111\u00e3i ri\u00eang cho Ch\u00f9a, \u0110\u00e0o Tr\u00e0ng \u00a0Nh\u1eadn \u0111\u1eb7t h\u00e0ng theo nhu c\u1ea7u ri\u00eang TH\u00d4NG TIN B\u1ed4 SUNG K\u00cdCH TH\u01af\u1edaC  8mm, 10mm, 12mm, 14mm, 16mm, 18mm  CH\u1ea4T LI\u1ec6U CHU\u1ed6I V\u00d2NG  \u0110\u00e1 H\u1eafc Di\u1ec7u Th\u1ea1ch (Obsidian)  PHONG C\u00c1CH CHU\u1ed6I V\u00d2NG  \u0110\u01a1n gi\u1ea3n\" \/>\n<meta property=\"og:url\" content=\"https:\/\/dothoquynhanh.com\/?product=chuoi-vong-tay-hat-obsidian-nhieu-kich-co\" \/>\n<meta property=\"og:site_name\" content=\"dothoquynhanh\" \/>\n<meta property=\"article:modified_time\" content=\"2021-01-11T08:49:47+00:00\" \/>\n<meta property=\"og:image\" content=\"https:\/\/dothoquynhanh.com\/wp-content\/uploads\/2020\/12\/Chuoi-Vong-Tay-Hat-Obsidian-Nhieu-Kich-Co.jpg\" \/>\n\t<meta property=\"og:image:width\" content=\"800\" \/>\n\t<meta property=\"og:image:height\" content=\"800\" \/>\n\t<meta property=\"og:image:type\" content=\"image\/jpeg\" \/>\n<meta name=\"twitter:card\" content=\"summary_large_image\" \/>\n<script type=\"application\/ld+json\" class=\"yoast-schema-graph\">{\"@context\":\"https:\\\/\\\/schema.org\",\"@graph\":[{\"@type\":\"WebPage\",\"@id\":\"https:\\\/\\\/dothoquynhanh.com\\\/?product=chuoi-vong-tay-hat-obsidian-nhieu-kich-co\",\"url\":\"https:\\\/\\\/dothoquynhanh.com\\\/?product=chuoi-vong-tay-hat-obsidian-nhieu-kich-co\",\"name\":\"Chu\u1ed7i V\u00f2ng Tay H\u1ea1t Obsidian, Nhi\u1ec1u K\u00edch C\u1ee1 - dothoquynhanh\",\"isPartOf\":{\"@id\":\"https:\\\/\\\/dothoquynhanh.com\\\/#website\"},\"primaryImageOfPage\":{\"@id\":\"https:\\\/\\\/dothoquynhanh.com\\\/?product=chuoi-vong-tay-hat-obsidian-nhieu-kich-co#primaryimage\"},\"image\":{\"@id\":\"https:\\\/\\\/dothoquynhanh.com\\\/?product=chuoi-vong-tay-hat-obsidian-nhieu-kich-co#primaryimage\"},\"thumbnailUrl\":\"https:\\\/\\\/dothoquynhanh.com\\\/wp-content\\\/uploads\\\/2020\\\/12\\\/Chuoi-Vong-Tay-Hat-Obsidian-Nhieu-Kich-Co.jpg\",\"datePublished\":\"2020-12-13T06:36:09+00:00\",\"dateModified\":\"2021-01-11T08:49:47+00:00\",\"breadcrumb\":{\"@id\":\"https:\\\/\\\/dothoquynhanh.com\\\/?product=chuoi-vong-tay-hat-obsidian-nhieu-kich-co#breadcrumb\"},\"inLanguage\":\"vi\",\"potentialAction\":[{\"@type\":\"ReadAction\",\"target\":[\"https:\\\/\\\/dothoquynhanh.com\\\/?product=chuoi-vong-tay-hat-obsidian-nhieu-kich-co\"]}]},{\"@type\":\"ImageObject\",\"inLanguage\":\"vi\",\"@id\":\"https:\\\/\\\/dothoquynhanh.com\\\/?product=chuoi-vong-tay-hat-obsidian-nhieu-kich-co#primaryimage\",\"url\":\"https:\\\/\\\/dothoquynhanh.com\\\/wp-content\\\/uploads\\\/2020\\\/12\\\/Chuoi-Vong-Tay-Hat-Obsidian-Nhieu-Kich-Co.jpg\",\"contentUrl\":\"https:\\\/\\\/dothoquynhanh.com\\\/wp-content\\\/uploads\\\/2020\\\/12\\\/Chuoi-Vong-Tay-Hat-Obsidian-Nhieu-Kich-Co.jpg\",\"width\":800,\"height\":800},{\"@type\":\"BreadcrumbList\",\"@id\":\"https:\\\/\\\/dothoquynhanh.com\\\/?product=chuoi-vong-tay-hat-obsidian-nhieu-kich-co#breadcrumb\",\"itemListElement\":[{\"@type\":\"ListItem\",\"position\":1,\"name\":\"Trang ch\u1ee7\",\"item\":\"https:\\\/\\\/dothoquynhanh.com\\\/\"},{\"@type\":\"ListItem\",\"position\":2,\"name\":\"S\u1ea3n ph\u1ea9m\",\"item\":\"https:\\\/\\\/dothoquynhanh.com\\\/?page_id=64\"},{\"@type\":\"ListItem\",\"position\":3,\"name\":\"Chu\u1ed7i V\u00f2ng Tay H\u1ea1t Obsidian, Nhi\u1ec1u K\u00edch C\u1ee1\"}]},{\"@type\":\"WebSite\",\"@id\":\"https:\\\/\\\/dothoquynhanh.com\\\/#website\",\"url\":\"https:\\\/\\\/dothoquynhanh.com\\\/\",\"name\":\"dothoquynhanh\",\"description\":\"\u0110\u1ed2 TH\u1edc PHONG TH\u1ee6Y CAO C\u1ea4P QU\u1ef2NH ANH\",\"publisher\":{\"@id\":\"https:\\\/\\\/dothoquynhanh.com\\\/#\\\/schema\\\/person\\\/9a6a0bff9151168cc437e710214dc286\"},\"potentialAction\":[{\"@type\":\"SearchAction\",\"target\":{\"@type\":\"EntryPoint\",\"urlTemplate\":\"https:\\\/\\\/dothoquynhanh.com\\\/?s={search_term_string}\"},\"query-input\":{\"@type\":\"PropertyValueSpecification\",\"valueRequired\":true,\"valueName\":\"search_term_string\"}}],\"inLanguage\":\"vi\"},{\"@type\":[\"Person\",\"Organization\"],\"@id\":\"https:\\\/\\\/dothoquynhanh.com\\\/#\\\/schema\\\/person\\\/9a6a0bff9151168cc437e710214dc286\",\"name\":\"Qu\u1ef3nh Anh\",\"image\":{\"@type\":\"ImageObject\",\"inLanguage\":\"vi\",\"@id\":\"https:\\\/\\\/secure.gravatar.com\\\/avatar\\\/a86689d41574456e4a65d69a1f70c64ef3172d5d71e939217b478f5347cec268?s=96&d=mm&r=g\",\"url\":\"https:\\\/\\\/secure.gravatar.com\\\/avatar\\\/a86689d41574456e4a65d69a1f70c64ef3172d5d71e939217b478f5347cec268?s=96&d=mm&r=g\",\"contentUrl\":\"https:\\\/\\\/secure.gravatar.com\\\/avatar\\\/a86689d41574456e4a65d69a1f70c64ef3172d5d71e939217b478f5347cec268?s=96&d=mm&r=g\",\"caption\":\"Qu\u1ef3nh Anh\"},\"logo\":{\"@id\":\"https:\\\/\\\/secure.gravatar.com\\\/avatar\\\/a86689d41574456e4a65d69a1f70c64ef3172d5d71e939217b478f5347cec268?s=96&d=mm&r=g\"},\"sameAs\":[\"https:\\\/\\\/dothoquynhanh.com\",\"admin\"]}]}<\/script>\n<!-- \/ Yoast SEO plugin. -->","yoast_head_json":{"title":"Chu\u1ed7i V\u00f2ng Tay H\u1ea1t Obsidian, Nhi\u1ec1u K\u00edch C\u1ee1 - dothoquynhanh","robots":{"index":"index","follow":"follow","max-snippet":"max-snippet:-1","max-image-preview":"max-image-preview:large","max-video-preview":"max-video-preview:-1"},"canonical":"https:\/\/dothoquynhanh.com\/?product=chuoi-vong-tay-hat-obsidian-nhieu-kich-co","og_locale":"vi_VN","og_type":"article","og_title":"Chu\u1ed7i V\u00f2ng Tay H\u1ea1t Obsidian, Nhi\u1ec1u K\u00edch C\u1ee1 - dothoquynhanh","og_description":"\u00a0V\u1eadn chuy\u1ec3n \u0111\u1ebfn t\u1eadn nh\u00e0 \u00a0Ki\u1ec3m tra s\u1ea3n ph\u1ea9m tr\u01b0\u1edbc khi thanh to\u00e1n \u00a0Ch\u00fang con \u01b0u \u0111\u00e3i ri\u00eang cho Ch\u00f9a, \u0110\u00e0o Tr\u00e0ng \u00a0Nh\u1eadn \u0111\u1eb7t h\u00e0ng theo nhu c\u1ea7u ri\u00eang TH\u00d4NG TIN B\u1ed4 SUNG K\u00cdCH TH\u01af\u1edaC  8mm, 10mm, 12mm, 14mm, 16mm, 18mm  CH\u1ea4T LI\u1ec6U CHU\u1ed6I V\u00d2NG  \u0110\u00e1 H\u1eafc Di\u1ec7u Th\u1ea1ch (Obsidian)  PHONG C\u00c1CH CHU\u1ed6I V\u00d2NG  \u0110\u01a1n gi\u1ea3n","og_url":"https:\/\/dothoquynhanh.com\/?product=chuoi-vong-tay-hat-obsidian-nhieu-kich-co","og_site_name":"dothoquynhanh","article_modified_time":"2021-01-11T08:49:47+00:00","og_image":[{"width":800,"height":800,"url":"https:\/\/dothoquynhanh.com\/wp-content\/uploads\/2020\/12\/Chuoi-Vong-Tay-Hat-Obsidian-Nhieu-Kich-Co.jpg","type":"image\/jpeg"}],"twitter_card":"summary_large_image","schema":{"@context":"https:\/\/schema.org","@graph":[{"@type":"WebPage","@id":"https:\/\/dothoquynhanh.com\/?product=chuoi-vong-tay-hat-obsidian-nhieu-kich-co","url":"https:\/\/dothoquynhanh.com\/?product=chuoi-vong-tay-hat-obsidian-nhieu-kich-co","name":"Chu\u1ed7i V\u00f2ng Tay H\u1ea1t Obsidian, Nhi\u1ec1u K\u00edch C\u1ee1 - dothoquynhanh","isPartOf":{"@id":"https:\/\/dothoquynhanh.com\/#website"},"primaryImageOfPage":{"@id":"https:\/\/dothoquynhanh.com\/?product=chuoi-vong-tay-hat-obsidian-nhieu-kich-co#primaryimage"},"image":{"@id":"https:\/\/dothoquynhanh.com\/?product=chuoi-vong-tay-hat-obsidian-nhieu-kich-co#primaryimage"},"thumbnailUrl":"https:\/\/dothoquynhanh.com\/wp-content\/uploads\/2020\/12\/Chuoi-Vong-Tay-Hat-Obsidian-Nhieu-Kich-Co.jpg","datePublished":"2020-12-13T06:36:09+00:00","dateModified":"2021-01-11T08:49:47+00:00","breadcrumb":{"@id":"https:\/\/dothoquynhanh.com\/?product=chuoi-vong-tay-hat-obsidian-nhieu-kich-co#breadcrumb"},"inLanguage":"vi","potentialAction":[{"@type":"ReadAction","target":["https:\/\/dothoquynhanh.com\/?product=chuoi-vong-tay-hat-obsidian-nhieu-kich-co"]}]},{"@type":"ImageObject","inLanguage":"vi","@id":"https:\/\/dothoquynhanh.com\/?product=chuoi-vong-tay-hat-obsidian-nhieu-kich-co#primaryimage","url":"https:\/\/dothoquynhanh.com\/wp-content\/uploads\/2020\/12\/Chuoi-Vong-Tay-Hat-Obsidian-Nhieu-Kich-Co.jpg","contentUrl":"https:\/\/dothoquynhanh.com\/wp-content\/uploads\/2020\/12\/Chuoi-Vong-Tay-Hat-Obsidian-Nhieu-Kich-Co.jpg","width":800,"height":800},{"@type":"BreadcrumbList","@id":"https:\/\/dothoquynhanh.com\/?product=chuoi-vong-tay-hat-obsidian-nhieu-kich-co#breadcrumb","itemListElement":[{"@type":"ListItem","position":1,"name":"Trang ch\u1ee7","item":"https:\/\/dothoquynhanh.com\/"},{"@type":"ListItem","position":2,"name":"S\u1ea3n ph\u1ea9m","item":"https:\/\/dothoquynhanh.com\/?page_id=64"},{"@type":"ListItem","position":3,"name":"Chu\u1ed7i V\u00f2ng Tay H\u1ea1t Obsidian, Nhi\u1ec1u K\u00edch C\u1ee1"}]},{"@type":"WebSite","@id":"https:\/\/dothoquynhanh.com\/#website","url":"https:\/\/dothoquynhanh.com\/","name":"dothoquynhanh","description":"\u0110\u1ed2 TH\u1edc PHONG TH\u1ee6Y CAO C\u1ea4P QU\u1ef2NH ANH","publisher":{"@id":"https:\/\/dothoquynhanh.com\/#\/schema\/person\/9a6a0bff9151168cc437e710214dc286"},"potentialAction":[{"@type":"SearchAction","target":{"@type":"EntryPoint","urlTemplate":"https:\/\/dothoquynhanh.com\/?s={search_term_string}"},"query-input":{"@type":"PropertyValueSpecification","valueRequired":true,"valueName":"search_term_string"}}],"inLanguage":"vi"},{"@type":["Person","Organization"],"@id":"https:\/\/dothoquynhanh.com\/#\/schema\/person\/9a6a0bff9151168cc437e710214dc286","name":"Qu\u1ef3nh Anh","image":{"@type":"ImageObject","inLanguage":"vi","@id":"https:\/\/secure.gravatar.com\/avatar\/a86689d41574456e4a65d69a1f70c64ef3172d5d71e939217b478f5347cec268?s=96&d=mm&r=g","url":"https:\/\/secure.gravatar.com\/avatar\/a86689d41574456e4a65d69a1f70c64ef3172d5d71e939217b478f5347cec268?s=96&d=mm&r=g","contentUrl":"https:\/\/secure.gravatar.com\/avatar\/a86689d41574456e4a65d69a1f70c64ef3172d5d71e939217b478f5347cec268?s=96&d=mm&r=g","caption":"Qu\u1ef3nh Anh"},"logo":{"@id":"https:\/\/secure.gravatar.com\/avatar\/a86689d41574456e4a65d69a1f70c64ef3172d5d71e939217b478f5347cec268?s=96&d=mm&r=g"},"sameAs":["https:\/\/dothoquynhanh.com","admin"]}]}},"_links":{"self":[{"href":"https:\/\/dothoquynhanh.com\/index.php?rest_route=\/wp\/v2\/product\/3248","targetHints":{"allow":["GET"]}}],"collection":[{"href":"https:\/\/dothoquynhanh.com\/index.php?rest_route=\/wp\/v2\/product"}],"about":[{"href":"https:\/\/dothoquynhanh.com\/index.php?rest_route=\/wp\/v2\/types\/product"}],"replies":[{"embeddable":true,"href":"https:\/\/dothoquynhanh.com\/index.php?rest_route=%2Fwp%2Fv2%2Fcomments&post=3248"}],"wp:featuredmedia":[{"embeddable":true,"href":"https:\/\/dothoquynhanh.com\/index.php?rest_route=\/wp\/v2\/media\/3249"}],"wp:attachment":[{"href":"https:\/\/dothoquynhanh.com\/index.php?rest_route=%2Fwp%2Fv2%2Fmedia&parent=3248"}],"wp:term":[{"taxonomy":"product_brand","embeddable":true,"href":"https:\/\/dothoquynhanh.com\/index.php?rest_route=%2Fwp%2Fv2%2Fproduct_brand&post=3248"},{"taxonomy":"product_cat","embeddable":true,"href":"https:\/\/dothoquynhanh.com\/index.php?rest_route=%2Fwp%2Fv2%2Fproduct_cat&post=3248"},{"taxonomy":"product_tag","embeddable":true,"href":"https:\/\/dothoquynhanh.com\/index.php?rest_route=%2Fwp%2Fv2%2Fproduct_tag&post=3248"}],"curies":[{"name":"wp","href":"https:\/\/api.w.org\/{rel}","templated":true}]}}