{"id":3234,"date":"2020-12-13T04:15:34","date_gmt":"2020-12-13T04:15:34","guid":{"rendered":"https:\/\/dothoquynhanh.com\/?post_type=product&#038;p=3234"},"modified":"2020-12-13T04:15:35","modified_gmt":"2020-12-13T04:15:35","slug":"thap-xa-loi-pha-le-khac-chu-lang-nghiem","status":"publish","type":"product","link":"https:\/\/dothoquynhanh.com\/?product=thap-xa-loi-pha-le-khac-chu-lang-nghiem","title":{"rendered":"Th\u00e1p X\u00e1 L\u1ee3i Pha L\u00ea Kh\u1eafc Ch\u00fa L\u0103ng Nghi\u00eam"},"content":{"rendered":"<p><img loading=\"lazy\" decoding=\"async\" class=\"alignnone size-medium wp-image-3235\" src=\"http:\/\/dothoquynhanh.com\/wp-content\/uploads\/2020\/12\/Thap-Xa-Loi-Pha-Le-Khac-Chu-Lang-Nghiem-400x400.jpg\" alt=\"\" width=\"400\" height=\"400\" srcset=\"https:\/\/dothoquynhanh.com\/wp-content\/uploads\/2020\/12\/Thap-Xa-Loi-Pha-Le-Khac-Chu-Lang-Nghiem-400x400.jpg 400w, https:\/\/dothoquynhanh.com\/wp-content\/uploads\/2020\/12\/Thap-Xa-Loi-Pha-Le-Khac-Chu-Lang-Nghiem-100x100.jpg 100w, https:\/\/dothoquynhanh.com\/wp-content\/uploads\/2020\/12\/Thap-Xa-Loi-Pha-Le-Khac-Chu-Lang-Nghiem-510x510.jpg 510w, https:\/\/dothoquynhanh.com\/wp-content\/uploads\/2020\/12\/Thap-Xa-Loi-Pha-Le-Khac-Chu-Lang-Nghiem-280x280.jpg 280w, https:\/\/dothoquynhanh.com\/wp-content\/uploads\/2020\/12\/Thap-Xa-Loi-Pha-Le-Khac-Chu-Lang-Nghiem-768x768.jpg 768w, https:\/\/dothoquynhanh.com\/wp-content\/uploads\/2020\/12\/Thap-Xa-Loi-Pha-Le-Khac-Chu-Lang-Nghiem.jpg 800w\" sizes=\"auto, (max-width: 400px) 100vw, 400px\" \/><br \/>\nTh\u00e1p X\u00e1 L\u1ee3i Pha L\u00ea Kh\u1eafc Ch\u00fa L\u0103ng Nghi\u00eam | T\u00f4n Th\u1eafng \u0110\u00e0 La Ni, Cao 32cm<br \/>\nTh\u00e1p x\u00e1 l\u1ee3i h\u00ecnh tr\u1ee5 kh\u1eafc tr\u00fa l\u0103ng nghi\u00eam \u0111\u1ed5i m\u1ea7u, T\u00f4n Th\u1eafng \u0110\u00e0 La Ni<br \/>\nM\u00e0u s\u1eafc n\u1ed5i b\u1eadt, c\u00e1c chi ti\u1ebft \u0111\u01b0\u1eddng n\u00e9t hoa v\u0103n \u0111\u01b0\u1ee3c ch\u1ebf t\u00e1c t\u1ec9 m\u1ec9 tinh x\u1ea3o<br \/>\nS\u1ea3n ph\u1ea9m \u0111\u01b0\u1ee3c l\u00e0m t\u1eeb pha l\u00ea cao c\u1ea5p, ch\u1eafc ch\u1eafn, b\u1ec1n \u0111\u1eb9p theo th\u1eddi gian<br \/>\nChi\u1ec1u cao 32cma<br \/>\n<img loading=\"lazy\" decoding=\"async\" class=\"alignnone wp-image-12169 ls-is-cached lazyloaded\" src=\"https:\/\/phapduyen.com\/wp-content\/uploads\/2017\/04\/check-IMN.png\" alt=\"\" width=\"16\" height=\"15\" data-src=\"https:\/\/phapduyen.com\/wp-content\/uploads\/2017\/04\/check-IMN.png\" \/>\u00a0H\u00e0ng giao t\u1eadn tay<br \/>\n<img loading=\"lazy\" decoding=\"async\" class=\"alignnone wp-image-12169 ls-is-cached lazyloaded\" src=\"https:\/\/phapduyen.com\/wp-content\/uploads\/2017\/04\/check-IMN.png\" alt=\"\" width=\"16\" height=\"15\" data-src=\"https:\/\/phapduyen.com\/wp-content\/uploads\/2017\/04\/check-IMN.png\" \/>\u00a0\u0110\u01b0\u1ee3c ki\u1ec3m tra s\u1ea3n ph\u1ea9m tr\u01b0\u1edbc<br \/>\n<img loading=\"lazy\" decoding=\"async\" class=\"alignnone wp-image-12169 ls-is-cached lazyloaded\" src=\"https:\/\/phapduyen.com\/wp-content\/uploads\/2017\/04\/check-IMN.png\" alt=\"\" width=\"16\" height=\"15\" data-src=\"https:\/\/phapduyen.com\/wp-content\/uploads\/2017\/04\/check-IMN.png\" \/>\u00a0\u0110\u1ea1o Tr\u00e0ng, Ch\u00f9a khi mua s\u1ed1 l\u01b0\u1ee3ng s\u1ebd c\u00f3 gi\u00e1 \u0111\u1eb7c bi\u1ec7t<br \/>\n<img loading=\"lazy\" decoding=\"async\" class=\"alignnone wp-image-12169 ls-is-cached lazyloaded\" src=\"https:\/\/phapduyen.com\/wp-content\/uploads\/2017\/04\/check-IMN.png\" alt=\"\" width=\"16\" height=\"15\" data-src=\"https:\/\/phapduyen.com\/wp-content\/uploads\/2017\/04\/check-IMN.png\" \/>\u00a0Nh\u1eadn \u0111\u1eb7t h\u00e0ng theo y\u00eau c\u1ea7u qu\u00fd kh\u00e1ch<\/p>\n","protected":false},"excerpt":{"rendered":"<p> Th\u00e1p x\u00e1 l\u1ee3i h\u00ecnh tr\u1ee5 kh\u1eafc tr\u00fa l\u0103ng nghi\u00eam \u0111\u1ed5i m\u1ea7u, T\u00f4n Th\u1eafng \u0110\u00e0 La Ni<br \/>\n M\u00e0u s\u1eafc n\u1ed5i b\u1eadt, c\u00e1c chi ti\u1ebft \u0111\u01b0\u1eddng n\u00e9t hoa v\u0103n \u0111\u01b0\u1ee3c ch\u1ebf t\u00e1c t\u1ec9 m\u1ec9 tinh x\u1ea3o<br \/>\n S\u1ea3n ph\u1ea9m \u0111\u01b0\u1ee3c l\u00e0m t\u1eeb pha l\u00ea cao c\u1ea5p, ch\u1eafc ch\u1eafn, b\u1ec1n \u0111\u1eb9p theo th\u1eddi gian<br \/>\n Chi\u1ec1u cao 32cma<br \/>\n H\u00e0ng giao t\u1eadn tay<br \/>\n \u0110\u01b0\u1ee3c ki\u1ec3m tra s\u1ea3n ph\u1ea9m tr\u01b0\u1edbc<br \/>\n \u0110\u1ea1o Tr\u00e0ng, Ch\u00f9a khi mua s\u1ed1 l\u01b0\u1ee3ng s\u1ebd c\u00f3 gi\u00e1 \u0111\u1eb7c bi\u1ec7t<br \/>\n Nh\u1eadn \u0111\u1eb7t h\u00e0ng theo y\u00eau c\u1ea7u qu\u00fd kh\u00e1ch<\/p>\n","protected":false},"featured_media":3235,"comment_status":"open","ping_status":"closed","template":"","meta":[],"product_brand":[],"product_cat":[560],"product_tag":[],"class_list":{"0":"post-3234","1":"product","2":"type-product","3":"status-publish","4":"has-post-thumbnail","6":"product_cat-thap-xa-loi","8":"first","9":"instock","10":"shipping-taxable","11":"purchasable","12":"product-type-simple"},"yoast_head":"<!-- This site is optimized with the Yoast SEO plugin v27.5 - https:\/\/yoast.com\/product\/yoast-seo-wordpress\/ -->\n<title>Th\u00e1p X\u00e1 L\u1ee3i Pha L\u00ea Kh\u1eafc Ch\u00fa L\u0103ng Nghi\u00eam - dothoquynhanh<\/title>\n<meta name=\"robots\" content=\"index, follow, max-snippet:-1, max-image-preview:large, max-video-preview:-1\" \/>\n<link rel=\"canonical\" href=\"https:\/\/dothoquynhanh.com\/?product=thap-xa-loi-pha-le-khac-chu-lang-nghiem\" \/>\n<meta property=\"og:locale\" content=\"vi_VN\" \/>\n<meta property=\"og:type\" content=\"article\" \/>\n<meta property=\"og:title\" content=\"Th\u00e1p X\u00e1 L\u1ee3i Pha L\u00ea Kh\u1eafc Ch\u00fa L\u0103ng Nghi\u00eam - dothoquynhanh\" \/>\n<meta property=\"og:description\" content=\"Th\u00e1p x\u00e1 l\u1ee3i h\u00ecnh tr\u1ee5 kh\u1eafc tr\u00fa l\u0103ng nghi\u00eam \u0111\u1ed5i m\u1ea7u, T\u00f4n Th\u1eafng \u0110\u00e0 La Ni  M\u00e0u s\u1eafc n\u1ed5i b\u1eadt, c\u00e1c chi ti\u1ebft \u0111\u01b0\u1eddng n\u00e9t hoa v\u0103n \u0111\u01b0\u1ee3c ch\u1ebf t\u00e1c t\u1ec9 m\u1ec9 tinh x\u1ea3o  S\u1ea3n ph\u1ea9m \u0111\u01b0\u1ee3c l\u00e0m t\u1eeb pha l\u00ea cao c\u1ea5p, ch\u1eafc ch\u1eafn, b\u1ec1n \u0111\u1eb9p theo th\u1eddi gian  Chi\u1ec1u cao 32cma  H\u00e0ng giao t\u1eadn tay  \u0110\u01b0\u1ee3c ki\u1ec3m tra s\u1ea3n ph\u1ea9m tr\u01b0\u1edbc  \u0110\u1ea1o Tr\u00e0ng, Ch\u00f9a khi mua s\u1ed1 l\u01b0\u1ee3ng s\u1ebd c\u00f3 gi\u00e1 \u0111\u1eb7c bi\u1ec7t  Nh\u1eadn \u0111\u1eb7t h\u00e0ng theo y\u00eau c\u1ea7u qu\u00fd kh\u00e1ch\" \/>\n<meta property=\"og:url\" content=\"https:\/\/dothoquynhanh.com\/?product=thap-xa-loi-pha-le-khac-chu-lang-nghiem\" \/>\n<meta property=\"og:site_name\" content=\"dothoquynhanh\" \/>\n<meta property=\"article:modified_time\" content=\"2020-12-13T04:15:35+00:00\" \/>\n<meta property=\"og:image\" content=\"https:\/\/dothoquynhanh.com\/wp-content\/uploads\/2020\/12\/Thap-Xa-Loi-Pha-Le-Khac-Chu-Lang-Nghiem.jpg\" \/>\n\t<meta property=\"og:image:width\" content=\"800\" \/>\n\t<meta property=\"og:image:height\" content=\"800\" \/>\n\t<meta property=\"og:image:type\" content=\"image\/jpeg\" \/>\n<meta name=\"twitter:card\" content=\"summary_large_image\" \/>\n<meta name=\"twitter:label1\" content=\"\u01af\u1edbc t\u00ednh th\u1eddi gian \u0111\u1ecdc\" \/>\n\t<meta name=\"twitter:data1\" content=\"1 ph\u00fat\" \/>\n<script type=\"application\/ld+json\" class=\"yoast-schema-graph\">{\"@context\":\"https:\\\/\\\/schema.org\",\"@graph\":[{\"@type\":\"WebPage\",\"@id\":\"https:\\\/\\\/dothoquynhanh.com\\\/?product=thap-xa-loi-pha-le-khac-chu-lang-nghiem\",\"url\":\"https:\\\/\\\/dothoquynhanh.com\\\/?product=thap-xa-loi-pha-le-khac-chu-lang-nghiem\",\"name\":\"Th\u00e1p X\u00e1 L\u1ee3i Pha L\u00ea Kh\u1eafc Ch\u00fa L\u0103ng Nghi\u00eam - dothoquynhanh\",\"isPartOf\":{\"@id\":\"https:\\\/\\\/dothoquynhanh.com\\\/#website\"},\"primaryImageOfPage\":{\"@id\":\"https:\\\/\\\/dothoquynhanh.com\\\/?product=thap-xa-loi-pha-le-khac-chu-lang-nghiem#primaryimage\"},\"image\":{\"@id\":\"https:\\\/\\\/dothoquynhanh.com\\\/?product=thap-xa-loi-pha-le-khac-chu-lang-nghiem#primaryimage\"},\"thumbnailUrl\":\"https:\\\/\\\/dothoquynhanh.com\\\/wp-content\\\/uploads\\\/2020\\\/12\\\/Thap-Xa-Loi-Pha-Le-Khac-Chu-Lang-Nghiem.jpg\",\"datePublished\":\"2020-12-13T04:15:34+00:00\",\"dateModified\":\"2020-12-13T04:15:35+00:00\",\"breadcrumb\":{\"@id\":\"https:\\\/\\\/dothoquynhanh.com\\\/?product=thap-xa-loi-pha-le-khac-chu-lang-nghiem#breadcrumb\"},\"inLanguage\":\"vi\",\"potentialAction\":[{\"@type\":\"ReadAction\",\"target\":[\"https:\\\/\\\/dothoquynhanh.com\\\/?product=thap-xa-loi-pha-le-khac-chu-lang-nghiem\"]}]},{\"@type\":\"ImageObject\",\"inLanguage\":\"vi\",\"@id\":\"https:\\\/\\\/dothoquynhanh.com\\\/?product=thap-xa-loi-pha-le-khac-chu-lang-nghiem#primaryimage\",\"url\":\"https:\\\/\\\/dothoquynhanh.com\\\/wp-content\\\/uploads\\\/2020\\\/12\\\/Thap-Xa-Loi-Pha-Le-Khac-Chu-Lang-Nghiem.jpg\",\"contentUrl\":\"https:\\\/\\\/dothoquynhanh.com\\\/wp-content\\\/uploads\\\/2020\\\/12\\\/Thap-Xa-Loi-Pha-Le-Khac-Chu-Lang-Nghiem.jpg\",\"width\":800,\"height\":800},{\"@type\":\"BreadcrumbList\",\"@id\":\"https:\\\/\\\/dothoquynhanh.com\\\/?product=thap-xa-loi-pha-le-khac-chu-lang-nghiem#breadcrumb\",\"itemListElement\":[{\"@type\":\"ListItem\",\"position\":1,\"name\":\"Trang ch\u1ee7\",\"item\":\"https:\\\/\\\/dothoquynhanh.com\\\/\"},{\"@type\":\"ListItem\",\"position\":2,\"name\":\"S\u1ea3n ph\u1ea9m\",\"item\":\"https:\\\/\\\/dothoquynhanh.com\\\/?page_id=64\"},{\"@type\":\"ListItem\",\"position\":3,\"name\":\"Th\u00e1p X\u00e1 L\u1ee3i Pha L\u00ea Kh\u1eafc Ch\u00fa L\u0103ng Nghi\u00eam\"}]},{\"@type\":\"WebSite\",\"@id\":\"https:\\\/\\\/dothoquynhanh.com\\\/#website\",\"url\":\"https:\\\/\\\/dothoquynhanh.com\\\/\",\"name\":\"dothoquynhanh\",\"description\":\"\u0110\u1ed2 TH\u1edc PHONG TH\u1ee6Y CAO C\u1ea4P QU\u1ef2NH ANH\",\"publisher\":{\"@id\":\"https:\\\/\\\/dothoquynhanh.com\\\/#\\\/schema\\\/person\\\/9a6a0bff9151168cc437e710214dc286\"},\"potentialAction\":[{\"@type\":\"SearchAction\",\"target\":{\"@type\":\"EntryPoint\",\"urlTemplate\":\"https:\\\/\\\/dothoquynhanh.com\\\/?s={search_term_string}\"},\"query-input\":{\"@type\":\"PropertyValueSpecification\",\"valueRequired\":true,\"valueName\":\"search_term_string\"}}],\"inLanguage\":\"vi\"},{\"@type\":[\"Person\",\"Organization\"],\"@id\":\"https:\\\/\\\/dothoquynhanh.com\\\/#\\\/schema\\\/person\\\/9a6a0bff9151168cc437e710214dc286\",\"name\":\"Qu\u1ef3nh Anh\",\"image\":{\"@type\":\"ImageObject\",\"inLanguage\":\"vi\",\"@id\":\"https:\\\/\\\/secure.gravatar.com\\\/avatar\\\/a86689d41574456e4a65d69a1f70c64ef3172d5d71e939217b478f5347cec268?s=96&d=mm&r=g\",\"url\":\"https:\\\/\\\/secure.gravatar.com\\\/avatar\\\/a86689d41574456e4a65d69a1f70c64ef3172d5d71e939217b478f5347cec268?s=96&d=mm&r=g\",\"contentUrl\":\"https:\\\/\\\/secure.gravatar.com\\\/avatar\\\/a86689d41574456e4a65d69a1f70c64ef3172d5d71e939217b478f5347cec268?s=96&d=mm&r=g\",\"caption\":\"Qu\u1ef3nh Anh\"},\"logo\":{\"@id\":\"https:\\\/\\\/secure.gravatar.com\\\/avatar\\\/a86689d41574456e4a65d69a1f70c64ef3172d5d71e939217b478f5347cec268?s=96&d=mm&r=g\"},\"sameAs\":[\"https:\\\/\\\/dothoquynhanh.com\",\"admin\"]}]}<\/script>\n<!-- \/ Yoast SEO plugin. -->","yoast_head_json":{"title":"Th\u00e1p X\u00e1 L\u1ee3i Pha L\u00ea Kh\u1eafc Ch\u00fa L\u0103ng Nghi\u00eam - dothoquynhanh","robots":{"index":"index","follow":"follow","max-snippet":"max-snippet:-1","max-image-preview":"max-image-preview:large","max-video-preview":"max-video-preview:-1"},"canonical":"https:\/\/dothoquynhanh.com\/?product=thap-xa-loi-pha-le-khac-chu-lang-nghiem","og_locale":"vi_VN","og_type":"article","og_title":"Th\u00e1p X\u00e1 L\u1ee3i Pha L\u00ea Kh\u1eafc Ch\u00fa L\u0103ng Nghi\u00eam - dothoquynhanh","og_description":"Th\u00e1p x\u00e1 l\u1ee3i h\u00ecnh tr\u1ee5 kh\u1eafc tr\u00fa l\u0103ng nghi\u00eam \u0111\u1ed5i m\u1ea7u, T\u00f4n Th\u1eafng \u0110\u00e0 La Ni  M\u00e0u s\u1eafc n\u1ed5i b\u1eadt, c\u00e1c chi ti\u1ebft \u0111\u01b0\u1eddng n\u00e9t hoa v\u0103n \u0111\u01b0\u1ee3c ch\u1ebf t\u00e1c t\u1ec9 m\u1ec9 tinh x\u1ea3o  S\u1ea3n ph\u1ea9m \u0111\u01b0\u1ee3c l\u00e0m t\u1eeb pha l\u00ea cao c\u1ea5p, ch\u1eafc ch\u1eafn, b\u1ec1n \u0111\u1eb9p theo th\u1eddi gian  Chi\u1ec1u cao 32cma  H\u00e0ng giao t\u1eadn tay  \u0110\u01b0\u1ee3c ki\u1ec3m tra s\u1ea3n ph\u1ea9m tr\u01b0\u1edbc  \u0110\u1ea1o Tr\u00e0ng, Ch\u00f9a khi mua s\u1ed1 l\u01b0\u1ee3ng s\u1ebd c\u00f3 gi\u00e1 \u0111\u1eb7c bi\u1ec7t  Nh\u1eadn \u0111\u1eb7t h\u00e0ng theo y\u00eau c\u1ea7u qu\u00fd kh\u00e1ch","og_url":"https:\/\/dothoquynhanh.com\/?product=thap-xa-loi-pha-le-khac-chu-lang-nghiem","og_site_name":"dothoquynhanh","article_modified_time":"2020-12-13T04:15:35+00:00","og_image":[{"width":800,"height":800,"url":"https:\/\/dothoquynhanh.com\/wp-content\/uploads\/2020\/12\/Thap-Xa-Loi-Pha-Le-Khac-Chu-Lang-Nghiem.jpg","type":"image\/jpeg"}],"twitter_card":"summary_large_image","twitter_misc":{"\u01af\u1edbc t\u00ednh th\u1eddi gian \u0111\u1ecdc":"1 ph\u00fat"},"schema":{"@context":"https:\/\/schema.org","@graph":[{"@type":"WebPage","@id":"https:\/\/dothoquynhanh.com\/?product=thap-xa-loi-pha-le-khac-chu-lang-nghiem","url":"https:\/\/dothoquynhanh.com\/?product=thap-xa-loi-pha-le-khac-chu-lang-nghiem","name":"Th\u00e1p X\u00e1 L\u1ee3i Pha L\u00ea Kh\u1eafc Ch\u00fa L\u0103ng Nghi\u00eam - dothoquynhanh","isPartOf":{"@id":"https:\/\/dothoquynhanh.com\/#website"},"primaryImageOfPage":{"@id":"https:\/\/dothoquynhanh.com\/?product=thap-xa-loi-pha-le-khac-chu-lang-nghiem#primaryimage"},"image":{"@id":"https:\/\/dothoquynhanh.com\/?product=thap-xa-loi-pha-le-khac-chu-lang-nghiem#primaryimage"},"thumbnailUrl":"https:\/\/dothoquynhanh.com\/wp-content\/uploads\/2020\/12\/Thap-Xa-Loi-Pha-Le-Khac-Chu-Lang-Nghiem.jpg","datePublished":"2020-12-13T04:15:34+00:00","dateModified":"2020-12-13T04:15:35+00:00","breadcrumb":{"@id":"https:\/\/dothoquynhanh.com\/?product=thap-xa-loi-pha-le-khac-chu-lang-nghiem#breadcrumb"},"inLanguage":"vi","potentialAction":[{"@type":"ReadAction","target":["https:\/\/dothoquynhanh.com\/?product=thap-xa-loi-pha-le-khac-chu-lang-nghiem"]}]},{"@type":"ImageObject","inLanguage":"vi","@id":"https:\/\/dothoquynhanh.com\/?product=thap-xa-loi-pha-le-khac-chu-lang-nghiem#primaryimage","url":"https:\/\/dothoquynhanh.com\/wp-content\/uploads\/2020\/12\/Thap-Xa-Loi-Pha-Le-Khac-Chu-Lang-Nghiem.jpg","contentUrl":"https:\/\/dothoquynhanh.com\/wp-content\/uploads\/2020\/12\/Thap-Xa-Loi-Pha-Le-Khac-Chu-Lang-Nghiem.jpg","width":800,"height":800},{"@type":"BreadcrumbList","@id":"https:\/\/dothoquynhanh.com\/?product=thap-xa-loi-pha-le-khac-chu-lang-nghiem#breadcrumb","itemListElement":[{"@type":"ListItem","position":1,"name":"Trang ch\u1ee7","item":"https:\/\/dothoquynhanh.com\/"},{"@type":"ListItem","position":2,"name":"S\u1ea3n ph\u1ea9m","item":"https:\/\/dothoquynhanh.com\/?page_id=64"},{"@type":"ListItem","position":3,"name":"Th\u00e1p X\u00e1 L\u1ee3i Pha L\u00ea Kh\u1eafc Ch\u00fa L\u0103ng Nghi\u00eam"}]},{"@type":"WebSite","@id":"https:\/\/dothoquynhanh.com\/#website","url":"https:\/\/dothoquynhanh.com\/","name":"dothoquynhanh","description":"\u0110\u1ed2 TH\u1edc PHONG TH\u1ee6Y CAO C\u1ea4P QU\u1ef2NH ANH","publisher":{"@id":"https:\/\/dothoquynhanh.com\/#\/schema\/person\/9a6a0bff9151168cc437e710214dc286"},"potentialAction":[{"@type":"SearchAction","target":{"@type":"EntryPoint","urlTemplate":"https:\/\/dothoquynhanh.com\/?s={search_term_string}"},"query-input":{"@type":"PropertyValueSpecification","valueRequired":true,"valueName":"search_term_string"}}],"inLanguage":"vi"},{"@type":["Person","Organization"],"@id":"https:\/\/dothoquynhanh.com\/#\/schema\/person\/9a6a0bff9151168cc437e710214dc286","name":"Qu\u1ef3nh Anh","image":{"@type":"ImageObject","inLanguage":"vi","@id":"https:\/\/secure.gravatar.com\/avatar\/a86689d41574456e4a65d69a1f70c64ef3172d5d71e939217b478f5347cec268?s=96&d=mm&r=g","url":"https:\/\/secure.gravatar.com\/avatar\/a86689d41574456e4a65d69a1f70c64ef3172d5d71e939217b478f5347cec268?s=96&d=mm&r=g","contentUrl":"https:\/\/secure.gravatar.com\/avatar\/a86689d41574456e4a65d69a1f70c64ef3172d5d71e939217b478f5347cec268?s=96&d=mm&r=g","caption":"Qu\u1ef3nh Anh"},"logo":{"@id":"https:\/\/secure.gravatar.com\/avatar\/a86689d41574456e4a65d69a1f70c64ef3172d5d71e939217b478f5347cec268?s=96&d=mm&r=g"},"sameAs":["https:\/\/dothoquynhanh.com","admin"]}]}},"_links":{"self":[{"href":"https:\/\/dothoquynhanh.com\/index.php?rest_route=\/wp\/v2\/product\/3234","targetHints":{"allow":["GET"]}}],"collection":[{"href":"https:\/\/dothoquynhanh.com\/index.php?rest_route=\/wp\/v2\/product"}],"about":[{"href":"https:\/\/dothoquynhanh.com\/index.php?rest_route=\/wp\/v2\/types\/product"}],"replies":[{"embeddable":true,"href":"https:\/\/dothoquynhanh.com\/index.php?rest_route=%2Fwp%2Fv2%2Fcomments&post=3234"}],"wp:featuredmedia":[{"embeddable":true,"href":"https:\/\/dothoquynhanh.com\/index.php?rest_route=\/wp\/v2\/media\/3235"}],"wp:attachment":[{"href":"https:\/\/dothoquynhanh.com\/index.php?rest_route=%2Fwp%2Fv2%2Fmedia&parent=3234"}],"wp:term":[{"taxonomy":"product_brand","embeddable":true,"href":"https:\/\/dothoquynhanh.com\/index.php?rest_route=%2Fwp%2Fv2%2Fproduct_brand&post=3234"},{"taxonomy":"product_cat","embeddable":true,"href":"https:\/\/dothoquynhanh.com\/index.php?rest_route=%2Fwp%2Fv2%2Fproduct_cat&post=3234"},{"taxonomy":"product_tag","embeddable":true,"href":"https:\/\/dothoquynhanh.com\/index.php?rest_route=%2Fwp%2Fv2%2Fproduct_tag&post=3234"}],"curies":[{"name":"wp","href":"https:\/\/api.w.org\/{rel}","templated":true}]}}