{"id":3228,"date":"2020-12-13T03:46:22","date_gmt":"2020-12-13T03:46:22","guid":{"rendered":"https:\/\/dothoquynhanh.com\/?post_type=product&#038;p=3228"},"modified":"2020-12-13T03:46:22","modified_gmt":"2020-12-13T03:46:22","slug":"thap-xa-loi-thuy-tinh-khac-tam-kinh","status":"publish","type":"product","link":"https:\/\/dothoquynhanh.com\/?product=thap-xa-loi-thuy-tinh-khac-tam-kinh","title":{"rendered":"Th\u00e1p X\u00e1 L\u1ee3i Thu\u1ef7 Tinh Kh\u1eafc T\u00e2m Kinh"},"content":{"rendered":"<p><img loading=\"lazy\" decoding=\"async\" src=\"http:\/\/dothoquynhanh.com\/wp-content\/uploads\/2020\/12\/Thap-Xa-Loi-Thuy-Tinh-Khac-Tam-Kinh-400x400.jpg\" alt=\"\" width=\"400\" height=\"400\" class=\"alignnone size-medium wp-image-3229\" srcset=\"https:\/\/dothoquynhanh.com\/wp-content\/uploads\/2020\/12\/Thap-Xa-Loi-Thuy-Tinh-Khac-Tam-Kinh-400x400.jpg 400w, https:\/\/dothoquynhanh.com\/wp-content\/uploads\/2020\/12\/Thap-Xa-Loi-Thuy-Tinh-Khac-Tam-Kinh-100x100.jpg 100w, https:\/\/dothoquynhanh.com\/wp-content\/uploads\/2020\/12\/Thap-Xa-Loi-Thuy-Tinh-Khac-Tam-Kinh-510x510.jpg 510w, https:\/\/dothoquynhanh.com\/wp-content\/uploads\/2020\/12\/Thap-Xa-Loi-Thuy-Tinh-Khac-Tam-Kinh-280x280.jpg 280w, https:\/\/dothoquynhanh.com\/wp-content\/uploads\/2020\/12\/Thap-Xa-Loi-Thuy-Tinh-Khac-Tam-Kinh-768x768.jpg 768w, https:\/\/dothoquynhanh.com\/wp-content\/uploads\/2020\/12\/Thap-Xa-Loi-Thuy-Tinh-Khac-Tam-Kinh.jpg 800w\" sizes=\"auto, (max-width: 400px) 100vw, 400px\" \/><br \/>\nTh\u00e1p X\u00e1 L\u1ee3i Thu\u1ef7 Tinh Kh\u1eafc T\u00e2m Kinh, C\u1ee1 12cm | 14cm | 18cm | 22.5cm<br \/>\n Th\u00e1p x\u00e1 l\u1ee3i trong su\u1ed1t kh\u1eafc t\u00e2m kinh<br \/>\n C\u00e1c chi ti\u1ebft \u0111\u01b0\u1eddng n\u00e9t \u0111\u01b0\u1ee3c thi\u1ebft k\u1ebf t\u1ec9 m\u1ec9, tinh x\u1ea3o<br \/>\n S\u1ea3n ph\u1ea9m \u0111\u01b0\u1ee3c l\u00e0m b\u1eb1ng th\u1ee7y tinh cao c\u1ea5p, b\u1ec1n \u0111\u1eb9p theo th\u1eddi gian<br \/>\n k\u00edch th\u01b0\u1edbc  12cm | 14cm | 18cm | 22.5cm<br \/>\n V\u1eadn chuy\u1ec3n \u0111\u1ebfn t\u1eadn nh\u00e0<br \/>\n Ki\u1ec3m tra h\u00e0ng, \u01b0ng \u00fd m\u1edbi thanh to\u00e1n<br \/>\n \u0110\u1ea1o Tr\u00e0ng, Ch\u00f9a khi mua s\u1ed1 l\u01b0\u1ee3ng s\u1ebd c\u00f3 gi\u00e1 \u0111\u1eb7c bi\u1ec7t<br \/>\n Nh\u1eadn \u0111\u1eb7t h\u00e0ng theo y\u00eau c\u1ea7u qu\u00fd kh\u00e1ch.<\/p>\n<p>CH\u1eccN K\u00cdCH C\u1ee0<br \/>\nCao 12cm, Cao 14cm, Cao 18cm, Cao 22.5cm<\/p>\n","protected":false},"excerpt":{"rendered":"<p> Th\u00e1p x\u00e1 l\u1ee3i trong su\u1ed1t kh\u1eafc t\u00e2m kinh<br \/>\n C\u00e1c chi ti\u1ebft \u0111\u01b0\u1eddng n\u00e9t \u0111\u01b0\u1ee3c thi\u1ebft k\u1ebf t\u1ec9 m\u1ec9, tinh x\u1ea3o<br \/>\n S\u1ea3n ph\u1ea9m \u0111\u01b0\u1ee3c l\u00e0m b\u1eb1ng th\u1ee7y tinh cao c\u1ea5p, b\u1ec1n \u0111\u1eb9p theo th\u1eddi gian<br \/>\n k\u00edch th\u01b0\u1edbc  12cm | 14cm | 18cm | 22.5cm<\/p>\n","protected":false},"featured_media":3229,"comment_status":"open","ping_status":"closed","template":"","meta":[],"product_brand":[],"product_cat":[560,15],"product_tag":[],"class_list":{"0":"post-3228","1":"product","2":"type-product","3":"status-publish","4":"has-post-thumbnail","6":"product_cat-thap-xa-loi","7":"product_cat-top-san-pham-ban-chay","9":"first","10":"instock","11":"shipping-taxable","12":"purchasable","13":"product-type-simple"},"yoast_head":"<!-- This site is optimized with the Yoast SEO plugin v27.5 - https:\/\/yoast.com\/product\/yoast-seo-wordpress\/ -->\n<title>Th\u00e1p X\u00e1 L\u1ee3i Thu\u1ef7 Tinh Kh\u1eafc T\u00e2m Kinh - dothoquynhanh<\/title>\n<meta name=\"robots\" content=\"index, follow, max-snippet:-1, max-image-preview:large, max-video-preview:-1\" \/>\n<link rel=\"canonical\" href=\"https:\/\/dothoquynhanh.com\/?product=thap-xa-loi-thuy-tinh-khac-tam-kinh\" \/>\n<meta property=\"og:locale\" content=\"vi_VN\" \/>\n<meta property=\"og:type\" content=\"article\" \/>\n<meta property=\"og:title\" content=\"Th\u00e1p X\u00e1 L\u1ee3i Thu\u1ef7 Tinh Kh\u1eafc T\u00e2m Kinh - dothoquynhanh\" \/>\n<meta property=\"og:description\" content=\"Th\u00e1p x\u00e1 l\u1ee3i trong su\u1ed1t kh\u1eafc t\u00e2m kinh  C\u00e1c chi ti\u1ebft \u0111\u01b0\u1eddng n\u00e9t \u0111\u01b0\u1ee3c thi\u1ebft k\u1ebf t\u1ec9 m\u1ec9, tinh x\u1ea3o  S\u1ea3n ph\u1ea9m \u0111\u01b0\u1ee3c l\u00e0m b\u1eb1ng th\u1ee7y tinh cao c\u1ea5p, b\u1ec1n \u0111\u1eb9p theo th\u1eddi gian  k\u00edch th\u01b0\u1edbc 12cm | 14cm | 18cm | 22.5cm\" \/>\n<meta property=\"og:url\" content=\"https:\/\/dothoquynhanh.com\/?product=thap-xa-loi-thuy-tinh-khac-tam-kinh\" \/>\n<meta property=\"og:site_name\" content=\"dothoquynhanh\" \/>\n<meta property=\"og:image\" content=\"https:\/\/dothoquynhanh.com\/wp-content\/uploads\/2020\/12\/Thap-Xa-Loi-Thuy-Tinh-Khac-Tam-Kinh.jpg\" \/>\n\t<meta property=\"og:image:width\" content=\"800\" \/>\n\t<meta property=\"og:image:height\" content=\"800\" \/>\n\t<meta property=\"og:image:type\" content=\"image\/jpeg\" \/>\n<meta name=\"twitter:card\" content=\"summary_large_image\" \/>\n<meta name=\"twitter:label1\" content=\"\u01af\u1edbc t\u00ednh th\u1eddi gian \u0111\u1ecdc\" \/>\n\t<meta name=\"twitter:data1\" content=\"1 ph\u00fat\" \/>\n<script type=\"application\/ld+json\" class=\"yoast-schema-graph\">{\"@context\":\"https:\\\/\\\/schema.org\",\"@graph\":[{\"@type\":\"WebPage\",\"@id\":\"https:\\\/\\\/dothoquynhanh.com\\\/?product=thap-xa-loi-thuy-tinh-khac-tam-kinh\",\"url\":\"https:\\\/\\\/dothoquynhanh.com\\\/?product=thap-xa-loi-thuy-tinh-khac-tam-kinh\",\"name\":\"Th\u00e1p X\u00e1 L\u1ee3i Thu\u1ef7 Tinh Kh\u1eafc T\u00e2m Kinh - dothoquynhanh\",\"isPartOf\":{\"@id\":\"https:\\\/\\\/dothoquynhanh.com\\\/#website\"},\"primaryImageOfPage\":{\"@id\":\"https:\\\/\\\/dothoquynhanh.com\\\/?product=thap-xa-loi-thuy-tinh-khac-tam-kinh#primaryimage\"},\"image\":{\"@id\":\"https:\\\/\\\/dothoquynhanh.com\\\/?product=thap-xa-loi-thuy-tinh-khac-tam-kinh#primaryimage\"},\"thumbnailUrl\":\"https:\\\/\\\/dothoquynhanh.com\\\/wp-content\\\/uploads\\\/2020\\\/12\\\/Thap-Xa-Loi-Thuy-Tinh-Khac-Tam-Kinh.jpg\",\"datePublished\":\"2020-12-13T03:46:22+00:00\",\"breadcrumb\":{\"@id\":\"https:\\\/\\\/dothoquynhanh.com\\\/?product=thap-xa-loi-thuy-tinh-khac-tam-kinh#breadcrumb\"},\"inLanguage\":\"vi\",\"potentialAction\":[{\"@type\":\"ReadAction\",\"target\":[\"https:\\\/\\\/dothoquynhanh.com\\\/?product=thap-xa-loi-thuy-tinh-khac-tam-kinh\"]}]},{\"@type\":\"ImageObject\",\"inLanguage\":\"vi\",\"@id\":\"https:\\\/\\\/dothoquynhanh.com\\\/?product=thap-xa-loi-thuy-tinh-khac-tam-kinh#primaryimage\",\"url\":\"https:\\\/\\\/dothoquynhanh.com\\\/wp-content\\\/uploads\\\/2020\\\/12\\\/Thap-Xa-Loi-Thuy-Tinh-Khac-Tam-Kinh.jpg\",\"contentUrl\":\"https:\\\/\\\/dothoquynhanh.com\\\/wp-content\\\/uploads\\\/2020\\\/12\\\/Thap-Xa-Loi-Thuy-Tinh-Khac-Tam-Kinh.jpg\",\"width\":800,\"height\":800},{\"@type\":\"BreadcrumbList\",\"@id\":\"https:\\\/\\\/dothoquynhanh.com\\\/?product=thap-xa-loi-thuy-tinh-khac-tam-kinh#breadcrumb\",\"itemListElement\":[{\"@type\":\"ListItem\",\"position\":1,\"name\":\"Trang ch\u1ee7\",\"item\":\"https:\\\/\\\/dothoquynhanh.com\\\/\"},{\"@type\":\"ListItem\",\"position\":2,\"name\":\"S\u1ea3n ph\u1ea9m\",\"item\":\"https:\\\/\\\/dothoquynhanh.com\\\/?page_id=64\"},{\"@type\":\"ListItem\",\"position\":3,\"name\":\"Th\u00e1p X\u00e1 L\u1ee3i Thu\u1ef7 Tinh Kh\u1eafc T\u00e2m Kinh\"}]},{\"@type\":\"WebSite\",\"@id\":\"https:\\\/\\\/dothoquynhanh.com\\\/#website\",\"url\":\"https:\\\/\\\/dothoquynhanh.com\\\/\",\"name\":\"dothoquynhanh\",\"description\":\"\u0110\u1ed2 TH\u1edc PHONG TH\u1ee6Y CAO C\u1ea4P QU\u1ef2NH ANH\",\"publisher\":{\"@id\":\"https:\\\/\\\/dothoquynhanh.com\\\/#\\\/schema\\\/person\\\/9a6a0bff9151168cc437e710214dc286\"},\"potentialAction\":[{\"@type\":\"SearchAction\",\"target\":{\"@type\":\"EntryPoint\",\"urlTemplate\":\"https:\\\/\\\/dothoquynhanh.com\\\/?s={search_term_string}\"},\"query-input\":{\"@type\":\"PropertyValueSpecification\",\"valueRequired\":true,\"valueName\":\"search_term_string\"}}],\"inLanguage\":\"vi\"},{\"@type\":[\"Person\",\"Organization\"],\"@id\":\"https:\\\/\\\/dothoquynhanh.com\\\/#\\\/schema\\\/person\\\/9a6a0bff9151168cc437e710214dc286\",\"name\":\"Qu\u1ef3nh Anh\",\"image\":{\"@type\":\"ImageObject\",\"inLanguage\":\"vi\",\"@id\":\"https:\\\/\\\/secure.gravatar.com\\\/avatar\\\/a86689d41574456e4a65d69a1f70c64ef3172d5d71e939217b478f5347cec268?s=96&d=mm&r=g\",\"url\":\"https:\\\/\\\/secure.gravatar.com\\\/avatar\\\/a86689d41574456e4a65d69a1f70c64ef3172d5d71e939217b478f5347cec268?s=96&d=mm&r=g\",\"contentUrl\":\"https:\\\/\\\/secure.gravatar.com\\\/avatar\\\/a86689d41574456e4a65d69a1f70c64ef3172d5d71e939217b478f5347cec268?s=96&d=mm&r=g\",\"caption\":\"Qu\u1ef3nh Anh\"},\"logo\":{\"@id\":\"https:\\\/\\\/secure.gravatar.com\\\/avatar\\\/a86689d41574456e4a65d69a1f70c64ef3172d5d71e939217b478f5347cec268?s=96&d=mm&r=g\"},\"sameAs\":[\"https:\\\/\\\/dothoquynhanh.com\",\"admin\"]}]}<\/script>\n<!-- \/ Yoast SEO plugin. -->","yoast_head_json":{"title":"Th\u00e1p X\u00e1 L\u1ee3i Thu\u1ef7 Tinh Kh\u1eafc T\u00e2m Kinh - dothoquynhanh","robots":{"index":"index","follow":"follow","max-snippet":"max-snippet:-1","max-image-preview":"max-image-preview:large","max-video-preview":"max-video-preview:-1"},"canonical":"https:\/\/dothoquynhanh.com\/?product=thap-xa-loi-thuy-tinh-khac-tam-kinh","og_locale":"vi_VN","og_type":"article","og_title":"Th\u00e1p X\u00e1 L\u1ee3i Thu\u1ef7 Tinh Kh\u1eafc T\u00e2m Kinh - dothoquynhanh","og_description":"Th\u00e1p x\u00e1 l\u1ee3i trong su\u1ed1t kh\u1eafc t\u00e2m kinh  C\u00e1c chi ti\u1ebft \u0111\u01b0\u1eddng n\u00e9t \u0111\u01b0\u1ee3c thi\u1ebft k\u1ebf t\u1ec9 m\u1ec9, tinh x\u1ea3o  S\u1ea3n ph\u1ea9m \u0111\u01b0\u1ee3c l\u00e0m b\u1eb1ng th\u1ee7y tinh cao c\u1ea5p, b\u1ec1n \u0111\u1eb9p theo th\u1eddi gian  k\u00edch th\u01b0\u1edbc 12cm | 14cm | 18cm | 22.5cm","og_url":"https:\/\/dothoquynhanh.com\/?product=thap-xa-loi-thuy-tinh-khac-tam-kinh","og_site_name":"dothoquynhanh","og_image":[{"width":800,"height":800,"url":"https:\/\/dothoquynhanh.com\/wp-content\/uploads\/2020\/12\/Thap-Xa-Loi-Thuy-Tinh-Khac-Tam-Kinh.jpg","type":"image\/jpeg"}],"twitter_card":"summary_large_image","twitter_misc":{"\u01af\u1edbc t\u00ednh th\u1eddi gian \u0111\u1ecdc":"1 ph\u00fat"},"schema":{"@context":"https:\/\/schema.org","@graph":[{"@type":"WebPage","@id":"https:\/\/dothoquynhanh.com\/?product=thap-xa-loi-thuy-tinh-khac-tam-kinh","url":"https:\/\/dothoquynhanh.com\/?product=thap-xa-loi-thuy-tinh-khac-tam-kinh","name":"Th\u00e1p X\u00e1 L\u1ee3i Thu\u1ef7 Tinh Kh\u1eafc T\u00e2m Kinh - dothoquynhanh","isPartOf":{"@id":"https:\/\/dothoquynhanh.com\/#website"},"primaryImageOfPage":{"@id":"https:\/\/dothoquynhanh.com\/?product=thap-xa-loi-thuy-tinh-khac-tam-kinh#primaryimage"},"image":{"@id":"https:\/\/dothoquynhanh.com\/?product=thap-xa-loi-thuy-tinh-khac-tam-kinh#primaryimage"},"thumbnailUrl":"https:\/\/dothoquynhanh.com\/wp-content\/uploads\/2020\/12\/Thap-Xa-Loi-Thuy-Tinh-Khac-Tam-Kinh.jpg","datePublished":"2020-12-13T03:46:22+00:00","breadcrumb":{"@id":"https:\/\/dothoquynhanh.com\/?product=thap-xa-loi-thuy-tinh-khac-tam-kinh#breadcrumb"},"inLanguage":"vi","potentialAction":[{"@type":"ReadAction","target":["https:\/\/dothoquynhanh.com\/?product=thap-xa-loi-thuy-tinh-khac-tam-kinh"]}]},{"@type":"ImageObject","inLanguage":"vi","@id":"https:\/\/dothoquynhanh.com\/?product=thap-xa-loi-thuy-tinh-khac-tam-kinh#primaryimage","url":"https:\/\/dothoquynhanh.com\/wp-content\/uploads\/2020\/12\/Thap-Xa-Loi-Thuy-Tinh-Khac-Tam-Kinh.jpg","contentUrl":"https:\/\/dothoquynhanh.com\/wp-content\/uploads\/2020\/12\/Thap-Xa-Loi-Thuy-Tinh-Khac-Tam-Kinh.jpg","width":800,"height":800},{"@type":"BreadcrumbList","@id":"https:\/\/dothoquynhanh.com\/?product=thap-xa-loi-thuy-tinh-khac-tam-kinh#breadcrumb","itemListElement":[{"@type":"ListItem","position":1,"name":"Trang ch\u1ee7","item":"https:\/\/dothoquynhanh.com\/"},{"@type":"ListItem","position":2,"name":"S\u1ea3n ph\u1ea9m","item":"https:\/\/dothoquynhanh.com\/?page_id=64"},{"@type":"ListItem","position":3,"name":"Th\u00e1p X\u00e1 L\u1ee3i Thu\u1ef7 Tinh Kh\u1eafc T\u00e2m Kinh"}]},{"@type":"WebSite","@id":"https:\/\/dothoquynhanh.com\/#website","url":"https:\/\/dothoquynhanh.com\/","name":"dothoquynhanh","description":"\u0110\u1ed2 TH\u1edc PHONG TH\u1ee6Y CAO C\u1ea4P QU\u1ef2NH ANH","publisher":{"@id":"https:\/\/dothoquynhanh.com\/#\/schema\/person\/9a6a0bff9151168cc437e710214dc286"},"potentialAction":[{"@type":"SearchAction","target":{"@type":"EntryPoint","urlTemplate":"https:\/\/dothoquynhanh.com\/?s={search_term_string}"},"query-input":{"@type":"PropertyValueSpecification","valueRequired":true,"valueName":"search_term_string"}}],"inLanguage":"vi"},{"@type":["Person","Organization"],"@id":"https:\/\/dothoquynhanh.com\/#\/schema\/person\/9a6a0bff9151168cc437e710214dc286","name":"Qu\u1ef3nh Anh","image":{"@type":"ImageObject","inLanguage":"vi","@id":"https:\/\/secure.gravatar.com\/avatar\/a86689d41574456e4a65d69a1f70c64ef3172d5d71e939217b478f5347cec268?s=96&d=mm&r=g","url":"https:\/\/secure.gravatar.com\/avatar\/a86689d41574456e4a65d69a1f70c64ef3172d5d71e939217b478f5347cec268?s=96&d=mm&r=g","contentUrl":"https:\/\/secure.gravatar.com\/avatar\/a86689d41574456e4a65d69a1f70c64ef3172d5d71e939217b478f5347cec268?s=96&d=mm&r=g","caption":"Qu\u1ef3nh Anh"},"logo":{"@id":"https:\/\/secure.gravatar.com\/avatar\/a86689d41574456e4a65d69a1f70c64ef3172d5d71e939217b478f5347cec268?s=96&d=mm&r=g"},"sameAs":["https:\/\/dothoquynhanh.com","admin"]}]}},"_links":{"self":[{"href":"https:\/\/dothoquynhanh.com\/index.php?rest_route=\/wp\/v2\/product\/3228","targetHints":{"allow":["GET"]}}],"collection":[{"href":"https:\/\/dothoquynhanh.com\/index.php?rest_route=\/wp\/v2\/product"}],"about":[{"href":"https:\/\/dothoquynhanh.com\/index.php?rest_route=\/wp\/v2\/types\/product"}],"replies":[{"embeddable":true,"href":"https:\/\/dothoquynhanh.com\/index.php?rest_route=%2Fwp%2Fv2%2Fcomments&post=3228"}],"wp:featuredmedia":[{"embeddable":true,"href":"https:\/\/dothoquynhanh.com\/index.php?rest_route=\/wp\/v2\/media\/3229"}],"wp:attachment":[{"href":"https:\/\/dothoquynhanh.com\/index.php?rest_route=%2Fwp%2Fv2%2Fmedia&parent=3228"}],"wp:term":[{"taxonomy":"product_brand","embeddable":true,"href":"https:\/\/dothoquynhanh.com\/index.php?rest_route=%2Fwp%2Fv2%2Fproduct_brand&post=3228"},{"taxonomy":"product_cat","embeddable":true,"href":"https:\/\/dothoquynhanh.com\/index.php?rest_route=%2Fwp%2Fv2%2Fproduct_cat&post=3228"},{"taxonomy":"product_tag","embeddable":true,"href":"https:\/\/dothoquynhanh.com\/index.php?rest_route=%2Fwp%2Fv2%2Fproduct_tag&post=3228"}],"curies":[{"name":"wp","href":"https:\/\/api.w.org\/{rel}","templated":true}]}}