{"id":3225,"date":"2020-12-13T03:31:49","date_gmt":"2020-12-13T03:31:49","guid":{"rendered":"https:\/\/dothoquynhanh.com\/?post_type=product&#038;p=3225"},"modified":"2021-04-07T07:56:19","modified_gmt":"2021-04-07T07:56:19","slug":"bo-quan-ao-nam-nu-vai-lanh-lot-long","status":"publish","type":"product","link":"https:\/\/dothoquynhanh.com\/?product=bo-quan-ao-nam-nu-vai-lanh-lot-long","title":{"rendered":"B\u1ed9 Qu\u1ea7n \u00c1o Nam N\u1eef V\u1ea3i Lanh L\u00f3t L\u00f4ng"},"content":{"rendered":"<p><img loading=\"lazy\" decoding=\"async\" src=\"http:\/\/dothoquynhanh.com\/wp-content\/uploads\/2020\/12\/Bo-Quan-Ao-Nam-Nu-Vai-Lanh-Lot-Long-400x400.jpg\" alt=\"\" width=\"400\" height=\"400\" class=\"alignnone size-medium wp-image-3227\" srcset=\"https:\/\/dothoquynhanh.com\/wp-content\/uploads\/2020\/12\/Bo-Quan-Ao-Nam-Nu-Vai-Lanh-Lot-Long-400x400.jpg 400w, https:\/\/dothoquynhanh.com\/wp-content\/uploads\/2020\/12\/Bo-Quan-Ao-Nam-Nu-Vai-Lanh-Lot-Long-100x100.jpg 100w, https:\/\/dothoquynhanh.com\/wp-content\/uploads\/2020\/12\/Bo-Quan-Ao-Nam-Nu-Vai-Lanh-Lot-Long-510x510.jpg 510w, https:\/\/dothoquynhanh.com\/wp-content\/uploads\/2020\/12\/Bo-Quan-Ao-Nam-Nu-Vai-Lanh-Lot-Long-280x280.jpg 280w, https:\/\/dothoquynhanh.com\/wp-content\/uploads\/2020\/12\/Bo-Quan-Ao-Nam-Nu-Vai-Lanh-Lot-Long-768x768.jpg 768w, https:\/\/dothoquynhanh.com\/wp-content\/uploads\/2020\/12\/Bo-Quan-Ao-Nam-Nu-Vai-Lanh-Lot-Long.jpg 800w\" sizes=\"auto, (max-width: 400px) 100vw, 400px\" \/><br \/>\nB\u1ed9 Qu\u1ea7n \u00c1o Nam N\u1eef V\u1ea3i Lanh L\u00f3t L\u00f4ng, M\u1ea7u Xanh Bi\u1ec3n Size S, M, L, XL<br \/>\n Giao h\u00e0ng t\u1eadn nh\u00e0<br \/>\n Thanh to\u00e1n khi nh\u1eadn h\u00e0ng<br \/>\n Mua s\u1ed1 l\u01b0\u1ee3ng l\u1edbn c\u00f3 \u01b0u \u0111\u00e3i ri\u00eang<br \/>\n Nh\u1eadn \u0111\u1eb7t h\u00e0ng theo nhu c\u1ea7u ri\u00eang.<\/p>\n","protected":false},"excerpt":{"rendered":"<p> Giao h\u00e0ng t\u1eadn nh\u00e0<br \/>\n Thanh to\u00e1n khi nh\u1eadn h\u00e0ng<br \/>\n Mua s\u1ed1 l\u01b0\u1ee3ng l\u1edbn c\u00f3 \u01b0u \u0111\u00e3i ri\u00eang<br \/>\n Nh\u1eadn \u0111\u1eb7t h\u00e0ng theo nhu c\u1ea7u ri\u00eang.<\/p>\n","protected":false},"featured_media":3227,"comment_status":"open","ping_status":"closed","template":"","meta":[],"product_brand":[],"product_cat":[547],"product_tag":[],"class_list":{"0":"post-3225","1":"product","2":"type-product","3":"status-publish","4":"has-post-thumbnail","6":"product_cat-ao-trang-phat-tu","8":"first","9":"instock","10":"shipping-taxable","11":"purchasable","12":"product-type-simple"},"yoast_head":"<!-- This site is optimized with the Yoast SEO plugin v27.5 - https:\/\/yoast.com\/product\/yoast-seo-wordpress\/ -->\n<title>B\u1ed9 Qu\u1ea7n \u00c1o Nam N\u1eef V\u1ea3i Lanh L\u00f3t L\u00f4ng - dothoquynhanh<\/title>\n<meta name=\"robots\" content=\"index, follow, max-snippet:-1, max-image-preview:large, max-video-preview:-1\" \/>\n<link rel=\"canonical\" href=\"https:\/\/dothoquynhanh.com\/?product=bo-quan-ao-nam-nu-vai-lanh-lot-long\" \/>\n<meta property=\"og:locale\" content=\"vi_VN\" \/>\n<meta property=\"og:type\" content=\"article\" \/>\n<meta property=\"og:title\" content=\"B\u1ed9 Qu\u1ea7n \u00c1o Nam N\u1eef V\u1ea3i Lanh L\u00f3t L\u00f4ng - dothoquynhanh\" \/>\n<meta property=\"og:description\" content=\"Giao h\u00e0ng t\u1eadn nh\u00e0  Thanh to\u00e1n khi nh\u1eadn h\u00e0ng  Mua s\u1ed1 l\u01b0\u1ee3ng l\u1edbn c\u00f3 \u01b0u \u0111\u00e3i ri\u00eang  Nh\u1eadn \u0111\u1eb7t h\u00e0ng theo nhu c\u1ea7u ri\u00eang.\" \/>\n<meta property=\"og:url\" content=\"https:\/\/dothoquynhanh.com\/?product=bo-quan-ao-nam-nu-vai-lanh-lot-long\" \/>\n<meta property=\"og:site_name\" content=\"dothoquynhanh\" \/>\n<meta property=\"article:modified_time\" content=\"2021-04-07T07:56:19+00:00\" \/>\n<meta property=\"og:image\" content=\"https:\/\/dothoquynhanh.com\/wp-content\/uploads\/2020\/12\/Bo-Quan-Ao-Nam-Nu-Vai-Lanh-Lot-Long.jpg\" \/>\n\t<meta property=\"og:image:width\" content=\"800\" \/>\n\t<meta property=\"og:image:height\" content=\"800\" \/>\n\t<meta property=\"og:image:type\" content=\"image\/jpeg\" \/>\n<meta name=\"twitter:card\" content=\"summary_large_image\" \/>\n<script type=\"application\/ld+json\" class=\"yoast-schema-graph\">{\"@context\":\"https:\\\/\\\/schema.org\",\"@graph\":[{\"@type\":\"WebPage\",\"@id\":\"https:\\\/\\\/dothoquynhanh.com\\\/?product=bo-quan-ao-nam-nu-vai-lanh-lot-long\",\"url\":\"https:\\\/\\\/dothoquynhanh.com\\\/?product=bo-quan-ao-nam-nu-vai-lanh-lot-long\",\"name\":\"B\u1ed9 Qu\u1ea7n \u00c1o Nam N\u1eef V\u1ea3i Lanh L\u00f3t L\u00f4ng - dothoquynhanh\",\"isPartOf\":{\"@id\":\"https:\\\/\\\/dothoquynhanh.com\\\/#website\"},\"primaryImageOfPage\":{\"@id\":\"https:\\\/\\\/dothoquynhanh.com\\\/?product=bo-quan-ao-nam-nu-vai-lanh-lot-long#primaryimage\"},\"image\":{\"@id\":\"https:\\\/\\\/dothoquynhanh.com\\\/?product=bo-quan-ao-nam-nu-vai-lanh-lot-long#primaryimage\"},\"thumbnailUrl\":\"https:\\\/\\\/dothoquynhanh.com\\\/wp-content\\\/uploads\\\/2020\\\/12\\\/Bo-Quan-Ao-Nam-Nu-Vai-Lanh-Lot-Long.jpg\",\"datePublished\":\"2020-12-13T03:31:49+00:00\",\"dateModified\":\"2021-04-07T07:56:19+00:00\",\"breadcrumb\":{\"@id\":\"https:\\\/\\\/dothoquynhanh.com\\\/?product=bo-quan-ao-nam-nu-vai-lanh-lot-long#breadcrumb\"},\"inLanguage\":\"vi\",\"potentialAction\":[{\"@type\":\"ReadAction\",\"target\":[\"https:\\\/\\\/dothoquynhanh.com\\\/?product=bo-quan-ao-nam-nu-vai-lanh-lot-long\"]}]},{\"@type\":\"ImageObject\",\"inLanguage\":\"vi\",\"@id\":\"https:\\\/\\\/dothoquynhanh.com\\\/?product=bo-quan-ao-nam-nu-vai-lanh-lot-long#primaryimage\",\"url\":\"https:\\\/\\\/dothoquynhanh.com\\\/wp-content\\\/uploads\\\/2020\\\/12\\\/Bo-Quan-Ao-Nam-Nu-Vai-Lanh-Lot-Long.jpg\",\"contentUrl\":\"https:\\\/\\\/dothoquynhanh.com\\\/wp-content\\\/uploads\\\/2020\\\/12\\\/Bo-Quan-Ao-Nam-Nu-Vai-Lanh-Lot-Long.jpg\",\"width\":800,\"height\":800},{\"@type\":\"BreadcrumbList\",\"@id\":\"https:\\\/\\\/dothoquynhanh.com\\\/?product=bo-quan-ao-nam-nu-vai-lanh-lot-long#breadcrumb\",\"itemListElement\":[{\"@type\":\"ListItem\",\"position\":1,\"name\":\"Trang ch\u1ee7\",\"item\":\"https:\\\/\\\/dothoquynhanh.com\\\/\"},{\"@type\":\"ListItem\",\"position\":2,\"name\":\"S\u1ea3n ph\u1ea9m\",\"item\":\"https:\\\/\\\/dothoquynhanh.com\\\/?page_id=64\"},{\"@type\":\"ListItem\",\"position\":3,\"name\":\"B\u1ed9 Qu\u1ea7n \u00c1o Nam N\u1eef V\u1ea3i Lanh L\u00f3t L\u00f4ng\"}]},{\"@type\":\"WebSite\",\"@id\":\"https:\\\/\\\/dothoquynhanh.com\\\/#website\",\"url\":\"https:\\\/\\\/dothoquynhanh.com\\\/\",\"name\":\"dothoquynhanh\",\"description\":\"\u0110\u1ed2 TH\u1edc PHONG TH\u1ee6Y CAO C\u1ea4P QU\u1ef2NH ANH\",\"publisher\":{\"@id\":\"https:\\\/\\\/dothoquynhanh.com\\\/#\\\/schema\\\/person\\\/9a6a0bff9151168cc437e710214dc286\"},\"potentialAction\":[{\"@type\":\"SearchAction\",\"target\":{\"@type\":\"EntryPoint\",\"urlTemplate\":\"https:\\\/\\\/dothoquynhanh.com\\\/?s={search_term_string}\"},\"query-input\":{\"@type\":\"PropertyValueSpecification\",\"valueRequired\":true,\"valueName\":\"search_term_string\"}}],\"inLanguage\":\"vi\"},{\"@type\":[\"Person\",\"Organization\"],\"@id\":\"https:\\\/\\\/dothoquynhanh.com\\\/#\\\/schema\\\/person\\\/9a6a0bff9151168cc437e710214dc286\",\"name\":\"Qu\u1ef3nh Anh\",\"image\":{\"@type\":\"ImageObject\",\"inLanguage\":\"vi\",\"@id\":\"https:\\\/\\\/secure.gravatar.com\\\/avatar\\\/a86689d41574456e4a65d69a1f70c64ef3172d5d71e939217b478f5347cec268?s=96&d=mm&r=g\",\"url\":\"https:\\\/\\\/secure.gravatar.com\\\/avatar\\\/a86689d41574456e4a65d69a1f70c64ef3172d5d71e939217b478f5347cec268?s=96&d=mm&r=g\",\"contentUrl\":\"https:\\\/\\\/secure.gravatar.com\\\/avatar\\\/a86689d41574456e4a65d69a1f70c64ef3172d5d71e939217b478f5347cec268?s=96&d=mm&r=g\",\"caption\":\"Qu\u1ef3nh Anh\"},\"logo\":{\"@id\":\"https:\\\/\\\/secure.gravatar.com\\\/avatar\\\/a86689d41574456e4a65d69a1f70c64ef3172d5d71e939217b478f5347cec268?s=96&d=mm&r=g\"},\"sameAs\":[\"https:\\\/\\\/dothoquynhanh.com\",\"admin\"]}]}<\/script>\n<!-- \/ Yoast SEO plugin. -->","yoast_head_json":{"title":"B\u1ed9 Qu\u1ea7n \u00c1o Nam N\u1eef V\u1ea3i Lanh L\u00f3t L\u00f4ng - dothoquynhanh","robots":{"index":"index","follow":"follow","max-snippet":"max-snippet:-1","max-image-preview":"max-image-preview:large","max-video-preview":"max-video-preview:-1"},"canonical":"https:\/\/dothoquynhanh.com\/?product=bo-quan-ao-nam-nu-vai-lanh-lot-long","og_locale":"vi_VN","og_type":"article","og_title":"B\u1ed9 Qu\u1ea7n \u00c1o Nam N\u1eef V\u1ea3i Lanh L\u00f3t L\u00f4ng - dothoquynhanh","og_description":"Giao h\u00e0ng t\u1eadn nh\u00e0  Thanh to\u00e1n khi nh\u1eadn h\u00e0ng  Mua s\u1ed1 l\u01b0\u1ee3ng l\u1edbn c\u00f3 \u01b0u \u0111\u00e3i ri\u00eang  Nh\u1eadn \u0111\u1eb7t h\u00e0ng theo nhu c\u1ea7u ri\u00eang.","og_url":"https:\/\/dothoquynhanh.com\/?product=bo-quan-ao-nam-nu-vai-lanh-lot-long","og_site_name":"dothoquynhanh","article_modified_time":"2021-04-07T07:56:19+00:00","og_image":[{"width":800,"height":800,"url":"https:\/\/dothoquynhanh.com\/wp-content\/uploads\/2020\/12\/Bo-Quan-Ao-Nam-Nu-Vai-Lanh-Lot-Long.jpg","type":"image\/jpeg"}],"twitter_card":"summary_large_image","schema":{"@context":"https:\/\/schema.org","@graph":[{"@type":"WebPage","@id":"https:\/\/dothoquynhanh.com\/?product=bo-quan-ao-nam-nu-vai-lanh-lot-long","url":"https:\/\/dothoquynhanh.com\/?product=bo-quan-ao-nam-nu-vai-lanh-lot-long","name":"B\u1ed9 Qu\u1ea7n \u00c1o Nam N\u1eef V\u1ea3i Lanh L\u00f3t L\u00f4ng - dothoquynhanh","isPartOf":{"@id":"https:\/\/dothoquynhanh.com\/#website"},"primaryImageOfPage":{"@id":"https:\/\/dothoquynhanh.com\/?product=bo-quan-ao-nam-nu-vai-lanh-lot-long#primaryimage"},"image":{"@id":"https:\/\/dothoquynhanh.com\/?product=bo-quan-ao-nam-nu-vai-lanh-lot-long#primaryimage"},"thumbnailUrl":"https:\/\/dothoquynhanh.com\/wp-content\/uploads\/2020\/12\/Bo-Quan-Ao-Nam-Nu-Vai-Lanh-Lot-Long.jpg","datePublished":"2020-12-13T03:31:49+00:00","dateModified":"2021-04-07T07:56:19+00:00","breadcrumb":{"@id":"https:\/\/dothoquynhanh.com\/?product=bo-quan-ao-nam-nu-vai-lanh-lot-long#breadcrumb"},"inLanguage":"vi","potentialAction":[{"@type":"ReadAction","target":["https:\/\/dothoquynhanh.com\/?product=bo-quan-ao-nam-nu-vai-lanh-lot-long"]}]},{"@type":"ImageObject","inLanguage":"vi","@id":"https:\/\/dothoquynhanh.com\/?product=bo-quan-ao-nam-nu-vai-lanh-lot-long#primaryimage","url":"https:\/\/dothoquynhanh.com\/wp-content\/uploads\/2020\/12\/Bo-Quan-Ao-Nam-Nu-Vai-Lanh-Lot-Long.jpg","contentUrl":"https:\/\/dothoquynhanh.com\/wp-content\/uploads\/2020\/12\/Bo-Quan-Ao-Nam-Nu-Vai-Lanh-Lot-Long.jpg","width":800,"height":800},{"@type":"BreadcrumbList","@id":"https:\/\/dothoquynhanh.com\/?product=bo-quan-ao-nam-nu-vai-lanh-lot-long#breadcrumb","itemListElement":[{"@type":"ListItem","position":1,"name":"Trang ch\u1ee7","item":"https:\/\/dothoquynhanh.com\/"},{"@type":"ListItem","position":2,"name":"S\u1ea3n ph\u1ea9m","item":"https:\/\/dothoquynhanh.com\/?page_id=64"},{"@type":"ListItem","position":3,"name":"B\u1ed9 Qu\u1ea7n \u00c1o Nam N\u1eef V\u1ea3i Lanh L\u00f3t L\u00f4ng"}]},{"@type":"WebSite","@id":"https:\/\/dothoquynhanh.com\/#website","url":"https:\/\/dothoquynhanh.com\/","name":"dothoquynhanh","description":"\u0110\u1ed2 TH\u1edc PHONG TH\u1ee6Y CAO C\u1ea4P QU\u1ef2NH ANH","publisher":{"@id":"https:\/\/dothoquynhanh.com\/#\/schema\/person\/9a6a0bff9151168cc437e710214dc286"},"potentialAction":[{"@type":"SearchAction","target":{"@type":"EntryPoint","urlTemplate":"https:\/\/dothoquynhanh.com\/?s={search_term_string}"},"query-input":{"@type":"PropertyValueSpecification","valueRequired":true,"valueName":"search_term_string"}}],"inLanguage":"vi"},{"@type":["Person","Organization"],"@id":"https:\/\/dothoquynhanh.com\/#\/schema\/person\/9a6a0bff9151168cc437e710214dc286","name":"Qu\u1ef3nh Anh","image":{"@type":"ImageObject","inLanguage":"vi","@id":"https:\/\/secure.gravatar.com\/avatar\/a86689d41574456e4a65d69a1f70c64ef3172d5d71e939217b478f5347cec268?s=96&d=mm&r=g","url":"https:\/\/secure.gravatar.com\/avatar\/a86689d41574456e4a65d69a1f70c64ef3172d5d71e939217b478f5347cec268?s=96&d=mm&r=g","contentUrl":"https:\/\/secure.gravatar.com\/avatar\/a86689d41574456e4a65d69a1f70c64ef3172d5d71e939217b478f5347cec268?s=96&d=mm&r=g","caption":"Qu\u1ef3nh Anh"},"logo":{"@id":"https:\/\/secure.gravatar.com\/avatar\/a86689d41574456e4a65d69a1f70c64ef3172d5d71e939217b478f5347cec268?s=96&d=mm&r=g"},"sameAs":["https:\/\/dothoquynhanh.com","admin"]}]}},"_links":{"self":[{"href":"https:\/\/dothoquynhanh.com\/index.php?rest_route=\/wp\/v2\/product\/3225","targetHints":{"allow":["GET"]}}],"collection":[{"href":"https:\/\/dothoquynhanh.com\/index.php?rest_route=\/wp\/v2\/product"}],"about":[{"href":"https:\/\/dothoquynhanh.com\/index.php?rest_route=\/wp\/v2\/types\/product"}],"replies":[{"embeddable":true,"href":"https:\/\/dothoquynhanh.com\/index.php?rest_route=%2Fwp%2Fv2%2Fcomments&post=3225"}],"wp:featuredmedia":[{"embeddable":true,"href":"https:\/\/dothoquynhanh.com\/index.php?rest_route=\/wp\/v2\/media\/3227"}],"wp:attachment":[{"href":"https:\/\/dothoquynhanh.com\/index.php?rest_route=%2Fwp%2Fv2%2Fmedia&parent=3225"}],"wp:term":[{"taxonomy":"product_brand","embeddable":true,"href":"https:\/\/dothoquynhanh.com\/index.php?rest_route=%2Fwp%2Fv2%2Fproduct_brand&post=3225"},{"taxonomy":"product_cat","embeddable":true,"href":"https:\/\/dothoquynhanh.com\/index.php?rest_route=%2Fwp%2Fv2%2Fproduct_cat&post=3225"},{"taxonomy":"product_tag","embeddable":true,"href":"https:\/\/dothoquynhanh.com\/index.php?rest_route=%2Fwp%2Fv2%2Fproduct_tag&post=3225"}],"curies":[{"name":"wp","href":"https:\/\/api.w.org\/{rel}","templated":true}]}}