{"id":3221,"date":"2020-12-13T03:26:46","date_gmt":"2020-12-13T03:26:46","guid":{"rendered":"https:\/\/dothoquynhanh.com\/?post_type=product&#038;p=3221"},"modified":"2023-12-04T12:50:42","modified_gmt":"2023-12-04T12:50:42","slug":"bo-nam-co-tru-vai-line-han-quoc","status":"publish","type":"product","link":"https:\/\/dothoquynhanh.com\/?product=bo-nam-co-tru-vai-line-han-quoc","title":{"rendered":"B\u1ed9 Nam C\u1ed5 Tr\u1ee5 V\u1ea3i Line H\u00e0n Qu\u1ed1c"},"content":{"rendered":"<p><img loading=\"lazy\" decoding=\"async\" src=\"http:\/\/dothoquynhanh.com\/wp-content\/uploads\/2020\/12\/Bo-Nam-Co-Tru-Vai-Line-Han-Quoc-400x400.jpg\" alt=\"\" width=\"400\" height=\"400\" class=\"alignnone size-medium wp-image-3222\" srcset=\"https:\/\/dothoquynhanh.com\/wp-content\/uploads\/2020\/12\/Bo-Nam-Co-Tru-Vai-Line-Han-Quoc-400x400.jpg 400w, https:\/\/dothoquynhanh.com\/wp-content\/uploads\/2020\/12\/Bo-Nam-Co-Tru-Vai-Line-Han-Quoc-100x100.jpg 100w, https:\/\/dothoquynhanh.com\/wp-content\/uploads\/2020\/12\/Bo-Nam-Co-Tru-Vai-Line-Han-Quoc-510x510.jpg 510w, https:\/\/dothoquynhanh.com\/wp-content\/uploads\/2020\/12\/Bo-Nam-Co-Tru-Vai-Line-Han-Quoc-280x280.jpg 280w, https:\/\/dothoquynhanh.com\/wp-content\/uploads\/2020\/12\/Bo-Nam-Co-Tru-Vai-Line-Han-Quoc-768x768.jpg 768w, https:\/\/dothoquynhanh.com\/wp-content\/uploads\/2020\/12\/Bo-Nam-Co-Tru-Vai-Line-Han-Quoc.jpg 800w\" sizes=\"auto, (max-width: 400px) 100vw, 400px\" \/><br \/>\nB\u1ed9 Nam C\u1ed5 Tr\u1ee5 V\u1ea3i Line H\u00e0n Qu\u1ed1c, Nhi\u1ec1u Lo\u1ea1i, M\u1eabu Qu\u1ea7n \u00c1o N\u00e2u \u0110i L\u1ec5 Ch\u00f9a Cho Nam, \u0110\u1ed3 N\u00e2u \u0110\u1ed3 Lam \u0110i Ch\u00f9a Trang Nh\u00e3 v\u00e0 Thanh L\u1ecbch<br \/>\n \u00c1o Ph\u1eadt t\u1eed nam m\u1ea7u n\u00e2u c\u1ed5 tr\u1ee5<br \/>\n Ch\u1ea5t li\u1ec7u v\u1ea3i line h\u00e0n qu\u1ed1c<\/p>\n<p>SIZE<br \/>\nSize S, Size M, Size L, Size XL<\/p>\n","protected":false},"excerpt":{"rendered":"<p>B\u1ed9 Nam C\u1ed5 Tr\u1ee5 V\u1ea3i Line H\u00e0n Qu\u1ed1c, Nhi\u1ec1u Lo\u1ea1i, M\u1eabu Qu\u1ea7n \u00c1o N\u00e2u \u0110i L\u1ec5 Ch\u00f9a Cho Nam, \u0110\u1ed3 N\u00e2u \u0110\u1ed3 Lam \u0110i Ch\u00f9a Trang Nh\u00e3 v\u00e0 Thanh L\u1ecbch<br \/>\n \u00c1o Ph\u1eadt t\u1eed nam m\u1ea7u n\u00e2u c\u1ed5 tr\u1ee5<br \/>\n Ch\u1ea5t li\u1ec7u v\u1ea3i line h\u00e0n qu\u1ed1c<\/p>\n","protected":false},"featured_media":3222,"comment_status":"open","ping_status":"closed","template":"","meta":[],"product_brand":[],"product_cat":[547],"product_tag":[],"class_list":{"0":"post-3221","1":"product","2":"type-product","3":"status-publish","4":"has-post-thumbnail","6":"product_cat-ao-trang-phat-tu","8":"first","9":"instock","10":"sale","11":"shipping-taxable","12":"purchasable","13":"product-type-simple"},"yoast_head":"<!-- This site is optimized with the Yoast SEO plugin v27.5 - https:\/\/yoast.com\/product\/yoast-seo-wordpress\/ -->\n<title>B\u1ed9 Nam C\u1ed5 Tr\u1ee5 V\u1ea3i Line H\u00e0n Qu\u1ed1c - dothoquynhanh<\/title>\n<meta name=\"robots\" content=\"index, follow, max-snippet:-1, max-image-preview:large, max-video-preview:-1\" \/>\n<link rel=\"canonical\" href=\"https:\/\/dothoquynhanh.com\/?product=bo-nam-co-tru-vai-line-han-quoc\" \/>\n<meta property=\"og:locale\" content=\"vi_VN\" \/>\n<meta property=\"og:type\" content=\"article\" \/>\n<meta property=\"og:title\" content=\"B\u1ed9 Nam C\u1ed5 Tr\u1ee5 V\u1ea3i Line H\u00e0n Qu\u1ed1c - dothoquynhanh\" \/>\n<meta property=\"og:description\" content=\"B\u1ed9 Nam C\u1ed5 Tr\u1ee5 V\u1ea3i Line H\u00e0n Qu\u1ed1c, Nhi\u1ec1u Lo\u1ea1i, M\u1eabu Qu\u1ea7n \u00c1o N\u00e2u \u0110i L\u1ec5 Ch\u00f9a Cho Nam, \u0110\u1ed3 N\u00e2u \u0110\u1ed3 Lam \u0110i Ch\u00f9a Trang Nh\u00e3 v\u00e0 Thanh L\u1ecbch  \u00c1o Ph\u1eadt t\u1eed nam m\u1ea7u n\u00e2u c\u1ed5 tr\u1ee5  Ch\u1ea5t li\u1ec7u v\u1ea3i line h\u00e0n qu\u1ed1c\" \/>\n<meta property=\"og:url\" content=\"https:\/\/dothoquynhanh.com\/?product=bo-nam-co-tru-vai-line-han-quoc\" \/>\n<meta property=\"og:site_name\" content=\"dothoquynhanh\" \/>\n<meta property=\"article:modified_time\" content=\"2023-12-04T12:50:42+00:00\" \/>\n<meta property=\"og:image\" content=\"https:\/\/dothoquynhanh.com\/wp-content\/uploads\/2020\/12\/Bo-Nam-Co-Tru-Vai-Line-Han-Quoc.jpg\" \/>\n\t<meta property=\"og:image:width\" content=\"800\" \/>\n\t<meta property=\"og:image:height\" content=\"800\" \/>\n\t<meta property=\"og:image:type\" content=\"image\/jpeg\" \/>\n<meta name=\"twitter:card\" content=\"summary_large_image\" \/>\n<script type=\"application\/ld+json\" class=\"yoast-schema-graph\">{\"@context\":\"https:\\\/\\\/schema.org\",\"@graph\":[{\"@type\":\"WebPage\",\"@id\":\"https:\\\/\\\/dothoquynhanh.com\\\/?product=bo-nam-co-tru-vai-line-han-quoc\",\"url\":\"https:\\\/\\\/dothoquynhanh.com\\\/?product=bo-nam-co-tru-vai-line-han-quoc\",\"name\":\"B\u1ed9 Nam C\u1ed5 Tr\u1ee5 V\u1ea3i Line H\u00e0n Qu\u1ed1c - dothoquynhanh\",\"isPartOf\":{\"@id\":\"https:\\\/\\\/dothoquynhanh.com\\\/#website\"},\"primaryImageOfPage\":{\"@id\":\"https:\\\/\\\/dothoquynhanh.com\\\/?product=bo-nam-co-tru-vai-line-han-quoc#primaryimage\"},\"image\":{\"@id\":\"https:\\\/\\\/dothoquynhanh.com\\\/?product=bo-nam-co-tru-vai-line-han-quoc#primaryimage\"},\"thumbnailUrl\":\"https:\\\/\\\/dothoquynhanh.com\\\/wp-content\\\/uploads\\\/2020\\\/12\\\/Bo-Nam-Co-Tru-Vai-Line-Han-Quoc.jpg\",\"datePublished\":\"2020-12-13T03:26:46+00:00\",\"dateModified\":\"2023-12-04T12:50:42+00:00\",\"breadcrumb\":{\"@id\":\"https:\\\/\\\/dothoquynhanh.com\\\/?product=bo-nam-co-tru-vai-line-han-quoc#breadcrumb\"},\"inLanguage\":\"vi\",\"potentialAction\":[{\"@type\":\"ReadAction\",\"target\":[\"https:\\\/\\\/dothoquynhanh.com\\\/?product=bo-nam-co-tru-vai-line-han-quoc\"]}]},{\"@type\":\"ImageObject\",\"inLanguage\":\"vi\",\"@id\":\"https:\\\/\\\/dothoquynhanh.com\\\/?product=bo-nam-co-tru-vai-line-han-quoc#primaryimage\",\"url\":\"https:\\\/\\\/dothoquynhanh.com\\\/wp-content\\\/uploads\\\/2020\\\/12\\\/Bo-Nam-Co-Tru-Vai-Line-Han-Quoc.jpg\",\"contentUrl\":\"https:\\\/\\\/dothoquynhanh.com\\\/wp-content\\\/uploads\\\/2020\\\/12\\\/Bo-Nam-Co-Tru-Vai-Line-Han-Quoc.jpg\",\"width\":800,\"height\":800},{\"@type\":\"BreadcrumbList\",\"@id\":\"https:\\\/\\\/dothoquynhanh.com\\\/?product=bo-nam-co-tru-vai-line-han-quoc#breadcrumb\",\"itemListElement\":[{\"@type\":\"ListItem\",\"position\":1,\"name\":\"Trang ch\u1ee7\",\"item\":\"https:\\\/\\\/dothoquynhanh.com\\\/\"},{\"@type\":\"ListItem\",\"position\":2,\"name\":\"S\u1ea3n ph\u1ea9m\",\"item\":\"https:\\\/\\\/dothoquynhanh.com\\\/?page_id=64\"},{\"@type\":\"ListItem\",\"position\":3,\"name\":\"B\u1ed9 Nam C\u1ed5 Tr\u1ee5 V\u1ea3i Line H\u00e0n Qu\u1ed1c\"}]},{\"@type\":\"WebSite\",\"@id\":\"https:\\\/\\\/dothoquynhanh.com\\\/#website\",\"url\":\"https:\\\/\\\/dothoquynhanh.com\\\/\",\"name\":\"dothoquynhanh\",\"description\":\"\u0110\u1ed2 TH\u1edc PHONG TH\u1ee6Y CAO C\u1ea4P QU\u1ef2NH ANH\",\"publisher\":{\"@id\":\"https:\\\/\\\/dothoquynhanh.com\\\/#\\\/schema\\\/person\\\/9a6a0bff9151168cc437e710214dc286\"},\"potentialAction\":[{\"@type\":\"SearchAction\",\"target\":{\"@type\":\"EntryPoint\",\"urlTemplate\":\"https:\\\/\\\/dothoquynhanh.com\\\/?s={search_term_string}\"},\"query-input\":{\"@type\":\"PropertyValueSpecification\",\"valueRequired\":true,\"valueName\":\"search_term_string\"}}],\"inLanguage\":\"vi\"},{\"@type\":[\"Person\",\"Organization\"],\"@id\":\"https:\\\/\\\/dothoquynhanh.com\\\/#\\\/schema\\\/person\\\/9a6a0bff9151168cc437e710214dc286\",\"name\":\"Qu\u1ef3nh Anh\",\"image\":{\"@type\":\"ImageObject\",\"inLanguage\":\"vi\",\"@id\":\"https:\\\/\\\/secure.gravatar.com\\\/avatar\\\/a86689d41574456e4a65d69a1f70c64ef3172d5d71e939217b478f5347cec268?s=96&d=mm&r=g\",\"url\":\"https:\\\/\\\/secure.gravatar.com\\\/avatar\\\/a86689d41574456e4a65d69a1f70c64ef3172d5d71e939217b478f5347cec268?s=96&d=mm&r=g\",\"contentUrl\":\"https:\\\/\\\/secure.gravatar.com\\\/avatar\\\/a86689d41574456e4a65d69a1f70c64ef3172d5d71e939217b478f5347cec268?s=96&d=mm&r=g\",\"caption\":\"Qu\u1ef3nh Anh\"},\"logo\":{\"@id\":\"https:\\\/\\\/secure.gravatar.com\\\/avatar\\\/a86689d41574456e4a65d69a1f70c64ef3172d5d71e939217b478f5347cec268?s=96&d=mm&r=g\"},\"sameAs\":[\"https:\\\/\\\/dothoquynhanh.com\",\"admin\"]}]}<\/script>\n<!-- \/ Yoast SEO plugin. -->","yoast_head_json":{"title":"B\u1ed9 Nam C\u1ed5 Tr\u1ee5 V\u1ea3i Line H\u00e0n Qu\u1ed1c - dothoquynhanh","robots":{"index":"index","follow":"follow","max-snippet":"max-snippet:-1","max-image-preview":"max-image-preview:large","max-video-preview":"max-video-preview:-1"},"canonical":"https:\/\/dothoquynhanh.com\/?product=bo-nam-co-tru-vai-line-han-quoc","og_locale":"vi_VN","og_type":"article","og_title":"B\u1ed9 Nam C\u1ed5 Tr\u1ee5 V\u1ea3i Line H\u00e0n Qu\u1ed1c - dothoquynhanh","og_description":"B\u1ed9 Nam C\u1ed5 Tr\u1ee5 V\u1ea3i Line H\u00e0n Qu\u1ed1c, Nhi\u1ec1u Lo\u1ea1i, M\u1eabu Qu\u1ea7n \u00c1o N\u00e2u \u0110i L\u1ec5 Ch\u00f9a Cho Nam, \u0110\u1ed3 N\u00e2u \u0110\u1ed3 Lam \u0110i Ch\u00f9a Trang Nh\u00e3 v\u00e0 Thanh L\u1ecbch  \u00c1o Ph\u1eadt t\u1eed nam m\u1ea7u n\u00e2u c\u1ed5 tr\u1ee5  Ch\u1ea5t li\u1ec7u v\u1ea3i line h\u00e0n qu\u1ed1c","og_url":"https:\/\/dothoquynhanh.com\/?product=bo-nam-co-tru-vai-line-han-quoc","og_site_name":"dothoquynhanh","article_modified_time":"2023-12-04T12:50:42+00:00","og_image":[{"width":800,"height":800,"url":"https:\/\/dothoquynhanh.com\/wp-content\/uploads\/2020\/12\/Bo-Nam-Co-Tru-Vai-Line-Han-Quoc.jpg","type":"image\/jpeg"}],"twitter_card":"summary_large_image","schema":{"@context":"https:\/\/schema.org","@graph":[{"@type":"WebPage","@id":"https:\/\/dothoquynhanh.com\/?product=bo-nam-co-tru-vai-line-han-quoc","url":"https:\/\/dothoquynhanh.com\/?product=bo-nam-co-tru-vai-line-han-quoc","name":"B\u1ed9 Nam C\u1ed5 Tr\u1ee5 V\u1ea3i Line H\u00e0n Qu\u1ed1c - dothoquynhanh","isPartOf":{"@id":"https:\/\/dothoquynhanh.com\/#website"},"primaryImageOfPage":{"@id":"https:\/\/dothoquynhanh.com\/?product=bo-nam-co-tru-vai-line-han-quoc#primaryimage"},"image":{"@id":"https:\/\/dothoquynhanh.com\/?product=bo-nam-co-tru-vai-line-han-quoc#primaryimage"},"thumbnailUrl":"https:\/\/dothoquynhanh.com\/wp-content\/uploads\/2020\/12\/Bo-Nam-Co-Tru-Vai-Line-Han-Quoc.jpg","datePublished":"2020-12-13T03:26:46+00:00","dateModified":"2023-12-04T12:50:42+00:00","breadcrumb":{"@id":"https:\/\/dothoquynhanh.com\/?product=bo-nam-co-tru-vai-line-han-quoc#breadcrumb"},"inLanguage":"vi","potentialAction":[{"@type":"ReadAction","target":["https:\/\/dothoquynhanh.com\/?product=bo-nam-co-tru-vai-line-han-quoc"]}]},{"@type":"ImageObject","inLanguage":"vi","@id":"https:\/\/dothoquynhanh.com\/?product=bo-nam-co-tru-vai-line-han-quoc#primaryimage","url":"https:\/\/dothoquynhanh.com\/wp-content\/uploads\/2020\/12\/Bo-Nam-Co-Tru-Vai-Line-Han-Quoc.jpg","contentUrl":"https:\/\/dothoquynhanh.com\/wp-content\/uploads\/2020\/12\/Bo-Nam-Co-Tru-Vai-Line-Han-Quoc.jpg","width":800,"height":800},{"@type":"BreadcrumbList","@id":"https:\/\/dothoquynhanh.com\/?product=bo-nam-co-tru-vai-line-han-quoc#breadcrumb","itemListElement":[{"@type":"ListItem","position":1,"name":"Trang ch\u1ee7","item":"https:\/\/dothoquynhanh.com\/"},{"@type":"ListItem","position":2,"name":"S\u1ea3n ph\u1ea9m","item":"https:\/\/dothoquynhanh.com\/?page_id=64"},{"@type":"ListItem","position":3,"name":"B\u1ed9 Nam C\u1ed5 Tr\u1ee5 V\u1ea3i Line H\u00e0n Qu\u1ed1c"}]},{"@type":"WebSite","@id":"https:\/\/dothoquynhanh.com\/#website","url":"https:\/\/dothoquynhanh.com\/","name":"dothoquynhanh","description":"\u0110\u1ed2 TH\u1edc PHONG TH\u1ee6Y CAO C\u1ea4P QU\u1ef2NH ANH","publisher":{"@id":"https:\/\/dothoquynhanh.com\/#\/schema\/person\/9a6a0bff9151168cc437e710214dc286"},"potentialAction":[{"@type":"SearchAction","target":{"@type":"EntryPoint","urlTemplate":"https:\/\/dothoquynhanh.com\/?s={search_term_string}"},"query-input":{"@type":"PropertyValueSpecification","valueRequired":true,"valueName":"search_term_string"}}],"inLanguage":"vi"},{"@type":["Person","Organization"],"@id":"https:\/\/dothoquynhanh.com\/#\/schema\/person\/9a6a0bff9151168cc437e710214dc286","name":"Qu\u1ef3nh Anh","image":{"@type":"ImageObject","inLanguage":"vi","@id":"https:\/\/secure.gravatar.com\/avatar\/a86689d41574456e4a65d69a1f70c64ef3172d5d71e939217b478f5347cec268?s=96&d=mm&r=g","url":"https:\/\/secure.gravatar.com\/avatar\/a86689d41574456e4a65d69a1f70c64ef3172d5d71e939217b478f5347cec268?s=96&d=mm&r=g","contentUrl":"https:\/\/secure.gravatar.com\/avatar\/a86689d41574456e4a65d69a1f70c64ef3172d5d71e939217b478f5347cec268?s=96&d=mm&r=g","caption":"Qu\u1ef3nh Anh"},"logo":{"@id":"https:\/\/secure.gravatar.com\/avatar\/a86689d41574456e4a65d69a1f70c64ef3172d5d71e939217b478f5347cec268?s=96&d=mm&r=g"},"sameAs":["https:\/\/dothoquynhanh.com","admin"]}]}},"_links":{"self":[{"href":"https:\/\/dothoquynhanh.com\/index.php?rest_route=\/wp\/v2\/product\/3221","targetHints":{"allow":["GET"]}}],"collection":[{"href":"https:\/\/dothoquynhanh.com\/index.php?rest_route=\/wp\/v2\/product"}],"about":[{"href":"https:\/\/dothoquynhanh.com\/index.php?rest_route=\/wp\/v2\/types\/product"}],"replies":[{"embeddable":true,"href":"https:\/\/dothoquynhanh.com\/index.php?rest_route=%2Fwp%2Fv2%2Fcomments&post=3221"}],"wp:featuredmedia":[{"embeddable":true,"href":"https:\/\/dothoquynhanh.com\/index.php?rest_route=\/wp\/v2\/media\/3222"}],"wp:attachment":[{"href":"https:\/\/dothoquynhanh.com\/index.php?rest_route=%2Fwp%2Fv2%2Fmedia&parent=3221"}],"wp:term":[{"taxonomy":"product_brand","embeddable":true,"href":"https:\/\/dothoquynhanh.com\/index.php?rest_route=%2Fwp%2Fv2%2Fproduct_brand&post=3221"},{"taxonomy":"product_cat","embeddable":true,"href":"https:\/\/dothoquynhanh.com\/index.php?rest_route=%2Fwp%2Fv2%2Fproduct_cat&post=3221"},{"taxonomy":"product_tag","embeddable":true,"href":"https:\/\/dothoquynhanh.com\/index.php?rest_route=%2Fwp%2Fv2%2Fproduct_tag&post=3221"}],"curies":[{"name":"wp","href":"https:\/\/api.w.org\/{rel}","templated":true}]}}