{"id":3219,"date":"2020-12-13T03:22:59","date_gmt":"2020-12-13T03:22:59","guid":{"rendered":"https:\/\/dothoquynhanh.com\/?post_type=product&#038;p=3219"},"modified":"2026-03-23T21:06:58","modified_gmt":"2026-03-23T21:06:58","slug":"ao-trang-hai-thanh-dai-loan-mau-lam","status":"publish","type":"product","link":"https:\/\/dothoquynhanh.com\/?product=ao-trang-hai-thanh-dai-loan-mau-lam","title":{"rendered":"\u00c1o Tr\u00e0ng H\u1ea3i Thanh \u0110\u00e0i Loan M\u00e0u Lam 7 t\u00e0"},"content":{"rendered":"<p><img loading=\"lazy\" decoding=\"async\" src=\"http:\/\/dothoquynhanh.com\/wp-content\/uploads\/2020\/12\/Ao-Trang-Hai-Thanh-Dai-Loan-Mau-Lam-400x400.jpg\" alt=\"\" width=\"400\" height=\"400\" class=\"alignnone size-medium wp-image-3220\" srcset=\"https:\/\/dothoquynhanh.com\/wp-content\/uploads\/2020\/12\/Ao-Trang-Hai-Thanh-Dai-Loan-Mau-Lam-400x400.jpg 400w, https:\/\/dothoquynhanh.com\/wp-content\/uploads\/2020\/12\/Ao-Trang-Hai-Thanh-Dai-Loan-Mau-Lam-100x100.jpg 100w, https:\/\/dothoquynhanh.com\/wp-content\/uploads\/2020\/12\/Ao-Trang-Hai-Thanh-Dai-Loan-Mau-Lam-510x510.jpg 510w, https:\/\/dothoquynhanh.com\/wp-content\/uploads\/2020\/12\/Ao-Trang-Hai-Thanh-Dai-Loan-Mau-Lam-280x280.jpg 280w, https:\/\/dothoquynhanh.com\/wp-content\/uploads\/2020\/12\/Ao-Trang-Hai-Thanh-Dai-Loan-Mau-Lam-768x768.jpg 768w, https:\/\/dothoquynhanh.com\/wp-content\/uploads\/2020\/12\/Ao-Trang-Hai-Thanh-Dai-Loan-Mau-Lam.jpg 800w\" sizes=\"auto, (max-width: 400px) 100vw, 400px\" \/><br \/>\n\u00c1o Tr\u00e0ng H\u1ea3i Thanh \u0110\u00e0i Loan M\u00e0u Lam Cho Ph\u1eadt T\u1eed Nam N\u1eef, \u00c1o Tr\u00e0ng Lam \u00c1o N\u00e2u \u0110i L\u1ec5 Ch\u00f9a, \u0110\u1ed3 \u0110i L\u1ec5 Ch\u00f9a Cho Nam N\u1eef<br \/>\n Giao h\u00e0ng t\u1eadn nh\u00e0<br \/>\n Thanh to\u00e1n sau khi ki\u1ec3m tra<br \/>\n Mua s\u1ed1 l\u01b0\u1ee3ng l\u1edbn c\u00f3 \u01b0u \u0111\u00e3i ri\u00eang<br \/>\n Nh\u1eadn \u0111\u1eb7t h\u00e0ng theo y\u00eau c\u1ea7u qu\u00fd kh\u00e1ch.<br \/>\nSIZE<br \/>\nSize 35 (cao 1m40), Size 36 (cao 1m45), Size 37 (cao 1m50), Size 38 (cao 1m55), Size 39 (cao 1m60), Size 40 (cao 1m65), Size 41 (cao 1m70), Size 42 (cao 1m72), Size 43 (cao 1m75), Size 44 (cao 1m80)<\/p>\n","protected":false},"excerpt":{"rendered":"<p>\u00c1o Tr\u00e0ng H\u1ea3i Thanh \u0110\u00e0i Loan M\u00e0u Lam Cho Ph\u1eadt T\u1eed Nam N\u1eef, \u00c1o Tr\u00e0ng Lam \u00c1o N\u00e2u \u0110i L\u1ec5 Ch\u00f9a, \u0110\u1ed3 \u0110i L\u1ec5 Ch\u00f9a Cho Nam N\u1eef<br \/>\n Giao h\u00e0ng t\u1eadn nh\u00e0<br \/>\n Thanh to\u00e1n sau khi ki\u1ec3m tra<br \/>\n Mua s\u1ed1 l\u01b0\u1ee3ng l\u1edbn c\u00f3 \u01b0u \u0111\u00e3i ri\u00eang<br \/>\n Nh\u1eadn \u0111\u1eb7t h\u00e0ng theo y\u00eau c\u1ea7u qu\u00fd kh\u00e1ch.<\/p>\n","protected":false},"featured_media":3220,"comment_status":"open","ping_status":"closed","template":"","meta":[],"product_brand":[],"product_cat":[546,544],"product_tag":[],"class_list":{"0":"post-3219","1":"product","2":"type-product","3":"status-publish","4":"has-post-thumbnail","6":"product_cat-bo-do-nu","7":"product_cat-phap-phuc","9":"first","10":"instock","11":"shipping-taxable","12":"purchasable","13":"product-type-simple"},"yoast_head":"<!-- This site is optimized with the Yoast SEO plugin v27.5 - https:\/\/yoast.com\/product\/yoast-seo-wordpress\/ -->\n<title>\u00c1o Tr\u00e0ng H\u1ea3i Thanh \u0110\u00e0i Loan M\u00e0u Lam 7 t\u00e0 - dothoquynhanh<\/title>\n<meta name=\"robots\" content=\"index, follow, max-snippet:-1, max-image-preview:large, max-video-preview:-1\" \/>\n<link rel=\"canonical\" href=\"https:\/\/dothoquynhanh.com\/?product=ao-trang-hai-thanh-dai-loan-mau-lam\" \/>\n<meta property=\"og:locale\" content=\"vi_VN\" \/>\n<meta property=\"og:type\" content=\"article\" \/>\n<meta property=\"og:title\" content=\"\u00c1o Tr\u00e0ng H\u1ea3i Thanh \u0110\u00e0i Loan M\u00e0u Lam 7 t\u00e0 - dothoquynhanh\" \/>\n<meta property=\"og:description\" content=\"\u00c1o Tr\u00e0ng H\u1ea3i Thanh \u0110\u00e0i Loan M\u00e0u Lam Cho Ph\u1eadt T\u1eed Nam N\u1eef, \u00c1o Tr\u00e0ng Lam \u00c1o N\u00e2u \u0110i L\u1ec5 Ch\u00f9a, \u0110\u1ed3 \u0110i L\u1ec5 Ch\u00f9a Cho Nam N\u1eef  Giao h\u00e0ng t\u1eadn nh\u00e0  Thanh to\u00e1n sau khi ki\u1ec3m tra  Mua s\u1ed1 l\u01b0\u1ee3ng l\u1edbn c\u00f3 \u01b0u \u0111\u00e3i ri\u00eang  Nh\u1eadn \u0111\u1eb7t h\u00e0ng theo y\u00eau c\u1ea7u qu\u00fd kh\u00e1ch.\" \/>\n<meta property=\"og:url\" content=\"https:\/\/dothoquynhanh.com\/?product=ao-trang-hai-thanh-dai-loan-mau-lam\" \/>\n<meta property=\"og:site_name\" content=\"dothoquynhanh\" \/>\n<meta property=\"article:modified_time\" content=\"2026-03-23T21:06:58+00:00\" \/>\n<meta property=\"og:image\" content=\"https:\/\/dothoquynhanh.com\/wp-content\/uploads\/2020\/12\/Ao-Trang-Hai-Thanh-Dai-Loan-Mau-Lam.jpg\" \/>\n\t<meta property=\"og:image:width\" content=\"800\" \/>\n\t<meta property=\"og:image:height\" content=\"800\" \/>\n\t<meta property=\"og:image:type\" content=\"image\/jpeg\" \/>\n<meta name=\"twitter:card\" content=\"summary_large_image\" \/>\n<meta name=\"twitter:label1\" content=\"\u01af\u1edbc t\u00ednh th\u1eddi gian \u0111\u1ecdc\" \/>\n\t<meta name=\"twitter:data1\" content=\"1 ph\u00fat\" \/>\n<script type=\"application\/ld+json\" class=\"yoast-schema-graph\">{\"@context\":\"https:\\\/\\\/schema.org\",\"@graph\":[{\"@type\":\"WebPage\",\"@id\":\"https:\\\/\\\/dothoquynhanh.com\\\/?product=ao-trang-hai-thanh-dai-loan-mau-lam\",\"url\":\"https:\\\/\\\/dothoquynhanh.com\\\/?product=ao-trang-hai-thanh-dai-loan-mau-lam\",\"name\":\"\u00c1o Tr\u00e0ng H\u1ea3i Thanh \u0110\u00e0i Loan M\u00e0u Lam 7 t\u00e0 - dothoquynhanh\",\"isPartOf\":{\"@id\":\"https:\\\/\\\/dothoquynhanh.com\\\/#website\"},\"primaryImageOfPage\":{\"@id\":\"https:\\\/\\\/dothoquynhanh.com\\\/?product=ao-trang-hai-thanh-dai-loan-mau-lam#primaryimage\"},\"image\":{\"@id\":\"https:\\\/\\\/dothoquynhanh.com\\\/?product=ao-trang-hai-thanh-dai-loan-mau-lam#primaryimage\"},\"thumbnailUrl\":\"https:\\\/\\\/dothoquynhanh.com\\\/wp-content\\\/uploads\\\/2020\\\/12\\\/Ao-Trang-Hai-Thanh-Dai-Loan-Mau-Lam.jpg\",\"datePublished\":\"2020-12-13T03:22:59+00:00\",\"dateModified\":\"2026-03-23T21:06:58+00:00\",\"breadcrumb\":{\"@id\":\"https:\\\/\\\/dothoquynhanh.com\\\/?product=ao-trang-hai-thanh-dai-loan-mau-lam#breadcrumb\"},\"inLanguage\":\"vi\",\"potentialAction\":[{\"@type\":\"ReadAction\",\"target\":[\"https:\\\/\\\/dothoquynhanh.com\\\/?product=ao-trang-hai-thanh-dai-loan-mau-lam\"]}]},{\"@type\":\"ImageObject\",\"inLanguage\":\"vi\",\"@id\":\"https:\\\/\\\/dothoquynhanh.com\\\/?product=ao-trang-hai-thanh-dai-loan-mau-lam#primaryimage\",\"url\":\"https:\\\/\\\/dothoquynhanh.com\\\/wp-content\\\/uploads\\\/2020\\\/12\\\/Ao-Trang-Hai-Thanh-Dai-Loan-Mau-Lam.jpg\",\"contentUrl\":\"https:\\\/\\\/dothoquynhanh.com\\\/wp-content\\\/uploads\\\/2020\\\/12\\\/Ao-Trang-Hai-Thanh-Dai-Loan-Mau-Lam.jpg\",\"width\":800,\"height\":800},{\"@type\":\"BreadcrumbList\",\"@id\":\"https:\\\/\\\/dothoquynhanh.com\\\/?product=ao-trang-hai-thanh-dai-loan-mau-lam#breadcrumb\",\"itemListElement\":[{\"@type\":\"ListItem\",\"position\":1,\"name\":\"Trang ch\u1ee7\",\"item\":\"https:\\\/\\\/dothoquynhanh.com\\\/\"},{\"@type\":\"ListItem\",\"position\":2,\"name\":\"S\u1ea3n ph\u1ea9m\",\"item\":\"https:\\\/\\\/dothoquynhanh.com\\\/?page_id=64\"},{\"@type\":\"ListItem\",\"position\":3,\"name\":\"\u00c1o Tr\u00e0ng H\u1ea3i Thanh \u0110\u00e0i Loan M\u00e0u Lam 7 t\u00e0\"}]},{\"@type\":\"WebSite\",\"@id\":\"https:\\\/\\\/dothoquynhanh.com\\\/#website\",\"url\":\"https:\\\/\\\/dothoquynhanh.com\\\/\",\"name\":\"dothoquynhanh\",\"description\":\"\u0110\u1ed2 TH\u1edc PHONG TH\u1ee6Y CAO C\u1ea4P QU\u1ef2NH ANH\",\"publisher\":{\"@id\":\"https:\\\/\\\/dothoquynhanh.com\\\/#\\\/schema\\\/person\\\/9a6a0bff9151168cc437e710214dc286\"},\"potentialAction\":[{\"@type\":\"SearchAction\",\"target\":{\"@type\":\"EntryPoint\",\"urlTemplate\":\"https:\\\/\\\/dothoquynhanh.com\\\/?s={search_term_string}\"},\"query-input\":{\"@type\":\"PropertyValueSpecification\",\"valueRequired\":true,\"valueName\":\"search_term_string\"}}],\"inLanguage\":\"vi\"},{\"@type\":[\"Person\",\"Organization\"],\"@id\":\"https:\\\/\\\/dothoquynhanh.com\\\/#\\\/schema\\\/person\\\/9a6a0bff9151168cc437e710214dc286\",\"name\":\"Qu\u1ef3nh Anh\",\"image\":{\"@type\":\"ImageObject\",\"inLanguage\":\"vi\",\"@id\":\"https:\\\/\\\/secure.gravatar.com\\\/avatar\\\/a86689d41574456e4a65d69a1f70c64ef3172d5d71e939217b478f5347cec268?s=96&d=mm&r=g\",\"url\":\"https:\\\/\\\/secure.gravatar.com\\\/avatar\\\/a86689d41574456e4a65d69a1f70c64ef3172d5d71e939217b478f5347cec268?s=96&d=mm&r=g\",\"contentUrl\":\"https:\\\/\\\/secure.gravatar.com\\\/avatar\\\/a86689d41574456e4a65d69a1f70c64ef3172d5d71e939217b478f5347cec268?s=96&d=mm&r=g\",\"caption\":\"Qu\u1ef3nh Anh\"},\"logo\":{\"@id\":\"https:\\\/\\\/secure.gravatar.com\\\/avatar\\\/a86689d41574456e4a65d69a1f70c64ef3172d5d71e939217b478f5347cec268?s=96&d=mm&r=g\"},\"sameAs\":[\"https:\\\/\\\/dothoquynhanh.com\",\"admin\"]}]}<\/script>\n<!-- \/ Yoast SEO plugin. -->","yoast_head_json":{"title":"\u00c1o Tr\u00e0ng H\u1ea3i Thanh \u0110\u00e0i Loan M\u00e0u Lam 7 t\u00e0 - dothoquynhanh","robots":{"index":"index","follow":"follow","max-snippet":"max-snippet:-1","max-image-preview":"max-image-preview:large","max-video-preview":"max-video-preview:-1"},"canonical":"https:\/\/dothoquynhanh.com\/?product=ao-trang-hai-thanh-dai-loan-mau-lam","og_locale":"vi_VN","og_type":"article","og_title":"\u00c1o Tr\u00e0ng H\u1ea3i Thanh \u0110\u00e0i Loan M\u00e0u Lam 7 t\u00e0 - dothoquynhanh","og_description":"\u00c1o Tr\u00e0ng H\u1ea3i Thanh \u0110\u00e0i Loan M\u00e0u Lam Cho Ph\u1eadt T\u1eed Nam N\u1eef, \u00c1o Tr\u00e0ng Lam \u00c1o N\u00e2u \u0110i L\u1ec5 Ch\u00f9a, \u0110\u1ed3 \u0110i L\u1ec5 Ch\u00f9a Cho Nam N\u1eef  Giao h\u00e0ng t\u1eadn nh\u00e0  Thanh to\u00e1n sau khi ki\u1ec3m tra  Mua s\u1ed1 l\u01b0\u1ee3ng l\u1edbn c\u00f3 \u01b0u \u0111\u00e3i ri\u00eang  Nh\u1eadn \u0111\u1eb7t h\u00e0ng theo y\u00eau c\u1ea7u qu\u00fd kh\u00e1ch.","og_url":"https:\/\/dothoquynhanh.com\/?product=ao-trang-hai-thanh-dai-loan-mau-lam","og_site_name":"dothoquynhanh","article_modified_time":"2026-03-23T21:06:58+00:00","og_image":[{"width":800,"height":800,"url":"https:\/\/dothoquynhanh.com\/wp-content\/uploads\/2020\/12\/Ao-Trang-Hai-Thanh-Dai-Loan-Mau-Lam.jpg","type":"image\/jpeg"}],"twitter_card":"summary_large_image","twitter_misc":{"\u01af\u1edbc t\u00ednh th\u1eddi gian \u0111\u1ecdc":"1 ph\u00fat"},"schema":{"@context":"https:\/\/schema.org","@graph":[{"@type":"WebPage","@id":"https:\/\/dothoquynhanh.com\/?product=ao-trang-hai-thanh-dai-loan-mau-lam","url":"https:\/\/dothoquynhanh.com\/?product=ao-trang-hai-thanh-dai-loan-mau-lam","name":"\u00c1o Tr\u00e0ng H\u1ea3i Thanh \u0110\u00e0i Loan M\u00e0u Lam 7 t\u00e0 - dothoquynhanh","isPartOf":{"@id":"https:\/\/dothoquynhanh.com\/#website"},"primaryImageOfPage":{"@id":"https:\/\/dothoquynhanh.com\/?product=ao-trang-hai-thanh-dai-loan-mau-lam#primaryimage"},"image":{"@id":"https:\/\/dothoquynhanh.com\/?product=ao-trang-hai-thanh-dai-loan-mau-lam#primaryimage"},"thumbnailUrl":"https:\/\/dothoquynhanh.com\/wp-content\/uploads\/2020\/12\/Ao-Trang-Hai-Thanh-Dai-Loan-Mau-Lam.jpg","datePublished":"2020-12-13T03:22:59+00:00","dateModified":"2026-03-23T21:06:58+00:00","breadcrumb":{"@id":"https:\/\/dothoquynhanh.com\/?product=ao-trang-hai-thanh-dai-loan-mau-lam#breadcrumb"},"inLanguage":"vi","potentialAction":[{"@type":"ReadAction","target":["https:\/\/dothoquynhanh.com\/?product=ao-trang-hai-thanh-dai-loan-mau-lam"]}]},{"@type":"ImageObject","inLanguage":"vi","@id":"https:\/\/dothoquynhanh.com\/?product=ao-trang-hai-thanh-dai-loan-mau-lam#primaryimage","url":"https:\/\/dothoquynhanh.com\/wp-content\/uploads\/2020\/12\/Ao-Trang-Hai-Thanh-Dai-Loan-Mau-Lam.jpg","contentUrl":"https:\/\/dothoquynhanh.com\/wp-content\/uploads\/2020\/12\/Ao-Trang-Hai-Thanh-Dai-Loan-Mau-Lam.jpg","width":800,"height":800},{"@type":"BreadcrumbList","@id":"https:\/\/dothoquynhanh.com\/?product=ao-trang-hai-thanh-dai-loan-mau-lam#breadcrumb","itemListElement":[{"@type":"ListItem","position":1,"name":"Trang ch\u1ee7","item":"https:\/\/dothoquynhanh.com\/"},{"@type":"ListItem","position":2,"name":"S\u1ea3n ph\u1ea9m","item":"https:\/\/dothoquynhanh.com\/?page_id=64"},{"@type":"ListItem","position":3,"name":"\u00c1o Tr\u00e0ng H\u1ea3i Thanh \u0110\u00e0i Loan M\u00e0u Lam 7 t\u00e0"}]},{"@type":"WebSite","@id":"https:\/\/dothoquynhanh.com\/#website","url":"https:\/\/dothoquynhanh.com\/","name":"dothoquynhanh","description":"\u0110\u1ed2 TH\u1edc PHONG TH\u1ee6Y CAO C\u1ea4P QU\u1ef2NH ANH","publisher":{"@id":"https:\/\/dothoquynhanh.com\/#\/schema\/person\/9a6a0bff9151168cc437e710214dc286"},"potentialAction":[{"@type":"SearchAction","target":{"@type":"EntryPoint","urlTemplate":"https:\/\/dothoquynhanh.com\/?s={search_term_string}"},"query-input":{"@type":"PropertyValueSpecification","valueRequired":true,"valueName":"search_term_string"}}],"inLanguage":"vi"},{"@type":["Person","Organization"],"@id":"https:\/\/dothoquynhanh.com\/#\/schema\/person\/9a6a0bff9151168cc437e710214dc286","name":"Qu\u1ef3nh Anh","image":{"@type":"ImageObject","inLanguage":"vi","@id":"https:\/\/secure.gravatar.com\/avatar\/a86689d41574456e4a65d69a1f70c64ef3172d5d71e939217b478f5347cec268?s=96&d=mm&r=g","url":"https:\/\/secure.gravatar.com\/avatar\/a86689d41574456e4a65d69a1f70c64ef3172d5d71e939217b478f5347cec268?s=96&d=mm&r=g","contentUrl":"https:\/\/secure.gravatar.com\/avatar\/a86689d41574456e4a65d69a1f70c64ef3172d5d71e939217b478f5347cec268?s=96&d=mm&r=g","caption":"Qu\u1ef3nh Anh"},"logo":{"@id":"https:\/\/secure.gravatar.com\/avatar\/a86689d41574456e4a65d69a1f70c64ef3172d5d71e939217b478f5347cec268?s=96&d=mm&r=g"},"sameAs":["https:\/\/dothoquynhanh.com","admin"]}]}},"_links":{"self":[{"href":"https:\/\/dothoquynhanh.com\/index.php?rest_route=\/wp\/v2\/product\/3219","targetHints":{"allow":["GET"]}}],"collection":[{"href":"https:\/\/dothoquynhanh.com\/index.php?rest_route=\/wp\/v2\/product"}],"about":[{"href":"https:\/\/dothoquynhanh.com\/index.php?rest_route=\/wp\/v2\/types\/product"}],"replies":[{"embeddable":true,"href":"https:\/\/dothoquynhanh.com\/index.php?rest_route=%2Fwp%2Fv2%2Fcomments&post=3219"}],"wp:featuredmedia":[{"embeddable":true,"href":"https:\/\/dothoquynhanh.com\/index.php?rest_route=\/wp\/v2\/media\/3220"}],"wp:attachment":[{"href":"https:\/\/dothoquynhanh.com\/index.php?rest_route=%2Fwp%2Fv2%2Fmedia&parent=3219"}],"wp:term":[{"taxonomy":"product_brand","embeddable":true,"href":"https:\/\/dothoquynhanh.com\/index.php?rest_route=%2Fwp%2Fv2%2Fproduct_brand&post=3219"},{"taxonomy":"product_cat","embeddable":true,"href":"https:\/\/dothoquynhanh.com\/index.php?rest_route=%2Fwp%2Fv2%2Fproduct_cat&post=3219"},{"taxonomy":"product_tag","embeddable":true,"href":"https:\/\/dothoquynhanh.com\/index.php?rest_route=%2Fwp%2Fv2%2Fproduct_tag&post=3219"}],"curies":[{"name":"wp","href":"https:\/\/api.w.org\/{rel}","templated":true}]}}