{"id":3196,"date":"2020-12-13T02:48:56","date_gmt":"2020-12-13T02:48:56","guid":{"rendered":"https:\/\/dothoquynhanh.com\/?post_type=product&#038;p=3196"},"modified":"2021-01-11T08:08:26","modified_gmt":"2021-01-11T08:08:26","slug":"chuoi-108-hat-bo-de-tinh-nguyet-hat-cai-nau","status":"publish","type":"product","link":"https:\/\/dothoquynhanh.com\/?product=chuoi-108-hat-bo-de-tinh-nguyet-hat-cai-nau","title":{"rendered":"Chu\u1ed7i 108 H\u1ea1t B\u1ed3 \u0110\u1ec1 Tinh Nguy\u1ec7t H\u1ea1t C\u00e1i N\u00e2u"},"content":{"rendered":"<p><img loading=\"lazy\" decoding=\"async\" src=\"http:\/\/dothoquynhanh.com\/wp-content\/uploads\/2020\/12\/Chuoi-108-Hat-Bo-De-Tinh-Nguyet-Hat-Cai-Nau-400x400.jpg\" alt=\"\" width=\"400\" height=\"400\" class=\"alignnone size-medium wp-image-3197\" srcset=\"https:\/\/dothoquynhanh.com\/wp-content\/uploads\/2020\/12\/Chuoi-108-Hat-Bo-De-Tinh-Nguyet-Hat-Cai-Nau-400x400.jpg 400w, https:\/\/dothoquynhanh.com\/wp-content\/uploads\/2020\/12\/Chuoi-108-Hat-Bo-De-Tinh-Nguyet-Hat-Cai-Nau-100x100.jpg 100w, https:\/\/dothoquynhanh.com\/wp-content\/uploads\/2020\/12\/Chuoi-108-Hat-Bo-De-Tinh-Nguyet-Hat-Cai-Nau-510x510.jpg 510w, https:\/\/dothoquynhanh.com\/wp-content\/uploads\/2020\/12\/Chuoi-108-Hat-Bo-De-Tinh-Nguyet-Hat-Cai-Nau-280x280.jpg 280w, https:\/\/dothoquynhanh.com\/wp-content\/uploads\/2020\/12\/Chuoi-108-Hat-Bo-De-Tinh-Nguyet-Hat-Cai-Nau-768x768.jpg 768w, https:\/\/dothoquynhanh.com\/wp-content\/uploads\/2020\/12\/Chuoi-108-Hat-Bo-De-Tinh-Nguyet-Hat-Cai-Nau.jpg 800w\" sizes=\"auto, (max-width: 400px) 100vw, 400px\" \/><br \/>\nChu\u1ed7i 108 H\u1ea1t B\u1ed3 \u0110\u1ec1 Tinh Nguy\u1ec7t H\u1ea1t C\u00e1i N\u00e2u, C\u1ee1 6mm | 7mm | 9mm<br \/>\nB\u01b0\u1edbc 1: L\u1ea5y 1 \u0111o\u1ea1n d\u00e2y m\u1ec1m, qu\u1ea5n quanh c\u1ed5 tay, \u0111\u00e1nh d\u1ea5u l\u1ea1i<br \/>\nB\u01b0\u1edbc 2: Tr\u1ea3i th\u1eb3ng \u0111o\u1ea1n d\u00e2y ra, d\u00f9ng th\u01b0\u1edbc \u0111\u1ec3 \u0111o \u0111o\u1ea1n \u0111\u00e3 \u0111\u00e1nh d\u1ea5u. Chi\u1ec1u d\u00e0i n\u00e0y ch\u00ednh l\u00e0 \u0111\u1ed9 l\u1edbn c\u1ee7a c\u1ed5 tay.<br \/>\nB\u01b0\u1edbc 3: \u0110\u1ed1i chi\u1ebfu v\u1edbi b\u1ea3ng tham kh\u1ea3o l\u1ef1a ch\u1ecdn k\u00edch c\u1ee1 chu\u1ed7i v\u00f2ng \u0111\u1ec3 ch\u1ecdn v\u00f2ng cho ph\u00f9 h\u1ee3p.<\/p>\n<p>B\u1ea2NG THAM KH\u1ea2O L\u1ef0A CH\u1eccN C\u1ee0 V\u00d2NG<br \/>\nC\u1ee0 TAY\t5mm 108 h\u1ea1t\t6mm 108 h\u1ea1t\t7mm 108 h\u1ea1t\t8mm 108 h\u1ea1t\t10mm 108 h\u1ea1t\t5mm 216 h\u1ea1t<br \/>\n14cm\t4 v\u00f2ng r\u1ed9ng\t4 v\u00f2ng r\u1ed9ng\t4 v\u00f2ng r\u1ed9ng\t5 v\u00f2ng h\u01a1i r\u1ed9ng\t6 v\u00f2ng r\u1ed9ng\t6 v\u00f2ng v\u1eeba<br \/>\n15cm\t3 v\u00f2ng h\u01a1i ch\u1eadt\t4 v\u00f2ng ch\u1eadt, 3 v\u00f2ng r\u1ed9ng\t4 v\u00f2ng h\u01a1i r\u1ed9ng\t5 v\u00f2ng v\u1eeba\t6 v\u00f2ng v\u1eeba\t6 v\u00f2ng v\u1eeba<br \/>\n16cm\t3 v\u00f2ng v\u1eeba\t3 v\u00f2ng r\u1ed9ng\t4 v\u00f2ng r\u1ed9ng\t4 v\u00f2ng r\u1ed9ng, 5 v\u00f2ng ch\u1eadt\t6 v\u00f2ng h\u01a1i ch\u1eadt\t6 v\u00f2ng h\u01a1i ch\u1eadt<br \/>\n17cm\t3 v\u00f2ng ch\u1eadt\t3 v\u00f2ng r\u1ed9ng\t4 v\u00f2ng ch\u1eadt\t4 v\u00f2ng r\u1ed9ng\t5 v\u00f2ng r\u1ed9ng, 6 v\u00f2ng ch\u1eadt\t5 v\u00f2ng r\u1ed9ng, 6 v\u00f2ng ch\u1eadt<br \/>\n18cm\t3 v\u00f2ng ch\u1eadt\t3 v\u00f2ng v\u1eeba\t4 v\u00f2ng ch\u1eadt\t4 v\u00f2ng v\u1eeba\t5 v\u00f2ng v\u1eeba\t5 v\u00f2ng v\u1eeba<br \/>\n19cm\t2 v\u00f2ng r\u1ed9ng\t2 v\u00f2ng r\u1ed9ng\t3 v\u00f2ng r\u1ed9ng\t4 v\u00f2ng ch\u1eadt\t5 v\u00f2ng ch\u1eadt\t5 v\u00f2ng ch\u1eadt<br \/>\nC\u1ee0 TRONG V\u00d2NG\tKho\u1ea3ng 50cm\tKho\u1ea3ng 62cm\tKho\u1ea3ng 70cm\tKho\u1ea3ng 80cm\tKho\u1ea3ng 108cm\tKho\u1ea3ng 108cm<\/p>\n","protected":false},"excerpt":{"rendered":"<p>Chu\u1ed7i 108 H\u1ea1t B\u1ed3 \u0110\u1ec1 Tinh Nguy\u1ec7t H\u1ea1t C\u00e1i N\u00e2u, C\u1ee1 6mm | 7mm | 9mm<br \/>\n V\u1eadn chuy\u1ec3n \u0111\u1ebfn t\u1eadn nh\u00e0<br \/>\n Ki\u1ec3m tra h\u00e0ng, \u01b0ng \u00fd m\u1edbi thanh to\u00e1n<br \/>\n \u01afu ti\u00ean gi\u00e1 t\u1ed1t khi mua v\u1ec1 cho \u0110\u1ea1o Tr\u00e0ng ho\u1eb7c Ch\u00f9a<br \/>\n Nh\u1eadn \u0111\u1eb7t h\u00e0ng theo nhu c\u1ea7u ri\u00eang<\/p>\n","protected":false},"featured_media":3197,"comment_status":"open","ping_status":"closed","template":"","meta":[],"product_brand":[],"product_cat":[15,559],"product_tag":[],"class_list":{"0":"post-3196","1":"product","2":"type-product","3":"status-publish","4":"has-post-thumbnail","6":"product_cat-top-san-pham-ban-chay","7":"product_cat-vong-co-chuoi-hat","9":"first","10":"instock","11":"shipping-taxable","12":"purchasable","13":"product-type-simple"},"yoast_head":"<!-- This site is optimized with the Yoast SEO plugin v27.5 - https:\/\/yoast.com\/product\/yoast-seo-wordpress\/ -->\n<title>Chu\u1ed7i 108 H\u1ea1t B\u1ed3 \u0110\u1ec1 Tinh Nguy\u1ec7t H\u1ea1t C\u00e1i N\u00e2u - dothoquynhanh<\/title>\n<meta name=\"robots\" content=\"index, follow, max-snippet:-1, max-image-preview:large, max-video-preview:-1\" \/>\n<link rel=\"canonical\" href=\"https:\/\/dothoquynhanh.com\/?product=chuoi-108-hat-bo-de-tinh-nguyet-hat-cai-nau\" \/>\n<meta property=\"og:locale\" content=\"vi_VN\" \/>\n<meta property=\"og:type\" content=\"article\" \/>\n<meta property=\"og:title\" content=\"Chu\u1ed7i 108 H\u1ea1t B\u1ed3 \u0110\u1ec1 Tinh Nguy\u1ec7t H\u1ea1t C\u00e1i N\u00e2u - dothoquynhanh\" \/>\n<meta property=\"og:description\" content=\"Chu\u1ed7i 108 H\u1ea1t B\u1ed3 \u0110\u1ec1 Tinh Nguy\u1ec7t H\u1ea1t C\u00e1i N\u00e2u, C\u1ee1 6mm | 7mm | 9mm  V\u1eadn chuy\u1ec3n \u0111\u1ebfn t\u1eadn nh\u00e0  Ki\u1ec3m tra h\u00e0ng, \u01b0ng \u00fd m\u1edbi thanh to\u00e1n  \u01afu ti\u00ean gi\u00e1 t\u1ed1t khi mua v\u1ec1 cho \u0110\u1ea1o Tr\u00e0ng ho\u1eb7c Ch\u00f9a  Nh\u1eadn \u0111\u1eb7t h\u00e0ng theo nhu c\u1ea7u ri\u00eang\" \/>\n<meta property=\"og:url\" content=\"https:\/\/dothoquynhanh.com\/?product=chuoi-108-hat-bo-de-tinh-nguyet-hat-cai-nau\" \/>\n<meta property=\"og:site_name\" content=\"dothoquynhanh\" \/>\n<meta property=\"article:modified_time\" content=\"2021-01-11T08:08:26+00:00\" \/>\n<meta property=\"og:image\" content=\"https:\/\/dothoquynhanh.com\/wp-content\/uploads\/2020\/12\/Chuoi-108-Hat-Bo-De-Tinh-Nguyet-Hat-Cai-Nau.jpg\" \/>\n\t<meta property=\"og:image:width\" content=\"800\" \/>\n\t<meta property=\"og:image:height\" content=\"800\" \/>\n\t<meta property=\"og:image:type\" content=\"image\/jpeg\" \/>\n<meta name=\"twitter:card\" content=\"summary_large_image\" \/>\n<meta name=\"twitter:label1\" content=\"\u01af\u1edbc t\u00ednh th\u1eddi gian \u0111\u1ecdc\" \/>\n\t<meta name=\"twitter:data1\" content=\"2 ph\u00fat\" \/>\n<script type=\"application\/ld+json\" class=\"yoast-schema-graph\">{\"@context\":\"https:\\\/\\\/schema.org\",\"@graph\":[{\"@type\":\"WebPage\",\"@id\":\"https:\\\/\\\/dothoquynhanh.com\\\/?product=chuoi-108-hat-bo-de-tinh-nguyet-hat-cai-nau\",\"url\":\"https:\\\/\\\/dothoquynhanh.com\\\/?product=chuoi-108-hat-bo-de-tinh-nguyet-hat-cai-nau\",\"name\":\"Chu\u1ed7i 108 H\u1ea1t B\u1ed3 \u0110\u1ec1 Tinh Nguy\u1ec7t H\u1ea1t C\u00e1i N\u00e2u - dothoquynhanh\",\"isPartOf\":{\"@id\":\"https:\\\/\\\/dothoquynhanh.com\\\/#website\"},\"primaryImageOfPage\":{\"@id\":\"https:\\\/\\\/dothoquynhanh.com\\\/?product=chuoi-108-hat-bo-de-tinh-nguyet-hat-cai-nau#primaryimage\"},\"image\":{\"@id\":\"https:\\\/\\\/dothoquynhanh.com\\\/?product=chuoi-108-hat-bo-de-tinh-nguyet-hat-cai-nau#primaryimage\"},\"thumbnailUrl\":\"https:\\\/\\\/dothoquynhanh.com\\\/wp-content\\\/uploads\\\/2020\\\/12\\\/Chuoi-108-Hat-Bo-De-Tinh-Nguyet-Hat-Cai-Nau.jpg\",\"datePublished\":\"2020-12-13T02:48:56+00:00\",\"dateModified\":\"2021-01-11T08:08:26+00:00\",\"breadcrumb\":{\"@id\":\"https:\\\/\\\/dothoquynhanh.com\\\/?product=chuoi-108-hat-bo-de-tinh-nguyet-hat-cai-nau#breadcrumb\"},\"inLanguage\":\"vi\",\"potentialAction\":[{\"@type\":\"ReadAction\",\"target\":[\"https:\\\/\\\/dothoquynhanh.com\\\/?product=chuoi-108-hat-bo-de-tinh-nguyet-hat-cai-nau\"]}]},{\"@type\":\"ImageObject\",\"inLanguage\":\"vi\",\"@id\":\"https:\\\/\\\/dothoquynhanh.com\\\/?product=chuoi-108-hat-bo-de-tinh-nguyet-hat-cai-nau#primaryimage\",\"url\":\"https:\\\/\\\/dothoquynhanh.com\\\/wp-content\\\/uploads\\\/2020\\\/12\\\/Chuoi-108-Hat-Bo-De-Tinh-Nguyet-Hat-Cai-Nau.jpg\",\"contentUrl\":\"https:\\\/\\\/dothoquynhanh.com\\\/wp-content\\\/uploads\\\/2020\\\/12\\\/Chuoi-108-Hat-Bo-De-Tinh-Nguyet-Hat-Cai-Nau.jpg\",\"width\":800,\"height\":800},{\"@type\":\"BreadcrumbList\",\"@id\":\"https:\\\/\\\/dothoquynhanh.com\\\/?product=chuoi-108-hat-bo-de-tinh-nguyet-hat-cai-nau#breadcrumb\",\"itemListElement\":[{\"@type\":\"ListItem\",\"position\":1,\"name\":\"Trang ch\u1ee7\",\"item\":\"https:\\\/\\\/dothoquynhanh.com\\\/\"},{\"@type\":\"ListItem\",\"position\":2,\"name\":\"S\u1ea3n ph\u1ea9m\",\"item\":\"https:\\\/\\\/dothoquynhanh.com\\\/?page_id=64\"},{\"@type\":\"ListItem\",\"position\":3,\"name\":\"Chu\u1ed7i 108 H\u1ea1t B\u1ed3 \u0110\u1ec1 Tinh Nguy\u1ec7t H\u1ea1t C\u00e1i N\u00e2u\"}]},{\"@type\":\"WebSite\",\"@id\":\"https:\\\/\\\/dothoquynhanh.com\\\/#website\",\"url\":\"https:\\\/\\\/dothoquynhanh.com\\\/\",\"name\":\"dothoquynhanh\",\"description\":\"\u0110\u1ed2 TH\u1edc PHONG TH\u1ee6Y CAO C\u1ea4P QU\u1ef2NH ANH\",\"publisher\":{\"@id\":\"https:\\\/\\\/dothoquynhanh.com\\\/#\\\/schema\\\/person\\\/9a6a0bff9151168cc437e710214dc286\"},\"potentialAction\":[{\"@type\":\"SearchAction\",\"target\":{\"@type\":\"EntryPoint\",\"urlTemplate\":\"https:\\\/\\\/dothoquynhanh.com\\\/?s={search_term_string}\"},\"query-input\":{\"@type\":\"PropertyValueSpecification\",\"valueRequired\":true,\"valueName\":\"search_term_string\"}}],\"inLanguage\":\"vi\"},{\"@type\":[\"Person\",\"Organization\"],\"@id\":\"https:\\\/\\\/dothoquynhanh.com\\\/#\\\/schema\\\/person\\\/9a6a0bff9151168cc437e710214dc286\",\"name\":\"Qu\u1ef3nh Anh\",\"image\":{\"@type\":\"ImageObject\",\"inLanguage\":\"vi\",\"@id\":\"https:\\\/\\\/secure.gravatar.com\\\/avatar\\\/a86689d41574456e4a65d69a1f70c64ef3172d5d71e939217b478f5347cec268?s=96&d=mm&r=g\",\"url\":\"https:\\\/\\\/secure.gravatar.com\\\/avatar\\\/a86689d41574456e4a65d69a1f70c64ef3172d5d71e939217b478f5347cec268?s=96&d=mm&r=g\",\"contentUrl\":\"https:\\\/\\\/secure.gravatar.com\\\/avatar\\\/a86689d41574456e4a65d69a1f70c64ef3172d5d71e939217b478f5347cec268?s=96&d=mm&r=g\",\"caption\":\"Qu\u1ef3nh Anh\"},\"logo\":{\"@id\":\"https:\\\/\\\/secure.gravatar.com\\\/avatar\\\/a86689d41574456e4a65d69a1f70c64ef3172d5d71e939217b478f5347cec268?s=96&d=mm&r=g\"},\"sameAs\":[\"https:\\\/\\\/dothoquynhanh.com\",\"admin\"]}]}<\/script>\n<!-- \/ Yoast SEO plugin. -->","yoast_head_json":{"title":"Chu\u1ed7i 108 H\u1ea1t B\u1ed3 \u0110\u1ec1 Tinh Nguy\u1ec7t H\u1ea1t C\u00e1i N\u00e2u - dothoquynhanh","robots":{"index":"index","follow":"follow","max-snippet":"max-snippet:-1","max-image-preview":"max-image-preview:large","max-video-preview":"max-video-preview:-1"},"canonical":"https:\/\/dothoquynhanh.com\/?product=chuoi-108-hat-bo-de-tinh-nguyet-hat-cai-nau","og_locale":"vi_VN","og_type":"article","og_title":"Chu\u1ed7i 108 H\u1ea1t B\u1ed3 \u0110\u1ec1 Tinh Nguy\u1ec7t H\u1ea1t C\u00e1i N\u00e2u - dothoquynhanh","og_description":"Chu\u1ed7i 108 H\u1ea1t B\u1ed3 \u0110\u1ec1 Tinh Nguy\u1ec7t H\u1ea1t C\u00e1i N\u00e2u, C\u1ee1 6mm | 7mm | 9mm  V\u1eadn chuy\u1ec3n \u0111\u1ebfn t\u1eadn nh\u00e0  Ki\u1ec3m tra h\u00e0ng, \u01b0ng \u00fd m\u1edbi thanh to\u00e1n  \u01afu ti\u00ean gi\u00e1 t\u1ed1t khi mua v\u1ec1 cho \u0110\u1ea1o Tr\u00e0ng ho\u1eb7c Ch\u00f9a  Nh\u1eadn \u0111\u1eb7t h\u00e0ng theo nhu c\u1ea7u ri\u00eang","og_url":"https:\/\/dothoquynhanh.com\/?product=chuoi-108-hat-bo-de-tinh-nguyet-hat-cai-nau","og_site_name":"dothoquynhanh","article_modified_time":"2021-01-11T08:08:26+00:00","og_image":[{"width":800,"height":800,"url":"https:\/\/dothoquynhanh.com\/wp-content\/uploads\/2020\/12\/Chuoi-108-Hat-Bo-De-Tinh-Nguyet-Hat-Cai-Nau.jpg","type":"image\/jpeg"}],"twitter_card":"summary_large_image","twitter_misc":{"\u01af\u1edbc t\u00ednh th\u1eddi gian \u0111\u1ecdc":"2 ph\u00fat"},"schema":{"@context":"https:\/\/schema.org","@graph":[{"@type":"WebPage","@id":"https:\/\/dothoquynhanh.com\/?product=chuoi-108-hat-bo-de-tinh-nguyet-hat-cai-nau","url":"https:\/\/dothoquynhanh.com\/?product=chuoi-108-hat-bo-de-tinh-nguyet-hat-cai-nau","name":"Chu\u1ed7i 108 H\u1ea1t B\u1ed3 \u0110\u1ec1 Tinh Nguy\u1ec7t H\u1ea1t C\u00e1i N\u00e2u - dothoquynhanh","isPartOf":{"@id":"https:\/\/dothoquynhanh.com\/#website"},"primaryImageOfPage":{"@id":"https:\/\/dothoquynhanh.com\/?product=chuoi-108-hat-bo-de-tinh-nguyet-hat-cai-nau#primaryimage"},"image":{"@id":"https:\/\/dothoquynhanh.com\/?product=chuoi-108-hat-bo-de-tinh-nguyet-hat-cai-nau#primaryimage"},"thumbnailUrl":"https:\/\/dothoquynhanh.com\/wp-content\/uploads\/2020\/12\/Chuoi-108-Hat-Bo-De-Tinh-Nguyet-Hat-Cai-Nau.jpg","datePublished":"2020-12-13T02:48:56+00:00","dateModified":"2021-01-11T08:08:26+00:00","breadcrumb":{"@id":"https:\/\/dothoquynhanh.com\/?product=chuoi-108-hat-bo-de-tinh-nguyet-hat-cai-nau#breadcrumb"},"inLanguage":"vi","potentialAction":[{"@type":"ReadAction","target":["https:\/\/dothoquynhanh.com\/?product=chuoi-108-hat-bo-de-tinh-nguyet-hat-cai-nau"]}]},{"@type":"ImageObject","inLanguage":"vi","@id":"https:\/\/dothoquynhanh.com\/?product=chuoi-108-hat-bo-de-tinh-nguyet-hat-cai-nau#primaryimage","url":"https:\/\/dothoquynhanh.com\/wp-content\/uploads\/2020\/12\/Chuoi-108-Hat-Bo-De-Tinh-Nguyet-Hat-Cai-Nau.jpg","contentUrl":"https:\/\/dothoquynhanh.com\/wp-content\/uploads\/2020\/12\/Chuoi-108-Hat-Bo-De-Tinh-Nguyet-Hat-Cai-Nau.jpg","width":800,"height":800},{"@type":"BreadcrumbList","@id":"https:\/\/dothoquynhanh.com\/?product=chuoi-108-hat-bo-de-tinh-nguyet-hat-cai-nau#breadcrumb","itemListElement":[{"@type":"ListItem","position":1,"name":"Trang ch\u1ee7","item":"https:\/\/dothoquynhanh.com\/"},{"@type":"ListItem","position":2,"name":"S\u1ea3n ph\u1ea9m","item":"https:\/\/dothoquynhanh.com\/?page_id=64"},{"@type":"ListItem","position":3,"name":"Chu\u1ed7i 108 H\u1ea1t B\u1ed3 \u0110\u1ec1 Tinh Nguy\u1ec7t H\u1ea1t C\u00e1i N\u00e2u"}]},{"@type":"WebSite","@id":"https:\/\/dothoquynhanh.com\/#website","url":"https:\/\/dothoquynhanh.com\/","name":"dothoquynhanh","description":"\u0110\u1ed2 TH\u1edc PHONG TH\u1ee6Y CAO C\u1ea4P QU\u1ef2NH ANH","publisher":{"@id":"https:\/\/dothoquynhanh.com\/#\/schema\/person\/9a6a0bff9151168cc437e710214dc286"},"potentialAction":[{"@type":"SearchAction","target":{"@type":"EntryPoint","urlTemplate":"https:\/\/dothoquynhanh.com\/?s={search_term_string}"},"query-input":{"@type":"PropertyValueSpecification","valueRequired":true,"valueName":"search_term_string"}}],"inLanguage":"vi"},{"@type":["Person","Organization"],"@id":"https:\/\/dothoquynhanh.com\/#\/schema\/person\/9a6a0bff9151168cc437e710214dc286","name":"Qu\u1ef3nh Anh","image":{"@type":"ImageObject","inLanguage":"vi","@id":"https:\/\/secure.gravatar.com\/avatar\/a86689d41574456e4a65d69a1f70c64ef3172d5d71e939217b478f5347cec268?s=96&d=mm&r=g","url":"https:\/\/secure.gravatar.com\/avatar\/a86689d41574456e4a65d69a1f70c64ef3172d5d71e939217b478f5347cec268?s=96&d=mm&r=g","contentUrl":"https:\/\/secure.gravatar.com\/avatar\/a86689d41574456e4a65d69a1f70c64ef3172d5d71e939217b478f5347cec268?s=96&d=mm&r=g","caption":"Qu\u1ef3nh Anh"},"logo":{"@id":"https:\/\/secure.gravatar.com\/avatar\/a86689d41574456e4a65d69a1f70c64ef3172d5d71e939217b478f5347cec268?s=96&d=mm&r=g"},"sameAs":["https:\/\/dothoquynhanh.com","admin"]}]}},"_links":{"self":[{"href":"https:\/\/dothoquynhanh.com\/index.php?rest_route=\/wp\/v2\/product\/3196","targetHints":{"allow":["GET"]}}],"collection":[{"href":"https:\/\/dothoquynhanh.com\/index.php?rest_route=\/wp\/v2\/product"}],"about":[{"href":"https:\/\/dothoquynhanh.com\/index.php?rest_route=\/wp\/v2\/types\/product"}],"replies":[{"embeddable":true,"href":"https:\/\/dothoquynhanh.com\/index.php?rest_route=%2Fwp%2Fv2%2Fcomments&post=3196"}],"wp:featuredmedia":[{"embeddable":true,"href":"https:\/\/dothoquynhanh.com\/index.php?rest_route=\/wp\/v2\/media\/3197"}],"wp:attachment":[{"href":"https:\/\/dothoquynhanh.com\/index.php?rest_route=%2Fwp%2Fv2%2Fmedia&parent=3196"}],"wp:term":[{"taxonomy":"product_brand","embeddable":true,"href":"https:\/\/dothoquynhanh.com\/index.php?rest_route=%2Fwp%2Fv2%2Fproduct_brand&post=3196"},{"taxonomy":"product_cat","embeddable":true,"href":"https:\/\/dothoquynhanh.com\/index.php?rest_route=%2Fwp%2Fv2%2Fproduct_cat&post=3196"},{"taxonomy":"product_tag","embeddable":true,"href":"https:\/\/dothoquynhanh.com\/index.php?rest_route=%2Fwp%2Fv2%2Fproduct_tag&post=3196"}],"curies":[{"name":"wp","href":"https:\/\/api.w.org\/{rel}","templated":true}]}}