{"id":3186,"date":"2020-12-13T02:10:03","date_gmt":"2020-12-13T02:10:03","guid":{"rendered":"https:\/\/dothoquynhanh.com\/?post_type=product&#038;p=3186"},"modified":"2020-12-13T02:13:50","modified_gmt":"2020-12-13T02:13:50","slug":"chuoi-vong-tay-da-ma-nao-mau-do","status":"publish","type":"product","link":"https:\/\/dothoquynhanh.com\/?product=chuoi-vong-tay-da-ma-nao-mau-do","title":{"rendered":"Chu\u1ed7i V\u00f2ng Tay \u0110\u00e1 M\u00e3 N\u00e3o M\u1ea7u \u0110\u1ecf"},"content":{"rendered":"<p><img loading=\"lazy\" decoding=\"async\" src=\"http:\/\/dothoquynhanh.com\/wp-content\/uploads\/2020\/12\/Chuoi-Vong-Tay-Da-Ma-Nao-Mau-Do-400x400.jpg\" alt=\"\" width=\"400\" height=\"400\" class=\"alignnone size-medium wp-image-3187\" srcset=\"https:\/\/dothoquynhanh.com\/wp-content\/uploads\/2020\/12\/Chuoi-Vong-Tay-Da-Ma-Nao-Mau-Do-400x400.jpg 400w, https:\/\/dothoquynhanh.com\/wp-content\/uploads\/2020\/12\/Chuoi-Vong-Tay-Da-Ma-Nao-Mau-Do-100x100.jpg 100w, https:\/\/dothoquynhanh.com\/wp-content\/uploads\/2020\/12\/Chuoi-Vong-Tay-Da-Ma-Nao-Mau-Do-510x510.jpg 510w, https:\/\/dothoquynhanh.com\/wp-content\/uploads\/2020\/12\/Chuoi-Vong-Tay-Da-Ma-Nao-Mau-Do-280x280.jpg 280w, https:\/\/dothoquynhanh.com\/wp-content\/uploads\/2020\/12\/Chuoi-Vong-Tay-Da-Ma-Nao-Mau-Do.jpg 750w\" sizes=\"auto, (max-width: 400px) 100vw, 400px\" \/><br \/>\nChu\u1ed7i V\u00f2ng Tay \u0110\u00e1 M\u00e3 N\u00e3o M\u1ea7u \u0110\u1ecf, Nhi\u1ec1u K\u00edch C\u1ee1<br \/>\ntick L\u00e0m t\u1eeb \u0111\u00e1 m\u00e3 n\u00e3o \u0111\u1ecf<br \/>\ntick Gi\u00e1 tr\u1ecb phong thu\u1ef7 cao<br \/>\ntick M\u00e0u \u0111\u1ecf t\u1ef1 nhi\u00ean, m\u00e0u \u0111\u1ecf th\u1ecbnh v\u01b0\u1ee3ng<br \/>\n V\u1eadn chuy\u1ec3n \u0111\u1ebfn t\u1eadn nh\u00e0<br \/>\n Ki\u1ec3m tra s\u1ea3n ph\u1ea9m tr\u01b0\u1edbc khi thanh to\u00e1n<br \/>\n \u01afu \u0111\u00e3i khi mua s\u1ed1 l\u01b0\u1ee3ng cho Ch\u00f9a, \u0110\u1ea1o tr\u00e0ng<br \/>\n Nh\u1eadn \u0111\u1eb7t h\u00e0ng theo y\u00eau c\u1ea7u qu\u00fd kh\u00e1ch.<br \/>\nB\u01b0\u1edbc 1: L\u1ea5y 1 \u0111o\u1ea1n d\u00e2y m\u1ec1m, qu\u1ea5n quanh c\u1ed5 tay, \u0111\u00e1nh d\u1ea5u l\u1ea1i<br \/>\nB\u01b0\u1edbc 2: Tr\u1ea3i th\u1eb3ng \u0111o\u1ea1n d\u00e2y ra, d\u00f9ng th\u01b0\u1edbc \u0111\u1ec3 \u0111o \u0111o\u1ea1n \u0111\u00e3 \u0111\u00e1nh d\u1ea5u. Chi\u1ec1u d\u00e0i n\u00e0y ch\u00ednh l\u00e0 \u0111\u1ed9 l\u1edbn c\u1ee7a c\u1ed5 tay.<br \/>\nB\u01b0\u1edbc 3: \u0110\u1ed1i chi\u1ebfu v\u1edbi b\u1ea3ng tham kh\u1ea3o l\u1ef1a ch\u1ecdn k\u00edch c\u1ee1 chu\u1ed7i v\u00f2ng \u0111\u1ec3 ch\u1ecdn v\u00f2ng cho ph\u00f9 h\u1ee3p.<br \/>\nB\u1ea2NG THAM KH\u1ea2O L\u1ef0A CH\u1eccN C\u1ee0 V\u00d2NG<br \/>\nC\u1ee0 H\u1ea0T\tS\u1ed0 H\u1ea0T\tC\u1ee0 V\u00d2NG TAY<br \/>\n10mm\t19+1 h\u1ea1t\t14 \u2013 16 cm<br \/>\n12mm\t16+1 h\u1ea1t\t15 \u2013 17 cm<br \/>\n15mm\t14+1 h\u1ea1t\t17 \u2013 20 cm<br \/>\n18mm\t12+1 h\u1ea1t\t17 \u2013 20 cm<br \/>\n20mm\t11+1 h\u1ea1t\t17 \u2013 20 cm<br \/>\nM\u00d4 T\u1ea2<br \/>\nChu\u1ed7i v\u00f2ng tay CVT-MN01 \u0111\u01b0\u1ee3c l\u00e0m t\u1eeb c\u00e1c h\u1ea1t \u0111\u00e1 m\u00e3 n\u00e3o \u0111\u1ecf, \u0111\u01b0\u1ee3c nhi\u1ec1u ng\u01b0\u1eddi quan ni\u1ec7m c\u00f3 gi\u00e1 tr\u1ecb cao v\u1ec1 m\u1eb7t t\u00e2m linh.<\/p>\n<p>Chu\u1ed7i c\u00f3 nhi\u1ec1u k\u00edch th\u01b0\u1edbc h\u1ea1t \u0111\u1ec3 b\u1ea1n l\u1ef1a ch\u1ecdn: 16 h\u1ea1t 12mm, 18 h\u1ea1t 10mm hay 21 h\u1ea1t 8mm.<\/p>\n<p>\u0110\u00e1 m\u00e3 n\u00e3o \u0111\u1ecf l\u00e0 lo\u1ea1i \u0111\u00e1 c\u00f3 ngu\u1ed3n g\u1ed1c t\u1eeb nham th\u1ea1ch n\u00fai l\u1eeda, h\u00ecnh th\u00e0nh tr\u1ea3i qua h\u00e0ng tri\u1ec7u n\u0103m bi\u1ebfn \u0111\u1ed5i c\u1ee7a thi\u00ean nhi\u00ean. V\u00ec h\u00ecnh th\u00e0nh qua th\u1eddi gian d\u00e0i nh\u01b0 v\u1eady, n\u00ean theo nhi\u1ec1u ng\u01b0\u1eddi, n\u00f3 h\u1ea5p th\u1ee5 c\u00e1c tinh kh\u00ed c\u1ee7a \u0111\u1ea5t tr\u1eddi, t\u00f4i luy\u1ec7n th\u00e0nh ch\u1ea5t li\u1ec7u \u0111\u1eb9p nh\u01b0 hi\u1ec7n nay v\u00e0 c\u00f3 gi\u00e1 tr\u1ecb cao v\u1ec1 m\u1eb7t t\u00e2m linh.<\/p>\n<p>Nhi\u1ec1u ng\u01b0\u1eddi tin r\u1eb1ng khi \u0111eo v\u00f2ng tay \u0111\u00e1 m\u00e3 n\u00e3o \u0111\u1ecf l\u00ean, c\u00f3 th\u1ec3 gi\u00fap h\u00fat c\u00e1c kh\u00ed \u0111\u1ed9c ra kh\u1ecfi c\u01a1 th\u1ec3 v\u00e0 tr\u00e1nh \u0111\u01b0\u1ee3c m\u1ed9t s\u1ed1 b\u1ec7nh t\u1eadt. M\u1eb7c d\u00f9 ch\u01b0a c\u00f3 ch\u1ee9ng minh khoa h\u1ecdc ch\u00ednh x\u00e1c nh\u01b0ng \u0111\u00e1 m\u00e3 n\u00e3o \u0111\u1ecf r\u1ea5t \u0111\u01b0\u1ee3c \u01b0a chu\u1ed9ng v\u1edbi m\u1ed9t s\u1ed1 ng\u01b0\u1eddi.<\/p>\n<p>V\u00ec chu\u1ed7i c\u00f3 m\u00e0u \u0111\u1ecf t\u1ef1 nhi\u00ean c\u1ee7a \u0111\u00e1 n\u00ean khi \u0111eo v\u00e0o tay, c\u0169ng l\u00e0m cho ng\u01b0\u1eddi \u0111eo tr\u1edf n\u00ean n\u1ed5i b\u1eadt v\u00e0 c\u1ea3m th\u1ea5y t\u1ef1 tin trong giao ti\u1ebfp. V\u1edbi quan ni\u1ec7m ph\u01b0\u01a1ng \u0111\u00f4ng, m\u00e0u \u0111\u1ecf l\u1ea1i l\u00e0 m\u00e0u c\u1ee7a th\u1ecbnh v\u01b0\u1ee3ng n\u00ean l\u1ea1i c\u00e0ng \u0111\u01b0\u1ee3c \u01b0a chu\u1ed9ng.<\/p>\n","protected":false},"excerpt":{"rendered":"<p>Chu\u1ed7i V\u00f2ng Tay \u0110\u00e1 M\u00e3 N\u00e3o M\u1ea7u \u0110\u1ecf, Nhi\u1ec1u K\u00edch C\u1ee1<br \/>\ntick L\u00e0m t\u1eeb \u0111\u00e1 m\u00e3 n\u00e3o \u0111\u1ecf<br \/>\ntick Gi\u00e1 tr\u1ecb phong thu\u1ef7 cao<br \/>\ntick M\u00e0u \u0111\u1ecf t\u1ef1 nhi\u00ean, m\u00e0u \u0111\u1ecf th\u1ecbnh v\u01b0\u1ee3ng<\/p>\n","protected":false},"featured_media":3187,"comment_status":"open","ping_status":"closed","template":"","meta":[],"product_brand":[],"product_cat":[558],"product_tag":[],"class_list":{"0":"post-3186","1":"product","2":"type-product","3":"status-publish","4":"has-post-thumbnail","6":"product_cat-vong-tay","8":"first","9":"instock","10":"shipping-taxable","11":"purchasable","12":"product-type-simple"},"yoast_head":"<!-- This site is optimized with the Yoast SEO plugin v27.5 - https:\/\/yoast.com\/product\/yoast-seo-wordpress\/ -->\n<title>Chu\u1ed7i V\u00f2ng Tay \u0110\u00e1 M\u00e3 N\u00e3o M\u1ea7u \u0110\u1ecf - dothoquynhanh<\/title>\n<meta name=\"robots\" content=\"index, follow, max-snippet:-1, max-image-preview:large, max-video-preview:-1\" \/>\n<link rel=\"canonical\" href=\"https:\/\/dothoquynhanh.com\/?product=chuoi-vong-tay-da-ma-nao-mau-do\" \/>\n<meta property=\"og:locale\" content=\"vi_VN\" \/>\n<meta property=\"og:type\" content=\"article\" \/>\n<meta property=\"og:title\" content=\"Chu\u1ed7i V\u00f2ng Tay \u0110\u00e1 M\u00e3 N\u00e3o M\u1ea7u \u0110\u1ecf - dothoquynhanh\" \/>\n<meta property=\"og:description\" content=\"Chu\u1ed7i V\u00f2ng Tay \u0110\u00e1 M\u00e3 N\u00e3o M\u1ea7u \u0110\u1ecf, Nhi\u1ec1u K\u00edch C\u1ee1 tick L\u00e0m t\u1eeb \u0111\u00e1 m\u00e3 n\u00e3o \u0111\u1ecf tick Gi\u00e1 tr\u1ecb phong thu\u1ef7 cao tick M\u00e0u \u0111\u1ecf t\u1ef1 nhi\u00ean, m\u00e0u \u0111\u1ecf th\u1ecbnh v\u01b0\u1ee3ng\" \/>\n<meta property=\"og:url\" content=\"https:\/\/dothoquynhanh.com\/?product=chuoi-vong-tay-da-ma-nao-mau-do\" \/>\n<meta property=\"og:site_name\" content=\"dothoquynhanh\" \/>\n<meta property=\"article:modified_time\" content=\"2020-12-13T02:13:50+00:00\" \/>\n<meta property=\"og:image\" content=\"https:\/\/dothoquynhanh.com\/wp-content\/uploads\/2020\/12\/Chuoi-Vong-Tay-Da-Ma-Nao-Mau-Do.jpg\" \/>\n\t<meta property=\"og:image:width\" content=\"750\" \/>\n\t<meta property=\"og:image:height\" content=\"750\" \/>\n\t<meta property=\"og:image:type\" content=\"image\/jpeg\" \/>\n<meta name=\"twitter:card\" content=\"summary_large_image\" \/>\n<meta name=\"twitter:label1\" content=\"\u01af\u1edbc t\u00ednh th\u1eddi gian \u0111\u1ecdc\" \/>\n\t<meta name=\"twitter:data1\" content=\"3 ph\u00fat\" \/>\n<script type=\"application\/ld+json\" class=\"yoast-schema-graph\">{\"@context\":\"https:\\\/\\\/schema.org\",\"@graph\":[{\"@type\":\"WebPage\",\"@id\":\"https:\\\/\\\/dothoquynhanh.com\\\/?product=chuoi-vong-tay-da-ma-nao-mau-do\",\"url\":\"https:\\\/\\\/dothoquynhanh.com\\\/?product=chuoi-vong-tay-da-ma-nao-mau-do\",\"name\":\"Chu\u1ed7i V\u00f2ng Tay \u0110\u00e1 M\u00e3 N\u00e3o M\u1ea7u \u0110\u1ecf - dothoquynhanh\",\"isPartOf\":{\"@id\":\"https:\\\/\\\/dothoquynhanh.com\\\/#website\"},\"primaryImageOfPage\":{\"@id\":\"https:\\\/\\\/dothoquynhanh.com\\\/?product=chuoi-vong-tay-da-ma-nao-mau-do#primaryimage\"},\"image\":{\"@id\":\"https:\\\/\\\/dothoquynhanh.com\\\/?product=chuoi-vong-tay-da-ma-nao-mau-do#primaryimage\"},\"thumbnailUrl\":\"https:\\\/\\\/dothoquynhanh.com\\\/wp-content\\\/uploads\\\/2020\\\/12\\\/Chuoi-Vong-Tay-Da-Ma-Nao-Mau-Do.jpg\",\"datePublished\":\"2020-12-13T02:10:03+00:00\",\"dateModified\":\"2020-12-13T02:13:50+00:00\",\"breadcrumb\":{\"@id\":\"https:\\\/\\\/dothoquynhanh.com\\\/?product=chuoi-vong-tay-da-ma-nao-mau-do#breadcrumb\"},\"inLanguage\":\"vi\",\"potentialAction\":[{\"@type\":\"ReadAction\",\"target\":[\"https:\\\/\\\/dothoquynhanh.com\\\/?product=chuoi-vong-tay-da-ma-nao-mau-do\"]}]},{\"@type\":\"ImageObject\",\"inLanguage\":\"vi\",\"@id\":\"https:\\\/\\\/dothoquynhanh.com\\\/?product=chuoi-vong-tay-da-ma-nao-mau-do#primaryimage\",\"url\":\"https:\\\/\\\/dothoquynhanh.com\\\/wp-content\\\/uploads\\\/2020\\\/12\\\/Chuoi-Vong-Tay-Da-Ma-Nao-Mau-Do.jpg\",\"contentUrl\":\"https:\\\/\\\/dothoquynhanh.com\\\/wp-content\\\/uploads\\\/2020\\\/12\\\/Chuoi-Vong-Tay-Da-Ma-Nao-Mau-Do.jpg\",\"width\":750,\"height\":750},{\"@type\":\"BreadcrumbList\",\"@id\":\"https:\\\/\\\/dothoquynhanh.com\\\/?product=chuoi-vong-tay-da-ma-nao-mau-do#breadcrumb\",\"itemListElement\":[{\"@type\":\"ListItem\",\"position\":1,\"name\":\"Trang ch\u1ee7\",\"item\":\"https:\\\/\\\/dothoquynhanh.com\\\/\"},{\"@type\":\"ListItem\",\"position\":2,\"name\":\"S\u1ea3n ph\u1ea9m\",\"item\":\"https:\\\/\\\/dothoquynhanh.com\\\/?page_id=64\"},{\"@type\":\"ListItem\",\"position\":3,\"name\":\"Chu\u1ed7i V\u00f2ng Tay \u0110\u00e1 M\u00e3 N\u00e3o M\u1ea7u \u0110\u1ecf\"}]},{\"@type\":\"WebSite\",\"@id\":\"https:\\\/\\\/dothoquynhanh.com\\\/#website\",\"url\":\"https:\\\/\\\/dothoquynhanh.com\\\/\",\"name\":\"dothoquynhanh\",\"description\":\"\u0110\u1ed2 TH\u1edc PHONG TH\u1ee6Y CAO C\u1ea4P QU\u1ef2NH ANH\",\"publisher\":{\"@id\":\"https:\\\/\\\/dothoquynhanh.com\\\/#\\\/schema\\\/person\\\/9a6a0bff9151168cc437e710214dc286\"},\"potentialAction\":[{\"@type\":\"SearchAction\",\"target\":{\"@type\":\"EntryPoint\",\"urlTemplate\":\"https:\\\/\\\/dothoquynhanh.com\\\/?s={search_term_string}\"},\"query-input\":{\"@type\":\"PropertyValueSpecification\",\"valueRequired\":true,\"valueName\":\"search_term_string\"}}],\"inLanguage\":\"vi\"},{\"@type\":[\"Person\",\"Organization\"],\"@id\":\"https:\\\/\\\/dothoquynhanh.com\\\/#\\\/schema\\\/person\\\/9a6a0bff9151168cc437e710214dc286\",\"name\":\"Qu\u1ef3nh Anh\",\"image\":{\"@type\":\"ImageObject\",\"inLanguage\":\"vi\",\"@id\":\"https:\\\/\\\/secure.gravatar.com\\\/avatar\\\/a86689d41574456e4a65d69a1f70c64ef3172d5d71e939217b478f5347cec268?s=96&d=mm&r=g\",\"url\":\"https:\\\/\\\/secure.gravatar.com\\\/avatar\\\/a86689d41574456e4a65d69a1f70c64ef3172d5d71e939217b478f5347cec268?s=96&d=mm&r=g\",\"contentUrl\":\"https:\\\/\\\/secure.gravatar.com\\\/avatar\\\/a86689d41574456e4a65d69a1f70c64ef3172d5d71e939217b478f5347cec268?s=96&d=mm&r=g\",\"caption\":\"Qu\u1ef3nh Anh\"},\"logo\":{\"@id\":\"https:\\\/\\\/secure.gravatar.com\\\/avatar\\\/a86689d41574456e4a65d69a1f70c64ef3172d5d71e939217b478f5347cec268?s=96&d=mm&r=g\"},\"sameAs\":[\"https:\\\/\\\/dothoquynhanh.com\",\"admin\"]}]}<\/script>\n<!-- \/ Yoast SEO plugin. -->","yoast_head_json":{"title":"Chu\u1ed7i V\u00f2ng Tay \u0110\u00e1 M\u00e3 N\u00e3o M\u1ea7u \u0110\u1ecf - dothoquynhanh","robots":{"index":"index","follow":"follow","max-snippet":"max-snippet:-1","max-image-preview":"max-image-preview:large","max-video-preview":"max-video-preview:-1"},"canonical":"https:\/\/dothoquynhanh.com\/?product=chuoi-vong-tay-da-ma-nao-mau-do","og_locale":"vi_VN","og_type":"article","og_title":"Chu\u1ed7i V\u00f2ng Tay \u0110\u00e1 M\u00e3 N\u00e3o M\u1ea7u \u0110\u1ecf - dothoquynhanh","og_description":"Chu\u1ed7i V\u00f2ng Tay \u0110\u00e1 M\u00e3 N\u00e3o M\u1ea7u \u0110\u1ecf, Nhi\u1ec1u K\u00edch C\u1ee1 tick L\u00e0m t\u1eeb \u0111\u00e1 m\u00e3 n\u00e3o \u0111\u1ecf tick Gi\u00e1 tr\u1ecb phong thu\u1ef7 cao tick M\u00e0u \u0111\u1ecf t\u1ef1 nhi\u00ean, m\u00e0u \u0111\u1ecf th\u1ecbnh v\u01b0\u1ee3ng","og_url":"https:\/\/dothoquynhanh.com\/?product=chuoi-vong-tay-da-ma-nao-mau-do","og_site_name":"dothoquynhanh","article_modified_time":"2020-12-13T02:13:50+00:00","og_image":[{"width":750,"height":750,"url":"https:\/\/dothoquynhanh.com\/wp-content\/uploads\/2020\/12\/Chuoi-Vong-Tay-Da-Ma-Nao-Mau-Do.jpg","type":"image\/jpeg"}],"twitter_card":"summary_large_image","twitter_misc":{"\u01af\u1edbc t\u00ednh th\u1eddi gian \u0111\u1ecdc":"3 ph\u00fat"},"schema":{"@context":"https:\/\/schema.org","@graph":[{"@type":"WebPage","@id":"https:\/\/dothoquynhanh.com\/?product=chuoi-vong-tay-da-ma-nao-mau-do","url":"https:\/\/dothoquynhanh.com\/?product=chuoi-vong-tay-da-ma-nao-mau-do","name":"Chu\u1ed7i V\u00f2ng Tay \u0110\u00e1 M\u00e3 N\u00e3o M\u1ea7u \u0110\u1ecf - dothoquynhanh","isPartOf":{"@id":"https:\/\/dothoquynhanh.com\/#website"},"primaryImageOfPage":{"@id":"https:\/\/dothoquynhanh.com\/?product=chuoi-vong-tay-da-ma-nao-mau-do#primaryimage"},"image":{"@id":"https:\/\/dothoquynhanh.com\/?product=chuoi-vong-tay-da-ma-nao-mau-do#primaryimage"},"thumbnailUrl":"https:\/\/dothoquynhanh.com\/wp-content\/uploads\/2020\/12\/Chuoi-Vong-Tay-Da-Ma-Nao-Mau-Do.jpg","datePublished":"2020-12-13T02:10:03+00:00","dateModified":"2020-12-13T02:13:50+00:00","breadcrumb":{"@id":"https:\/\/dothoquynhanh.com\/?product=chuoi-vong-tay-da-ma-nao-mau-do#breadcrumb"},"inLanguage":"vi","potentialAction":[{"@type":"ReadAction","target":["https:\/\/dothoquynhanh.com\/?product=chuoi-vong-tay-da-ma-nao-mau-do"]}]},{"@type":"ImageObject","inLanguage":"vi","@id":"https:\/\/dothoquynhanh.com\/?product=chuoi-vong-tay-da-ma-nao-mau-do#primaryimage","url":"https:\/\/dothoquynhanh.com\/wp-content\/uploads\/2020\/12\/Chuoi-Vong-Tay-Da-Ma-Nao-Mau-Do.jpg","contentUrl":"https:\/\/dothoquynhanh.com\/wp-content\/uploads\/2020\/12\/Chuoi-Vong-Tay-Da-Ma-Nao-Mau-Do.jpg","width":750,"height":750},{"@type":"BreadcrumbList","@id":"https:\/\/dothoquynhanh.com\/?product=chuoi-vong-tay-da-ma-nao-mau-do#breadcrumb","itemListElement":[{"@type":"ListItem","position":1,"name":"Trang ch\u1ee7","item":"https:\/\/dothoquynhanh.com\/"},{"@type":"ListItem","position":2,"name":"S\u1ea3n ph\u1ea9m","item":"https:\/\/dothoquynhanh.com\/?page_id=64"},{"@type":"ListItem","position":3,"name":"Chu\u1ed7i V\u00f2ng Tay \u0110\u00e1 M\u00e3 N\u00e3o M\u1ea7u \u0110\u1ecf"}]},{"@type":"WebSite","@id":"https:\/\/dothoquynhanh.com\/#website","url":"https:\/\/dothoquynhanh.com\/","name":"dothoquynhanh","description":"\u0110\u1ed2 TH\u1edc PHONG TH\u1ee6Y CAO C\u1ea4P QU\u1ef2NH ANH","publisher":{"@id":"https:\/\/dothoquynhanh.com\/#\/schema\/person\/9a6a0bff9151168cc437e710214dc286"},"potentialAction":[{"@type":"SearchAction","target":{"@type":"EntryPoint","urlTemplate":"https:\/\/dothoquynhanh.com\/?s={search_term_string}"},"query-input":{"@type":"PropertyValueSpecification","valueRequired":true,"valueName":"search_term_string"}}],"inLanguage":"vi"},{"@type":["Person","Organization"],"@id":"https:\/\/dothoquynhanh.com\/#\/schema\/person\/9a6a0bff9151168cc437e710214dc286","name":"Qu\u1ef3nh Anh","image":{"@type":"ImageObject","inLanguage":"vi","@id":"https:\/\/secure.gravatar.com\/avatar\/a86689d41574456e4a65d69a1f70c64ef3172d5d71e939217b478f5347cec268?s=96&d=mm&r=g","url":"https:\/\/secure.gravatar.com\/avatar\/a86689d41574456e4a65d69a1f70c64ef3172d5d71e939217b478f5347cec268?s=96&d=mm&r=g","contentUrl":"https:\/\/secure.gravatar.com\/avatar\/a86689d41574456e4a65d69a1f70c64ef3172d5d71e939217b478f5347cec268?s=96&d=mm&r=g","caption":"Qu\u1ef3nh Anh"},"logo":{"@id":"https:\/\/secure.gravatar.com\/avatar\/a86689d41574456e4a65d69a1f70c64ef3172d5d71e939217b478f5347cec268?s=96&d=mm&r=g"},"sameAs":["https:\/\/dothoquynhanh.com","admin"]}]}},"_links":{"self":[{"href":"https:\/\/dothoquynhanh.com\/index.php?rest_route=\/wp\/v2\/product\/3186","targetHints":{"allow":["GET"]}}],"collection":[{"href":"https:\/\/dothoquynhanh.com\/index.php?rest_route=\/wp\/v2\/product"}],"about":[{"href":"https:\/\/dothoquynhanh.com\/index.php?rest_route=\/wp\/v2\/types\/product"}],"replies":[{"embeddable":true,"href":"https:\/\/dothoquynhanh.com\/index.php?rest_route=%2Fwp%2Fv2%2Fcomments&post=3186"}],"wp:featuredmedia":[{"embeddable":true,"href":"https:\/\/dothoquynhanh.com\/index.php?rest_route=\/wp\/v2\/media\/3187"}],"wp:attachment":[{"href":"https:\/\/dothoquynhanh.com\/index.php?rest_route=%2Fwp%2Fv2%2Fmedia&parent=3186"}],"wp:term":[{"taxonomy":"product_brand","embeddable":true,"href":"https:\/\/dothoquynhanh.com\/index.php?rest_route=%2Fwp%2Fv2%2Fproduct_brand&post=3186"},{"taxonomy":"product_cat","embeddable":true,"href":"https:\/\/dothoquynhanh.com\/index.php?rest_route=%2Fwp%2Fv2%2Fproduct_cat&post=3186"},{"taxonomy":"product_tag","embeddable":true,"href":"https:\/\/dothoquynhanh.com\/index.php?rest_route=%2Fwp%2Fv2%2Fproduct_tag&post=3186"}],"curies":[{"name":"wp","href":"https:\/\/api.w.org\/{rel}","templated":true}]}}