{"id":3184,"date":"2020-12-13T02:07:09","date_gmt":"2020-12-13T02:07:09","guid":{"rendered":"https:\/\/dothoquynhanh.com\/?post_type=product&#038;p=3184"},"modified":"2021-01-11T08:08:59","modified_gmt":"2021-01-11T08:08:59","slug":"chuoi-vong-tay-da-ma-nao-do","status":"publish","type":"product","link":"https:\/\/dothoquynhanh.com\/?product=chuoi-vong-tay-da-ma-nao-do","title":{"rendered":"Chu\u1ed7i V\u00f2ng Tay \u0110\u00e1 M\u00e3 N\u00e3o \u0110\u1ecf"},"content":{"rendered":"<p><img loading=\"lazy\" decoding=\"async\" src=\"http:\/\/dothoquynhanh.com\/wp-content\/uploads\/2020\/12\/Chuoi-Vong-Tay-Da-Ma-Nao-Do-400x400.jpg\" alt=\"\" width=\"400\" height=\"400\" class=\"alignnone size-medium wp-image-3185\" srcset=\"https:\/\/dothoquynhanh.com\/wp-content\/uploads\/2020\/12\/Chuoi-Vong-Tay-Da-Ma-Nao-Do-400x400.jpg 400w, https:\/\/dothoquynhanh.com\/wp-content\/uploads\/2020\/12\/Chuoi-Vong-Tay-Da-Ma-Nao-Do-100x100.jpg 100w, https:\/\/dothoquynhanh.com\/wp-content\/uploads\/2020\/12\/Chuoi-Vong-Tay-Da-Ma-Nao-Do-510x510.jpg 510w, https:\/\/dothoquynhanh.com\/wp-content\/uploads\/2020\/12\/Chuoi-Vong-Tay-Da-Ma-Nao-Do-280x280.jpg 280w, https:\/\/dothoquynhanh.com\/wp-content\/uploads\/2020\/12\/Chuoi-Vong-Tay-Da-Ma-Nao-Do-768x768.jpg 768w, https:\/\/dothoquynhanh.com\/wp-content\/uploads\/2020\/12\/Chuoi-Vong-Tay-Da-Ma-Nao-Do.jpg 800w\" sizes=\"auto, (max-width: 400px) 100vw, 400px\" \/><br \/>\nChu\u1ed7i V\u00f2ng Tay \u0110\u00e1 M\u00e3 N\u00e3o \u0110\u1ecf Kh\u1eafc Th\u1ea7n Ch\u00fa, C\u1ee1 T\u1eeb 8mm \u2013 16mm<br \/>\n Giao h\u00e0ng t\u1eadn nh\u00e0<br \/>\n \u0110\u01b0\u1ee3c ki\u1ec3m tra s\u1ea3n ph\u1ea9m tr\u01b0\u1edbc<br \/>\n \u0110\u1ea1o Tr\u00e0ng, Ch\u00f9a khi mua s\u1ed1 l\u01b0\u1ee3ng s\u1ebd c\u00f3 gi\u00e1 \u0111\u1eb7c bi\u1ec7t<br \/>\n Nh\u1eadn \u0111\u1eb7t h\u00e0ng theo nhu c\u1ea7u ri\u00eang.<\/p>\n","protected":false},"excerpt":{"rendered":"<p>Chu\u1ed7i V\u00f2ng Tay \u0110\u00e1 M\u00e3 N\u00e3o \u0110\u1ecf Kh\u1eafc Th\u1ea7n Ch\u00fa, C\u1ee1 T\u1eeb 8mm \u2013 16mm<br \/>\n Giao h\u00e0ng t\u1eadn nh\u00e0<br \/>\n \u0110\u01b0\u1ee3c ki\u1ec3m tra s\u1ea3n ph\u1ea9m tr\u01b0\u1edbc<br \/>\n \u0110\u1ea1o Tr\u00e0ng, Ch\u00f9a khi mua s\u1ed1 l\u01b0\u1ee3ng s\u1ebd c\u00f3 gi\u00e1 \u0111\u1eb7c bi\u1ec7t<br \/>\n Nh\u1eadn \u0111\u1eb7t h\u00e0ng theo nhu c\u1ea7u ri\u00eang.<\/p>\n","protected":false},"featured_media":3185,"comment_status":"open","ping_status":"closed","template":"","meta":[],"product_brand":[],"product_cat":[558],"product_tag":[],"class_list":{"0":"post-3184","1":"product","2":"type-product","3":"status-publish","4":"has-post-thumbnail","6":"product_cat-vong-tay","8":"first","9":"instock","10":"shipping-taxable","11":"purchasable","12":"product-type-simple"},"yoast_head":"<!-- This site is optimized with the Yoast SEO plugin v27.5 - https:\/\/yoast.com\/product\/yoast-seo-wordpress\/ -->\n<title>Chu\u1ed7i V\u00f2ng Tay \u0110\u00e1 M\u00e3 N\u00e3o \u0110\u1ecf - dothoquynhanh<\/title>\n<meta name=\"robots\" content=\"index, follow, max-snippet:-1, max-image-preview:large, max-video-preview:-1\" \/>\n<link rel=\"canonical\" href=\"https:\/\/dothoquynhanh.com\/?product=chuoi-vong-tay-da-ma-nao-do\" \/>\n<meta property=\"og:locale\" content=\"vi_VN\" \/>\n<meta property=\"og:type\" content=\"article\" \/>\n<meta property=\"og:title\" content=\"Chu\u1ed7i V\u00f2ng Tay \u0110\u00e1 M\u00e3 N\u00e3o \u0110\u1ecf - dothoquynhanh\" \/>\n<meta property=\"og:description\" content=\"Chu\u1ed7i V\u00f2ng Tay \u0110\u00e1 M\u00e3 N\u00e3o \u0110\u1ecf Kh\u1eafc Th\u1ea7n Ch\u00fa, C\u1ee1 T\u1eeb 8mm \u2013 16mm  Giao h\u00e0ng t\u1eadn nh\u00e0  \u0110\u01b0\u1ee3c ki\u1ec3m tra s\u1ea3n ph\u1ea9m tr\u01b0\u1edbc  \u0110\u1ea1o Tr\u00e0ng, Ch\u00f9a khi mua s\u1ed1 l\u01b0\u1ee3ng s\u1ebd c\u00f3 gi\u00e1 \u0111\u1eb7c bi\u1ec7t  Nh\u1eadn \u0111\u1eb7t h\u00e0ng theo nhu c\u1ea7u ri\u00eang.\" \/>\n<meta property=\"og:url\" content=\"https:\/\/dothoquynhanh.com\/?product=chuoi-vong-tay-da-ma-nao-do\" \/>\n<meta property=\"og:site_name\" content=\"dothoquynhanh\" \/>\n<meta property=\"article:modified_time\" content=\"2021-01-11T08:08:59+00:00\" \/>\n<meta property=\"og:image\" content=\"https:\/\/dothoquynhanh.com\/wp-content\/uploads\/2020\/12\/Chuoi-Vong-Tay-Da-Ma-Nao-Do.jpg\" \/>\n\t<meta property=\"og:image:width\" content=\"800\" \/>\n\t<meta property=\"og:image:height\" content=\"800\" \/>\n\t<meta property=\"og:image:type\" content=\"image\/jpeg\" \/>\n<meta name=\"twitter:card\" content=\"summary_large_image\" \/>\n<script type=\"application\/ld+json\" class=\"yoast-schema-graph\">{\"@context\":\"https:\\\/\\\/schema.org\",\"@graph\":[{\"@type\":\"WebPage\",\"@id\":\"https:\\\/\\\/dothoquynhanh.com\\\/?product=chuoi-vong-tay-da-ma-nao-do\",\"url\":\"https:\\\/\\\/dothoquynhanh.com\\\/?product=chuoi-vong-tay-da-ma-nao-do\",\"name\":\"Chu\u1ed7i V\u00f2ng Tay \u0110\u00e1 M\u00e3 N\u00e3o \u0110\u1ecf - dothoquynhanh\",\"isPartOf\":{\"@id\":\"https:\\\/\\\/dothoquynhanh.com\\\/#website\"},\"primaryImageOfPage\":{\"@id\":\"https:\\\/\\\/dothoquynhanh.com\\\/?product=chuoi-vong-tay-da-ma-nao-do#primaryimage\"},\"image\":{\"@id\":\"https:\\\/\\\/dothoquynhanh.com\\\/?product=chuoi-vong-tay-da-ma-nao-do#primaryimage\"},\"thumbnailUrl\":\"https:\\\/\\\/dothoquynhanh.com\\\/wp-content\\\/uploads\\\/2020\\\/12\\\/Chuoi-Vong-Tay-Da-Ma-Nao-Do.jpg\",\"datePublished\":\"2020-12-13T02:07:09+00:00\",\"dateModified\":\"2021-01-11T08:08:59+00:00\",\"breadcrumb\":{\"@id\":\"https:\\\/\\\/dothoquynhanh.com\\\/?product=chuoi-vong-tay-da-ma-nao-do#breadcrumb\"},\"inLanguage\":\"vi\",\"potentialAction\":[{\"@type\":\"ReadAction\",\"target\":[\"https:\\\/\\\/dothoquynhanh.com\\\/?product=chuoi-vong-tay-da-ma-nao-do\"]}]},{\"@type\":\"ImageObject\",\"inLanguage\":\"vi\",\"@id\":\"https:\\\/\\\/dothoquynhanh.com\\\/?product=chuoi-vong-tay-da-ma-nao-do#primaryimage\",\"url\":\"https:\\\/\\\/dothoquynhanh.com\\\/wp-content\\\/uploads\\\/2020\\\/12\\\/Chuoi-Vong-Tay-Da-Ma-Nao-Do.jpg\",\"contentUrl\":\"https:\\\/\\\/dothoquynhanh.com\\\/wp-content\\\/uploads\\\/2020\\\/12\\\/Chuoi-Vong-Tay-Da-Ma-Nao-Do.jpg\",\"width\":800,\"height\":800},{\"@type\":\"BreadcrumbList\",\"@id\":\"https:\\\/\\\/dothoquynhanh.com\\\/?product=chuoi-vong-tay-da-ma-nao-do#breadcrumb\",\"itemListElement\":[{\"@type\":\"ListItem\",\"position\":1,\"name\":\"Trang ch\u1ee7\",\"item\":\"https:\\\/\\\/dothoquynhanh.com\\\/\"},{\"@type\":\"ListItem\",\"position\":2,\"name\":\"S\u1ea3n ph\u1ea9m\",\"item\":\"https:\\\/\\\/dothoquynhanh.com\\\/?page_id=64\"},{\"@type\":\"ListItem\",\"position\":3,\"name\":\"Chu\u1ed7i V\u00f2ng Tay \u0110\u00e1 M\u00e3 N\u00e3o \u0110\u1ecf\"}]},{\"@type\":\"WebSite\",\"@id\":\"https:\\\/\\\/dothoquynhanh.com\\\/#website\",\"url\":\"https:\\\/\\\/dothoquynhanh.com\\\/\",\"name\":\"dothoquynhanh\",\"description\":\"\u0110\u1ed2 TH\u1edc PHONG TH\u1ee6Y CAO C\u1ea4P QU\u1ef2NH ANH\",\"publisher\":{\"@id\":\"https:\\\/\\\/dothoquynhanh.com\\\/#\\\/schema\\\/person\\\/9a6a0bff9151168cc437e710214dc286\"},\"potentialAction\":[{\"@type\":\"SearchAction\",\"target\":{\"@type\":\"EntryPoint\",\"urlTemplate\":\"https:\\\/\\\/dothoquynhanh.com\\\/?s={search_term_string}\"},\"query-input\":{\"@type\":\"PropertyValueSpecification\",\"valueRequired\":true,\"valueName\":\"search_term_string\"}}],\"inLanguage\":\"vi\"},{\"@type\":[\"Person\",\"Organization\"],\"@id\":\"https:\\\/\\\/dothoquynhanh.com\\\/#\\\/schema\\\/person\\\/9a6a0bff9151168cc437e710214dc286\",\"name\":\"Qu\u1ef3nh Anh\",\"image\":{\"@type\":\"ImageObject\",\"inLanguage\":\"vi\",\"@id\":\"https:\\\/\\\/secure.gravatar.com\\\/avatar\\\/a86689d41574456e4a65d69a1f70c64ef3172d5d71e939217b478f5347cec268?s=96&d=mm&r=g\",\"url\":\"https:\\\/\\\/secure.gravatar.com\\\/avatar\\\/a86689d41574456e4a65d69a1f70c64ef3172d5d71e939217b478f5347cec268?s=96&d=mm&r=g\",\"contentUrl\":\"https:\\\/\\\/secure.gravatar.com\\\/avatar\\\/a86689d41574456e4a65d69a1f70c64ef3172d5d71e939217b478f5347cec268?s=96&d=mm&r=g\",\"caption\":\"Qu\u1ef3nh Anh\"},\"logo\":{\"@id\":\"https:\\\/\\\/secure.gravatar.com\\\/avatar\\\/a86689d41574456e4a65d69a1f70c64ef3172d5d71e939217b478f5347cec268?s=96&d=mm&r=g\"},\"sameAs\":[\"https:\\\/\\\/dothoquynhanh.com\",\"admin\"]}]}<\/script>\n<!-- \/ Yoast SEO plugin. -->","yoast_head_json":{"title":"Chu\u1ed7i V\u00f2ng Tay \u0110\u00e1 M\u00e3 N\u00e3o \u0110\u1ecf - dothoquynhanh","robots":{"index":"index","follow":"follow","max-snippet":"max-snippet:-1","max-image-preview":"max-image-preview:large","max-video-preview":"max-video-preview:-1"},"canonical":"https:\/\/dothoquynhanh.com\/?product=chuoi-vong-tay-da-ma-nao-do","og_locale":"vi_VN","og_type":"article","og_title":"Chu\u1ed7i V\u00f2ng Tay \u0110\u00e1 M\u00e3 N\u00e3o \u0110\u1ecf - dothoquynhanh","og_description":"Chu\u1ed7i V\u00f2ng Tay \u0110\u00e1 M\u00e3 N\u00e3o \u0110\u1ecf Kh\u1eafc Th\u1ea7n Ch\u00fa, C\u1ee1 T\u1eeb 8mm \u2013 16mm  Giao h\u00e0ng t\u1eadn nh\u00e0  \u0110\u01b0\u1ee3c ki\u1ec3m tra s\u1ea3n ph\u1ea9m tr\u01b0\u1edbc  \u0110\u1ea1o Tr\u00e0ng, Ch\u00f9a khi mua s\u1ed1 l\u01b0\u1ee3ng s\u1ebd c\u00f3 gi\u00e1 \u0111\u1eb7c bi\u1ec7t  Nh\u1eadn \u0111\u1eb7t h\u00e0ng theo nhu c\u1ea7u ri\u00eang.","og_url":"https:\/\/dothoquynhanh.com\/?product=chuoi-vong-tay-da-ma-nao-do","og_site_name":"dothoquynhanh","article_modified_time":"2021-01-11T08:08:59+00:00","og_image":[{"width":800,"height":800,"url":"https:\/\/dothoquynhanh.com\/wp-content\/uploads\/2020\/12\/Chuoi-Vong-Tay-Da-Ma-Nao-Do.jpg","type":"image\/jpeg"}],"twitter_card":"summary_large_image","schema":{"@context":"https:\/\/schema.org","@graph":[{"@type":"WebPage","@id":"https:\/\/dothoquynhanh.com\/?product=chuoi-vong-tay-da-ma-nao-do","url":"https:\/\/dothoquynhanh.com\/?product=chuoi-vong-tay-da-ma-nao-do","name":"Chu\u1ed7i V\u00f2ng Tay \u0110\u00e1 M\u00e3 N\u00e3o \u0110\u1ecf - dothoquynhanh","isPartOf":{"@id":"https:\/\/dothoquynhanh.com\/#website"},"primaryImageOfPage":{"@id":"https:\/\/dothoquynhanh.com\/?product=chuoi-vong-tay-da-ma-nao-do#primaryimage"},"image":{"@id":"https:\/\/dothoquynhanh.com\/?product=chuoi-vong-tay-da-ma-nao-do#primaryimage"},"thumbnailUrl":"https:\/\/dothoquynhanh.com\/wp-content\/uploads\/2020\/12\/Chuoi-Vong-Tay-Da-Ma-Nao-Do.jpg","datePublished":"2020-12-13T02:07:09+00:00","dateModified":"2021-01-11T08:08:59+00:00","breadcrumb":{"@id":"https:\/\/dothoquynhanh.com\/?product=chuoi-vong-tay-da-ma-nao-do#breadcrumb"},"inLanguage":"vi","potentialAction":[{"@type":"ReadAction","target":["https:\/\/dothoquynhanh.com\/?product=chuoi-vong-tay-da-ma-nao-do"]}]},{"@type":"ImageObject","inLanguage":"vi","@id":"https:\/\/dothoquynhanh.com\/?product=chuoi-vong-tay-da-ma-nao-do#primaryimage","url":"https:\/\/dothoquynhanh.com\/wp-content\/uploads\/2020\/12\/Chuoi-Vong-Tay-Da-Ma-Nao-Do.jpg","contentUrl":"https:\/\/dothoquynhanh.com\/wp-content\/uploads\/2020\/12\/Chuoi-Vong-Tay-Da-Ma-Nao-Do.jpg","width":800,"height":800},{"@type":"BreadcrumbList","@id":"https:\/\/dothoquynhanh.com\/?product=chuoi-vong-tay-da-ma-nao-do#breadcrumb","itemListElement":[{"@type":"ListItem","position":1,"name":"Trang ch\u1ee7","item":"https:\/\/dothoquynhanh.com\/"},{"@type":"ListItem","position":2,"name":"S\u1ea3n ph\u1ea9m","item":"https:\/\/dothoquynhanh.com\/?page_id=64"},{"@type":"ListItem","position":3,"name":"Chu\u1ed7i V\u00f2ng Tay \u0110\u00e1 M\u00e3 N\u00e3o \u0110\u1ecf"}]},{"@type":"WebSite","@id":"https:\/\/dothoquynhanh.com\/#website","url":"https:\/\/dothoquynhanh.com\/","name":"dothoquynhanh","description":"\u0110\u1ed2 TH\u1edc PHONG TH\u1ee6Y CAO C\u1ea4P QU\u1ef2NH ANH","publisher":{"@id":"https:\/\/dothoquynhanh.com\/#\/schema\/person\/9a6a0bff9151168cc437e710214dc286"},"potentialAction":[{"@type":"SearchAction","target":{"@type":"EntryPoint","urlTemplate":"https:\/\/dothoquynhanh.com\/?s={search_term_string}"},"query-input":{"@type":"PropertyValueSpecification","valueRequired":true,"valueName":"search_term_string"}}],"inLanguage":"vi"},{"@type":["Person","Organization"],"@id":"https:\/\/dothoquynhanh.com\/#\/schema\/person\/9a6a0bff9151168cc437e710214dc286","name":"Qu\u1ef3nh Anh","image":{"@type":"ImageObject","inLanguage":"vi","@id":"https:\/\/secure.gravatar.com\/avatar\/a86689d41574456e4a65d69a1f70c64ef3172d5d71e939217b478f5347cec268?s=96&d=mm&r=g","url":"https:\/\/secure.gravatar.com\/avatar\/a86689d41574456e4a65d69a1f70c64ef3172d5d71e939217b478f5347cec268?s=96&d=mm&r=g","contentUrl":"https:\/\/secure.gravatar.com\/avatar\/a86689d41574456e4a65d69a1f70c64ef3172d5d71e939217b478f5347cec268?s=96&d=mm&r=g","caption":"Qu\u1ef3nh Anh"},"logo":{"@id":"https:\/\/secure.gravatar.com\/avatar\/a86689d41574456e4a65d69a1f70c64ef3172d5d71e939217b478f5347cec268?s=96&d=mm&r=g"},"sameAs":["https:\/\/dothoquynhanh.com","admin"]}]}},"_links":{"self":[{"href":"https:\/\/dothoquynhanh.com\/index.php?rest_route=\/wp\/v2\/product\/3184","targetHints":{"allow":["GET"]}}],"collection":[{"href":"https:\/\/dothoquynhanh.com\/index.php?rest_route=\/wp\/v2\/product"}],"about":[{"href":"https:\/\/dothoquynhanh.com\/index.php?rest_route=\/wp\/v2\/types\/product"}],"replies":[{"embeddable":true,"href":"https:\/\/dothoquynhanh.com\/index.php?rest_route=%2Fwp%2Fv2%2Fcomments&post=3184"}],"wp:featuredmedia":[{"embeddable":true,"href":"https:\/\/dothoquynhanh.com\/index.php?rest_route=\/wp\/v2\/media\/3185"}],"wp:attachment":[{"href":"https:\/\/dothoquynhanh.com\/index.php?rest_route=%2Fwp%2Fv2%2Fmedia&parent=3184"}],"wp:term":[{"taxonomy":"product_brand","embeddable":true,"href":"https:\/\/dothoquynhanh.com\/index.php?rest_route=%2Fwp%2Fv2%2Fproduct_brand&post=3184"},{"taxonomy":"product_cat","embeddable":true,"href":"https:\/\/dothoquynhanh.com\/index.php?rest_route=%2Fwp%2Fv2%2Fproduct_cat&post=3184"},{"taxonomy":"product_tag","embeddable":true,"href":"https:\/\/dothoquynhanh.com\/index.php?rest_route=%2Fwp%2Fv2%2Fproduct_tag&post=3184"}],"curies":[{"name":"wp","href":"https:\/\/api.w.org\/{rel}","templated":true}]}}