{"id":3168,"date":"2020-12-13T01:30:39","date_gmt":"2020-12-13T01:30:39","guid":{"rendered":"https:\/\/dothoquynhanh.com\/?post_type=product&#038;p=3168"},"modified":"2021-01-11T08:29:44","modified_gmt":"2021-01-11T08:29:44","slug":"chuong-dong-vang-chu-phat","status":"publish","type":"product","link":"https:\/\/dothoquynhanh.com\/?product=chuong-dong-vang-chu-phat","title":{"rendered":"Chu\u00f4ng \u0110\u1ed3ng V\u00e0ng Ch\u1eef Ph\u1eadt, 3,5in 4in 5in 6in 7in 8in 10,5in 12in"},"content":{"rendered":"<p><img loading=\"lazy\" decoding=\"async\" src=\"http:\/\/dothoquynhanh.com\/wp-content\/uploads\/2020\/12\/Chuong-Dong-Vang-Chu-Phat-400x400.jpg\" alt=\"\" width=\"400\" height=\"400\" class=\"alignnone size-medium wp-image-3169\" srcset=\"https:\/\/dothoquynhanh.com\/wp-content\/uploads\/2020\/12\/Chuong-Dong-Vang-Chu-Phat-400x400.jpg 400w, https:\/\/dothoquynhanh.com\/wp-content\/uploads\/2020\/12\/Chuong-Dong-Vang-Chu-Phat-100x100.jpg 100w, https:\/\/dothoquynhanh.com\/wp-content\/uploads\/2020\/12\/Chuong-Dong-Vang-Chu-Phat-510x510.jpg 510w, https:\/\/dothoquynhanh.com\/wp-content\/uploads\/2020\/12\/Chuong-Dong-Vang-Chu-Phat-280x280.jpg 280w, https:\/\/dothoquynhanh.com\/wp-content\/uploads\/2020\/12\/Chuong-Dong-Vang-Chu-Phat-768x768.jpg 768w, https:\/\/dothoquynhanh.com\/wp-content\/uploads\/2020\/12\/Chuong-Dong-Vang-Chu-Phat.jpg 800w\" sizes=\"auto, (max-width: 400px) 100vw, 400px\" \/><br \/>\nChu\u00f4ng \u0110\u1ed3ng V\u00e0ng Ch\u1eef Ph\u1eadt, K\u00edch C\u1ee1 T\u1eeb 3.5inch \u2013 9inch<br \/>\n H\u00e0ng giao t\u1eadn tay<br \/>\n Thanh to\u00e1n sau khi ki\u1ec3m tra<br \/>\n Mua s\u1ed1 l\u01b0\u1ee3ng l\u1edbn c\u00f3 \u01b0u \u0111\u00e3i ri\u00eang<br \/>\n Nh\u1eadn \u0111\u1eb7t h\u00e0ng theo y\u00eau c\u1ea7u qu\u00fd kh\u00e1ch.<br \/>\nM\u00d4 T\u1ea2<br \/>\nChu\u00f4ng \u0111\u01b0\u1ee3c l\u00e0m t\u1eeb \u0111\u1ed3ng, c\u00f3 m\u00e0u v\u00e0ng t\u1eeb \u0111\u1ed3ng nguy\u00ean ch\u1ea5t.<\/p>\n<p>B\u00ean trong v\u00e0 b\u00ean ngo\u00e0i chu\u00f4ng \u0111\u1ec1u \u0111\u01b0\u1ee3c l\u00e0m nh\u1eb5n, ch\u00ednh v\u00ec v\u1eady, ti\u1ebfng chu\u00f4ng ng\u00e2n r\u1ea5t hay v\u00e0 ng\u00e2n \u0111\u01b0\u1ee3c l\u00e2u.<\/p>\n<p>Ph\u00eda ngo\u00e0i chu\u00f4ng \u0111\u01b0\u1ee3c v\u1ebd ch\u1eef \u201cPH\u1eacT\u201d l\u1edbn tr\u00ean b\u00f4ng hoa sen, m\u00e0u \u0111\u1ecf r\u1ea5t s\u1eafc n\u00e9t. To\u00e0n b\u1ed9 chu\u00f4ng \u0111\u01b0\u1ee3c ph\u1ee7 m\u1ed9t l\u1edbp b\u1ea3o v\u1ec7 ch\u1ed1ng x\u01b0\u1edbc \u1edf ngo\u00e0i, gi\u00fap cho chu\u00f4ng \u0111\u01b0\u1ee3c b\u1ec1n h\u01a1n v\u00e0 h\u1ea1n ch\u1ebf t\u00e1c \u0111\u1ed9ng c\u1ee7a m\u00f4i tr\u01b0\u1eddng.<br \/>\nTH\u00d4NG TIN B\u1ed4 SUNG<br \/>\nK\u00cdCH C\u1ee0<br \/>\n3.5inch (~9cm), 4inch (~10cm), 5inch (~13cm), 6inch (~15cm), 7inch (~18cm), 8inch (~20cm), 10inch (~25cm), 12inch (30cm)<\/p>\n","protected":false},"excerpt":{"rendered":"<p> H\u00e0ng giao t\u1eadn tay<br \/>\n Thanh to\u00e1n sau khi ki\u1ec3m tra<br \/>\n Mua s\u1ed1 l\u01b0\u1ee3ng l\u1edbn c\u00f3 \u01b0u \u0111\u00e3i ri\u00eang<br \/>\n Nh\u1eadn \u0111\u1eb7t h\u00e0ng theo y\u00eau c\u1ea7u qu\u00fd kh\u00e1ch.<\/p>\n","protected":false},"featured_media":3169,"comment_status":"open","ping_status":"closed","template":"","meta":[],"product_brand":[],"product_cat":[552,15],"product_tag":[],"class_list":{"0":"post-3168","1":"product","2":"type-product","3":"status-publish","4":"has-post-thumbnail","6":"product_cat-chuong-dong-chuong-chua","7":"product_cat-top-san-pham-ban-chay","9":"first","10":"instock","11":"shipping-taxable","12":"purchasable","13":"product-type-simple"},"yoast_head":"<!-- This site is optimized with the Yoast SEO plugin v27.5 - https:\/\/yoast.com\/product\/yoast-seo-wordpress\/ -->\n<title>Chu\u00f4ng \u0110\u1ed3ng V\u00e0ng Ch\u1eef Ph\u1eadt, 3,5in 4in 5in 6in 7in 8in 10,5in 12in - dothoquynhanh<\/title>\n<meta name=\"robots\" content=\"index, follow, max-snippet:-1, max-image-preview:large, max-video-preview:-1\" \/>\n<link rel=\"canonical\" href=\"https:\/\/dothoquynhanh.com\/?product=chuong-dong-vang-chu-phat\" \/>\n<meta property=\"og:locale\" content=\"vi_VN\" \/>\n<meta property=\"og:type\" content=\"article\" \/>\n<meta property=\"og:title\" content=\"Chu\u00f4ng \u0110\u1ed3ng V\u00e0ng Ch\u1eef Ph\u1eadt, 3,5in 4in 5in 6in 7in 8in 10,5in 12in - dothoquynhanh\" \/>\n<meta property=\"og:description\" content=\"H\u00e0ng giao t\u1eadn tay  Thanh to\u00e1n sau khi ki\u1ec3m tra  Mua s\u1ed1 l\u01b0\u1ee3ng l\u1edbn c\u00f3 \u01b0u \u0111\u00e3i ri\u00eang  Nh\u1eadn \u0111\u1eb7t h\u00e0ng theo y\u00eau c\u1ea7u qu\u00fd kh\u00e1ch.\" \/>\n<meta property=\"og:url\" content=\"https:\/\/dothoquynhanh.com\/?product=chuong-dong-vang-chu-phat\" \/>\n<meta property=\"og:site_name\" content=\"dothoquynhanh\" \/>\n<meta property=\"article:modified_time\" content=\"2021-01-11T08:29:44+00:00\" \/>\n<meta property=\"og:image\" content=\"https:\/\/dothoquynhanh.com\/wp-content\/uploads\/2020\/12\/Chuong-Dong-Vang-Chu-Phat.jpg\" \/>\n\t<meta property=\"og:image:width\" content=\"800\" \/>\n\t<meta property=\"og:image:height\" content=\"800\" \/>\n\t<meta property=\"og:image:type\" content=\"image\/jpeg\" \/>\n<meta name=\"twitter:card\" content=\"summary_large_image\" \/>\n<meta name=\"twitter:label1\" content=\"\u01af\u1edbc t\u00ednh th\u1eddi gian \u0111\u1ecdc\" \/>\n\t<meta name=\"twitter:data1\" content=\"1 ph\u00fat\" \/>\n<script type=\"application\/ld+json\" class=\"yoast-schema-graph\">{\"@context\":\"https:\\\/\\\/schema.org\",\"@graph\":[{\"@type\":\"WebPage\",\"@id\":\"https:\\\/\\\/dothoquynhanh.com\\\/?product=chuong-dong-vang-chu-phat\",\"url\":\"https:\\\/\\\/dothoquynhanh.com\\\/?product=chuong-dong-vang-chu-phat\",\"name\":\"Chu\u00f4ng \u0110\u1ed3ng V\u00e0ng Ch\u1eef Ph\u1eadt, 3,5in 4in 5in 6in 7in 8in 10,5in 12in - dothoquynhanh\",\"isPartOf\":{\"@id\":\"https:\\\/\\\/dothoquynhanh.com\\\/#website\"},\"primaryImageOfPage\":{\"@id\":\"https:\\\/\\\/dothoquynhanh.com\\\/?product=chuong-dong-vang-chu-phat#primaryimage\"},\"image\":{\"@id\":\"https:\\\/\\\/dothoquynhanh.com\\\/?product=chuong-dong-vang-chu-phat#primaryimage\"},\"thumbnailUrl\":\"https:\\\/\\\/dothoquynhanh.com\\\/wp-content\\\/uploads\\\/2020\\\/12\\\/Chuong-Dong-Vang-Chu-Phat.jpg\",\"datePublished\":\"2020-12-13T01:30:39+00:00\",\"dateModified\":\"2021-01-11T08:29:44+00:00\",\"breadcrumb\":{\"@id\":\"https:\\\/\\\/dothoquynhanh.com\\\/?product=chuong-dong-vang-chu-phat#breadcrumb\"},\"inLanguage\":\"vi\",\"potentialAction\":[{\"@type\":\"ReadAction\",\"target\":[\"https:\\\/\\\/dothoquynhanh.com\\\/?product=chuong-dong-vang-chu-phat\"]}]},{\"@type\":\"ImageObject\",\"inLanguage\":\"vi\",\"@id\":\"https:\\\/\\\/dothoquynhanh.com\\\/?product=chuong-dong-vang-chu-phat#primaryimage\",\"url\":\"https:\\\/\\\/dothoquynhanh.com\\\/wp-content\\\/uploads\\\/2020\\\/12\\\/Chuong-Dong-Vang-Chu-Phat.jpg\",\"contentUrl\":\"https:\\\/\\\/dothoquynhanh.com\\\/wp-content\\\/uploads\\\/2020\\\/12\\\/Chuong-Dong-Vang-Chu-Phat.jpg\",\"width\":800,\"height\":800},{\"@type\":\"BreadcrumbList\",\"@id\":\"https:\\\/\\\/dothoquynhanh.com\\\/?product=chuong-dong-vang-chu-phat#breadcrumb\",\"itemListElement\":[{\"@type\":\"ListItem\",\"position\":1,\"name\":\"Trang ch\u1ee7\",\"item\":\"https:\\\/\\\/dothoquynhanh.com\\\/\"},{\"@type\":\"ListItem\",\"position\":2,\"name\":\"S\u1ea3n ph\u1ea9m\",\"item\":\"https:\\\/\\\/dothoquynhanh.com\\\/?page_id=64\"},{\"@type\":\"ListItem\",\"position\":3,\"name\":\"Chu\u00f4ng \u0110\u1ed3ng V\u00e0ng Ch\u1eef Ph\u1eadt, 3,5in 4in 5in 6in 7in 8in 10,5in 12in\"}]},{\"@type\":\"WebSite\",\"@id\":\"https:\\\/\\\/dothoquynhanh.com\\\/#website\",\"url\":\"https:\\\/\\\/dothoquynhanh.com\\\/\",\"name\":\"dothoquynhanh\",\"description\":\"\u0110\u1ed2 TH\u1edc PHONG TH\u1ee6Y CAO C\u1ea4P QU\u1ef2NH ANH\",\"publisher\":{\"@id\":\"https:\\\/\\\/dothoquynhanh.com\\\/#\\\/schema\\\/person\\\/9a6a0bff9151168cc437e710214dc286\"},\"potentialAction\":[{\"@type\":\"SearchAction\",\"target\":{\"@type\":\"EntryPoint\",\"urlTemplate\":\"https:\\\/\\\/dothoquynhanh.com\\\/?s={search_term_string}\"},\"query-input\":{\"@type\":\"PropertyValueSpecification\",\"valueRequired\":true,\"valueName\":\"search_term_string\"}}],\"inLanguage\":\"vi\"},{\"@type\":[\"Person\",\"Organization\"],\"@id\":\"https:\\\/\\\/dothoquynhanh.com\\\/#\\\/schema\\\/person\\\/9a6a0bff9151168cc437e710214dc286\",\"name\":\"Qu\u1ef3nh Anh\",\"image\":{\"@type\":\"ImageObject\",\"inLanguage\":\"vi\",\"@id\":\"https:\\\/\\\/secure.gravatar.com\\\/avatar\\\/a86689d41574456e4a65d69a1f70c64ef3172d5d71e939217b478f5347cec268?s=96&d=mm&r=g\",\"url\":\"https:\\\/\\\/secure.gravatar.com\\\/avatar\\\/a86689d41574456e4a65d69a1f70c64ef3172d5d71e939217b478f5347cec268?s=96&d=mm&r=g\",\"contentUrl\":\"https:\\\/\\\/secure.gravatar.com\\\/avatar\\\/a86689d41574456e4a65d69a1f70c64ef3172d5d71e939217b478f5347cec268?s=96&d=mm&r=g\",\"caption\":\"Qu\u1ef3nh Anh\"},\"logo\":{\"@id\":\"https:\\\/\\\/secure.gravatar.com\\\/avatar\\\/a86689d41574456e4a65d69a1f70c64ef3172d5d71e939217b478f5347cec268?s=96&d=mm&r=g\"},\"sameAs\":[\"https:\\\/\\\/dothoquynhanh.com\",\"admin\"]}]}<\/script>\n<!-- \/ Yoast SEO plugin. -->","yoast_head_json":{"title":"Chu\u00f4ng \u0110\u1ed3ng V\u00e0ng Ch\u1eef Ph\u1eadt, 3,5in 4in 5in 6in 7in 8in 10,5in 12in - dothoquynhanh","robots":{"index":"index","follow":"follow","max-snippet":"max-snippet:-1","max-image-preview":"max-image-preview:large","max-video-preview":"max-video-preview:-1"},"canonical":"https:\/\/dothoquynhanh.com\/?product=chuong-dong-vang-chu-phat","og_locale":"vi_VN","og_type":"article","og_title":"Chu\u00f4ng \u0110\u1ed3ng V\u00e0ng Ch\u1eef Ph\u1eadt, 3,5in 4in 5in 6in 7in 8in 10,5in 12in - dothoquynhanh","og_description":"H\u00e0ng giao t\u1eadn tay  Thanh to\u00e1n sau khi ki\u1ec3m tra  Mua s\u1ed1 l\u01b0\u1ee3ng l\u1edbn c\u00f3 \u01b0u \u0111\u00e3i ri\u00eang  Nh\u1eadn \u0111\u1eb7t h\u00e0ng theo y\u00eau c\u1ea7u qu\u00fd kh\u00e1ch.","og_url":"https:\/\/dothoquynhanh.com\/?product=chuong-dong-vang-chu-phat","og_site_name":"dothoquynhanh","article_modified_time":"2021-01-11T08:29:44+00:00","og_image":[{"width":800,"height":800,"url":"https:\/\/dothoquynhanh.com\/wp-content\/uploads\/2020\/12\/Chuong-Dong-Vang-Chu-Phat.jpg","type":"image\/jpeg"}],"twitter_card":"summary_large_image","twitter_misc":{"\u01af\u1edbc t\u00ednh th\u1eddi gian \u0111\u1ecdc":"1 ph\u00fat"},"schema":{"@context":"https:\/\/schema.org","@graph":[{"@type":"WebPage","@id":"https:\/\/dothoquynhanh.com\/?product=chuong-dong-vang-chu-phat","url":"https:\/\/dothoquynhanh.com\/?product=chuong-dong-vang-chu-phat","name":"Chu\u00f4ng \u0110\u1ed3ng V\u00e0ng Ch\u1eef Ph\u1eadt, 3,5in 4in 5in 6in 7in 8in 10,5in 12in - dothoquynhanh","isPartOf":{"@id":"https:\/\/dothoquynhanh.com\/#website"},"primaryImageOfPage":{"@id":"https:\/\/dothoquynhanh.com\/?product=chuong-dong-vang-chu-phat#primaryimage"},"image":{"@id":"https:\/\/dothoquynhanh.com\/?product=chuong-dong-vang-chu-phat#primaryimage"},"thumbnailUrl":"https:\/\/dothoquynhanh.com\/wp-content\/uploads\/2020\/12\/Chuong-Dong-Vang-Chu-Phat.jpg","datePublished":"2020-12-13T01:30:39+00:00","dateModified":"2021-01-11T08:29:44+00:00","breadcrumb":{"@id":"https:\/\/dothoquynhanh.com\/?product=chuong-dong-vang-chu-phat#breadcrumb"},"inLanguage":"vi","potentialAction":[{"@type":"ReadAction","target":["https:\/\/dothoquynhanh.com\/?product=chuong-dong-vang-chu-phat"]}]},{"@type":"ImageObject","inLanguage":"vi","@id":"https:\/\/dothoquynhanh.com\/?product=chuong-dong-vang-chu-phat#primaryimage","url":"https:\/\/dothoquynhanh.com\/wp-content\/uploads\/2020\/12\/Chuong-Dong-Vang-Chu-Phat.jpg","contentUrl":"https:\/\/dothoquynhanh.com\/wp-content\/uploads\/2020\/12\/Chuong-Dong-Vang-Chu-Phat.jpg","width":800,"height":800},{"@type":"BreadcrumbList","@id":"https:\/\/dothoquynhanh.com\/?product=chuong-dong-vang-chu-phat#breadcrumb","itemListElement":[{"@type":"ListItem","position":1,"name":"Trang ch\u1ee7","item":"https:\/\/dothoquynhanh.com\/"},{"@type":"ListItem","position":2,"name":"S\u1ea3n ph\u1ea9m","item":"https:\/\/dothoquynhanh.com\/?page_id=64"},{"@type":"ListItem","position":3,"name":"Chu\u00f4ng \u0110\u1ed3ng V\u00e0ng Ch\u1eef Ph\u1eadt, 3,5in 4in 5in 6in 7in 8in 10,5in 12in"}]},{"@type":"WebSite","@id":"https:\/\/dothoquynhanh.com\/#website","url":"https:\/\/dothoquynhanh.com\/","name":"dothoquynhanh","description":"\u0110\u1ed2 TH\u1edc PHONG TH\u1ee6Y CAO C\u1ea4P QU\u1ef2NH ANH","publisher":{"@id":"https:\/\/dothoquynhanh.com\/#\/schema\/person\/9a6a0bff9151168cc437e710214dc286"},"potentialAction":[{"@type":"SearchAction","target":{"@type":"EntryPoint","urlTemplate":"https:\/\/dothoquynhanh.com\/?s={search_term_string}"},"query-input":{"@type":"PropertyValueSpecification","valueRequired":true,"valueName":"search_term_string"}}],"inLanguage":"vi"},{"@type":["Person","Organization"],"@id":"https:\/\/dothoquynhanh.com\/#\/schema\/person\/9a6a0bff9151168cc437e710214dc286","name":"Qu\u1ef3nh Anh","image":{"@type":"ImageObject","inLanguage":"vi","@id":"https:\/\/secure.gravatar.com\/avatar\/a86689d41574456e4a65d69a1f70c64ef3172d5d71e939217b478f5347cec268?s=96&d=mm&r=g","url":"https:\/\/secure.gravatar.com\/avatar\/a86689d41574456e4a65d69a1f70c64ef3172d5d71e939217b478f5347cec268?s=96&d=mm&r=g","contentUrl":"https:\/\/secure.gravatar.com\/avatar\/a86689d41574456e4a65d69a1f70c64ef3172d5d71e939217b478f5347cec268?s=96&d=mm&r=g","caption":"Qu\u1ef3nh Anh"},"logo":{"@id":"https:\/\/secure.gravatar.com\/avatar\/a86689d41574456e4a65d69a1f70c64ef3172d5d71e939217b478f5347cec268?s=96&d=mm&r=g"},"sameAs":["https:\/\/dothoquynhanh.com","admin"]}]}},"_links":{"self":[{"href":"https:\/\/dothoquynhanh.com\/index.php?rest_route=\/wp\/v2\/product\/3168","targetHints":{"allow":["GET"]}}],"collection":[{"href":"https:\/\/dothoquynhanh.com\/index.php?rest_route=\/wp\/v2\/product"}],"about":[{"href":"https:\/\/dothoquynhanh.com\/index.php?rest_route=\/wp\/v2\/types\/product"}],"replies":[{"embeddable":true,"href":"https:\/\/dothoquynhanh.com\/index.php?rest_route=%2Fwp%2Fv2%2Fcomments&post=3168"}],"wp:featuredmedia":[{"embeddable":true,"href":"https:\/\/dothoquynhanh.com\/index.php?rest_route=\/wp\/v2\/media\/3169"}],"wp:attachment":[{"href":"https:\/\/dothoquynhanh.com\/index.php?rest_route=%2Fwp%2Fv2%2Fmedia&parent=3168"}],"wp:term":[{"taxonomy":"product_brand","embeddable":true,"href":"https:\/\/dothoquynhanh.com\/index.php?rest_route=%2Fwp%2Fv2%2Fproduct_brand&post=3168"},{"taxonomy":"product_cat","embeddable":true,"href":"https:\/\/dothoquynhanh.com\/index.php?rest_route=%2Fwp%2Fv2%2Fproduct_cat&post=3168"},{"taxonomy":"product_tag","embeddable":true,"href":"https:\/\/dothoquynhanh.com\/index.php?rest_route=%2Fwp%2Fv2%2Fproduct_tag&post=3168"}],"curies":[{"name":"wp","href":"https:\/\/api.w.org\/{rel}","templated":true}]}}