{"id":3164,"date":"2020-12-13T01:14:51","date_gmt":"2020-12-13T01:14:51","guid":{"rendered":"https:\/\/dothoquynhanh.com\/?post_type=product&#038;p=3164"},"modified":"2020-12-18T14:46:00","modified_gmt":"2020-12-18T14:46:00","slug":"tuong-ngai-di-lac-ngoi","status":"publish","type":"product","link":"https:\/\/dothoquynhanh.com\/?product=tuong-ngai-di-lac-ngoi","title":{"rendered":"T\u01b0\u1ee3ng Ng\u00e0i Di L\u1eb7c Ng\u1ed3i"},"content":{"rendered":"<p><img loading=\"lazy\" decoding=\"async\" src=\"http:\/\/dothoquynhanh.com\/wp-content\/uploads\/2020\/12\/Tuong-Duc-Di-Lac-Ngoi-Nam-1-400x400.jpg\" alt=\"\" width=\"400\" height=\"400\" class=\"alignnone size-medium wp-image-3165\" srcset=\"https:\/\/dothoquynhanh.com\/wp-content\/uploads\/2020\/12\/Tuong-Duc-Di-Lac-Ngoi-Nam-1-400x400.jpg 400w, https:\/\/dothoquynhanh.com\/wp-content\/uploads\/2020\/12\/Tuong-Duc-Di-Lac-Ngoi-Nam-1-100x100.jpg 100w, https:\/\/dothoquynhanh.com\/wp-content\/uploads\/2020\/12\/Tuong-Duc-Di-Lac-Ngoi-Nam-1-510x510.jpg 510w, https:\/\/dothoquynhanh.com\/wp-content\/uploads\/2020\/12\/Tuong-Duc-Di-Lac-Ngoi-Nam-1-280x280.jpg 280w, https:\/\/dothoquynhanh.com\/wp-content\/uploads\/2020\/12\/Tuong-Duc-Di-Lac-Ngoi-Nam-1-768x768.jpg 768w, https:\/\/dothoquynhanh.com\/wp-content\/uploads\/2020\/12\/Tuong-Duc-Di-Lac-Ngoi-Nam-1.jpg 800w\" sizes=\"auto, (max-width: 400px) 100vw, 400px\" \/><br \/>\n T\u01b0\u1ee3ng Di L\u1eb7c ng\u1ed3i c\u01b0\u1eddi, c\u1ed5 \u0111eo tr\u00e0ng h\u1ea1t v\u00e0ng, tay ph\u1ea3i \u0111\u1eb7t tr\u00ean t\u00fai bao b\u1ed1, tay tr\u00e1i c\u1ea7m chu\u1ed7i v\u00f2ng<br \/>\n Di\u1ec7n t\u01b0\u1ee3ng \u0111\u1eb9p, c\u00e1c \u0111\u01b0\u1eddng n\u00e9t \u0111\u01b0\u1ee3c thi\u1ebft k\u1ebf tinh x\u1ea3o, m\u1ea7u da \u0111\u01b0\u1ee3c s\u01a1n h\u1ed3ng, trang ph\u1ee5c m\u00e0u v\u00e0ng h\u1ed5 ph\u00e1ch \u0111\u1eb9p m\u1eaft<br \/>\n Ch\u1ea5t li\u1ec7u l\u00e0m b\u1eb1ng b\u1ed9t \u0111\u00e1 cao c\u1ea5p, ch\u1eafc ch\u1eafn, b\u1ec1n \u0111\u1eb9p theo th\u1eddi gian<br \/>\n K\u00edch th\u01b0\u1edbc :41cm \u2013 48cm<br \/>\n Giao h\u00e0ng t\u1eadn n\u01a1i to\u00e0n qu\u1ed1c<br \/>\n Ki\u1ec3m tra h\u00e0ng, \u01b0ng \u00fd m\u1edbi thanh to\u00e1n<br \/>\n Mua s\u1ed1 l\u01b0\u1ee3ng l\u1edbn c\u00f3 \u01b0u \u0111\u00e3i ri\u00eang<br \/>\n Nh\u1eadn \u0111\u1eb7t s\u1ea3n ph\u1ea9m ri\u00eang theo y\u00eau c\u1ea7u.<br \/>\nTH\u00d4NG TIN B\u1ed4 SUNG<br \/>\nT\u01af\u1ee2NG PH\u1eacT &#8211; K\u00cdCH TH\u01af\u1edaC<br \/>\n16 inch (40.6cm), 19 inch (48cm)<\/p>\n<p>T\u01af\u1ee2NG PH\u1eacT &#8211; T\u01af TH\u1ebe<br \/>\nNg\u1ed3i N\u1eb1m<\/p>\n<p>XU\u1ea4T X\u1ee8<br \/>\n\u0110\u00e0i Loan<\/p>\n<p>T\u01af\u1ee2NG PH\u1eacT &#8211; CH\u1ea4T LI\u1ec6U<br \/>\nB\u1ed9t \u0110\u00e1 V\u00e0ng H\u1ed5 Ph\u00e1ch (FYF)<\/p>\n","protected":false},"excerpt":{"rendered":"<p> T\u01b0\u1ee3ng Di L\u1eb7c ng\u1ed3i c\u01b0\u1eddi, c\u1ed5 \u0111eo tr\u00e0ng h\u1ea1t v\u00e0ng, tay ph\u1ea3i \u0111\u1eb7t tr\u00ean t\u00fai bao b\u1ed1, tay tr\u00e1i c\u1ea7m chu\u1ed7i v\u00f2ng<br \/>\n Di\u1ec7n t\u01b0\u1ee3ng \u0111\u1eb9p, c\u00e1c \u0111\u01b0\u1eddng n\u00e9t \u0111\u01b0\u1ee3c thi\u1ebft k\u1ebf tinh x\u1ea3o, m\u1ea7u da \u0111\u01b0\u1ee3c s\u01a1n h\u1ed3ng, trang ph\u1ee5c m\u00e0u v\u00e0ng h\u1ed5 ph\u00e1ch \u0111\u1eb9p m\u1eaft<br \/>\n Ch\u1ea5t li\u1ec7u l\u00e0m b\u1eb1ng b\u1ed9t \u0111\u00e1 cao c\u1ea5p, ch\u1eafc ch\u1eafn, b\u1ec1n \u0111\u1eb9p theo th\u1eddi gian<br \/>\n K\u00edch th\u01b0\u1edbc :41cm \u2013 48cm<\/p>\n","protected":false},"featured_media":3165,"comment_status":"open","ping_status":"closed","template":"","meta":[],"product_brand":[],"product_cat":[15,514,583],"product_tag":[],"class_list":{"0":"post-3164","1":"product","2":"type-product","3":"status-publish","4":"has-post-thumbnail","6":"product_cat-top-san-pham-ban-chay","7":"product_cat-tuong","8":"product_cat-tuong-di-lac-tuong-phat","10":"first","11":"instock","12":"shipping-taxable","13":"purchasable","14":"product-type-simple"},"yoast_head":"<!-- This site is optimized with the Yoast SEO plugin v27.5 - https:\/\/yoast.com\/product\/yoast-seo-wordpress\/ -->\n<title>T\u01b0\u1ee3ng Ng\u00e0i Di L\u1eb7c Ng\u1ed3i - dothoquynhanh<\/title>\n<meta name=\"robots\" content=\"index, follow, max-snippet:-1, max-image-preview:large, max-video-preview:-1\" \/>\n<link rel=\"canonical\" href=\"https:\/\/dothoquynhanh.com\/?product=tuong-ngai-di-lac-ngoi\" \/>\n<meta property=\"og:locale\" content=\"vi_VN\" \/>\n<meta property=\"og:type\" content=\"article\" \/>\n<meta property=\"og:title\" content=\"T\u01b0\u1ee3ng Ng\u00e0i Di L\u1eb7c Ng\u1ed3i - dothoquynhanh\" \/>\n<meta property=\"og:description\" content=\"T\u01b0\u1ee3ng Di L\u1eb7c ng\u1ed3i c\u01b0\u1eddi, c\u1ed5 \u0111eo tr\u00e0ng h\u1ea1t v\u00e0ng, tay ph\u1ea3i \u0111\u1eb7t tr\u00ean t\u00fai bao b\u1ed1, tay tr\u00e1i c\u1ea7m chu\u1ed7i v\u00f2ng  Di\u1ec7n t\u01b0\u1ee3ng \u0111\u1eb9p, c\u00e1c \u0111\u01b0\u1eddng n\u00e9t \u0111\u01b0\u1ee3c thi\u1ebft k\u1ebf tinh x\u1ea3o, m\u1ea7u da \u0111\u01b0\u1ee3c s\u01a1n h\u1ed3ng, trang ph\u1ee5c m\u00e0u v\u00e0ng h\u1ed5 ph\u00e1ch \u0111\u1eb9p m\u1eaft   Ch\u1ea5t li\u1ec7u l\u00e0m b\u1eb1ng b\u1ed9t \u0111\u00e1 cao c\u1ea5p, ch\u1eafc ch\u1eafn, b\u1ec1n \u0111\u1eb9p theo th\u1eddi gian  K\u00edch th\u01b0\u1edbc :41cm \u2013 48cm\" \/>\n<meta property=\"og:url\" content=\"https:\/\/dothoquynhanh.com\/?product=tuong-ngai-di-lac-ngoi\" \/>\n<meta property=\"og:site_name\" content=\"dothoquynhanh\" \/>\n<meta property=\"article:modified_time\" content=\"2020-12-18T14:46:00+00:00\" \/>\n<meta property=\"og:image\" content=\"https:\/\/dothoquynhanh.com\/wp-content\/uploads\/2020\/12\/Tuong-Duc-Di-Lac-Ngoi-Nam-1.jpg\" \/>\n\t<meta property=\"og:image:width\" content=\"800\" \/>\n\t<meta property=\"og:image:height\" content=\"800\" \/>\n\t<meta property=\"og:image:type\" content=\"image\/jpeg\" \/>\n<meta name=\"twitter:card\" content=\"summary_large_image\" \/>\n<meta name=\"twitter:label1\" content=\"\u01af\u1edbc t\u00ednh th\u1eddi gian \u0111\u1ecdc\" \/>\n\t<meta name=\"twitter:data1\" content=\"1 ph\u00fat\" \/>\n<script type=\"application\/ld+json\" class=\"yoast-schema-graph\">{\"@context\":\"https:\\\/\\\/schema.org\",\"@graph\":[{\"@type\":\"WebPage\",\"@id\":\"https:\\\/\\\/dothoquynhanh.com\\\/?product=tuong-ngai-di-lac-ngoi\",\"url\":\"https:\\\/\\\/dothoquynhanh.com\\\/?product=tuong-ngai-di-lac-ngoi\",\"name\":\"T\u01b0\u1ee3ng Ng\u00e0i Di L\u1eb7c Ng\u1ed3i - dothoquynhanh\",\"isPartOf\":{\"@id\":\"https:\\\/\\\/dothoquynhanh.com\\\/#website\"},\"primaryImageOfPage\":{\"@id\":\"https:\\\/\\\/dothoquynhanh.com\\\/?product=tuong-ngai-di-lac-ngoi#primaryimage\"},\"image\":{\"@id\":\"https:\\\/\\\/dothoquynhanh.com\\\/?product=tuong-ngai-di-lac-ngoi#primaryimage\"},\"thumbnailUrl\":\"https:\\\/\\\/dothoquynhanh.com\\\/wp-content\\\/uploads\\\/2020\\\/12\\\/Tuong-Duc-Di-Lac-Ngoi-Nam-1.jpg\",\"datePublished\":\"2020-12-13T01:14:51+00:00\",\"dateModified\":\"2020-12-18T14:46:00+00:00\",\"breadcrumb\":{\"@id\":\"https:\\\/\\\/dothoquynhanh.com\\\/?product=tuong-ngai-di-lac-ngoi#breadcrumb\"},\"inLanguage\":\"vi\",\"potentialAction\":[{\"@type\":\"ReadAction\",\"target\":[\"https:\\\/\\\/dothoquynhanh.com\\\/?product=tuong-ngai-di-lac-ngoi\"]}]},{\"@type\":\"ImageObject\",\"inLanguage\":\"vi\",\"@id\":\"https:\\\/\\\/dothoquynhanh.com\\\/?product=tuong-ngai-di-lac-ngoi#primaryimage\",\"url\":\"https:\\\/\\\/dothoquynhanh.com\\\/wp-content\\\/uploads\\\/2020\\\/12\\\/Tuong-Duc-Di-Lac-Ngoi-Nam-1.jpg\",\"contentUrl\":\"https:\\\/\\\/dothoquynhanh.com\\\/wp-content\\\/uploads\\\/2020\\\/12\\\/Tuong-Duc-Di-Lac-Ngoi-Nam-1.jpg\",\"width\":800,\"height\":800},{\"@type\":\"BreadcrumbList\",\"@id\":\"https:\\\/\\\/dothoquynhanh.com\\\/?product=tuong-ngai-di-lac-ngoi#breadcrumb\",\"itemListElement\":[{\"@type\":\"ListItem\",\"position\":1,\"name\":\"Trang ch\u1ee7\",\"item\":\"https:\\\/\\\/dothoquynhanh.com\\\/\"},{\"@type\":\"ListItem\",\"position\":2,\"name\":\"S\u1ea3n ph\u1ea9m\",\"item\":\"https:\\\/\\\/dothoquynhanh.com\\\/?page_id=64\"},{\"@type\":\"ListItem\",\"position\":3,\"name\":\"T\u01b0\u1ee3ng Ng\u00e0i Di L\u1eb7c Ng\u1ed3i\"}]},{\"@type\":\"WebSite\",\"@id\":\"https:\\\/\\\/dothoquynhanh.com\\\/#website\",\"url\":\"https:\\\/\\\/dothoquynhanh.com\\\/\",\"name\":\"dothoquynhanh\",\"description\":\"\u0110\u1ed2 TH\u1edc PHONG TH\u1ee6Y CAO C\u1ea4P QU\u1ef2NH ANH\",\"publisher\":{\"@id\":\"https:\\\/\\\/dothoquynhanh.com\\\/#\\\/schema\\\/person\\\/9a6a0bff9151168cc437e710214dc286\"},\"potentialAction\":[{\"@type\":\"SearchAction\",\"target\":{\"@type\":\"EntryPoint\",\"urlTemplate\":\"https:\\\/\\\/dothoquynhanh.com\\\/?s={search_term_string}\"},\"query-input\":{\"@type\":\"PropertyValueSpecification\",\"valueRequired\":true,\"valueName\":\"search_term_string\"}}],\"inLanguage\":\"vi\"},{\"@type\":[\"Person\",\"Organization\"],\"@id\":\"https:\\\/\\\/dothoquynhanh.com\\\/#\\\/schema\\\/person\\\/9a6a0bff9151168cc437e710214dc286\",\"name\":\"Qu\u1ef3nh Anh\",\"image\":{\"@type\":\"ImageObject\",\"inLanguage\":\"vi\",\"@id\":\"https:\\\/\\\/secure.gravatar.com\\\/avatar\\\/a86689d41574456e4a65d69a1f70c64ef3172d5d71e939217b478f5347cec268?s=96&d=mm&r=g\",\"url\":\"https:\\\/\\\/secure.gravatar.com\\\/avatar\\\/a86689d41574456e4a65d69a1f70c64ef3172d5d71e939217b478f5347cec268?s=96&d=mm&r=g\",\"contentUrl\":\"https:\\\/\\\/secure.gravatar.com\\\/avatar\\\/a86689d41574456e4a65d69a1f70c64ef3172d5d71e939217b478f5347cec268?s=96&d=mm&r=g\",\"caption\":\"Qu\u1ef3nh Anh\"},\"logo\":{\"@id\":\"https:\\\/\\\/secure.gravatar.com\\\/avatar\\\/a86689d41574456e4a65d69a1f70c64ef3172d5d71e939217b478f5347cec268?s=96&d=mm&r=g\"},\"sameAs\":[\"https:\\\/\\\/dothoquynhanh.com\",\"admin\"]}]}<\/script>\n<!-- \/ Yoast SEO plugin. -->","yoast_head_json":{"title":"T\u01b0\u1ee3ng Ng\u00e0i Di L\u1eb7c Ng\u1ed3i - dothoquynhanh","robots":{"index":"index","follow":"follow","max-snippet":"max-snippet:-1","max-image-preview":"max-image-preview:large","max-video-preview":"max-video-preview:-1"},"canonical":"https:\/\/dothoquynhanh.com\/?product=tuong-ngai-di-lac-ngoi","og_locale":"vi_VN","og_type":"article","og_title":"T\u01b0\u1ee3ng Ng\u00e0i Di L\u1eb7c Ng\u1ed3i - dothoquynhanh","og_description":"T\u01b0\u1ee3ng Di L\u1eb7c ng\u1ed3i c\u01b0\u1eddi, c\u1ed5 \u0111eo tr\u00e0ng h\u1ea1t v\u00e0ng, tay ph\u1ea3i \u0111\u1eb7t tr\u00ean t\u00fai bao b\u1ed1, tay tr\u00e1i c\u1ea7m chu\u1ed7i v\u00f2ng  Di\u1ec7n t\u01b0\u1ee3ng \u0111\u1eb9p, c\u00e1c \u0111\u01b0\u1eddng n\u00e9t \u0111\u01b0\u1ee3c thi\u1ebft k\u1ebf tinh x\u1ea3o, m\u1ea7u da \u0111\u01b0\u1ee3c s\u01a1n h\u1ed3ng, trang ph\u1ee5c m\u00e0u v\u00e0ng h\u1ed5 ph\u00e1ch \u0111\u1eb9p m\u1eaft   Ch\u1ea5t li\u1ec7u l\u00e0m b\u1eb1ng b\u1ed9t \u0111\u00e1 cao c\u1ea5p, ch\u1eafc ch\u1eafn, b\u1ec1n \u0111\u1eb9p theo th\u1eddi gian  K\u00edch th\u01b0\u1edbc :41cm \u2013 48cm","og_url":"https:\/\/dothoquynhanh.com\/?product=tuong-ngai-di-lac-ngoi","og_site_name":"dothoquynhanh","article_modified_time":"2020-12-18T14:46:00+00:00","og_image":[{"width":800,"height":800,"url":"https:\/\/dothoquynhanh.com\/wp-content\/uploads\/2020\/12\/Tuong-Duc-Di-Lac-Ngoi-Nam-1.jpg","type":"image\/jpeg"}],"twitter_card":"summary_large_image","twitter_misc":{"\u01af\u1edbc t\u00ednh th\u1eddi gian \u0111\u1ecdc":"1 ph\u00fat"},"schema":{"@context":"https:\/\/schema.org","@graph":[{"@type":"WebPage","@id":"https:\/\/dothoquynhanh.com\/?product=tuong-ngai-di-lac-ngoi","url":"https:\/\/dothoquynhanh.com\/?product=tuong-ngai-di-lac-ngoi","name":"T\u01b0\u1ee3ng Ng\u00e0i Di L\u1eb7c Ng\u1ed3i - dothoquynhanh","isPartOf":{"@id":"https:\/\/dothoquynhanh.com\/#website"},"primaryImageOfPage":{"@id":"https:\/\/dothoquynhanh.com\/?product=tuong-ngai-di-lac-ngoi#primaryimage"},"image":{"@id":"https:\/\/dothoquynhanh.com\/?product=tuong-ngai-di-lac-ngoi#primaryimage"},"thumbnailUrl":"https:\/\/dothoquynhanh.com\/wp-content\/uploads\/2020\/12\/Tuong-Duc-Di-Lac-Ngoi-Nam-1.jpg","datePublished":"2020-12-13T01:14:51+00:00","dateModified":"2020-12-18T14:46:00+00:00","breadcrumb":{"@id":"https:\/\/dothoquynhanh.com\/?product=tuong-ngai-di-lac-ngoi#breadcrumb"},"inLanguage":"vi","potentialAction":[{"@type":"ReadAction","target":["https:\/\/dothoquynhanh.com\/?product=tuong-ngai-di-lac-ngoi"]}]},{"@type":"ImageObject","inLanguage":"vi","@id":"https:\/\/dothoquynhanh.com\/?product=tuong-ngai-di-lac-ngoi#primaryimage","url":"https:\/\/dothoquynhanh.com\/wp-content\/uploads\/2020\/12\/Tuong-Duc-Di-Lac-Ngoi-Nam-1.jpg","contentUrl":"https:\/\/dothoquynhanh.com\/wp-content\/uploads\/2020\/12\/Tuong-Duc-Di-Lac-Ngoi-Nam-1.jpg","width":800,"height":800},{"@type":"BreadcrumbList","@id":"https:\/\/dothoquynhanh.com\/?product=tuong-ngai-di-lac-ngoi#breadcrumb","itemListElement":[{"@type":"ListItem","position":1,"name":"Trang ch\u1ee7","item":"https:\/\/dothoquynhanh.com\/"},{"@type":"ListItem","position":2,"name":"S\u1ea3n ph\u1ea9m","item":"https:\/\/dothoquynhanh.com\/?page_id=64"},{"@type":"ListItem","position":3,"name":"T\u01b0\u1ee3ng Ng\u00e0i Di L\u1eb7c Ng\u1ed3i"}]},{"@type":"WebSite","@id":"https:\/\/dothoquynhanh.com\/#website","url":"https:\/\/dothoquynhanh.com\/","name":"dothoquynhanh","description":"\u0110\u1ed2 TH\u1edc PHONG TH\u1ee6Y CAO C\u1ea4P QU\u1ef2NH ANH","publisher":{"@id":"https:\/\/dothoquynhanh.com\/#\/schema\/person\/9a6a0bff9151168cc437e710214dc286"},"potentialAction":[{"@type":"SearchAction","target":{"@type":"EntryPoint","urlTemplate":"https:\/\/dothoquynhanh.com\/?s={search_term_string}"},"query-input":{"@type":"PropertyValueSpecification","valueRequired":true,"valueName":"search_term_string"}}],"inLanguage":"vi"},{"@type":["Person","Organization"],"@id":"https:\/\/dothoquynhanh.com\/#\/schema\/person\/9a6a0bff9151168cc437e710214dc286","name":"Qu\u1ef3nh Anh","image":{"@type":"ImageObject","inLanguage":"vi","@id":"https:\/\/secure.gravatar.com\/avatar\/a86689d41574456e4a65d69a1f70c64ef3172d5d71e939217b478f5347cec268?s=96&d=mm&r=g","url":"https:\/\/secure.gravatar.com\/avatar\/a86689d41574456e4a65d69a1f70c64ef3172d5d71e939217b478f5347cec268?s=96&d=mm&r=g","contentUrl":"https:\/\/secure.gravatar.com\/avatar\/a86689d41574456e4a65d69a1f70c64ef3172d5d71e939217b478f5347cec268?s=96&d=mm&r=g","caption":"Qu\u1ef3nh Anh"},"logo":{"@id":"https:\/\/secure.gravatar.com\/avatar\/a86689d41574456e4a65d69a1f70c64ef3172d5d71e939217b478f5347cec268?s=96&d=mm&r=g"},"sameAs":["https:\/\/dothoquynhanh.com","admin"]}]}},"_links":{"self":[{"href":"https:\/\/dothoquynhanh.com\/index.php?rest_route=\/wp\/v2\/product\/3164","targetHints":{"allow":["GET"]}}],"collection":[{"href":"https:\/\/dothoquynhanh.com\/index.php?rest_route=\/wp\/v2\/product"}],"about":[{"href":"https:\/\/dothoquynhanh.com\/index.php?rest_route=\/wp\/v2\/types\/product"}],"replies":[{"embeddable":true,"href":"https:\/\/dothoquynhanh.com\/index.php?rest_route=%2Fwp%2Fv2%2Fcomments&post=3164"}],"wp:featuredmedia":[{"embeddable":true,"href":"https:\/\/dothoquynhanh.com\/index.php?rest_route=\/wp\/v2\/media\/3165"}],"wp:attachment":[{"href":"https:\/\/dothoquynhanh.com\/index.php?rest_route=%2Fwp%2Fv2%2Fmedia&parent=3164"}],"wp:term":[{"taxonomy":"product_brand","embeddable":true,"href":"https:\/\/dothoquynhanh.com\/index.php?rest_route=%2Fwp%2Fv2%2Fproduct_brand&post=3164"},{"taxonomy":"product_cat","embeddable":true,"href":"https:\/\/dothoquynhanh.com\/index.php?rest_route=%2Fwp%2Fv2%2Fproduct_cat&post=3164"},{"taxonomy":"product_tag","embeddable":true,"href":"https:\/\/dothoquynhanh.com\/index.php?rest_route=%2Fwp%2Fv2%2Fproduct_tag&post=3164"}],"curies":[{"name":"wp","href":"https:\/\/api.w.org\/{rel}","templated":true}]}}