{"id":3137,"date":"2020-12-11T09:50:03","date_gmt":"2020-12-11T09:50:03","guid":{"rendered":"https:\/\/dothoquynhanh.com\/?post_type=product&#038;p=3137"},"modified":"2020-12-11T09:50:03","modified_gmt":"2020-12-11T09:50:03","slug":"bo-do-tho-luu-ly-vang-boc-dong","status":"publish","type":"product","link":"https:\/\/dothoquynhanh.com\/?product=bo-do-tho-luu-ly-vang-boc-dong","title":{"rendered":"B\u1ed9 \u0110\u1ed3 Th\u1edd L\u01b0u Ly V\u00e0ng B\u1ecdc \u0110\u1ed3ng"},"content":{"rendered":"<p><img loading=\"lazy\" decoding=\"async\" src=\"http:\/\/dothoquynhanh.com\/wp-content\/uploads\/2020\/12\/Bo-Do-Tho-Luu-Ly-Vang-Boc-Dong-400x400.jpg\" alt=\"\" width=\"400\" height=\"400\" class=\"alignnone size-medium wp-image-3138\" srcset=\"https:\/\/dothoquynhanh.com\/wp-content\/uploads\/2020\/12\/Bo-Do-Tho-Luu-Ly-Vang-Boc-Dong-400x400.jpg 400w, https:\/\/dothoquynhanh.com\/wp-content\/uploads\/2020\/12\/Bo-Do-Tho-Luu-Ly-Vang-Boc-Dong-100x100.jpg 100w, https:\/\/dothoquynhanh.com\/wp-content\/uploads\/2020\/12\/Bo-Do-Tho-Luu-Ly-Vang-Boc-Dong-510x510.jpg 510w, https:\/\/dothoquynhanh.com\/wp-content\/uploads\/2020\/12\/Bo-Do-Tho-Luu-Ly-Vang-Boc-Dong-280x280.jpg 280w, https:\/\/dothoquynhanh.com\/wp-content\/uploads\/2020\/12\/Bo-Do-Tho-Luu-Ly-Vang-Boc-Dong-768x768.jpg 768w, https:\/\/dothoquynhanh.com\/wp-content\/uploads\/2020\/12\/Bo-Do-Tho-Luu-Ly-Vang-Boc-Dong.jpg 800w\" sizes=\"auto, (max-width: 400px) 100vw, 400px\" \/><br \/>\nTH\u00d4NG TIN B\u1ed4 SUNG<br \/>\n\u0110\u1ed2 TH\u1edc &#8211; CH\u1ea4T LI\u1ec6U<br \/>\n\u0110\u1ed3ng, L\u01b0u Ly<\/p>\n<p>\u0110\u0129a L\u01b0u Ly Ch\u00e2n \u0110\u1ed3ng M\u00e0u V\u00e0ng In L\u00e1 Sen N\u1ed5i, \u0110\u01b0\u1eddng K\u00ednh 22.5cm<br \/>\n\u0110\u1ed2 TH\u1edc &#8211; CH\u1ea4T LI\u1ec6U<br \/>\nL\u01b0u Ly<\/p>\n<p>B\u00e1t H\u01b0\u01a1ng L\u01b0u Ly T\u00e2m Kinh Vi\u1ec1n Th\u1eb3ng, Kh\u1eafc Ch\u00ecm Hoa Sen Ch\u1eef Ph\u1eadt V\u00e0ng, 5-7inch<br \/>\n\u0110\u1ed2 TH\u1edc &#8211; CH\u1ea4T LI\u1ec6U<br \/>\nL\u01b0u Ly<\/p>\n<p>\u0110\u1ed2 TH\u1edc &#8211; K\u00cdCH TH\u01af\u1edaC<br \/>\n5 inch (12.5cm), 7 inch (17.5cm)<\/p>\n<p>Ch\u00e9n L\u01b0u Ly Hoa Sen N\u1ed5i B\u1ecdc \u0110\u1ed3ng M\u00e0u V\u00e0ng<br \/>\n\u0110\u1ed2 TH\u1edc &#8211; CH\u1ea4T LI\u1ec6U<br \/>\nL\u01b0u Ly<\/p>\n<p>\u0110\u1ed2 TH\u1edc &#8211; M\u00c0U S\u1eaeC<br \/>\nM\u00e0u V\u00e0ng<\/p>\n<p>L\u1ecd Hoa L\u01b0u Ly Mi\u1ec7ng \u0110\u1ed3ng H\u00ecnh L\u00e1 Sen, Cao 20cm<br \/>\n\u0110\u1ed2 TH\u1edc &#8211; CH\u1ea4T LI\u1ec6U<br \/>\nL\u01b0u Ly<\/p>\n<p>\u0110\u1ed2 TH\u1edc &#8211; K\u00cdCH TH\u01af\u1edaC<br \/>\n20cm<\/p>\n<p>\u0110\u00f4i \u0110\u00e8n \u0110\u1ed3ng Hoa Sen L\u01b0u Ly Quan \u00c2m M\u1ea7u V\u00e0ng, Cao 20 &#8211; 47cm<br \/>\n\u0110\u1ed2 TH\u1edc &#8211; B\u1ed8 \u0110\u1ed2 TH\u1edc<br \/>\nDGKD \u2013 B\u1ed9 \u0111\u1ed3 th\u1edd L\u01b0u Ly V\u00e0ng<\/p>\n<p>\u0110\u1ed2 TH\u1edc &#8211; CH\u1ea4T LI\u1ec6U<br \/>\n\u0110\u1ed3ng, L\u01b0u Ly<\/p>\n<p>\u0110\u1ed2 TH\u1edc &#8211; K\u00cdCH TH\u01af\u1edaC<br \/>\n08 inch (20cm), 10 inch (25cm), 12 inch (30cm), 15 inch (38cm), 18.6 inch (47cm)<\/p>\n<p>\u0110\u1ed2 TH\u1edc &#8211; M\u00c0U S\u1eaeC<br \/>\nM\u00e0u \u0110\u1ed3ng, M\u00e0u V\u00e0ng<\/p>\n","protected":false},"excerpt":{"rendered":"<p> B\u1ed9 \u0110\u1ed3 Th\u1edd L\u01b0u Ly V\u00e0ng B\u1ecdc \u0110\u1ed3ng<br \/>\nGiao h\u00e0ng t\u1eadn n\u01a1i to\u00e0n qu\u1ed1c<br \/>\n Ki\u1ec3m tra s\u1ea3n ph\u1ea9m tr\u01b0\u1edbc khi thanh to\u00e1n<br \/>\n \u01afu \u0111\u00e3i khi mua s\u1ed1 l\u01b0\u1ee3ng cho Ch\u00f9a, \u0110\u1ea1o tr\u00e0ng<br \/>\n Nh\u1eadn \u0111\u1eb7t s\u1ea3n ph\u1ea9m ri\u00eang theo y\u00eau c\u1ea7u.<\/p>\n","protected":false},"featured_media":3138,"comment_status":"open","ping_status":"closed","template":"","meta":[],"product_brand":[],"product_cat":[541,539,540,538],"product_tag":[],"class_list":{"0":"post-3137","1":"product","2":"type-product","3":"status-publish","4":"has-post-thumbnail","6":"product_cat-bat-huong-lu-huong","7":"product_cat-chen-nuoc-tho","8":"product_cat-dia-tho-mam-bong","9":"product_cat-do-tho","11":"first","12":"instock","13":"shipping-taxable","14":"purchasable","15":"product-type-simple"},"yoast_head":"<!-- This site is optimized with the Yoast SEO plugin v27.5 - https:\/\/yoast.com\/product\/yoast-seo-wordpress\/ -->\n<title>B\u1ed9 \u0110\u1ed3 Th\u1edd L\u01b0u Ly V\u00e0ng B\u1ecdc \u0110\u1ed3ng - dothoquynhanh<\/title>\n<meta name=\"robots\" content=\"index, follow, max-snippet:-1, max-image-preview:large, max-video-preview:-1\" \/>\n<link rel=\"canonical\" href=\"https:\/\/dothoquynhanh.com\/?product=bo-do-tho-luu-ly-vang-boc-dong\" \/>\n<meta property=\"og:locale\" content=\"vi_VN\" \/>\n<meta property=\"og:type\" content=\"article\" \/>\n<meta property=\"og:title\" content=\"B\u1ed9 \u0110\u1ed3 Th\u1edd L\u01b0u Ly V\u00e0ng B\u1ecdc \u0110\u1ed3ng - dothoquynhanh\" \/>\n<meta property=\"og:description\" content=\"B\u1ed9 \u0110\u1ed3 Th\u1edd L\u01b0u Ly V\u00e0ng B\u1ecdc \u0110\u1ed3ng Giao h\u00e0ng t\u1eadn n\u01a1i to\u00e0n qu\u1ed1c  Ki\u1ec3m tra s\u1ea3n ph\u1ea9m tr\u01b0\u1edbc khi thanh to\u00e1n  \u01afu \u0111\u00e3i khi mua s\u1ed1 l\u01b0\u1ee3ng cho Ch\u00f9a, \u0110\u1ea1o tr\u00e0ng  Nh\u1eadn \u0111\u1eb7t s\u1ea3n ph\u1ea9m ri\u00eang theo y\u00eau c\u1ea7u.\" \/>\n<meta property=\"og:url\" content=\"https:\/\/dothoquynhanh.com\/?product=bo-do-tho-luu-ly-vang-boc-dong\" \/>\n<meta property=\"og:site_name\" content=\"dothoquynhanh\" \/>\n<meta property=\"og:image\" content=\"https:\/\/dothoquynhanh.com\/wp-content\/uploads\/2020\/12\/Bo-Do-Tho-Luu-Ly-Vang-Boc-Dong.jpg\" \/>\n\t<meta property=\"og:image:width\" content=\"800\" \/>\n\t<meta property=\"og:image:height\" content=\"800\" \/>\n\t<meta property=\"og:image:type\" content=\"image\/jpeg\" \/>\n<meta name=\"twitter:card\" content=\"summary_large_image\" \/>\n<meta name=\"twitter:label1\" content=\"\u01af\u1edbc t\u00ednh th\u1eddi gian \u0111\u1ecdc\" \/>\n\t<meta name=\"twitter:data1\" content=\"1 ph\u00fat\" \/>\n<script type=\"application\/ld+json\" class=\"yoast-schema-graph\">{\"@context\":\"https:\\\/\\\/schema.org\",\"@graph\":[{\"@type\":\"WebPage\",\"@id\":\"https:\\\/\\\/dothoquynhanh.com\\\/?product=bo-do-tho-luu-ly-vang-boc-dong\",\"url\":\"https:\\\/\\\/dothoquynhanh.com\\\/?product=bo-do-tho-luu-ly-vang-boc-dong\",\"name\":\"B\u1ed9 \u0110\u1ed3 Th\u1edd L\u01b0u Ly V\u00e0ng B\u1ecdc \u0110\u1ed3ng - dothoquynhanh\",\"isPartOf\":{\"@id\":\"https:\\\/\\\/dothoquynhanh.com\\\/#website\"},\"primaryImageOfPage\":{\"@id\":\"https:\\\/\\\/dothoquynhanh.com\\\/?product=bo-do-tho-luu-ly-vang-boc-dong#primaryimage\"},\"image\":{\"@id\":\"https:\\\/\\\/dothoquynhanh.com\\\/?product=bo-do-tho-luu-ly-vang-boc-dong#primaryimage\"},\"thumbnailUrl\":\"https:\\\/\\\/dothoquynhanh.com\\\/wp-content\\\/uploads\\\/2020\\\/12\\\/Bo-Do-Tho-Luu-Ly-Vang-Boc-Dong.jpg\",\"datePublished\":\"2020-12-11T09:50:03+00:00\",\"breadcrumb\":{\"@id\":\"https:\\\/\\\/dothoquynhanh.com\\\/?product=bo-do-tho-luu-ly-vang-boc-dong#breadcrumb\"},\"inLanguage\":\"vi\",\"potentialAction\":[{\"@type\":\"ReadAction\",\"target\":[\"https:\\\/\\\/dothoquynhanh.com\\\/?product=bo-do-tho-luu-ly-vang-boc-dong\"]}]},{\"@type\":\"ImageObject\",\"inLanguage\":\"vi\",\"@id\":\"https:\\\/\\\/dothoquynhanh.com\\\/?product=bo-do-tho-luu-ly-vang-boc-dong#primaryimage\",\"url\":\"https:\\\/\\\/dothoquynhanh.com\\\/wp-content\\\/uploads\\\/2020\\\/12\\\/Bo-Do-Tho-Luu-Ly-Vang-Boc-Dong.jpg\",\"contentUrl\":\"https:\\\/\\\/dothoquynhanh.com\\\/wp-content\\\/uploads\\\/2020\\\/12\\\/Bo-Do-Tho-Luu-Ly-Vang-Boc-Dong.jpg\",\"width\":800,\"height\":800},{\"@type\":\"BreadcrumbList\",\"@id\":\"https:\\\/\\\/dothoquynhanh.com\\\/?product=bo-do-tho-luu-ly-vang-boc-dong#breadcrumb\",\"itemListElement\":[{\"@type\":\"ListItem\",\"position\":1,\"name\":\"Trang ch\u1ee7\",\"item\":\"https:\\\/\\\/dothoquynhanh.com\\\/\"},{\"@type\":\"ListItem\",\"position\":2,\"name\":\"S\u1ea3n ph\u1ea9m\",\"item\":\"https:\\\/\\\/dothoquynhanh.com\\\/?page_id=64\"},{\"@type\":\"ListItem\",\"position\":3,\"name\":\"B\u1ed9 \u0110\u1ed3 Th\u1edd L\u01b0u Ly V\u00e0ng B\u1ecdc \u0110\u1ed3ng\"}]},{\"@type\":\"WebSite\",\"@id\":\"https:\\\/\\\/dothoquynhanh.com\\\/#website\",\"url\":\"https:\\\/\\\/dothoquynhanh.com\\\/\",\"name\":\"dothoquynhanh\",\"description\":\"\u0110\u1ed2 TH\u1edc PHONG TH\u1ee6Y CAO C\u1ea4P QU\u1ef2NH ANH\",\"publisher\":{\"@id\":\"https:\\\/\\\/dothoquynhanh.com\\\/#\\\/schema\\\/person\\\/9a6a0bff9151168cc437e710214dc286\"},\"potentialAction\":[{\"@type\":\"SearchAction\",\"target\":{\"@type\":\"EntryPoint\",\"urlTemplate\":\"https:\\\/\\\/dothoquynhanh.com\\\/?s={search_term_string}\"},\"query-input\":{\"@type\":\"PropertyValueSpecification\",\"valueRequired\":true,\"valueName\":\"search_term_string\"}}],\"inLanguage\":\"vi\"},{\"@type\":[\"Person\",\"Organization\"],\"@id\":\"https:\\\/\\\/dothoquynhanh.com\\\/#\\\/schema\\\/person\\\/9a6a0bff9151168cc437e710214dc286\",\"name\":\"Qu\u1ef3nh Anh\",\"image\":{\"@type\":\"ImageObject\",\"inLanguage\":\"vi\",\"@id\":\"https:\\\/\\\/secure.gravatar.com\\\/avatar\\\/a86689d41574456e4a65d69a1f70c64ef3172d5d71e939217b478f5347cec268?s=96&d=mm&r=g\",\"url\":\"https:\\\/\\\/secure.gravatar.com\\\/avatar\\\/a86689d41574456e4a65d69a1f70c64ef3172d5d71e939217b478f5347cec268?s=96&d=mm&r=g\",\"contentUrl\":\"https:\\\/\\\/secure.gravatar.com\\\/avatar\\\/a86689d41574456e4a65d69a1f70c64ef3172d5d71e939217b478f5347cec268?s=96&d=mm&r=g\",\"caption\":\"Qu\u1ef3nh Anh\"},\"logo\":{\"@id\":\"https:\\\/\\\/secure.gravatar.com\\\/avatar\\\/a86689d41574456e4a65d69a1f70c64ef3172d5d71e939217b478f5347cec268?s=96&d=mm&r=g\"},\"sameAs\":[\"https:\\\/\\\/dothoquynhanh.com\",\"admin\"]}]}<\/script>\n<!-- \/ Yoast SEO plugin. -->","yoast_head_json":{"title":"B\u1ed9 \u0110\u1ed3 Th\u1edd L\u01b0u Ly V\u00e0ng B\u1ecdc \u0110\u1ed3ng - dothoquynhanh","robots":{"index":"index","follow":"follow","max-snippet":"max-snippet:-1","max-image-preview":"max-image-preview:large","max-video-preview":"max-video-preview:-1"},"canonical":"https:\/\/dothoquynhanh.com\/?product=bo-do-tho-luu-ly-vang-boc-dong","og_locale":"vi_VN","og_type":"article","og_title":"B\u1ed9 \u0110\u1ed3 Th\u1edd L\u01b0u Ly V\u00e0ng B\u1ecdc \u0110\u1ed3ng - dothoquynhanh","og_description":"B\u1ed9 \u0110\u1ed3 Th\u1edd L\u01b0u Ly V\u00e0ng B\u1ecdc \u0110\u1ed3ng Giao h\u00e0ng t\u1eadn n\u01a1i to\u00e0n qu\u1ed1c  Ki\u1ec3m tra s\u1ea3n ph\u1ea9m tr\u01b0\u1edbc khi thanh to\u00e1n  \u01afu \u0111\u00e3i khi mua s\u1ed1 l\u01b0\u1ee3ng cho Ch\u00f9a, \u0110\u1ea1o tr\u00e0ng  Nh\u1eadn \u0111\u1eb7t s\u1ea3n ph\u1ea9m ri\u00eang theo y\u00eau c\u1ea7u.","og_url":"https:\/\/dothoquynhanh.com\/?product=bo-do-tho-luu-ly-vang-boc-dong","og_site_name":"dothoquynhanh","og_image":[{"width":800,"height":800,"url":"https:\/\/dothoquynhanh.com\/wp-content\/uploads\/2020\/12\/Bo-Do-Tho-Luu-Ly-Vang-Boc-Dong.jpg","type":"image\/jpeg"}],"twitter_card":"summary_large_image","twitter_misc":{"\u01af\u1edbc t\u00ednh th\u1eddi gian \u0111\u1ecdc":"1 ph\u00fat"},"schema":{"@context":"https:\/\/schema.org","@graph":[{"@type":"WebPage","@id":"https:\/\/dothoquynhanh.com\/?product=bo-do-tho-luu-ly-vang-boc-dong","url":"https:\/\/dothoquynhanh.com\/?product=bo-do-tho-luu-ly-vang-boc-dong","name":"B\u1ed9 \u0110\u1ed3 Th\u1edd L\u01b0u Ly V\u00e0ng B\u1ecdc \u0110\u1ed3ng - dothoquynhanh","isPartOf":{"@id":"https:\/\/dothoquynhanh.com\/#website"},"primaryImageOfPage":{"@id":"https:\/\/dothoquynhanh.com\/?product=bo-do-tho-luu-ly-vang-boc-dong#primaryimage"},"image":{"@id":"https:\/\/dothoquynhanh.com\/?product=bo-do-tho-luu-ly-vang-boc-dong#primaryimage"},"thumbnailUrl":"https:\/\/dothoquynhanh.com\/wp-content\/uploads\/2020\/12\/Bo-Do-Tho-Luu-Ly-Vang-Boc-Dong.jpg","datePublished":"2020-12-11T09:50:03+00:00","breadcrumb":{"@id":"https:\/\/dothoquynhanh.com\/?product=bo-do-tho-luu-ly-vang-boc-dong#breadcrumb"},"inLanguage":"vi","potentialAction":[{"@type":"ReadAction","target":["https:\/\/dothoquynhanh.com\/?product=bo-do-tho-luu-ly-vang-boc-dong"]}]},{"@type":"ImageObject","inLanguage":"vi","@id":"https:\/\/dothoquynhanh.com\/?product=bo-do-tho-luu-ly-vang-boc-dong#primaryimage","url":"https:\/\/dothoquynhanh.com\/wp-content\/uploads\/2020\/12\/Bo-Do-Tho-Luu-Ly-Vang-Boc-Dong.jpg","contentUrl":"https:\/\/dothoquynhanh.com\/wp-content\/uploads\/2020\/12\/Bo-Do-Tho-Luu-Ly-Vang-Boc-Dong.jpg","width":800,"height":800},{"@type":"BreadcrumbList","@id":"https:\/\/dothoquynhanh.com\/?product=bo-do-tho-luu-ly-vang-boc-dong#breadcrumb","itemListElement":[{"@type":"ListItem","position":1,"name":"Trang ch\u1ee7","item":"https:\/\/dothoquynhanh.com\/"},{"@type":"ListItem","position":2,"name":"S\u1ea3n ph\u1ea9m","item":"https:\/\/dothoquynhanh.com\/?page_id=64"},{"@type":"ListItem","position":3,"name":"B\u1ed9 \u0110\u1ed3 Th\u1edd L\u01b0u Ly V\u00e0ng B\u1ecdc \u0110\u1ed3ng"}]},{"@type":"WebSite","@id":"https:\/\/dothoquynhanh.com\/#website","url":"https:\/\/dothoquynhanh.com\/","name":"dothoquynhanh","description":"\u0110\u1ed2 TH\u1edc PHONG TH\u1ee6Y CAO C\u1ea4P QU\u1ef2NH ANH","publisher":{"@id":"https:\/\/dothoquynhanh.com\/#\/schema\/person\/9a6a0bff9151168cc437e710214dc286"},"potentialAction":[{"@type":"SearchAction","target":{"@type":"EntryPoint","urlTemplate":"https:\/\/dothoquynhanh.com\/?s={search_term_string}"},"query-input":{"@type":"PropertyValueSpecification","valueRequired":true,"valueName":"search_term_string"}}],"inLanguage":"vi"},{"@type":["Person","Organization"],"@id":"https:\/\/dothoquynhanh.com\/#\/schema\/person\/9a6a0bff9151168cc437e710214dc286","name":"Qu\u1ef3nh Anh","image":{"@type":"ImageObject","inLanguage":"vi","@id":"https:\/\/secure.gravatar.com\/avatar\/a86689d41574456e4a65d69a1f70c64ef3172d5d71e939217b478f5347cec268?s=96&d=mm&r=g","url":"https:\/\/secure.gravatar.com\/avatar\/a86689d41574456e4a65d69a1f70c64ef3172d5d71e939217b478f5347cec268?s=96&d=mm&r=g","contentUrl":"https:\/\/secure.gravatar.com\/avatar\/a86689d41574456e4a65d69a1f70c64ef3172d5d71e939217b478f5347cec268?s=96&d=mm&r=g","caption":"Qu\u1ef3nh Anh"},"logo":{"@id":"https:\/\/secure.gravatar.com\/avatar\/a86689d41574456e4a65d69a1f70c64ef3172d5d71e939217b478f5347cec268?s=96&d=mm&r=g"},"sameAs":["https:\/\/dothoquynhanh.com","admin"]}]}},"_links":{"self":[{"href":"https:\/\/dothoquynhanh.com\/index.php?rest_route=\/wp\/v2\/product\/3137","targetHints":{"allow":["GET"]}}],"collection":[{"href":"https:\/\/dothoquynhanh.com\/index.php?rest_route=\/wp\/v2\/product"}],"about":[{"href":"https:\/\/dothoquynhanh.com\/index.php?rest_route=\/wp\/v2\/types\/product"}],"replies":[{"embeddable":true,"href":"https:\/\/dothoquynhanh.com\/index.php?rest_route=%2Fwp%2Fv2%2Fcomments&post=3137"}],"wp:featuredmedia":[{"embeddable":true,"href":"https:\/\/dothoquynhanh.com\/index.php?rest_route=\/wp\/v2\/media\/3138"}],"wp:attachment":[{"href":"https:\/\/dothoquynhanh.com\/index.php?rest_route=%2Fwp%2Fv2%2Fmedia&parent=3137"}],"wp:term":[{"taxonomy":"product_brand","embeddable":true,"href":"https:\/\/dothoquynhanh.com\/index.php?rest_route=%2Fwp%2Fv2%2Fproduct_brand&post=3137"},{"taxonomy":"product_cat","embeddable":true,"href":"https:\/\/dothoquynhanh.com\/index.php?rest_route=%2Fwp%2Fv2%2Fproduct_cat&post=3137"},{"taxonomy":"product_tag","embeddable":true,"href":"https:\/\/dothoquynhanh.com\/index.php?rest_route=%2Fwp%2Fv2%2Fproduct_tag&post=3137"}],"curies":[{"name":"wp","href":"https:\/\/api.w.org\/{rel}","templated":true}]}}