{"id":3129,"date":"2020-12-11T09:35:40","date_gmt":"2020-12-11T09:35:40","guid":{"rendered":"https:\/\/dothoquynhanh.com\/?post_type=product&#038;p=3129"},"modified":"2021-01-11T08:06:06","modified_gmt":"2021-01-11T08:06:06","slug":"bo-do-tho-dong-son-den-cao-cap","status":"publish","type":"product","link":"https:\/\/dothoquynhanh.com\/?product=bo-do-tho-dong-son-den-cao-cap","title":{"rendered":"B\u1ed9 \u0110\u1ed3 Th\u1edd \u0110\u1ed3ng S\u01a1n \u0110en Cao C\u1ea5p"},"content":{"rendered":"<p><img loading=\"lazy\" decoding=\"async\" class=\"alignnone size-medium wp-image-3130 aligncenter\" src=\"http:\/\/dothoquynhanh.com\/wp-content\/uploads\/2020\/12\/Bo-Do-Tho-Dong-Son-Den-Cao-Cap-400x400.jpg\" alt=\"\" width=\"400\" height=\"400\" srcset=\"https:\/\/dothoquynhanh.com\/wp-content\/uploads\/2020\/12\/Bo-Do-Tho-Dong-Son-Den-Cao-Cap-400x400.jpg 400w, https:\/\/dothoquynhanh.com\/wp-content\/uploads\/2020\/12\/Bo-Do-Tho-Dong-Son-Den-Cao-Cap-100x100.jpg 100w, https:\/\/dothoquynhanh.com\/wp-content\/uploads\/2020\/12\/Bo-Do-Tho-Dong-Son-Den-Cao-Cap-510x510.jpg 510w, https:\/\/dothoquynhanh.com\/wp-content\/uploads\/2020\/12\/Bo-Do-Tho-Dong-Son-Den-Cao-Cap-280x280.jpg 280w, https:\/\/dothoquynhanh.com\/wp-content\/uploads\/2020\/12\/Bo-Do-Tho-Dong-Son-Den-Cao-Cap-768x768.jpg 768w, https:\/\/dothoquynhanh.com\/wp-content\/uploads\/2020\/12\/Bo-Do-Tho-Dong-Son-Den-Cao-Cap.jpg 800w\" sizes=\"auto, (max-width: 400px) 100vw, 400px\" \/><\/p>\n<h1 class=\"product-title product_title entry-title\">B\u1ed9 \u0110\u1ed3 Th\u1edd \u0110\u1ed3ng S\u01a1n \u0110en Cao C\u1ea5p \u2013 DTDD<br \/>\n<img loading=\"lazy\" decoding=\"async\" class=\"alignnone size-full wp-image-2809 ls-is-cached lazyloaded\" src=\"https:\/\/phapduyen.com\/wp-content\/uploads\/2016\/05\/tick.png\" alt=\"\" width=\"16\" height=\"16\" data-src=\"https:\/\/phapduyen.com\/wp-content\/uploads\/2016\/05\/tick.png\" \/>\u00a0B\u1ed9 \u0111\u1ed3 th\u1edd \u0111\u1ed3ng s\u01a1n \u0111en vi\u1ec1n v\u00e0ng cao c\u1ea5p<br \/>\n<img loading=\"lazy\" decoding=\"async\" class=\"alignnone size-full wp-image-2809 ls-is-cached lazyloaded\" src=\"https:\/\/phapduyen.com\/wp-content\/uploads\/2016\/05\/tick.png\" alt=\"\" width=\"16\" height=\"16\" data-src=\"https:\/\/phapduyen.com\/wp-content\/uploads\/2016\/05\/tick.png\" \/>\u00a0C\u00e1c chi ti\u1ebft \u0111\u01b0\u1eddng n\u00e9t \u0111\u01b0\u1ee3c ch\u1ebft t\u00e1c t\u1ec9 m\u1ec9, tinh x\u1ea3o<br \/>\n<img loading=\"lazy\" decoding=\"async\" class=\"alignnone size-full wp-image-2809 ls-is-cached lazyloaded\" src=\"https:\/\/phapduyen.com\/wp-content\/uploads\/2016\/05\/tick.png\" alt=\"\" width=\"16\" height=\"16\" data-src=\"https:\/\/phapduyen.com\/wp-content\/uploads\/2016\/05\/tick.png\" \/>\u00a0S\u1ea3n ph\u1ea9m \u0111\u01b0\u1ee3c l\u00e0m t\u1eeb \u0111\u1ed3ng cao c\u1ea5p, ch\u1eafc ch\u1eafn b\u1ec1n \u0111\u1eb9p theo th\u1eddi gian<br \/>\n<img loading=\"lazy\" decoding=\"async\" class=\"size-full wp-image-2809 alignnone ls-is-cached lazyloaded\" src=\"https:\/\/phapduyen.com\/wp-content\/uploads\/2016\/05\/tick.png\" alt=\"tick\" width=\"16\" height=\"16\" data-src=\"https:\/\/phapduyen.com\/wp-content\/uploads\/2016\/05\/tick.png\" \/>\u00a0B\u1ed9 \u0111\u1ed3 th\u1edd bao g\u1ed3m: 1 b\u00e1t h\u01b0\u01a1ng, 1 b\u00ecnh b\u00f4ng, 1 \u0111\u0129a tr\u00e1i c\u00e2y, 3 ly n\u01b0\u1edbc, 1 \u0111\u1ebf \u0111\u1eb7t 3 ly n\u01b0\u1edbc<\/h1>\n<div class=\"large-2 col pb-0 mb-0\">\n<h5 class=\"uppercase mt\">TH\u00d4NG TIN B\u1ed4 SUNG<\/h5>\n<\/div>\n<div class=\"large-10 col pb-0 mb-0\">\n<div class=\"panel entry-content\">\n<table class=\"woocommerce-product-attributes shop_attributes\">\n<tbody>\n<tr class=\"woocommerce-product-attributes-item woocommerce-product-attributes-item--attribute_ch%e1%bb%8dn-lo%e1%ba%a1i\">\n<th class=\"woocommerce-product-attributes-item__label\">CH\u1eccN LO\u1ea0I<\/th>\n<td class=\"woocommerce-product-attributes-item__value\">Size M, Size L<\/td>\n<\/tr>\n<tr class=\"woocommerce-product-attributes-item woocommerce-product-attributes-item--attribute_pa_do-tho-chat-lieu\">\n<th class=\"woocommerce-product-attributes-item__label\">\u0110\u1ed2 TH\u1edc &#8211; CH\u1ea4T LI\u1ec6U<\/th>\n<td class=\"woocommerce-product-attributes-item__value\">\u0110\u1ed3ng<\/td>\n<\/tr>\n<tr class=\"woocommerce-product-attributes-item woocommerce-product-attributes-item--attribute_pa_do-tho-mau-sac\">\n<th class=\"woocommerce-product-attributes-item__label\">\u0110\u1ed2 TH\u1edc &#8211; M\u00c0U S\u1eaeC<\/th>\n<td class=\"woocommerce-product-attributes-item__value\">M\u00e0u \u0110en<\/td>\n<\/tr>\n<\/tbody>\n<\/table>\n<h4 class=\"bundled_product_attributes_title\">B\u00e1t H\u01b0\u01a1ng (B\u00e1t Nhang) \u0110\u1ed3ng S\u01a1n \u0110en Cao C\u1ea5p 5.5inch | 7inch<\/h4>\n<table class=\"woocommerce-product-attributes shop_attributes\">\n<tbody>\n<tr class=\"woocommerce-product-attributes-item woocommerce-product-attributes-item--attribute_ch%e1%bb%8dn-size\">\n<th class=\"woocommerce-product-attributes-item__label\">CH\u1eccN SIZE<\/th>\n<td class=\"woocommerce-product-attributes-item__value\">5.5inch, 7inch<\/td>\n<\/tr>\n<\/tbody>\n<\/table>\n<h4 class=\"bundled_product_attributes_title\">B\u1ed9 5 Ch\u00e9n N\u01b0\u1edbc \u0110\u1ed3ng S\u01a1n \u0110en Cao C\u1ea5p<\/h4>\n<table class=\"woocommerce-product-attributes shop_attributes\">\n<tbody>\n<tr class=\"woocommerce-product-attributes-item woocommerce-product-attributes-item--attribute_pa_do-tho-chat-lieu\">\n<th class=\"woocommerce-product-attributes-item__label\">\u0110\u1ed2 TH\u1edc &#8211; CH\u1ea4T LI\u1ec6U<\/th>\n<td class=\"woocommerce-product-attributes-item__value\">\u0110\u1ed3ng<\/td>\n<\/tr>\n<\/tbody>\n<\/table>\n<h4 class=\"bundled_product_attributes_title\">\u0110\u0129a Th\u1edd (M\u00e2m B\u1ed3ng) \u0110\u1ed3ng S\u01a1n \u0110en Cao C\u1ea5p 8inch (Cao 20cm)<\/h4>\n<table class=\"woocommerce-product-attributes shop_attributes\">\n<tbody>\n<tr class=\"woocommerce-product-attributes-item woocommerce-product-attributes-item--attribute_pa_do-tho-chat-lieu\">\n<th class=\"woocommerce-product-attributes-item__label\">\u0110\u1ed2 TH\u1edc &#8211; CH\u1ea4T LI\u1ec6U<\/th>\n<td class=\"woocommerce-product-attributes-item__value\">\u0110\u1ed3ng<\/td>\n<\/tr>\n<\/tbody>\n<\/table>\n<\/div>\n<\/div>\n","protected":false},"excerpt":{"rendered":"<h1 class=\"product-title product_title entry-title\">B\u1ed9 \u0110\u1ed3 Th\u1edd \u0110\u1ed3ng S\u01a1n \u0110en Cao C\u1ea5p \u2013 DTDD<br \/>\n<img loading=\"lazy\" decoding=\"async\" class=\"alignnone size-full wp-image-2809 ls-is-cached lazyloaded\" src=\"https:\/\/phapduyen.com\/wp-content\/uploads\/2016\/05\/tick.png\" alt=\"\" width=\"16\" height=\"16\" data-src=\"https:\/\/phapduyen.com\/wp-content\/uploads\/2016\/05\/tick.png\" \/>\u00a0B\u1ed9 \u0111\u1ed3 th\u1edd \u0111\u1ed3ng s\u01a1n \u0111en vi\u1ec1n v\u00e0ng cao c\u1ea5p<br \/>\n<img loading=\"lazy\" decoding=\"async\" class=\"alignnone size-full wp-image-2809 ls-is-cached lazyloaded\" src=\"https:\/\/phapduyen.com\/wp-content\/uploads\/2016\/05\/tick.png\" alt=\"\" width=\"16\" height=\"16\" data-src=\"https:\/\/phapduyen.com\/wp-content\/uploads\/2016\/05\/tick.png\" \/>\u00a0C\u00e1c chi ti\u1ebft \u0111\u01b0\u1eddng n\u00e9t \u0111\u01b0\u1ee3c ch\u1ebft t\u00e1c t\u1ec9 m\u1ec9, tinh x\u1ea3o<br \/>\n<img loading=\"lazy\" decoding=\"async\" class=\"alignnone size-full wp-image-2809 ls-is-cached lazyloaded\" src=\"https:\/\/phapduyen.com\/wp-content\/uploads\/2016\/05\/tick.png\" alt=\"\" width=\"16\" height=\"16\" data-src=\"https:\/\/phapduyen.com\/wp-content\/uploads\/2016\/05\/tick.png\" \/>\u00a0S\u1ea3n ph\u1ea9m \u0111\u01b0\u1ee3c l\u00e0m t\u1eeb \u0111\u1ed3ng cao c\u1ea5p, ch\u1eafc ch\u1eafn b\u1ec1n \u0111\u1eb9p theo th\u1eddi gian<br \/>\n<img loading=\"lazy\" decoding=\"async\" class=\"size-full wp-image-2809 alignnone ls-is-cached lazyloaded\" src=\"https:\/\/phapduyen.com\/wp-content\/uploads\/2016\/05\/tick.png\" alt=\"tick\" width=\"16\" height=\"16\" data-src=\"https:\/\/phapduyen.com\/wp-content\/uploads\/2016\/05\/tick.png\" \/>\u00a0B\u1ed9 \u0111\u1ed3 th\u1edd bao g\u1ed3m: 1 b\u00e1t h\u01b0\u01a1ng, 1 b\u00ecnh b\u00f4ng, 1 \u0111\u0129a tr\u00e1i c\u00e2y, 3 ly n\u01b0\u1edbc, 1 \u0111\u1ebf \u0111\u1eb7t 3 ly n\u01b0\u1edbc<\/h1>\n","protected":false},"featured_media":3130,"comment_status":"open","ping_status":"closed","template":"","meta":[],"product_brand":[],"product_cat":[541,533,539,538],"product_tag":[],"class_list":{"0":"post-3129","1":"product","2":"type-product","3":"status-publish","4":"has-post-thumbnail","6":"product_cat-bat-huong-lu-huong","7":"product_cat-chan-nen","8":"product_cat-chen-nuoc-tho","9":"product_cat-do-tho","11":"first","12":"instock","13":"sale","14":"shipping-taxable","15":"purchasable","16":"product-type-simple"},"yoast_head":"<!-- This site is optimized with the Yoast SEO plugin v27.5 - https:\/\/yoast.com\/product\/yoast-seo-wordpress\/ -->\n<title>B\u1ed9 \u0110\u1ed3 Th\u1edd \u0110\u1ed3ng S\u01a1n \u0110en Cao C\u1ea5p - dothoquynhanh<\/title>\n<meta name=\"robots\" content=\"index, follow, max-snippet:-1, max-image-preview:large, max-video-preview:-1\" \/>\n<link rel=\"canonical\" href=\"https:\/\/dothoquynhanh.com\/?product=bo-do-tho-dong-son-den-cao-cap\" \/>\n<meta property=\"og:locale\" content=\"vi_VN\" \/>\n<meta property=\"og:type\" content=\"article\" \/>\n<meta property=\"og:title\" content=\"B\u1ed9 \u0110\u1ed3 Th\u1edd \u0110\u1ed3ng S\u01a1n \u0110en Cao C\u1ea5p - dothoquynhanh\" \/>\n<meta property=\"og:description\" content=\"B\u1ed9 \u0110\u1ed3 Th\u1edd \u0110\u1ed3ng S\u01a1n \u0110en Cao C\u1ea5p \u2013 DTDD \u00a0B\u1ed9 \u0111\u1ed3 th\u1edd \u0111\u1ed3ng s\u01a1n \u0111en vi\u1ec1n v\u00e0ng cao c\u1ea5p \u00a0C\u00e1c chi ti\u1ebft \u0111\u01b0\u1eddng n\u00e9t \u0111\u01b0\u1ee3c ch\u1ebft t\u00e1c t\u1ec9 m\u1ec9, tinh x\u1ea3o \u00a0S\u1ea3n ph\u1ea9m \u0111\u01b0\u1ee3c l\u00e0m t\u1eeb \u0111\u1ed3ng cao c\u1ea5p, ch\u1eafc ch\u1eafn b\u1ec1n \u0111\u1eb9p theo th\u1eddi gian \u00a0B\u1ed9 \u0111\u1ed3 th\u1edd bao g\u1ed3m: 1 b\u00e1t h\u01b0\u01a1ng, 1 b\u00ecnh b\u00f4ng, 1 \u0111\u0129a tr\u00e1i c\u00e2y, 3 ly n\u01b0\u1edbc, 1 \u0111\u1ebf \u0111\u1eb7t 3 ly n\u01b0\u1edbc\" \/>\n<meta property=\"og:url\" content=\"https:\/\/dothoquynhanh.com\/?product=bo-do-tho-dong-son-den-cao-cap\" \/>\n<meta property=\"og:site_name\" content=\"dothoquynhanh\" \/>\n<meta property=\"article:modified_time\" content=\"2021-01-11T08:06:06+00:00\" \/>\n<meta property=\"og:image\" content=\"https:\/\/dothoquynhanh.com\/wp-content\/uploads\/2020\/12\/Bo-Do-Tho-Dong-Son-Den-Cao-Cap.jpg\" \/>\n\t<meta property=\"og:image:width\" content=\"800\" \/>\n\t<meta property=\"og:image:height\" content=\"800\" \/>\n\t<meta property=\"og:image:type\" content=\"image\/jpeg\" \/>\n<meta name=\"twitter:card\" content=\"summary_large_image\" \/>\n<meta name=\"twitter:label1\" content=\"\u01af\u1edbc t\u00ednh th\u1eddi gian \u0111\u1ecdc\" \/>\n\t<meta name=\"twitter:data1\" content=\"1 ph\u00fat\" \/>\n<script type=\"application\/ld+json\" class=\"yoast-schema-graph\">{\"@context\":\"https:\\\/\\\/schema.org\",\"@graph\":[{\"@type\":\"WebPage\",\"@id\":\"https:\\\/\\\/dothoquynhanh.com\\\/?product=bo-do-tho-dong-son-den-cao-cap\",\"url\":\"https:\\\/\\\/dothoquynhanh.com\\\/?product=bo-do-tho-dong-son-den-cao-cap\",\"name\":\"B\u1ed9 \u0110\u1ed3 Th\u1edd \u0110\u1ed3ng S\u01a1n \u0110en Cao C\u1ea5p - dothoquynhanh\",\"isPartOf\":{\"@id\":\"https:\\\/\\\/dothoquynhanh.com\\\/#website\"},\"primaryImageOfPage\":{\"@id\":\"https:\\\/\\\/dothoquynhanh.com\\\/?product=bo-do-tho-dong-son-den-cao-cap#primaryimage\"},\"image\":{\"@id\":\"https:\\\/\\\/dothoquynhanh.com\\\/?product=bo-do-tho-dong-son-den-cao-cap#primaryimage\"},\"thumbnailUrl\":\"https:\\\/\\\/dothoquynhanh.com\\\/wp-content\\\/uploads\\\/2020\\\/12\\\/Bo-Do-Tho-Dong-Son-Den-Cao-Cap.jpg\",\"datePublished\":\"2020-12-11T09:35:40+00:00\",\"dateModified\":\"2021-01-11T08:06:06+00:00\",\"breadcrumb\":{\"@id\":\"https:\\\/\\\/dothoquynhanh.com\\\/?product=bo-do-tho-dong-son-den-cao-cap#breadcrumb\"},\"inLanguage\":\"vi\",\"potentialAction\":[{\"@type\":\"ReadAction\",\"target\":[\"https:\\\/\\\/dothoquynhanh.com\\\/?product=bo-do-tho-dong-son-den-cao-cap\"]}]},{\"@type\":\"ImageObject\",\"inLanguage\":\"vi\",\"@id\":\"https:\\\/\\\/dothoquynhanh.com\\\/?product=bo-do-tho-dong-son-den-cao-cap#primaryimage\",\"url\":\"https:\\\/\\\/dothoquynhanh.com\\\/wp-content\\\/uploads\\\/2020\\\/12\\\/Bo-Do-Tho-Dong-Son-Den-Cao-Cap.jpg\",\"contentUrl\":\"https:\\\/\\\/dothoquynhanh.com\\\/wp-content\\\/uploads\\\/2020\\\/12\\\/Bo-Do-Tho-Dong-Son-Den-Cao-Cap.jpg\",\"width\":800,\"height\":800},{\"@type\":\"BreadcrumbList\",\"@id\":\"https:\\\/\\\/dothoquynhanh.com\\\/?product=bo-do-tho-dong-son-den-cao-cap#breadcrumb\",\"itemListElement\":[{\"@type\":\"ListItem\",\"position\":1,\"name\":\"Trang ch\u1ee7\",\"item\":\"https:\\\/\\\/dothoquynhanh.com\\\/\"},{\"@type\":\"ListItem\",\"position\":2,\"name\":\"S\u1ea3n ph\u1ea9m\",\"item\":\"https:\\\/\\\/dothoquynhanh.com\\\/?page_id=64\"},{\"@type\":\"ListItem\",\"position\":3,\"name\":\"B\u1ed9 \u0110\u1ed3 Th\u1edd \u0110\u1ed3ng S\u01a1n \u0110en Cao C\u1ea5p\"}]},{\"@type\":\"WebSite\",\"@id\":\"https:\\\/\\\/dothoquynhanh.com\\\/#website\",\"url\":\"https:\\\/\\\/dothoquynhanh.com\\\/\",\"name\":\"dothoquynhanh\",\"description\":\"\u0110\u1ed2 TH\u1edc PHONG TH\u1ee6Y CAO C\u1ea4P QU\u1ef2NH ANH\",\"publisher\":{\"@id\":\"https:\\\/\\\/dothoquynhanh.com\\\/#\\\/schema\\\/person\\\/9a6a0bff9151168cc437e710214dc286\"},\"potentialAction\":[{\"@type\":\"SearchAction\",\"target\":{\"@type\":\"EntryPoint\",\"urlTemplate\":\"https:\\\/\\\/dothoquynhanh.com\\\/?s={search_term_string}\"},\"query-input\":{\"@type\":\"PropertyValueSpecification\",\"valueRequired\":true,\"valueName\":\"search_term_string\"}}],\"inLanguage\":\"vi\"},{\"@type\":[\"Person\",\"Organization\"],\"@id\":\"https:\\\/\\\/dothoquynhanh.com\\\/#\\\/schema\\\/person\\\/9a6a0bff9151168cc437e710214dc286\",\"name\":\"Qu\u1ef3nh Anh\",\"image\":{\"@type\":\"ImageObject\",\"inLanguage\":\"vi\",\"@id\":\"https:\\\/\\\/secure.gravatar.com\\\/avatar\\\/a86689d41574456e4a65d69a1f70c64ef3172d5d71e939217b478f5347cec268?s=96&d=mm&r=g\",\"url\":\"https:\\\/\\\/secure.gravatar.com\\\/avatar\\\/a86689d41574456e4a65d69a1f70c64ef3172d5d71e939217b478f5347cec268?s=96&d=mm&r=g\",\"contentUrl\":\"https:\\\/\\\/secure.gravatar.com\\\/avatar\\\/a86689d41574456e4a65d69a1f70c64ef3172d5d71e939217b478f5347cec268?s=96&d=mm&r=g\",\"caption\":\"Qu\u1ef3nh Anh\"},\"logo\":{\"@id\":\"https:\\\/\\\/secure.gravatar.com\\\/avatar\\\/a86689d41574456e4a65d69a1f70c64ef3172d5d71e939217b478f5347cec268?s=96&d=mm&r=g\"},\"sameAs\":[\"https:\\\/\\\/dothoquynhanh.com\",\"admin\"]}]}<\/script>\n<!-- \/ Yoast SEO plugin. -->","yoast_head_json":{"title":"B\u1ed9 \u0110\u1ed3 Th\u1edd \u0110\u1ed3ng S\u01a1n \u0110en Cao C\u1ea5p - dothoquynhanh","robots":{"index":"index","follow":"follow","max-snippet":"max-snippet:-1","max-image-preview":"max-image-preview:large","max-video-preview":"max-video-preview:-1"},"canonical":"https:\/\/dothoquynhanh.com\/?product=bo-do-tho-dong-son-den-cao-cap","og_locale":"vi_VN","og_type":"article","og_title":"B\u1ed9 \u0110\u1ed3 Th\u1edd \u0110\u1ed3ng S\u01a1n \u0110en Cao C\u1ea5p - dothoquynhanh","og_description":"B\u1ed9 \u0110\u1ed3 Th\u1edd \u0110\u1ed3ng S\u01a1n \u0110en Cao C\u1ea5p \u2013 DTDD \u00a0B\u1ed9 \u0111\u1ed3 th\u1edd \u0111\u1ed3ng s\u01a1n \u0111en vi\u1ec1n v\u00e0ng cao c\u1ea5p \u00a0C\u00e1c chi ti\u1ebft \u0111\u01b0\u1eddng n\u00e9t \u0111\u01b0\u1ee3c ch\u1ebft t\u00e1c t\u1ec9 m\u1ec9, tinh x\u1ea3o \u00a0S\u1ea3n ph\u1ea9m \u0111\u01b0\u1ee3c l\u00e0m t\u1eeb \u0111\u1ed3ng cao c\u1ea5p, ch\u1eafc ch\u1eafn b\u1ec1n \u0111\u1eb9p theo th\u1eddi gian \u00a0B\u1ed9 \u0111\u1ed3 th\u1edd bao g\u1ed3m: 1 b\u00e1t h\u01b0\u01a1ng, 1 b\u00ecnh b\u00f4ng, 1 \u0111\u0129a tr\u00e1i c\u00e2y, 3 ly n\u01b0\u1edbc, 1 \u0111\u1ebf \u0111\u1eb7t 3 ly n\u01b0\u1edbc","og_url":"https:\/\/dothoquynhanh.com\/?product=bo-do-tho-dong-son-den-cao-cap","og_site_name":"dothoquynhanh","article_modified_time":"2021-01-11T08:06:06+00:00","og_image":[{"width":800,"height":800,"url":"https:\/\/dothoquynhanh.com\/wp-content\/uploads\/2020\/12\/Bo-Do-Tho-Dong-Son-Den-Cao-Cap.jpg","type":"image\/jpeg"}],"twitter_card":"summary_large_image","twitter_misc":{"\u01af\u1edbc t\u00ednh th\u1eddi gian \u0111\u1ecdc":"1 ph\u00fat"},"schema":{"@context":"https:\/\/schema.org","@graph":[{"@type":"WebPage","@id":"https:\/\/dothoquynhanh.com\/?product=bo-do-tho-dong-son-den-cao-cap","url":"https:\/\/dothoquynhanh.com\/?product=bo-do-tho-dong-son-den-cao-cap","name":"B\u1ed9 \u0110\u1ed3 Th\u1edd \u0110\u1ed3ng S\u01a1n \u0110en Cao C\u1ea5p - dothoquynhanh","isPartOf":{"@id":"https:\/\/dothoquynhanh.com\/#website"},"primaryImageOfPage":{"@id":"https:\/\/dothoquynhanh.com\/?product=bo-do-tho-dong-son-den-cao-cap#primaryimage"},"image":{"@id":"https:\/\/dothoquynhanh.com\/?product=bo-do-tho-dong-son-den-cao-cap#primaryimage"},"thumbnailUrl":"https:\/\/dothoquynhanh.com\/wp-content\/uploads\/2020\/12\/Bo-Do-Tho-Dong-Son-Den-Cao-Cap.jpg","datePublished":"2020-12-11T09:35:40+00:00","dateModified":"2021-01-11T08:06:06+00:00","breadcrumb":{"@id":"https:\/\/dothoquynhanh.com\/?product=bo-do-tho-dong-son-den-cao-cap#breadcrumb"},"inLanguage":"vi","potentialAction":[{"@type":"ReadAction","target":["https:\/\/dothoquynhanh.com\/?product=bo-do-tho-dong-son-den-cao-cap"]}]},{"@type":"ImageObject","inLanguage":"vi","@id":"https:\/\/dothoquynhanh.com\/?product=bo-do-tho-dong-son-den-cao-cap#primaryimage","url":"https:\/\/dothoquynhanh.com\/wp-content\/uploads\/2020\/12\/Bo-Do-Tho-Dong-Son-Den-Cao-Cap.jpg","contentUrl":"https:\/\/dothoquynhanh.com\/wp-content\/uploads\/2020\/12\/Bo-Do-Tho-Dong-Son-Den-Cao-Cap.jpg","width":800,"height":800},{"@type":"BreadcrumbList","@id":"https:\/\/dothoquynhanh.com\/?product=bo-do-tho-dong-son-den-cao-cap#breadcrumb","itemListElement":[{"@type":"ListItem","position":1,"name":"Trang ch\u1ee7","item":"https:\/\/dothoquynhanh.com\/"},{"@type":"ListItem","position":2,"name":"S\u1ea3n ph\u1ea9m","item":"https:\/\/dothoquynhanh.com\/?page_id=64"},{"@type":"ListItem","position":3,"name":"B\u1ed9 \u0110\u1ed3 Th\u1edd \u0110\u1ed3ng S\u01a1n \u0110en Cao C\u1ea5p"}]},{"@type":"WebSite","@id":"https:\/\/dothoquynhanh.com\/#website","url":"https:\/\/dothoquynhanh.com\/","name":"dothoquynhanh","description":"\u0110\u1ed2 TH\u1edc PHONG TH\u1ee6Y CAO C\u1ea4P QU\u1ef2NH ANH","publisher":{"@id":"https:\/\/dothoquynhanh.com\/#\/schema\/person\/9a6a0bff9151168cc437e710214dc286"},"potentialAction":[{"@type":"SearchAction","target":{"@type":"EntryPoint","urlTemplate":"https:\/\/dothoquynhanh.com\/?s={search_term_string}"},"query-input":{"@type":"PropertyValueSpecification","valueRequired":true,"valueName":"search_term_string"}}],"inLanguage":"vi"},{"@type":["Person","Organization"],"@id":"https:\/\/dothoquynhanh.com\/#\/schema\/person\/9a6a0bff9151168cc437e710214dc286","name":"Qu\u1ef3nh Anh","image":{"@type":"ImageObject","inLanguage":"vi","@id":"https:\/\/secure.gravatar.com\/avatar\/a86689d41574456e4a65d69a1f70c64ef3172d5d71e939217b478f5347cec268?s=96&d=mm&r=g","url":"https:\/\/secure.gravatar.com\/avatar\/a86689d41574456e4a65d69a1f70c64ef3172d5d71e939217b478f5347cec268?s=96&d=mm&r=g","contentUrl":"https:\/\/secure.gravatar.com\/avatar\/a86689d41574456e4a65d69a1f70c64ef3172d5d71e939217b478f5347cec268?s=96&d=mm&r=g","caption":"Qu\u1ef3nh Anh"},"logo":{"@id":"https:\/\/secure.gravatar.com\/avatar\/a86689d41574456e4a65d69a1f70c64ef3172d5d71e939217b478f5347cec268?s=96&d=mm&r=g"},"sameAs":["https:\/\/dothoquynhanh.com","admin"]}]}},"_links":{"self":[{"href":"https:\/\/dothoquynhanh.com\/index.php?rest_route=\/wp\/v2\/product\/3129","targetHints":{"allow":["GET"]}}],"collection":[{"href":"https:\/\/dothoquynhanh.com\/index.php?rest_route=\/wp\/v2\/product"}],"about":[{"href":"https:\/\/dothoquynhanh.com\/index.php?rest_route=\/wp\/v2\/types\/product"}],"replies":[{"embeddable":true,"href":"https:\/\/dothoquynhanh.com\/index.php?rest_route=%2Fwp%2Fv2%2Fcomments&post=3129"}],"wp:featuredmedia":[{"embeddable":true,"href":"https:\/\/dothoquynhanh.com\/index.php?rest_route=\/wp\/v2\/media\/3130"}],"wp:attachment":[{"href":"https:\/\/dothoquynhanh.com\/index.php?rest_route=%2Fwp%2Fv2%2Fmedia&parent=3129"}],"wp:term":[{"taxonomy":"product_brand","embeddable":true,"href":"https:\/\/dothoquynhanh.com\/index.php?rest_route=%2Fwp%2Fv2%2Fproduct_brand&post=3129"},{"taxonomy":"product_cat","embeddable":true,"href":"https:\/\/dothoquynhanh.com\/index.php?rest_route=%2Fwp%2Fv2%2Fproduct_cat&post=3129"},{"taxonomy":"product_tag","embeddable":true,"href":"https:\/\/dothoquynhanh.com\/index.php?rest_route=%2Fwp%2Fv2%2Fproduct_tag&post=3129"}],"curies":[{"name":"wp","href":"https:\/\/api.w.org\/{rel}","templated":true}]}}